{"id":24187,"date":"2024-06-09T17:21:13","date_gmt":"2024-06-09T15:21:13","guid":{"rendered":"https:\/\/smans.com\/product\/vapor-phase-soldering-machine-vp510\/"},"modified":"2026-04-13T12:59:35","modified_gmt":"2026-04-13T10:59:35","slug":"vapor-phase-soldering-machine-vp510","status":"publish","type":"product","link":"https:\/\/smans.com\/fr\/product\/vapor-phase-soldering-machine-vp510\/","title":{"rendered":"Asscon - Vapor Phase Soldering Machine VP810"},"content":{"rendered":"<p>Le VP510 utilise une <strong>technologie \u00e0 deux chambres<\/strong> avec une zone de soudage et une zone de refroidissement s\u00e9par\u00e9es. Cela garantit la stabilit\u00e9 et la propret\u00e9 de votre processus, tout en \u00e9vitant compl\u00e8tement l&rsquo;oxydation. Gr\u00e2ce aux capteurs int\u00e9gr\u00e9s pour les liquides, les vapeurs et les \u00e9l\u00e9ments chauffants, vous contr\u00f4lez en permanence le processus de soudage. Le <strong>TGC (Temperature Gradient Control)<\/strong> permet de r\u00e9gler les profils de temp\u00e9rature, et le <strong>syst\u00e8me ASB (Automatic Solder Break)<\/strong> s&rsquo;arr\u00eate automatiquement d\u00e8s que le processus est termin\u00e9, de mani\u00e8re s\u00fbre et efficace.<\/p>\n<h4>Compact, mobile et pr\u00eat \u00e0 l&#8217;emploi<\/h4>\n<p>Avec un <strong>support de pi\u00e8ce de 450 x 450 mm<\/strong> et une hauteur maximale de <strong>100 mm<\/strong>, le VP510 offre de la place pour diff\u00e9rents formats de circuits imprim\u00e9s. La machine fonctionne sur une prise standard de <strong>240 V<\/strong>, consomme <strong>3,2 kW<\/strong> et peut \u00eatre facilement d\u00e9plac\u00e9e gr\u00e2ce \u00e0 ses roulettes robustes. Gr\u00e2ce au syst\u00e8me de refroidissement ferm\u00e9, aucun raccordement fixe n&rsquo;est n\u00e9cessaire ; vous pouvez donc utiliser la machine partout, ce qui est id\u00e9al pour les laboratoires, les formations et les d\u00e9partements de R&amp;D.<\/p>\n<h4>Commande intelligente et contr\u00f4le du processus<\/h4>\n<p>Le VP510 est \u00e9quip\u00e9 d&rsquo;un <strong>micro-PLC et d&rsquo;un \u00e9cran tactile couleur de 3,5 pouces<\/strong> sur lequel vous pouvez enregistrer jusqu&rsquo;\u00e0 dix programmes de soudage. La fen\u00eatre d&rsquo;inspection vous permet de suivre visuellement le processus (<strong>OPC \u2013 Optical Process Control<\/strong>). La reconnaissance automatique du milieu de processus et la surveillance du niveau de liquide garantissent la qualit\u00e9 de chaque cycle. Gr\u00e2ce \u00e0 son temps de pr\u00e9chauffage court et \u00e0 la <strong>fonction Quick Start<\/strong>, la machine est rapidement op\u00e9rationnelle, avec une consommation d&rsquo;\u00e9nergie minimale en veille.<\/p>\n<h4>R\u00e9partition homog\u00e8ne de la chaleur, r\u00e9sultats parfaits<\/h4>\n<p>La technologie de phase vapeur d&rsquo;ASSCON assure une r\u00e9partition parfaitement uniforme de la chaleur, quels que soient la taille ou la densit\u00e9 de votre assemblage. Comme la temp\u00e9rature ne d\u00e9passe jamais le point d&rsquo;\u00e9bullition du fluide, vous \u00e9liminez le risque de surchauffe, de d\u00e9lamination ou d&rsquo;endommagement des composants sensibles. M\u00eame les circuits imprim\u00e9s 3D complexes sont soud\u00e9s sans probl\u00e8me et de mani\u00e8re reproductible, \u00e0 chaque fois.<\/p>\n","protected":false},"excerpt":{"rendered":"<p>Powerful vapor phase soldering machine for those who demand absolute process reliability when soldering prototypes, small series, or test assemblies<\/p>\n","protected":false},"featured_media":0,"template":"","meta":{"_acf_changed":false},"pwb-brand":[18206],"product_brand":[],"product_cat":[17991,18011,18086],"product_tag":[],"class_list":{"0":"post-24187","1":"product","2":"type-product","3":"status-publish","5":"pwb-brand-brand-asscon-fr-2","6":"product_cat-electronique-fr","7":"product_cat-equipement-d-assemblage-smt-fr","8":"product_cat-prototyping-soldering-fr","10":"first","11":"instock","12":"taxable","13":"shipping-taxable","14":"product-type-simple"},"acf":[],"yoast_head":"<!-- This site is optimized with the Yoast SEO plugin v27.1.1 - https:\/\/yoast.com\/product\/yoast-seo-wordpress\/ -->\n<title>Vapor Phase Soldering Machine VP810 - Smans<\/title>\n<meta name=\"robots\" content=\"index, follow, max-snippet:-1, max-image-preview:large, max-video-preview:-1\" \/>\n<link rel=\"canonical\" href=\"https:\/\/smans.com\/fr\/product\/vapor-phase-soldering-machine-vp510\/\" \/>\n<meta property=\"og:locale\" content=\"fr_FR\" \/>\n<meta property=\"og:type\" content=\"article\" \/>\n<meta property=\"og:title\" content=\"Vapor Phase Soldering Machine VP810 - Smans\" \/>\n<meta property=\"og:description\" content=\"Powerful vapor phase soldering machine for those who demand absolute process reliability when soldering prototypes, small series, or test assemblies\" \/>\n<meta property=\"og:url\" content=\"https:\/\/smans.com\/fr\/product\/vapor-phase-soldering-machine-vp510\/\" \/>\n<meta property=\"og:site_name\" content=\"Smans\" \/>\n<meta property=\"article:modified_time\" content=\"2026-04-13T10:59:35+00:00\" \/>\n<meta name=\"twitter:card\" content=\"summary_large_image\" \/>\n<meta name=\"twitter:label1\" content=\"Dur\u00e9e de lecture estim\u00e9e\" \/>\n\t<meta name=\"twitter:data1\" content=\"2 minutes\" \/>\n<script type=\"application\/ld+json\" class=\"yoast-schema-graph\">{\"@context\":\"https:\/\/schema.org\",\"@graph\":[{\"@type\":\"WebPage\",\"@id\":\"https:\/\/smans.com\/fr\/product\/vapor-phase-soldering-machine-vp510\/\",\"url\":\"https:\/\/smans.com\/fr\/product\/vapor-phase-soldering-machine-vp510\/\",\"name\":\"Vapor Phase Soldering Machine VP810 - Smans\",\"isPartOf\":{\"@id\":\"https:\/\/smans.com\/nl\/#website\"},\"datePublished\":\"2024-06-09T15:21:13+00:00\",\"dateModified\":\"2026-04-13T10:59:35+00:00\",\"breadcrumb\":{\"@id\":\"https:\/\/smans.com\/fr\/product\/vapor-phase-soldering-machine-vp510\/#breadcrumb\"},\"inLanguage\":\"fr-FR\",\"potentialAction\":[{\"@type\":\"ReadAction\",\"target\":[\"https:\/\/smans.com\/fr\/product\/vapor-phase-soldering-machine-vp510\/\"]}]},{\"@type\":\"BreadcrumbList\",\"@id\":\"https:\/\/smans.com\/fr\/product\/vapor-phase-soldering-machine-vp510\/#breadcrumb\",\"itemListElement\":[{\"@type\":\"ListItem\",\"position\":1,\"name\":\"Home\",\"item\":\"https:\/\/smans.com\/fr\/\"},{\"@type\":\"ListItem\",\"position\":2,\"name\":\"Boutique\",\"item\":\"https:\/\/smans.com\/nl\/shop\/\"},{\"@type\":\"ListItem\",\"position\":3,\"name\":\"Asscon - Vapor Phase Soldering Machine VP810\"}]},{\"@type\":\"WebSite\",\"@id\":\"https:\/\/smans.com\/nl\/#website\",\"url\":\"https:\/\/smans.com\/nl\/\",\"name\":\"Smans\",\"description\":\"\",\"publisher\":{\"@id\":\"https:\/\/smans.com\/nl\/#organization\"},\"potentialAction\":[{\"@type\":\"SearchAction\",\"target\":{\"@type\":\"EntryPoint\",\"urlTemplate\":\"https:\/\/smans.com\/nl\/?s={search_term_string}\"},\"query-input\":{\"@type\":\"PropertyValueSpecification\",\"valueRequired\":true,\"valueName\":\"search_term_string\"}}],\"inLanguage\":\"fr-FR\"},{\"@type\":\"Organization\",\"@id\":\"https:\/\/smans.com\/nl\/#organization\",\"name\":\"Smans\",\"url\":\"https:\/\/smans.com\/nl\/\",\"logo\":{\"@type\":\"ImageObject\",\"inLanguage\":\"fr-FR\",\"@id\":\"https:\/\/smans.com\/nl\/#\/schema\/logo\/image\/\",\"url\":\"https:\/\/smans.com\/wp-content\/uploads\/2023\/09\/logo.svg\",\"contentUrl\":\"https:\/\/smans.com\/wp-content\/uploads\/2023\/09\/logo.svg\",\"caption\":\"Smans\"},\"image\":{\"@id\":\"https:\/\/smans.com\/nl\/#\/schema\/logo\/image\/\"}}]}<\/script>\n<!-- \/ Yoast SEO plugin. -->","yoast_head_json":{"title":"Vapor Phase Soldering Machine VP810 - Smans","robots":{"index":"index","follow":"follow","max-snippet":"max-snippet:-1","max-image-preview":"max-image-preview:large","max-video-preview":"max-video-preview:-1"},"canonical":"https:\/\/smans.com\/fr\/product\/vapor-phase-soldering-machine-vp510\/","og_locale":"fr_FR","og_type":"article","og_title":"Vapor Phase Soldering Machine VP810 - Smans","og_description":"Powerful vapor phase soldering machine for those who demand absolute process reliability when soldering prototypes, small series, or test assemblies","og_url":"https:\/\/smans.com\/fr\/product\/vapor-phase-soldering-machine-vp510\/","og_site_name":"Smans","article_modified_time":"2026-04-13T10:59:35+00:00","twitter_card":"summary_large_image","twitter_misc":{"Dur\u00e9e de lecture estim\u00e9e":"2 minutes"},"schema":{"@context":"https:\/\/schema.org","@graph":[{"@type":"WebPage","@id":"https:\/\/smans.com\/fr\/product\/vapor-phase-soldering-machine-vp510\/","url":"https:\/\/smans.com\/fr\/product\/vapor-phase-soldering-machine-vp510\/","name":"Vapor Phase Soldering Machine VP810 - Smans","isPartOf":{"@id":"https:\/\/smans.com\/nl\/#website"},"datePublished":"2024-06-09T15:21:13+00:00","dateModified":"2026-04-13T10:59:35+00:00","breadcrumb":{"@id":"https:\/\/smans.com\/fr\/product\/vapor-phase-soldering-machine-vp510\/#breadcrumb"},"inLanguage":"fr-FR","potentialAction":[{"@type":"ReadAction","target":["https:\/\/smans.com\/fr\/product\/vapor-phase-soldering-machine-vp510\/"]}]},{"@type":"BreadcrumbList","@id":"https:\/\/smans.com\/fr\/product\/vapor-phase-soldering-machine-vp510\/#breadcrumb","itemListElement":[{"@type":"ListItem","position":1,"name":"Home","item":"https:\/\/smans.com\/fr\/"},{"@type":"ListItem","position":2,"name":"Boutique","item":"https:\/\/smans.com\/nl\/shop\/"},{"@type":"ListItem","position":3,"name":"Asscon - Vapor Phase Soldering Machine VP810"}]},{"@type":"WebSite","@id":"https:\/\/smans.com\/nl\/#website","url":"https:\/\/smans.com\/nl\/","name":"Smans","description":"","publisher":{"@id":"https:\/\/smans.com\/nl\/#organization"},"potentialAction":[{"@type":"SearchAction","target":{"@type":"EntryPoint","urlTemplate":"https:\/\/smans.com\/nl\/?s={search_term_string}"},"query-input":{"@type":"PropertyValueSpecification","valueRequired":true,"valueName":"search_term_string"}}],"inLanguage":"fr-FR"},{"@type":"Organization","@id":"https:\/\/smans.com\/nl\/#organization","name":"Smans","url":"https:\/\/smans.com\/nl\/","logo":{"@type":"ImageObject","inLanguage":"fr-FR","@id":"https:\/\/smans.com\/nl\/#\/schema\/logo\/image\/","url":"https:\/\/smans.com\/wp-content\/uploads\/2023\/09\/logo.svg","contentUrl":"https:\/\/smans.com\/wp-content\/uploads\/2023\/09\/logo.svg","caption":"Smans"},"image":{"@id":"https:\/\/smans.com\/nl\/#\/schema\/logo\/image\/"}}]}},"brands":[{"id":18206,"name":"Asscon","slug":"brand-asscon-fr-2"}],"_links":{"self":[{"href":"https:\/\/smans.com\/fr\/wp-json\/wp\/v2\/product\/24187","targetHints":{"allow":["GET"]}}],"collection":[{"href":"https:\/\/smans.com\/fr\/wp-json\/wp\/v2\/product"}],"about":[{"href":"https:\/\/smans.com\/fr\/wp-json\/wp\/v2\/types\/product"}],"wp:attachment":[{"href":"https:\/\/smans.com\/fr\/wp-json\/wp\/v2\/media?parent=24187"}],"wp:term":[{"taxonomy":"pwb-brand","embeddable":true,"href":"https:\/\/smans.com\/fr\/wp-json\/wp\/v2\/pwb-brand?post=24187"},{"taxonomy":"product_brand","embeddable":true,"href":"https:\/\/smans.com\/fr\/wp-json\/wp\/v2\/product_brand?post=24187"},{"taxonomy":"product_cat","embeddable":true,"href":"https:\/\/smans.com\/fr\/wp-json\/wp\/v2\/product_cat?post=24187"},{"taxonomy":"product_tag","embeddable":true,"href":"https:\/\/smans.com\/fr\/wp-json\/wp\/v2\/product_tag?post=24187"}],"curies":[{"name":"wp","href":"https:\/\/api.w.org\/{rel}","templated":true}]}}