{"id":24189,"date":"2024-06-09T17:09:25","date_gmt":"2024-06-09T15:09:25","guid":{"rendered":"https:\/\/smans.com\/product\/wire-cutting-machine-lc-100-sl\/"},"modified":"2026-04-13T12:26:00","modified_gmt":"2026-04-13T10:26:00","slug":"wire-cutting-machine-lc-100-sl","status":"publish","type":"product","link":"https:\/\/smans.com\/fr\/product\/wire-cutting-machine-lc-100-sl\/","title":{"rendered":"GLW - Tube Cutting Machine LC 100 SL"},"content":{"rendered":"<p data-start=\"0\" data-end=\"282\">La machine de d\u00e9coupe \u00e9lectrique LC 100 SL coupe les tuyaux jusqu&rsquo;\u00e0 \u00d8 8 mm avec pr\u00e9cision et rapidit\u00e9. Une fois le tuyau plac\u00e9, des guides sp\u00e9ciaux assurent des coupes droites. Il suffit de saisir la longueur et la quantit\u00e9 souhait\u00e9es \u2013 la LC 100 SL s&rsquo;occupe du reste.<\/p>\n<p data-start=\"284\" data-end=\"468\">Avec le logiciel fourni, les commandes en s\u00e9rie peuvent \u00eatre facilement pr\u00e9programm\u00e9es sur le PC.\u00a0<\/p>\n<p data-start=\"470\" data-end=\"506\"><strong data-start=\"470\" data-end=\"504\">Caract\u00e9ristiques principales :<\/strong><\/p>\n<ul data-start=\"507\" data-end=\"690\">\n<li data-start=\"507\" data-end=\"533\">Utilisation simple<\/li>\n<li data-start=\"534\" data-end=\"596\">Gain de temps gr\u00e2ce \u00e0 un changement rapide de mat\u00e9riau<\/li>\n<li data-start=\"650\" data-end=\"690\">Id\u00e9ale pour une utilisation mobile<\/li>\n<\/ul>\n","protected":false},"excerpt":{"rendered":"<p>La machine de d\u00e9coupe \u00e9lectrique LC 100 SL coupe les tuyaux jusqu&rsquo;\u00e0 \u00d8 8 mm avec pr\u00e9cision et rapidit\u00e9.<\/p>\n","protected":false},"featured_media":0,"template":"","meta":{"_acf_changed":false},"pwb-brand":[18244],"product_brand":[],"product_cat":[17990,17994,17993,18038],"product_tag":[],"class_list":{"0":"post-24189","1":"product","2":"type-product","3":"status-publish","5":"pwb-brand-brand-glw-fr","6":"product_cat-cables-et-cablage-fr","7":"product_cat-construction-de-panneau-fr","8":"product_cat-couper-denuder-sertissage-fr","9":"product_cat-cutting-fr","11":"first","12":"instock","13":"taxable","14":"shipping-taxable","15":"purchasable","16":"product-type-simple"},"acf":[],"yoast_head":"<!-- This site is optimized with the Yoast SEO plugin v27.1.1 - https:\/\/yoast.com\/product\/yoast-seo-wordpress\/ -->\n<title>Tube Cutting Machine LC 100 SL - Smans<\/title>\n<meta name=\"robots\" content=\"index, follow, max-snippet:-1, max-image-preview:large, max-video-preview:-1\" \/>\n<link rel=\"canonical\" href=\"https:\/\/smans.com\/fr\/product\/wire-cutting-machine-lc-100-sl\/\" \/>\n<meta property=\"og:locale\" content=\"fr_FR\" \/>\n<meta property=\"og:type\" content=\"article\" \/>\n<meta property=\"og:title\" content=\"Tube Cutting Machine LC 100 SL - Smans\" \/>\n<meta property=\"og:description\" content=\"La machine de d\u00e9coupe \u00e9lectrique LC 100 SL coupe les tuyaux jusqu&#039;\u00e0 \u00d8 8 mm avec pr\u00e9cision et rapidit\u00e9.\" \/>\n<meta property=\"og:url\" content=\"https:\/\/smans.com\/fr\/product\/wire-cutting-machine-lc-100-sl\/\" \/>\n<meta property=\"og:site_name\" content=\"Smans\" \/>\n<meta property=\"article:modified_time\" content=\"2026-04-13T10:26:00+00:00\" \/>\n<meta name=\"twitter:card\" content=\"summary_large_image\" \/>\n<script type=\"application\/ld+json\" class=\"yoast-schema-graph\">{\"@context\":\"https:\/\/schema.org\",\"@graph\":[{\"@type\":\"WebPage\",\"@id\":\"https:\/\/smans.com\/fr\/product\/wire-cutting-machine-lc-100-sl\/\",\"url\":\"https:\/\/smans.com\/fr\/product\/wire-cutting-machine-lc-100-sl\/\",\"name\":\"Tube Cutting Machine LC 100 SL - Smans\",\"isPartOf\":{\"@id\":\"https:\/\/smans.com\/nl\/#website\"},\"datePublished\":\"2024-06-09T15:09:25+00:00\",\"dateModified\":\"2026-04-13T10:26:00+00:00\",\"breadcrumb\":{\"@id\":\"https:\/\/smans.com\/fr\/product\/wire-cutting-machine-lc-100-sl\/#breadcrumb\"},\"inLanguage\":\"fr-FR\",\"potentialAction\":[{\"@type\":\"ReadAction\",\"target\":[\"https:\/\/smans.com\/fr\/product\/wire-cutting-machine-lc-100-sl\/\"]}]},{\"@type\":\"BreadcrumbList\",\"@id\":\"https:\/\/smans.com\/fr\/product\/wire-cutting-machine-lc-100-sl\/#breadcrumb\",\"itemListElement\":[{\"@type\":\"ListItem\",\"position\":1,\"name\":\"Home\",\"item\":\"https:\/\/smans.com\/fr\/\"},{\"@type\":\"ListItem\",\"position\":2,\"name\":\"Boutique\",\"item\":\"https:\/\/smans.com\/nl\/shop\/\"},{\"@type\":\"ListItem\",\"position\":3,\"name\":\"GLW - Tube Cutting Machine LC 100 SL\"}]},{\"@type\":\"WebSite\",\"@id\":\"https:\/\/smans.com\/nl\/#website\",\"url\":\"https:\/\/smans.com\/nl\/\",\"name\":\"Smans\",\"description\":\"\",\"publisher\":{\"@id\":\"https:\/\/smans.com\/nl\/#organization\"},\"potentialAction\":[{\"@type\":\"SearchAction\",\"target\":{\"@type\":\"EntryPoint\",\"urlTemplate\":\"https:\/\/smans.com\/nl\/?s={search_term_string}\"},\"query-input\":{\"@type\":\"PropertyValueSpecification\",\"valueRequired\":true,\"valueName\":\"search_term_string\"}}],\"inLanguage\":\"fr-FR\"},{\"@type\":\"Organization\",\"@id\":\"https:\/\/smans.com\/nl\/#organization\",\"name\":\"Smans\",\"url\":\"https:\/\/smans.com\/nl\/\",\"logo\":{\"@type\":\"ImageObject\",\"inLanguage\":\"fr-FR\",\"@id\":\"https:\/\/smans.com\/nl\/#\/schema\/logo\/image\/\",\"url\":\"https:\/\/smans.com\/wp-content\/uploads\/2023\/09\/logo.svg\",\"contentUrl\":\"https:\/\/smans.com\/wp-content\/uploads\/2023\/09\/logo.svg\",\"caption\":\"Smans\"},\"image\":{\"@id\":\"https:\/\/smans.com\/nl\/#\/schema\/logo\/image\/\"}}]}<\/script>\n<!-- \/ Yoast SEO plugin. -->","yoast_head_json":{"title":"Tube Cutting Machine LC 100 SL - Smans","robots":{"index":"index","follow":"follow","max-snippet":"max-snippet:-1","max-image-preview":"max-image-preview:large","max-video-preview":"max-video-preview:-1"},"canonical":"https:\/\/smans.com\/fr\/product\/wire-cutting-machine-lc-100-sl\/","og_locale":"fr_FR","og_type":"article","og_title":"Tube Cutting Machine LC 100 SL - Smans","og_description":"La machine de d\u00e9coupe \u00e9lectrique LC 100 SL coupe les tuyaux jusqu'\u00e0 \u00d8 8 mm avec pr\u00e9cision et rapidit\u00e9.","og_url":"https:\/\/smans.com\/fr\/product\/wire-cutting-machine-lc-100-sl\/","og_site_name":"Smans","article_modified_time":"2026-04-13T10:26:00+00:00","twitter_card":"summary_large_image","schema":{"@context":"https:\/\/schema.org","@graph":[{"@type":"WebPage","@id":"https:\/\/smans.com\/fr\/product\/wire-cutting-machine-lc-100-sl\/","url":"https:\/\/smans.com\/fr\/product\/wire-cutting-machine-lc-100-sl\/","name":"Tube Cutting Machine LC 100 SL - Smans","isPartOf":{"@id":"https:\/\/smans.com\/nl\/#website"},"datePublished":"2024-06-09T15:09:25+00:00","dateModified":"2026-04-13T10:26:00+00:00","breadcrumb":{"@id":"https:\/\/smans.com\/fr\/product\/wire-cutting-machine-lc-100-sl\/#breadcrumb"},"inLanguage":"fr-FR","potentialAction":[{"@type":"ReadAction","target":["https:\/\/smans.com\/fr\/product\/wire-cutting-machine-lc-100-sl\/"]}]},{"@type":"BreadcrumbList","@id":"https:\/\/smans.com\/fr\/product\/wire-cutting-machine-lc-100-sl\/#breadcrumb","itemListElement":[{"@type":"ListItem","position":1,"name":"Home","item":"https:\/\/smans.com\/fr\/"},{"@type":"ListItem","position":2,"name":"Boutique","item":"https:\/\/smans.com\/nl\/shop\/"},{"@type":"ListItem","position":3,"name":"GLW - Tube Cutting Machine LC 100 SL"}]},{"@type":"WebSite","@id":"https:\/\/smans.com\/nl\/#website","url":"https:\/\/smans.com\/nl\/","name":"Smans","description":"","publisher":{"@id":"https:\/\/smans.com\/nl\/#organization"},"potentialAction":[{"@type":"SearchAction","target":{"@type":"EntryPoint","urlTemplate":"https:\/\/smans.com\/nl\/?s={search_term_string}"},"query-input":{"@type":"PropertyValueSpecification","valueRequired":true,"valueName":"search_term_string"}}],"inLanguage":"fr-FR"},{"@type":"Organization","@id":"https:\/\/smans.com\/nl\/#organization","name":"Smans","url":"https:\/\/smans.com\/nl\/","logo":{"@type":"ImageObject","inLanguage":"fr-FR","@id":"https:\/\/smans.com\/nl\/#\/schema\/logo\/image\/","url":"https:\/\/smans.com\/wp-content\/uploads\/2023\/09\/logo.svg","contentUrl":"https:\/\/smans.com\/wp-content\/uploads\/2023\/09\/logo.svg","caption":"Smans"},"image":{"@id":"https:\/\/smans.com\/nl\/#\/schema\/logo\/image\/"}}]}},"brands":[{"id":18244,"name":"GLW","slug":"brand-glw-fr"}],"_links":{"self":[{"href":"https:\/\/smans.com\/fr\/wp-json\/wp\/v2\/product\/24189","targetHints":{"allow":["GET"]}}],"collection":[{"href":"https:\/\/smans.com\/fr\/wp-json\/wp\/v2\/product"}],"about":[{"href":"https:\/\/smans.com\/fr\/wp-json\/wp\/v2\/types\/product"}],"wp:attachment":[{"href":"https:\/\/smans.com\/fr\/wp-json\/wp\/v2\/media?parent=24189"}],"wp:term":[{"taxonomy":"pwb-brand","embeddable":true,"href":"https:\/\/smans.com\/fr\/wp-json\/wp\/v2\/pwb-brand?post=24189"},{"taxonomy":"product_brand","embeddable":true,"href":"https:\/\/smans.com\/fr\/wp-json\/wp\/v2\/product_brand?post=24189"},{"taxonomy":"product_cat","embeddable":true,"href":"https:\/\/smans.com\/fr\/wp-json\/wp\/v2\/product_cat?post=24189"},{"taxonomy":"product_tag","embeddable":true,"href":"https:\/\/smans.com\/fr\/wp-json\/wp\/v2\/product_tag?post=24189"}],"curies":[{"name":"wp","href":"https:\/\/api.w.org\/{rel}","templated":true}]}}