{"id":24207,"date":"2024-06-09T17:21:37","date_gmt":"2024-06-09T15:21:37","guid":{"rendered":"https:\/\/smans.com\/product\/automatic-pick-place-printer-ii-a3\/"},"modified":"2026-04-09T12:52:05","modified_gmt":"2026-04-09T10:52:05","slug":"automatic-pick-place-printer-ii-a3","status":"publish","type":"product","link":"https:\/\/smans.com\/fr\/product\/automatic-pick-place-printer-ii-a3\/","title":{"rendered":"Europlacer - Automatic Pick &amp; Place Printer ii-A3"},"content":{"rendered":"<p>L&rsquo;Europlacer ii-A3 est la machine pick-and-place autonome qui allie \u00e0 la perfection productivit\u00e9 et flexibilit\u00e9. Con\u00e7ue pour les environnements de production CMS modernes, l&rsquo;ii-A3 offre une vitesse de placement impressionnante pouvant atteindre <strong>65 650 composants par heure<\/strong> gr\u00e2ce \u00e0 la combinaison de deux t\u00eates Pulsar et d&rsquo;une t\u00eate Tornado. La machine offre ainsi des performances exceptionnelles, tant pour les volumes \u00e9lev\u00e9s que pour les productions mixtes complexes.<\/p>\n<p>L&rsquo;ii-A3 prend en charge des composants de 03015 mm \u00e0 99 x 99 x 34 mm et pesant jusqu&rsquo;\u00e0 300 grammes. Gr\u00e2ce \u00e0 des fonctions intelligentes telles que l&rsquo;Auto Adaptive Sequencing (AAS), le contr\u00f4le de hauteur 3DPS et un syst\u00e8me de convoyage intelligent brevet\u00e9, les erreurs de placement sont minimis\u00e9es et le d\u00e9bit est optimis\u00e9 au maximum.<\/p>\n<p>La machine est enti\u00e8rement compatible avec CFX 1.7 et fonctionne en parfaite harmonie avec le syst\u00e8me mobile ii-Tab pour la surveillance en temps r\u00e9el, la gestion des stocks et l&rsquo;assistance \u00e0 la configuration. Avec une <strong>capacit\u00e9 allant jusqu&rsquo;\u00e0 264 alimentateurs<\/strong> et la prise en charge de divers plateaux et formats de composants, l&rsquo;ii-A3 offre une flexibilit\u00e9 in\u00e9gal\u00e9e dans tous les sc\u00e9narios de production.<\/p>\n<p>Gr\u00e2ce \u00e0 la plate-forme logicielle intuitive ii-RC, son utilisation est simple et claire, avec une interface ergonomique qui r\u00e9duit les temps de configuration. Les buses intelligentes, les chariots modulaires et les packs d&rsquo;options \u00e9tendus (tels que les tests \u00e9lectriques, l&rsquo;alimentation en \u00e9tiquettes ou les syst\u00e8mes de distribution) font de l&rsquo;ii-A3 une solution compl\u00e8te et \u00e9volutive pour tout fabricant d&rsquo;\u00e9lectronique.<\/p>\n<p>L&rsquo;Europlacer ii-A3 : haute vitesse, haute pr\u00e9cision, flexibilit\u00e9 ultime, le tout dans une seule machine.<\/p>\n","protected":false},"excerpt":{"rendered":"<p>Machine pick-and-place alliant vitesse et pr\u00e9cision. Avec trois t\u00eates de placement ind\u00e9pendantes et une technologie de transport intelligente, l&rsquo;ii-A3 fournit jusqu&rsquo;\u00e0 65 650 composants par heure, de 03015 mm \u00e0 99 x 99 mm.<\/p>\n","protected":false},"featured_media":0,"template":"","meta":{"_acf_changed":false},"pwb-brand":[18240],"product_brand":[],"product_cat":[17991,18011,18084],"product_tag":[],"class_list":{"0":"post-24207","1":"product","2":"type-product","3":"status-publish","5":"pwb-brand-brand-europlacer-fr","6":"product_cat-electronique-fr","7":"product_cat-equipement-d-assemblage-smt-fr","8":"product_cat-pick-place-fr","10":"first","11":"instock","12":"taxable","13":"shipping-taxable","14":"product-type-simple"},"acf":[],"yoast_head":"<!-- This site is optimized with the Yoast SEO plugin v27.1.1 - https:\/\/yoast.com\/product\/yoast-seo-wordpress\/ -->\n<title>Automatic Pick &amp; Place Printer ii-A3 - Smans<\/title>\n<meta name=\"robots\" content=\"index, follow, max-snippet:-1, max-image-preview:large, max-video-preview:-1\" \/>\n<link rel=\"canonical\" href=\"https:\/\/smans.com\/fr\/product\/automatic-pick-place-printer-ii-a3\/\" \/>\n<meta property=\"og:locale\" content=\"fr_FR\" \/>\n<meta property=\"og:type\" content=\"article\" \/>\n<meta property=\"og:title\" content=\"Automatic Pick &amp; Place Printer ii-A3 - Smans\" \/>\n<meta property=\"og:description\" content=\"Machine pick-and-place alliant vitesse et pr\u00e9cision. Avec trois t\u00eates de placement ind\u00e9pendantes et une technologie de transport intelligente, l&#039;ii-A3 fournit jusqu&#039;\u00e0 65 650 composants par heure, de 03015 mm \u00e0 99 x 99 mm.\" \/>\n<meta property=\"og:url\" content=\"https:\/\/smans.com\/fr\/product\/automatic-pick-place-printer-ii-a3\/\" \/>\n<meta property=\"og:site_name\" content=\"Smans\" \/>\n<meta property=\"article:modified_time\" content=\"2026-04-09T10:52:05+00:00\" \/>\n<meta name=\"twitter:card\" content=\"summary_large_image\" \/>\n<meta name=\"twitter:label1\" content=\"Dur\u00e9e de lecture estim\u00e9e\" \/>\n\t<meta name=\"twitter:data1\" content=\"1 minute\" \/>\n<script type=\"application\/ld+json\" class=\"yoast-schema-graph\">{\"@context\":\"https:\/\/schema.org\",\"@graph\":[{\"@type\":\"WebPage\",\"@id\":\"https:\/\/smans.com\/fr\/product\/automatic-pick-place-printer-ii-a3\/\",\"url\":\"https:\/\/smans.com\/fr\/product\/automatic-pick-place-printer-ii-a3\/\",\"name\":\"Automatic Pick &amp; Place Printer ii-A3 - Smans\",\"isPartOf\":{\"@id\":\"https:\/\/smans.com\/nl\/#website\"},\"datePublished\":\"2024-06-09T15:21:37+00:00\",\"dateModified\":\"2026-04-09T10:52:05+00:00\",\"breadcrumb\":{\"@id\":\"https:\/\/smans.com\/fr\/product\/automatic-pick-place-printer-ii-a3\/#breadcrumb\"},\"inLanguage\":\"fr-FR\",\"potentialAction\":[{\"@type\":\"ReadAction\",\"target\":[\"https:\/\/smans.com\/fr\/product\/automatic-pick-place-printer-ii-a3\/\"]}]},{\"@type\":\"BreadcrumbList\",\"@id\":\"https:\/\/smans.com\/fr\/product\/automatic-pick-place-printer-ii-a3\/#breadcrumb\",\"itemListElement\":[{\"@type\":\"ListItem\",\"position\":1,\"name\":\"Home\",\"item\":\"https:\/\/smans.com\/fr\/\"},{\"@type\":\"ListItem\",\"position\":2,\"name\":\"Boutique\",\"item\":\"https:\/\/smans.com\/nl\/shop\/\"},{\"@type\":\"ListItem\",\"position\":3,\"name\":\"Europlacer - Automatic Pick &amp; Place Printer ii-A3\"}]},{\"@type\":\"WebSite\",\"@id\":\"https:\/\/smans.com\/nl\/#website\",\"url\":\"https:\/\/smans.com\/nl\/\",\"name\":\"Smans\",\"description\":\"\",\"publisher\":{\"@id\":\"https:\/\/smans.com\/nl\/#organization\"},\"potentialAction\":[{\"@type\":\"SearchAction\",\"target\":{\"@type\":\"EntryPoint\",\"urlTemplate\":\"https:\/\/smans.com\/nl\/?s={search_term_string}\"},\"query-input\":{\"@type\":\"PropertyValueSpecification\",\"valueRequired\":true,\"valueName\":\"search_term_string\"}}],\"inLanguage\":\"fr-FR\"},{\"@type\":\"Organization\",\"@id\":\"https:\/\/smans.com\/nl\/#organization\",\"name\":\"Smans\",\"url\":\"https:\/\/smans.com\/nl\/\",\"logo\":{\"@type\":\"ImageObject\",\"inLanguage\":\"fr-FR\",\"@id\":\"https:\/\/smans.com\/nl\/#\/schema\/logo\/image\/\",\"url\":\"https:\/\/smans.com\/wp-content\/uploads\/2023\/09\/logo.svg\",\"contentUrl\":\"https:\/\/smans.com\/wp-content\/uploads\/2023\/09\/logo.svg\",\"caption\":\"Smans\"},\"image\":{\"@id\":\"https:\/\/smans.com\/nl\/#\/schema\/logo\/image\/\"}}]}<\/script>\n<!-- \/ Yoast SEO plugin. -->","yoast_head_json":{"title":"Automatic Pick &amp; Place Printer ii-A3 - Smans","robots":{"index":"index","follow":"follow","max-snippet":"max-snippet:-1","max-image-preview":"max-image-preview:large","max-video-preview":"max-video-preview:-1"},"canonical":"https:\/\/smans.com\/fr\/product\/automatic-pick-place-printer-ii-a3\/","og_locale":"fr_FR","og_type":"article","og_title":"Automatic Pick &amp; Place Printer ii-A3 - Smans","og_description":"Machine pick-and-place alliant vitesse et pr\u00e9cision. Avec trois t\u00eates de placement ind\u00e9pendantes et une technologie de transport intelligente, l'ii-A3 fournit jusqu'\u00e0 65 650 composants par heure, de 03015 mm \u00e0 99 x 99 mm.","og_url":"https:\/\/smans.com\/fr\/product\/automatic-pick-place-printer-ii-a3\/","og_site_name":"Smans","article_modified_time":"2026-04-09T10:52:05+00:00","twitter_card":"summary_large_image","twitter_misc":{"Dur\u00e9e de lecture estim\u00e9e":"1 minute"},"schema":{"@context":"https:\/\/schema.org","@graph":[{"@type":"WebPage","@id":"https:\/\/smans.com\/fr\/product\/automatic-pick-place-printer-ii-a3\/","url":"https:\/\/smans.com\/fr\/product\/automatic-pick-place-printer-ii-a3\/","name":"Automatic Pick &amp; Place Printer ii-A3 - Smans","isPartOf":{"@id":"https:\/\/smans.com\/nl\/#website"},"datePublished":"2024-06-09T15:21:37+00:00","dateModified":"2026-04-09T10:52:05+00:00","breadcrumb":{"@id":"https:\/\/smans.com\/fr\/product\/automatic-pick-place-printer-ii-a3\/#breadcrumb"},"inLanguage":"fr-FR","potentialAction":[{"@type":"ReadAction","target":["https:\/\/smans.com\/fr\/product\/automatic-pick-place-printer-ii-a3\/"]}]},{"@type":"BreadcrumbList","@id":"https:\/\/smans.com\/fr\/product\/automatic-pick-place-printer-ii-a3\/#breadcrumb","itemListElement":[{"@type":"ListItem","position":1,"name":"Home","item":"https:\/\/smans.com\/fr\/"},{"@type":"ListItem","position":2,"name":"Boutique","item":"https:\/\/smans.com\/nl\/shop\/"},{"@type":"ListItem","position":3,"name":"Europlacer - Automatic Pick &amp; Place Printer ii-A3"}]},{"@type":"WebSite","@id":"https:\/\/smans.com\/nl\/#website","url":"https:\/\/smans.com\/nl\/","name":"Smans","description":"","publisher":{"@id":"https:\/\/smans.com\/nl\/#organization"},"potentialAction":[{"@type":"SearchAction","target":{"@type":"EntryPoint","urlTemplate":"https:\/\/smans.com\/nl\/?s={search_term_string}"},"query-input":{"@type":"PropertyValueSpecification","valueRequired":true,"valueName":"search_term_string"}}],"inLanguage":"fr-FR"},{"@type":"Organization","@id":"https:\/\/smans.com\/nl\/#organization","name":"Smans","url":"https:\/\/smans.com\/nl\/","logo":{"@type":"ImageObject","inLanguage":"fr-FR","@id":"https:\/\/smans.com\/nl\/#\/schema\/logo\/image\/","url":"https:\/\/smans.com\/wp-content\/uploads\/2023\/09\/logo.svg","contentUrl":"https:\/\/smans.com\/wp-content\/uploads\/2023\/09\/logo.svg","caption":"Smans"},"image":{"@id":"https:\/\/smans.com\/nl\/#\/schema\/logo\/image\/"}}]}},"brands":[{"id":18240,"name":"Europlacer","slug":"brand-europlacer-fr"}],"_links":{"self":[{"href":"https:\/\/smans.com\/fr\/wp-json\/wp\/v2\/product\/24207","targetHints":{"allow":["GET"]}}],"collection":[{"href":"https:\/\/smans.com\/fr\/wp-json\/wp\/v2\/product"}],"about":[{"href":"https:\/\/smans.com\/fr\/wp-json\/wp\/v2\/types\/product"}],"wp:attachment":[{"href":"https:\/\/smans.com\/fr\/wp-json\/wp\/v2\/media?parent=24207"}],"wp:term":[{"taxonomy":"pwb-brand","embeddable":true,"href":"https:\/\/smans.com\/fr\/wp-json\/wp\/v2\/pwb-brand?post=24207"},{"taxonomy":"product_brand","embeddable":true,"href":"https:\/\/smans.com\/fr\/wp-json\/wp\/v2\/product_brand?post=24207"},{"taxonomy":"product_cat","embeddable":true,"href":"https:\/\/smans.com\/fr\/wp-json\/wp\/v2\/product_cat?post=24207"},{"taxonomy":"product_tag","embeddable":true,"href":"https:\/\/smans.com\/fr\/wp-json\/wp\/v2\/product_tag?post=24207"}],"curies":[{"name":"wp","href":"https:\/\/api.w.org\/{rel}","templated":true}]}}