{"id":24216,"date":"2024-06-09T17:09:40","date_gmt":"2024-06-09T15:09:40","guid":{"rendered":"https:\/\/smans.com\/product\/tube-cutting-machine-lc-160-sl\/"},"modified":"2026-04-10T12:41:46","modified_gmt":"2026-04-10T10:41:46","slug":"tube-cutting-machine-lc-160-sl","status":"publish","type":"product","link":"https:\/\/smans.com\/fr\/product\/tube-cutting-machine-lc-160-sl\/","title":{"rendered":"GLW - Tube Cutting Machine LC 160 SL, options indispensables exclues"},"content":{"rendered":"<p data-start=\"0\" data-end=\"262\">La LC 160 SL est facile \u00e0 utiliser et ne n\u00e9cessite aucune expertise technique. Il suffit de placer votre c\u00e2ble entre les rouleaux et de d\u00e9marrer l&rsquo;appareil. L&rsquo;appareil r\u00e9duit consid\u00e9rablement le temps de traitement et am\u00e9liore \u00e9galement la qualit\u00e9.<\/p>\n<p data-start=\"264\" data-end=\"300\"><strong data-start=\"264\" data-end=\"298\">Caract\u00e9ristiques principales :<\/strong><\/p>\n<ul data-start=\"301\" data-end=\"428\">\n<li data-start=\"301\" data-end=\"331\"><strong data-start=\"303\" data-end=\"329\">Facilit\u00e9 d&rsquo;utilisation<\/strong><\/li>\n<li data-start=\"332\" data-end=\"373\"><strong data-start=\"334\" data-end=\"371\">Large gamme de sections de c\u00e2bles<\/strong><\/li>\n<li data-start=\"374\" data-end=\"396\"><strong data-start=\"376\" data-end=\"394\">Design compact<\/strong><\/li>\n<li data-start=\"397\" data-end=\"428\"><strong data-start=\"399\" data-end=\"428\">Fonctionnement silencieux<\/strong><\/li>\n<\/ul>\n","protected":false},"excerpt":{"rendered":"<p>Machine de coupe de c\u00e2bles<\/p>\n","protected":false},"featured_media":0,"template":"","meta":{"_acf_changed":false},"pwb-brand":[18244],"product_brand":[],"product_cat":[17990,17993,18038],"product_tag":[],"class_list":{"0":"post-24216","1":"product","2":"type-product","3":"status-publish","5":"pwb-brand-brand-glw-fr","6":"product_cat-cables-et-cablage-fr","7":"product_cat-couper-denuder-sertissage-fr","8":"product_cat-cutting-fr","10":"first","11":"instock","12":"taxable","13":"shipping-taxable","14":"product-type-simple"},"acf":[],"yoast_head":"<!-- This site is optimized with the Yoast SEO plugin v27.1.1 - https:\/\/yoast.com\/product\/yoast-seo-wordpress\/ -->\n<title>Tube Cutting Machine LC 160 SL, options indispensables exclues - Smans<\/title>\n<meta name=\"robots\" content=\"index, follow, max-snippet:-1, max-image-preview:large, max-video-preview:-1\" \/>\n<link rel=\"canonical\" href=\"https:\/\/smans.com\/fr\/product\/tube-cutting-machine-lc-160-sl\/\" \/>\n<meta property=\"og:locale\" content=\"fr_FR\" \/>\n<meta property=\"og:type\" content=\"article\" \/>\n<meta property=\"og:title\" content=\"Tube Cutting Machine LC 160 SL, options indispensables exclues - Smans\" \/>\n<meta property=\"og:description\" content=\"Machine de coupe de c\u00e2bles\" \/>\n<meta property=\"og:url\" content=\"https:\/\/smans.com\/fr\/product\/tube-cutting-machine-lc-160-sl\/\" \/>\n<meta property=\"og:site_name\" content=\"Smans\" \/>\n<meta property=\"article:modified_time\" content=\"2026-04-10T10:41:46+00:00\" \/>\n<meta name=\"twitter:card\" content=\"summary_large_image\" \/>\n<script type=\"application\/ld+json\" class=\"yoast-schema-graph\">{\"@context\":\"https:\/\/schema.org\",\"@graph\":[{\"@type\":\"WebPage\",\"@id\":\"https:\/\/smans.com\/fr\/product\/tube-cutting-machine-lc-160-sl\/\",\"url\":\"https:\/\/smans.com\/fr\/product\/tube-cutting-machine-lc-160-sl\/\",\"name\":\"Tube Cutting Machine LC 160 SL, options indispensables exclues - Smans\",\"isPartOf\":{\"@id\":\"https:\/\/smans.com\/nl\/#website\"},\"datePublished\":\"2024-06-09T15:09:40+00:00\",\"dateModified\":\"2026-04-10T10:41:46+00:00\",\"breadcrumb\":{\"@id\":\"https:\/\/smans.com\/fr\/product\/tube-cutting-machine-lc-160-sl\/#breadcrumb\"},\"inLanguage\":\"fr-FR\",\"potentialAction\":[{\"@type\":\"ReadAction\",\"target\":[\"https:\/\/smans.com\/fr\/product\/tube-cutting-machine-lc-160-sl\/\"]}]},{\"@type\":\"BreadcrumbList\",\"@id\":\"https:\/\/smans.com\/fr\/product\/tube-cutting-machine-lc-160-sl\/#breadcrumb\",\"itemListElement\":[{\"@type\":\"ListItem\",\"position\":1,\"name\":\"Home\",\"item\":\"https:\/\/smans.com\/fr\/\"},{\"@type\":\"ListItem\",\"position\":2,\"name\":\"Boutique\",\"item\":\"https:\/\/smans.com\/nl\/shop\/\"},{\"@type\":\"ListItem\",\"position\":3,\"name\":\"GLW - Tube Cutting Machine LC 160 SL, options indispensables exclues\"}]},{\"@type\":\"WebSite\",\"@id\":\"https:\/\/smans.com\/nl\/#website\",\"url\":\"https:\/\/smans.com\/nl\/\",\"name\":\"Smans\",\"description\":\"\",\"publisher\":{\"@id\":\"https:\/\/smans.com\/nl\/#organization\"},\"potentialAction\":[{\"@type\":\"SearchAction\",\"target\":{\"@type\":\"EntryPoint\",\"urlTemplate\":\"https:\/\/smans.com\/nl\/?s={search_term_string}\"},\"query-input\":{\"@type\":\"PropertyValueSpecification\",\"valueRequired\":true,\"valueName\":\"search_term_string\"}}],\"inLanguage\":\"fr-FR\"},{\"@type\":\"Organization\",\"@id\":\"https:\/\/smans.com\/nl\/#organization\",\"name\":\"Smans\",\"url\":\"https:\/\/smans.com\/nl\/\",\"logo\":{\"@type\":\"ImageObject\",\"inLanguage\":\"fr-FR\",\"@id\":\"https:\/\/smans.com\/nl\/#\/schema\/logo\/image\/\",\"url\":\"https:\/\/smans.com\/wp-content\/uploads\/2023\/09\/logo.svg\",\"contentUrl\":\"https:\/\/smans.com\/wp-content\/uploads\/2023\/09\/logo.svg\",\"caption\":\"Smans\"},\"image\":{\"@id\":\"https:\/\/smans.com\/nl\/#\/schema\/logo\/image\/\"}}]}<\/script>\n<!-- \/ Yoast SEO plugin. -->","yoast_head_json":{"title":"Tube Cutting Machine LC 160 SL, options indispensables exclues - Smans","robots":{"index":"index","follow":"follow","max-snippet":"max-snippet:-1","max-image-preview":"max-image-preview:large","max-video-preview":"max-video-preview:-1"},"canonical":"https:\/\/smans.com\/fr\/product\/tube-cutting-machine-lc-160-sl\/","og_locale":"fr_FR","og_type":"article","og_title":"Tube Cutting Machine LC 160 SL, options indispensables exclues - Smans","og_description":"Machine de coupe de c\u00e2bles","og_url":"https:\/\/smans.com\/fr\/product\/tube-cutting-machine-lc-160-sl\/","og_site_name":"Smans","article_modified_time":"2026-04-10T10:41:46+00:00","twitter_card":"summary_large_image","schema":{"@context":"https:\/\/schema.org","@graph":[{"@type":"WebPage","@id":"https:\/\/smans.com\/fr\/product\/tube-cutting-machine-lc-160-sl\/","url":"https:\/\/smans.com\/fr\/product\/tube-cutting-machine-lc-160-sl\/","name":"Tube Cutting Machine LC 160 SL, options indispensables exclues - Smans","isPartOf":{"@id":"https:\/\/smans.com\/nl\/#website"},"datePublished":"2024-06-09T15:09:40+00:00","dateModified":"2026-04-10T10:41:46+00:00","breadcrumb":{"@id":"https:\/\/smans.com\/fr\/product\/tube-cutting-machine-lc-160-sl\/#breadcrumb"},"inLanguage":"fr-FR","potentialAction":[{"@type":"ReadAction","target":["https:\/\/smans.com\/fr\/product\/tube-cutting-machine-lc-160-sl\/"]}]},{"@type":"BreadcrumbList","@id":"https:\/\/smans.com\/fr\/product\/tube-cutting-machine-lc-160-sl\/#breadcrumb","itemListElement":[{"@type":"ListItem","position":1,"name":"Home","item":"https:\/\/smans.com\/fr\/"},{"@type":"ListItem","position":2,"name":"Boutique","item":"https:\/\/smans.com\/nl\/shop\/"},{"@type":"ListItem","position":3,"name":"GLW - Tube Cutting Machine LC 160 SL, options indispensables exclues"}]},{"@type":"WebSite","@id":"https:\/\/smans.com\/nl\/#website","url":"https:\/\/smans.com\/nl\/","name":"Smans","description":"","publisher":{"@id":"https:\/\/smans.com\/nl\/#organization"},"potentialAction":[{"@type":"SearchAction","target":{"@type":"EntryPoint","urlTemplate":"https:\/\/smans.com\/nl\/?s={search_term_string}"},"query-input":{"@type":"PropertyValueSpecification","valueRequired":true,"valueName":"search_term_string"}}],"inLanguage":"fr-FR"},{"@type":"Organization","@id":"https:\/\/smans.com\/nl\/#organization","name":"Smans","url":"https:\/\/smans.com\/nl\/","logo":{"@type":"ImageObject","inLanguage":"fr-FR","@id":"https:\/\/smans.com\/nl\/#\/schema\/logo\/image\/","url":"https:\/\/smans.com\/wp-content\/uploads\/2023\/09\/logo.svg","contentUrl":"https:\/\/smans.com\/wp-content\/uploads\/2023\/09\/logo.svg","caption":"Smans"},"image":{"@id":"https:\/\/smans.com\/nl\/#\/schema\/logo\/image\/"}}]}},"brands":[{"id":18244,"name":"GLW","slug":"brand-glw-fr"}],"_links":{"self":[{"href":"https:\/\/smans.com\/fr\/wp-json\/wp\/v2\/product\/24216","targetHints":{"allow":["GET"]}}],"collection":[{"href":"https:\/\/smans.com\/fr\/wp-json\/wp\/v2\/product"}],"about":[{"href":"https:\/\/smans.com\/fr\/wp-json\/wp\/v2\/types\/product"}],"wp:attachment":[{"href":"https:\/\/smans.com\/fr\/wp-json\/wp\/v2\/media?parent=24216"}],"wp:term":[{"taxonomy":"pwb-brand","embeddable":true,"href":"https:\/\/smans.com\/fr\/wp-json\/wp\/v2\/pwb-brand?post=24216"},{"taxonomy":"product_brand","embeddable":true,"href":"https:\/\/smans.com\/fr\/wp-json\/wp\/v2\/product_brand?post=24216"},{"taxonomy":"product_cat","embeddable":true,"href":"https:\/\/smans.com\/fr\/wp-json\/wp\/v2\/product_cat?post=24216"},{"taxonomy":"product_tag","embeddable":true,"href":"https:\/\/smans.com\/fr\/wp-json\/wp\/v2\/product_tag?post=24216"}],"curies":[{"name":"wp","href":"https:\/\/api.w.org\/{rel}","templated":true}]}}