{"id":24237,"date":"2024-06-09T17:19:28","date_gmt":"2024-06-09T15:19:28","guid":{"rendered":"https:\/\/smans.com\/product\/fume-extraction-system-2000i\/"},"modified":"2026-05-04T13:13:08","modified_gmt":"2026-05-04T11:13:08","slug":"fume-extraction-system-2000i","status":"publish","type":"product","link":"https:\/\/smans.com\/fr\/product\/fume-extraction-system-2000i\/","title":{"rendered":"Purex - Fume extraction system 2000i"},"content":{"rendered":"<p>Un syst\u00e8me de contr\u00f4le, de surveillance et d&rsquo;affichage d\u00e9di\u00e9, unique aux extracteurs de fum\u00e9es Purex. Les unit\u00e9s de surveillance des filtres Purex sont pr\u00e9sentes dans toutes nos unit\u00e9s num\u00e9riques ; elles sont fortement recommand\u00e9es pour les gaz et les produits chimiques \u00e9mis.<\/p>\n<h3>Caract\u00e9ristiques<\/h3>\n<ul>\n<li>Contr\u00f4le \u00e9lectronique automatique du d\u00e9bit \u2013 maintient un taux d&rsquo;extraction constant m\u00eame si le filtre se bloque &#8211;<\/li>\n<li>D\u00e9bit d&rsquo;air r\u00e9glable<\/li>\n<li>Affichage graphique clair et informatif<\/li>\n<li>Capteurs de gaz et de particules sur l&rsquo;\u00e9chappement<\/li>\n<li>Faibles co\u00fbts d&rsquo;investissement et d&rsquo;exploitation<\/li>\n<li>Les pr\u00e9filtres Labyrinth brevet\u00e9s \u00e0 changement rapide prolongent la dur\u00e9e de vie du filtre<\/li>\n<li>La filtration submicronique (HEPA) \u00e9limine 99,997 % des particules jusqu&rsquo;\u00e0 0,3 micron<\/li>\n<li>La filtration au charbon actif \u00e9limine les gaz nocifs<\/li>\n<li>Simple \u00e0 installer et silencieux<\/li>\n<li>Facile \u00e0 d\u00e9placer<\/li>\n<li>Fabriqu\u00e9 avec pr\u00e9cision en acier inoxydable<\/li>\n<li>Moteurs sans balais haute performance<\/li>\n<li>Capacit\u00e9 d&rsquo;interface \u00e0 distance<\/li>\n<li>Utilis\u00e9 dans les industries du laser et de l&rsquo;\u00e9lectronique.<\/li>\n<\/ul>\n","protected":false},"excerpt":{"rendered":"<p>Le Purex 2000i est un appareil num\u00e9rique polyvalent et enti\u00e8rement automatique, con\u00e7u pour prot\u00e9ger vos employ\u00e9s contre les fum\u00e9es nocives et les polluants.<\/p>\n","protected":false},"featured_media":0,"template":"","meta":{"_acf_changed":false},"pwb-brand":[18284],"product_brand":[],"product_cat":[17991,18072,18003],"product_tag":[],"class_list":{"0":"post-24237","1":"product","2":"type-product","3":"status-publish","5":"pwb-brand-brand-purex-fr","6":"product_cat-electronique-fr","7":"product_cat-fume-extraction-fr-2","8":"product_cat-systemes-manuels-de-soudure-et-de-reparation-fr","10":"first","11":"instock","12":"taxable","13":"shipping-taxable","14":"product-type-simple"},"acf":[],"yoast_head":"<!-- This site is optimized with the Yoast SEO plugin v27.1.1 - https:\/\/yoast.com\/product\/yoast-seo-wordpress\/ -->\n<title>Fume extraction system 2000i - Smans<\/title>\n<meta name=\"robots\" content=\"index, follow, max-snippet:-1, max-image-preview:large, max-video-preview:-1\" \/>\n<link rel=\"canonical\" href=\"https:\/\/smans.com\/fr\/product\/fume-extraction-system-2000i\/\" \/>\n<meta property=\"og:locale\" content=\"fr_FR\" \/>\n<meta property=\"og:type\" content=\"article\" \/>\n<meta property=\"og:title\" content=\"Fume extraction system 2000i - Smans\" \/>\n<meta property=\"og:description\" content=\"Le Purex 2000i est un appareil num\u00e9rique polyvalent et enti\u00e8rement automatique, con\u00e7u pour prot\u00e9ger vos employ\u00e9s contre les fum\u00e9es nocives et les polluants.\" \/>\n<meta property=\"og:url\" content=\"https:\/\/smans.com\/fr\/product\/fume-extraction-system-2000i\/\" \/>\n<meta property=\"og:site_name\" content=\"Smans\" \/>\n<meta property=\"article:modified_time\" content=\"2026-05-04T11:13:08+00:00\" \/>\n<meta name=\"twitter:card\" content=\"summary_large_image\" \/>\n<meta name=\"twitter:label1\" content=\"Dur\u00e9e de lecture estim\u00e9e\" \/>\n\t<meta name=\"twitter:data1\" content=\"1 minute\" \/>\n<script type=\"application\/ld+json\" class=\"yoast-schema-graph\">{\"@context\":\"https:\/\/schema.org\",\"@graph\":[{\"@type\":\"WebPage\",\"@id\":\"https:\/\/smans.com\/fr\/product\/fume-extraction-system-2000i\/\",\"url\":\"https:\/\/smans.com\/fr\/product\/fume-extraction-system-2000i\/\",\"name\":\"Fume extraction system 2000i - Smans\",\"isPartOf\":{\"@id\":\"https:\/\/smans.com\/nl\/#website\"},\"datePublished\":\"2024-06-09T15:19:28+00:00\",\"dateModified\":\"2026-05-04T11:13:08+00:00\",\"breadcrumb\":{\"@id\":\"https:\/\/smans.com\/fr\/product\/fume-extraction-system-2000i\/#breadcrumb\"},\"inLanguage\":\"fr-FR\",\"potentialAction\":[{\"@type\":\"ReadAction\",\"target\":[\"https:\/\/smans.com\/fr\/product\/fume-extraction-system-2000i\/\"]}]},{\"@type\":\"BreadcrumbList\",\"@id\":\"https:\/\/smans.com\/fr\/product\/fume-extraction-system-2000i\/#breadcrumb\",\"itemListElement\":[{\"@type\":\"ListItem\",\"position\":1,\"name\":\"Home\",\"item\":\"https:\/\/smans.com\/fr\/\"},{\"@type\":\"ListItem\",\"position\":2,\"name\":\"Boutique\",\"item\":\"https:\/\/smans.com\/nl\/shop\/\"},{\"@type\":\"ListItem\",\"position\":3,\"name\":\"Purex - Fume extraction system 2000i\"}]},{\"@type\":\"WebSite\",\"@id\":\"https:\/\/smans.com\/nl\/#website\",\"url\":\"https:\/\/smans.com\/nl\/\",\"name\":\"Smans\",\"description\":\"\",\"publisher\":{\"@id\":\"https:\/\/smans.com\/nl\/#organization\"},\"potentialAction\":[{\"@type\":\"SearchAction\",\"target\":{\"@type\":\"EntryPoint\",\"urlTemplate\":\"https:\/\/smans.com\/nl\/?s={search_term_string}\"},\"query-input\":{\"@type\":\"PropertyValueSpecification\",\"valueRequired\":true,\"valueName\":\"search_term_string\"}}],\"inLanguage\":\"fr-FR\"},{\"@type\":\"Organization\",\"@id\":\"https:\/\/smans.com\/nl\/#organization\",\"name\":\"Smans\",\"url\":\"https:\/\/smans.com\/nl\/\",\"logo\":{\"@type\":\"ImageObject\",\"inLanguage\":\"fr-FR\",\"@id\":\"https:\/\/smans.com\/nl\/#\/schema\/logo\/image\/\",\"url\":\"https:\/\/smans.com\/wp-content\/uploads\/2023\/09\/logo.svg\",\"contentUrl\":\"https:\/\/smans.com\/wp-content\/uploads\/2023\/09\/logo.svg\",\"caption\":\"Smans\"},\"image\":{\"@id\":\"https:\/\/smans.com\/nl\/#\/schema\/logo\/image\/\"}}]}<\/script>\n<!-- \/ Yoast SEO plugin. -->","yoast_head_json":{"title":"Fume extraction system 2000i - Smans","robots":{"index":"index","follow":"follow","max-snippet":"max-snippet:-1","max-image-preview":"max-image-preview:large","max-video-preview":"max-video-preview:-1"},"canonical":"https:\/\/smans.com\/fr\/product\/fume-extraction-system-2000i\/","og_locale":"fr_FR","og_type":"article","og_title":"Fume extraction system 2000i - Smans","og_description":"Le Purex 2000i est un appareil num\u00e9rique polyvalent et enti\u00e8rement automatique, con\u00e7u pour prot\u00e9ger vos employ\u00e9s contre les fum\u00e9es nocives et les polluants.","og_url":"https:\/\/smans.com\/fr\/product\/fume-extraction-system-2000i\/","og_site_name":"Smans","article_modified_time":"2026-05-04T11:13:08+00:00","twitter_card":"summary_large_image","twitter_misc":{"Dur\u00e9e de lecture estim\u00e9e":"1 minute"},"schema":{"@context":"https:\/\/schema.org","@graph":[{"@type":"WebPage","@id":"https:\/\/smans.com\/fr\/product\/fume-extraction-system-2000i\/","url":"https:\/\/smans.com\/fr\/product\/fume-extraction-system-2000i\/","name":"Fume extraction system 2000i - Smans","isPartOf":{"@id":"https:\/\/smans.com\/nl\/#website"},"datePublished":"2024-06-09T15:19:28+00:00","dateModified":"2026-05-04T11:13:08+00:00","breadcrumb":{"@id":"https:\/\/smans.com\/fr\/product\/fume-extraction-system-2000i\/#breadcrumb"},"inLanguage":"fr-FR","potentialAction":[{"@type":"ReadAction","target":["https:\/\/smans.com\/fr\/product\/fume-extraction-system-2000i\/"]}]},{"@type":"BreadcrumbList","@id":"https:\/\/smans.com\/fr\/product\/fume-extraction-system-2000i\/#breadcrumb","itemListElement":[{"@type":"ListItem","position":1,"name":"Home","item":"https:\/\/smans.com\/fr\/"},{"@type":"ListItem","position":2,"name":"Boutique","item":"https:\/\/smans.com\/nl\/shop\/"},{"@type":"ListItem","position":3,"name":"Purex - Fume extraction system 2000i"}]},{"@type":"WebSite","@id":"https:\/\/smans.com\/nl\/#website","url":"https:\/\/smans.com\/nl\/","name":"Smans","description":"","publisher":{"@id":"https:\/\/smans.com\/nl\/#organization"},"potentialAction":[{"@type":"SearchAction","target":{"@type":"EntryPoint","urlTemplate":"https:\/\/smans.com\/nl\/?s={search_term_string}"},"query-input":{"@type":"PropertyValueSpecification","valueRequired":true,"valueName":"search_term_string"}}],"inLanguage":"fr-FR"},{"@type":"Organization","@id":"https:\/\/smans.com\/nl\/#organization","name":"Smans","url":"https:\/\/smans.com\/nl\/","logo":{"@type":"ImageObject","inLanguage":"fr-FR","@id":"https:\/\/smans.com\/nl\/#\/schema\/logo\/image\/","url":"https:\/\/smans.com\/wp-content\/uploads\/2023\/09\/logo.svg","contentUrl":"https:\/\/smans.com\/wp-content\/uploads\/2023\/09\/logo.svg","caption":"Smans"},"image":{"@id":"https:\/\/smans.com\/nl\/#\/schema\/logo\/image\/"}}]}},"brands":[{"id":18284,"name":"Purex","slug":"brand-purex-fr"}],"_links":{"self":[{"href":"https:\/\/smans.com\/fr\/wp-json\/wp\/v2\/product\/24237","targetHints":{"allow":["GET"]}}],"collection":[{"href":"https:\/\/smans.com\/fr\/wp-json\/wp\/v2\/product"}],"about":[{"href":"https:\/\/smans.com\/fr\/wp-json\/wp\/v2\/types\/product"}],"wp:attachment":[{"href":"https:\/\/smans.com\/fr\/wp-json\/wp\/v2\/media?parent=24237"}],"wp:term":[{"taxonomy":"pwb-brand","embeddable":true,"href":"https:\/\/smans.com\/fr\/wp-json\/wp\/v2\/pwb-brand?post=24237"},{"taxonomy":"product_brand","embeddable":true,"href":"https:\/\/smans.com\/fr\/wp-json\/wp\/v2\/product_brand?post=24237"},{"taxonomy":"product_cat","embeddable":true,"href":"https:\/\/smans.com\/fr\/wp-json\/wp\/v2\/product_cat?post=24237"},{"taxonomy":"product_tag","embeddable":true,"href":"https:\/\/smans.com\/fr\/wp-json\/wp\/v2\/product_tag?post=24237"}],"curies":[{"name":"wp","href":"https:\/\/api.w.org\/{rel}","templated":true}]}}