{"id":24292,"date":"2024-06-09T17:22:04","date_gmt":"2024-06-09T15:22:04","guid":{"rendered":"https:\/\/smans.com\/product\/manual-pick-place-machine-sm902proxl\/"},"modified":"2026-04-09T12:54:20","modified_gmt":"2026-04-09T10:54:20","slug":"manual-pick-place-machine-sm902proxl","status":"publish","type":"product","link":"https:\/\/smans.com\/fr\/product\/manual-pick-place-machine-sm902proxl\/","title":{"rendered":"Fritsch SMT - Manual Pick &amp; Place Machine SM902proXL"},"content":{"rendered":"<p>Contrairement au SM902, le SM902<em>professionalXL<\/em> peut \u00eatre \u00e9quip\u00e9 de chargeurs motoris\u00e9s avec LED et d&rsquo;un syst\u00e8me de distribution automatique de colle ou de p\u00e2te \u00e0 souder.<\/p>\n<p>Pendant l&rsquo;assemblage, l&rsquo;\u0153il se d\u00e9place automatiquement vers la position de placement suivante et indique ainsi o\u00f9 le composant doit \u00eatre plac\u00e9. L&rsquo;utilisateur n&rsquo;a qu&rsquo;\u00e0 ins\u00e9rer la broche de guidage dans l&rsquo;\u0153il pour se trouver \u00e0 la bonne position.<\/p>\n<p>Pour d\u00e9finir les coordonn\u00e9es de position, les donn\u00e9es CAO peuvent \u00eatre import\u00e9es directement ou les positions peuvent \u00eatre saisies manuellement.<\/p>\n","protected":false},"excerpt":{"rendered":"<p>Le SM902professionalXL offre, outre une s\u00e9curit\u00e9 de placement \u00e0 100 % et un grand confort pour l&rsquo;utilisateur, un rendement de montage sup\u00e9rieur \u00e0 celui des autres syst\u00e8mes LM ou SM.<\/p>\n","protected":false},"featured_media":0,"template":"","meta":{"_acf_changed":false},"pwb-brand":[18242],"product_brand":[],"product_cat":[17991,18011,18085],"product_tag":[],"class_list":{"0":"post-24292","1":"product","2":"type-product","3":"status-publish","5":"pwb-brand-brand-fritsch-fr","6":"product_cat-electronique-fr","7":"product_cat-equipement-d-assemblage-smt-fr","8":"product_cat-prototyping-fr","10":"first","11":"instock","12":"taxable","13":"shipping-taxable","14":"product-type-simple"},"acf":[],"yoast_head":"<!-- This site is optimized with the Yoast SEO plugin v27.1.1 - https:\/\/yoast.com\/product\/yoast-seo-wordpress\/ -->\n<title>Manual Pick &amp; Place Machine SM902proXL - Smans<\/title>\n<meta name=\"robots\" content=\"index, follow, max-snippet:-1, max-image-preview:large, max-video-preview:-1\" \/>\n<link rel=\"canonical\" href=\"https:\/\/smans.com\/fr\/product\/manual-pick-place-machine-sm902proxl\/\" \/>\n<meta property=\"og:locale\" content=\"fr_FR\" \/>\n<meta property=\"og:type\" content=\"article\" \/>\n<meta property=\"og:title\" content=\"Manual Pick &amp; Place Machine SM902proXL - Smans\" \/>\n<meta property=\"og:description\" content=\"Le SM902professionalXL offre, outre une s\u00e9curit\u00e9 de placement \u00e0 100 % et un grand confort pour l&#039;utilisateur, un rendement de montage sup\u00e9rieur \u00e0 celui des autres syst\u00e8mes LM ou SM.\" \/>\n<meta property=\"og:url\" content=\"https:\/\/smans.com\/fr\/product\/manual-pick-place-machine-sm902proxl\/\" \/>\n<meta property=\"og:site_name\" content=\"Smans\" \/>\n<meta property=\"article:modified_time\" content=\"2026-04-09T10:54:20+00:00\" \/>\n<meta name=\"twitter:card\" content=\"summary_large_image\" \/>\n<script type=\"application\/ld+json\" class=\"yoast-schema-graph\">{\"@context\":\"https:\/\/schema.org\",\"@graph\":[{\"@type\":\"WebPage\",\"@id\":\"https:\/\/smans.com\/fr\/product\/manual-pick-place-machine-sm902proxl\/\",\"url\":\"https:\/\/smans.com\/fr\/product\/manual-pick-place-machine-sm902proxl\/\",\"name\":\"Manual Pick &amp; Place Machine SM902proXL - Smans\",\"isPartOf\":{\"@id\":\"https:\/\/smans.com\/nl\/#website\"},\"datePublished\":\"2024-06-09T15:22:04+00:00\",\"dateModified\":\"2026-04-09T10:54:20+00:00\",\"breadcrumb\":{\"@id\":\"https:\/\/smans.com\/fr\/product\/manual-pick-place-machine-sm902proxl\/#breadcrumb\"},\"inLanguage\":\"fr-FR\",\"potentialAction\":[{\"@type\":\"ReadAction\",\"target\":[\"https:\/\/smans.com\/fr\/product\/manual-pick-place-machine-sm902proxl\/\"]}]},{\"@type\":\"BreadcrumbList\",\"@id\":\"https:\/\/smans.com\/fr\/product\/manual-pick-place-machine-sm902proxl\/#breadcrumb\",\"itemListElement\":[{\"@type\":\"ListItem\",\"position\":1,\"name\":\"Home\",\"item\":\"https:\/\/smans.com\/fr\/\"},{\"@type\":\"ListItem\",\"position\":2,\"name\":\"Boutique\",\"item\":\"https:\/\/smans.com\/nl\/shop\/\"},{\"@type\":\"ListItem\",\"position\":3,\"name\":\"Fritsch SMT - Manual Pick &amp; Place Machine SM902proXL\"}]},{\"@type\":\"WebSite\",\"@id\":\"https:\/\/smans.com\/nl\/#website\",\"url\":\"https:\/\/smans.com\/nl\/\",\"name\":\"Smans\",\"description\":\"\",\"publisher\":{\"@id\":\"https:\/\/smans.com\/nl\/#organization\"},\"potentialAction\":[{\"@type\":\"SearchAction\",\"target\":{\"@type\":\"EntryPoint\",\"urlTemplate\":\"https:\/\/smans.com\/nl\/?s={search_term_string}\"},\"query-input\":{\"@type\":\"PropertyValueSpecification\",\"valueRequired\":true,\"valueName\":\"search_term_string\"}}],\"inLanguage\":\"fr-FR\"},{\"@type\":\"Organization\",\"@id\":\"https:\/\/smans.com\/nl\/#organization\",\"name\":\"Smans\",\"url\":\"https:\/\/smans.com\/nl\/\",\"logo\":{\"@type\":\"ImageObject\",\"inLanguage\":\"fr-FR\",\"@id\":\"https:\/\/smans.com\/nl\/#\/schema\/logo\/image\/\",\"url\":\"https:\/\/smans.com\/wp-content\/uploads\/2023\/09\/logo.svg\",\"contentUrl\":\"https:\/\/smans.com\/wp-content\/uploads\/2023\/09\/logo.svg\",\"caption\":\"Smans\"},\"image\":{\"@id\":\"https:\/\/smans.com\/nl\/#\/schema\/logo\/image\/\"}}]}<\/script>\n<!-- \/ Yoast SEO plugin. -->","yoast_head_json":{"title":"Manual Pick &amp; Place Machine SM902proXL - Smans","robots":{"index":"index","follow":"follow","max-snippet":"max-snippet:-1","max-image-preview":"max-image-preview:large","max-video-preview":"max-video-preview:-1"},"canonical":"https:\/\/smans.com\/fr\/product\/manual-pick-place-machine-sm902proxl\/","og_locale":"fr_FR","og_type":"article","og_title":"Manual Pick &amp; Place Machine SM902proXL - Smans","og_description":"Le SM902professionalXL offre, outre une s\u00e9curit\u00e9 de placement \u00e0 100 % et un grand confort pour l'utilisateur, un rendement de montage sup\u00e9rieur \u00e0 celui des autres syst\u00e8mes LM ou SM.","og_url":"https:\/\/smans.com\/fr\/product\/manual-pick-place-machine-sm902proxl\/","og_site_name":"Smans","article_modified_time":"2026-04-09T10:54:20+00:00","twitter_card":"summary_large_image","schema":{"@context":"https:\/\/schema.org","@graph":[{"@type":"WebPage","@id":"https:\/\/smans.com\/fr\/product\/manual-pick-place-machine-sm902proxl\/","url":"https:\/\/smans.com\/fr\/product\/manual-pick-place-machine-sm902proxl\/","name":"Manual Pick &amp; Place Machine SM902proXL - Smans","isPartOf":{"@id":"https:\/\/smans.com\/nl\/#website"},"datePublished":"2024-06-09T15:22:04+00:00","dateModified":"2026-04-09T10:54:20+00:00","breadcrumb":{"@id":"https:\/\/smans.com\/fr\/product\/manual-pick-place-machine-sm902proxl\/#breadcrumb"},"inLanguage":"fr-FR","potentialAction":[{"@type":"ReadAction","target":["https:\/\/smans.com\/fr\/product\/manual-pick-place-machine-sm902proxl\/"]}]},{"@type":"BreadcrumbList","@id":"https:\/\/smans.com\/fr\/product\/manual-pick-place-machine-sm902proxl\/#breadcrumb","itemListElement":[{"@type":"ListItem","position":1,"name":"Home","item":"https:\/\/smans.com\/fr\/"},{"@type":"ListItem","position":2,"name":"Boutique","item":"https:\/\/smans.com\/nl\/shop\/"},{"@type":"ListItem","position":3,"name":"Fritsch SMT - Manual Pick &amp; Place Machine SM902proXL"}]},{"@type":"WebSite","@id":"https:\/\/smans.com\/nl\/#website","url":"https:\/\/smans.com\/nl\/","name":"Smans","description":"","publisher":{"@id":"https:\/\/smans.com\/nl\/#organization"},"potentialAction":[{"@type":"SearchAction","target":{"@type":"EntryPoint","urlTemplate":"https:\/\/smans.com\/nl\/?s={search_term_string}"},"query-input":{"@type":"PropertyValueSpecification","valueRequired":true,"valueName":"search_term_string"}}],"inLanguage":"fr-FR"},{"@type":"Organization","@id":"https:\/\/smans.com\/nl\/#organization","name":"Smans","url":"https:\/\/smans.com\/nl\/","logo":{"@type":"ImageObject","inLanguage":"fr-FR","@id":"https:\/\/smans.com\/nl\/#\/schema\/logo\/image\/","url":"https:\/\/smans.com\/wp-content\/uploads\/2023\/09\/logo.svg","contentUrl":"https:\/\/smans.com\/wp-content\/uploads\/2023\/09\/logo.svg","caption":"Smans"},"image":{"@id":"https:\/\/smans.com\/nl\/#\/schema\/logo\/image\/"}}]}},"brands":[{"id":18242,"name":"Fritsch SMT","slug":"brand-fritsch-fr"}],"_links":{"self":[{"href":"https:\/\/smans.com\/fr\/wp-json\/wp\/v2\/product\/24292","targetHints":{"allow":["GET"]}}],"collection":[{"href":"https:\/\/smans.com\/fr\/wp-json\/wp\/v2\/product"}],"about":[{"href":"https:\/\/smans.com\/fr\/wp-json\/wp\/v2\/types\/product"}],"wp:attachment":[{"href":"https:\/\/smans.com\/fr\/wp-json\/wp\/v2\/media?parent=24292"}],"wp:term":[{"taxonomy":"pwb-brand","embeddable":true,"href":"https:\/\/smans.com\/fr\/wp-json\/wp\/v2\/pwb-brand?post=24292"},{"taxonomy":"product_brand","embeddable":true,"href":"https:\/\/smans.com\/fr\/wp-json\/wp\/v2\/product_brand?post=24292"},{"taxonomy":"product_cat","embeddable":true,"href":"https:\/\/smans.com\/fr\/wp-json\/wp\/v2\/product_cat?post=24292"},{"taxonomy":"product_tag","embeddable":true,"href":"https:\/\/smans.com\/fr\/wp-json\/wp\/v2\/product_tag?post=24292"}],"curies":[{"name":"wp","href":"https:\/\/api.w.org\/{rel}","templated":true}]}}