{"id":24308,"date":"2024-06-09T17:22:20","date_gmt":"2024-06-09T15:22:20","guid":{"rendered":"https:\/\/smans.com\/product\/automatic-pick-place-printer-decan-f2\/"},"modified":"2026-04-13T12:29:23","modified_gmt":"2026-04-13T10:29:23","slug":"automatic-pick-place-printer-decan-f2","status":"publish","type":"product","link":"https:\/\/smans.com\/fr\/product\/automatic-pick-place-printer-decan-f2\/","title":{"rendered":"Hanwha - Automatic Pick &amp; Place Printer Decan F2"},"content":{"rendered":"<p>La Hanwha Decan F2 est con\u00e7ue pour offrir une vitesse de production et une pr\u00e9cision maximales dans les lignes de production SMT modernes. Avec sa configuration \u00e0 double portique et ses deux t\u00eates \u00e0 10 broches, le Decan F2 offre des performances impressionnantes avec une <strong>vitesse de placement pouvant atteindre 92 000 composants par heure<\/strong>. Cette combinaison de vitesse et de pr\u00e9cision rend la machine id\u00e9ale pour l&rsquo;assemblage \u00e9lectronique \u00e0 grande \u00e9chelle et la production \u00e0 haut volume.<\/p>\n<p>La Decan F2 prend en charge une large gamme de formats de composants, des microcomposants 03015 aux composants plus grands de 42 mm en standard, extensibles \u00e0 75 mm avec la cam\u00e9ra MFOV en option. La machine atteint une pr\u00e9cision de placement de \u00b128 microm\u00e8tres pour les puces et de \u00b130 microm\u00e8tres pour les circuits int\u00e9gr\u00e9s. Gr\u00e2ce \u00e0 la cam\u00e9ra volante int\u00e9gr\u00e9e et \u00e0 la cam\u00e9ra fixe en option, les composants sont contr\u00f4l\u00e9s en permanence pour une pr\u00e9cision et une fiabilit\u00e9 de positionnement maximales.<\/p>\n<p>La Decan F2 offre un traitement flexible des circuits imprim\u00e9s et peut fonctionner en mode simple ou double voie. En configuration \u00e0 voie unique, la machine prend en charge des cartes de circuits imprim\u00e9s jusqu&rsquo;\u00e0 1 500 \u00d7 460 mm, tandis que la configuration \u00e0 double voie permet d&rsquo;atteindre 1 200 \u00d7 250 mm. Avec une capacit\u00e9 d&rsquo;alimentation de 120 positions standard de 8 mm (ou 112 avec des chariots d&rsquo;amarrage), la machine est adapt\u00e9e aux lignes de production complexes pr\u00e9sentant une grande variabilit\u00e9.<\/p>\n<p>En outre, la Decan F2 dispose de fonctions avanc\u00e9es telles que l&rsquo;inspection automatique du chargeur, le calibrage et la cartographie, ce qui contribue \u00e0 des performances stables et \u00e0 un temps d&rsquo;arr\u00eat minimal. Gr\u00e2ce \u00e0 sa conception robuste, \u00e0 son efficacit\u00e9 \u00e9nerg\u00e9tique (5,0 kVA) et \u00e0 sa faible consommation d&rsquo;air (50 Nl\/min), la machine offre un excellent \u00e9quilibre entre vitesse, pr\u00e9cision et co\u00fbts d&rsquo;exploitation.<\/p>\n<p>Avec un poids d&rsquo;environ 1 800 kg et des dimensions compactes de 1 430 \u00d7 1 740 \u00d7 1 485 mm, la Decan F2 allie haute productivit\u00e9, gain de place et fiabilit\u00e9. C&rsquo;est le choix id\u00e9al pour les fabricants qui souhaitent augmenter leur vitesse de production sans compromettre la qualit\u00e9 ou la pr\u00e9cision.<\/p>\n","protected":false},"excerpt":{"rendered":"<p>Machine pick &amp; place \u00e0 grande vitesse avec double portique et 10 t\u00eates \u00e0 broches offrant des performances exceptionnelles avec des vitesses pouvant atteindre 92 000 CPH, une grande pr\u00e9cision et la prise en charge de divers formats de circuits imprim\u00e9s.<\/p>\n","protected":false},"featured_media":0,"template":"","meta":{"_acf_changed":false},"pwb-brand":[18250],"product_brand":[],"product_cat":[17991,18011,18084],"product_tag":[],"class_list":{"0":"post-24308","1":"product","2":"type-product","3":"status-publish","5":"pwb-brand-brand-hanwha-fr","6":"product_cat-electronique-fr","7":"product_cat-equipement-d-assemblage-smt-fr","8":"product_cat-pick-place-fr","10":"first","11":"instock","12":"taxable","13":"shipping-taxable","14":"product-type-simple"},"acf":[],"yoast_head":"<!-- This site is optimized with the Yoast SEO plugin v27.1.1 - https:\/\/yoast.com\/product\/yoast-seo-wordpress\/ -->\n<title>Automatic Pick &amp; Place Printer Decan F2 - Smans<\/title>\n<meta name=\"robots\" content=\"index, follow, max-snippet:-1, max-image-preview:large, max-video-preview:-1\" \/>\n<link rel=\"canonical\" href=\"https:\/\/smans.com\/fr\/product\/automatic-pick-place-printer-decan-f2\/\" \/>\n<meta property=\"og:locale\" content=\"fr_FR\" \/>\n<meta property=\"og:type\" content=\"article\" \/>\n<meta property=\"og:title\" content=\"Automatic Pick &amp; Place Printer Decan F2 - Smans\" \/>\n<meta property=\"og:description\" content=\"Machine pick &amp; place \u00e0 grande vitesse avec double portique et 10 t\u00eates \u00e0 broches offrant des performances exceptionnelles avec des vitesses pouvant atteindre 92 000 CPH, une grande pr\u00e9cision et la prise en charge de divers formats de circuits imprim\u00e9s.\" \/>\n<meta property=\"og:url\" content=\"https:\/\/smans.com\/fr\/product\/automatic-pick-place-printer-decan-f2\/\" \/>\n<meta property=\"og:site_name\" content=\"Smans\" \/>\n<meta property=\"article:modified_time\" content=\"2026-04-13T10:29:23+00:00\" \/>\n<meta name=\"twitter:card\" content=\"summary_large_image\" \/>\n<meta name=\"twitter:label1\" content=\"Dur\u00e9e de lecture estim\u00e9e\" \/>\n\t<meta name=\"twitter:data1\" content=\"2 minutes\" \/>\n<script type=\"application\/ld+json\" class=\"yoast-schema-graph\">{\"@context\":\"https:\/\/schema.org\",\"@graph\":[{\"@type\":\"WebPage\",\"@id\":\"https:\/\/smans.com\/fr\/product\/automatic-pick-place-printer-decan-f2\/\",\"url\":\"https:\/\/smans.com\/fr\/product\/automatic-pick-place-printer-decan-f2\/\",\"name\":\"Automatic Pick &amp; Place Printer Decan F2 - Smans\",\"isPartOf\":{\"@id\":\"https:\/\/smans.com\/nl\/#website\"},\"datePublished\":\"2024-06-09T15:22:20+00:00\",\"dateModified\":\"2026-04-13T10:29:23+00:00\",\"breadcrumb\":{\"@id\":\"https:\/\/smans.com\/fr\/product\/automatic-pick-place-printer-decan-f2\/#breadcrumb\"},\"inLanguage\":\"fr-FR\",\"potentialAction\":[{\"@type\":\"ReadAction\",\"target\":[\"https:\/\/smans.com\/fr\/product\/automatic-pick-place-printer-decan-f2\/\"]}]},{\"@type\":\"BreadcrumbList\",\"@id\":\"https:\/\/smans.com\/fr\/product\/automatic-pick-place-printer-decan-f2\/#breadcrumb\",\"itemListElement\":[{\"@type\":\"ListItem\",\"position\":1,\"name\":\"Home\",\"item\":\"https:\/\/smans.com\/fr\/\"},{\"@type\":\"ListItem\",\"position\":2,\"name\":\"Boutique\",\"item\":\"https:\/\/smans.com\/nl\/shop\/\"},{\"@type\":\"ListItem\",\"position\":3,\"name\":\"Hanwha - Automatic Pick &amp; Place Printer Decan F2\"}]},{\"@type\":\"WebSite\",\"@id\":\"https:\/\/smans.com\/nl\/#website\",\"url\":\"https:\/\/smans.com\/nl\/\",\"name\":\"Smans\",\"description\":\"\",\"publisher\":{\"@id\":\"https:\/\/smans.com\/nl\/#organization\"},\"potentialAction\":[{\"@type\":\"SearchAction\",\"target\":{\"@type\":\"EntryPoint\",\"urlTemplate\":\"https:\/\/smans.com\/nl\/?s={search_term_string}\"},\"query-input\":{\"@type\":\"PropertyValueSpecification\",\"valueRequired\":true,\"valueName\":\"search_term_string\"}}],\"inLanguage\":\"fr-FR\"},{\"@type\":\"Organization\",\"@id\":\"https:\/\/smans.com\/nl\/#organization\",\"name\":\"Smans\",\"url\":\"https:\/\/smans.com\/nl\/\",\"logo\":{\"@type\":\"ImageObject\",\"inLanguage\":\"fr-FR\",\"@id\":\"https:\/\/smans.com\/nl\/#\/schema\/logo\/image\/\",\"url\":\"https:\/\/smans.com\/wp-content\/uploads\/2023\/09\/logo.svg\",\"contentUrl\":\"https:\/\/smans.com\/wp-content\/uploads\/2023\/09\/logo.svg\",\"caption\":\"Smans\"},\"image\":{\"@id\":\"https:\/\/smans.com\/nl\/#\/schema\/logo\/image\/\"}}]}<\/script>\n<!-- \/ Yoast SEO plugin. -->","yoast_head_json":{"title":"Automatic Pick &amp; Place Printer Decan F2 - Smans","robots":{"index":"index","follow":"follow","max-snippet":"max-snippet:-1","max-image-preview":"max-image-preview:large","max-video-preview":"max-video-preview:-1"},"canonical":"https:\/\/smans.com\/fr\/product\/automatic-pick-place-printer-decan-f2\/","og_locale":"fr_FR","og_type":"article","og_title":"Automatic Pick &amp; Place Printer Decan F2 - Smans","og_description":"Machine pick &amp; place \u00e0 grande vitesse avec double portique et 10 t\u00eates \u00e0 broches offrant des performances exceptionnelles avec des vitesses pouvant atteindre 92 000 CPH, une grande pr\u00e9cision et la prise en charge de divers formats de circuits imprim\u00e9s.","og_url":"https:\/\/smans.com\/fr\/product\/automatic-pick-place-printer-decan-f2\/","og_site_name":"Smans","article_modified_time":"2026-04-13T10:29:23+00:00","twitter_card":"summary_large_image","twitter_misc":{"Dur\u00e9e de lecture estim\u00e9e":"2 minutes"},"schema":{"@context":"https:\/\/schema.org","@graph":[{"@type":"WebPage","@id":"https:\/\/smans.com\/fr\/product\/automatic-pick-place-printer-decan-f2\/","url":"https:\/\/smans.com\/fr\/product\/automatic-pick-place-printer-decan-f2\/","name":"Automatic Pick &amp; Place Printer Decan F2 - Smans","isPartOf":{"@id":"https:\/\/smans.com\/nl\/#website"},"datePublished":"2024-06-09T15:22:20+00:00","dateModified":"2026-04-13T10:29:23+00:00","breadcrumb":{"@id":"https:\/\/smans.com\/fr\/product\/automatic-pick-place-printer-decan-f2\/#breadcrumb"},"inLanguage":"fr-FR","potentialAction":[{"@type":"ReadAction","target":["https:\/\/smans.com\/fr\/product\/automatic-pick-place-printer-decan-f2\/"]}]},{"@type":"BreadcrumbList","@id":"https:\/\/smans.com\/fr\/product\/automatic-pick-place-printer-decan-f2\/#breadcrumb","itemListElement":[{"@type":"ListItem","position":1,"name":"Home","item":"https:\/\/smans.com\/fr\/"},{"@type":"ListItem","position":2,"name":"Boutique","item":"https:\/\/smans.com\/nl\/shop\/"},{"@type":"ListItem","position":3,"name":"Hanwha - Automatic Pick &amp; Place Printer Decan F2"}]},{"@type":"WebSite","@id":"https:\/\/smans.com\/nl\/#website","url":"https:\/\/smans.com\/nl\/","name":"Smans","description":"","publisher":{"@id":"https:\/\/smans.com\/nl\/#organization"},"potentialAction":[{"@type":"SearchAction","target":{"@type":"EntryPoint","urlTemplate":"https:\/\/smans.com\/nl\/?s={search_term_string}"},"query-input":{"@type":"PropertyValueSpecification","valueRequired":true,"valueName":"search_term_string"}}],"inLanguage":"fr-FR"},{"@type":"Organization","@id":"https:\/\/smans.com\/nl\/#organization","name":"Smans","url":"https:\/\/smans.com\/nl\/","logo":{"@type":"ImageObject","inLanguage":"fr-FR","@id":"https:\/\/smans.com\/nl\/#\/schema\/logo\/image\/","url":"https:\/\/smans.com\/wp-content\/uploads\/2023\/09\/logo.svg","contentUrl":"https:\/\/smans.com\/wp-content\/uploads\/2023\/09\/logo.svg","caption":"Smans"},"image":{"@id":"https:\/\/smans.com\/nl\/#\/schema\/logo\/image\/"}}]}},"brands":[{"id":18250,"name":"Hanwha","slug":"brand-hanwha-fr"}],"_links":{"self":[{"href":"https:\/\/smans.com\/fr\/wp-json\/wp\/v2\/product\/24308","targetHints":{"allow":["GET"]}}],"collection":[{"href":"https:\/\/smans.com\/fr\/wp-json\/wp\/v2\/product"}],"about":[{"href":"https:\/\/smans.com\/fr\/wp-json\/wp\/v2\/types\/product"}],"wp:attachment":[{"href":"https:\/\/smans.com\/fr\/wp-json\/wp\/v2\/media?parent=24308"}],"wp:term":[{"taxonomy":"pwb-brand","embeddable":true,"href":"https:\/\/smans.com\/fr\/wp-json\/wp\/v2\/pwb-brand?post=24308"},{"taxonomy":"product_brand","embeddable":true,"href":"https:\/\/smans.com\/fr\/wp-json\/wp\/v2\/product_brand?post=24308"},{"taxonomy":"product_cat","embeddable":true,"href":"https:\/\/smans.com\/fr\/wp-json\/wp\/v2\/product_cat?post=24308"},{"taxonomy":"product_tag","embeddable":true,"href":"https:\/\/smans.com\/fr\/wp-json\/wp\/v2\/product_tag?post=24308"}],"curies":[{"name":"wp","href":"https:\/\/api.w.org\/{rel}","templated":true}]}}