{"id":24324,"date":"2024-06-09T17:10:36","date_gmt":"2024-06-09T15:10:36","guid":{"rendered":"https:\/\/smans.com\/product\/crimp-module-c1370\/"},"modified":"2026-04-06T12:54:16","modified_gmt":"2026-04-06T10:54:16","slug":"crimp-module-c1370","status":"publish","type":"product","link":"https:\/\/smans.com\/fr\/product\/crimp-module-c1370\/","title":{"rendered":"Komax - Crimp module C1370"},"content":{"rendered":"<p>Le module de sertissage C1370 permet de r\u00e9duire les taux de rejet gr\u00e2ce \u00e0 la surveillance de la force de sertissage CFA+\/CFA- et offre une haute productivit\u00e9 gr\u00e2ce \u00e0 des temps de r\u00e9glage courts. Ce module se distingue par sa grande pr\u00e9cision. La hauteur de sertissage peut \u00eatre automatiquement enseign\u00e9e, garantissant une grande r\u00e9p\u00e9tabilit\u00e9. La correction automatique de la hauteur de sertissage varie entre +0,2 et -0,8 mm.<\/p>\n<p><strong>Caract\u00e9ristiques principales :<\/strong><\/p>\n<ul>\n<li><strong>Temps de cycle optimis\u00e9 :<\/strong> 220 ms (selon les r\u00e9glages) pour une efficacit\u00e9 maximale.<\/li>\n<li><strong>Plage de sertissage large :<\/strong> Peut sertir des sections de c\u00e2bles de 0,125 \u00e0 6 mm\u00b2 avec une grande pr\u00e9cision et une force de sertissage maximale de 22 kN.<\/li>\n<li><strong>Temps d&rsquo;arr\u00eat r\u00e9duit :<\/strong> La surveillance de la force de sertissage CFA+\/CFA- minimise les arr\u00eats de production.<\/li>\n<li><strong>Facilit\u00e9 d\u2019utilisation :<\/strong> L\u2019\u00e9cran tactile intuitif et l&rsquo;IHM rendent l\u2019application conviviale.<\/li>\n<li><strong>R\u00e9glage automatique de la hauteur de sertissage :<\/strong> Pour des r\u00e9sultats constants et pr\u00e9cis.<\/li>\n<li><strong>Traitement pr\u00e9cis :<\/strong> Assur\u00e9 par la surveillance de la force de sertissage.<\/li>\n<li><strong>Espace de travail bien \u00e9clair\u00e9 :<\/strong> Un \u00e9clairage optimal pour une visibilit\u00e9 maximale.<\/li>\n<li><strong>Interface de commande innovante :<\/strong> Pour une utilisation facile du module de sertissage.<\/li>\n<\/ul>\n<p>Le C1370 est la solution id\u00e9ale pour un sertissage de haute qualit\u00e9, offrant efficacit\u00e9, pr\u00e9cision et un minimum de temps d\u2019arr\u00eat.<\/p>\n","protected":false},"excerpt":{"rendered":"<p>Le module de sertissage C1370 pour machines automatiques de traitement des c\u00e2bles<\/p>\n","protected":false},"featured_media":0,"template":"","meta":{"_acf_changed":false},"pwb-brand":[18260],"product_brand":[],"product_cat":[17990,17993,18035],"product_tag":[],"class_list":{"0":"post-24324","1":"product","2":"type-product","3":"status-publish","5":"pwb-brand-brand-komax-fr","6":"product_cat-cables-et-cablage-fr","7":"product_cat-couper-denuder-sertissage-fr","8":"product_cat-process-modules-fr","10":"first","11":"instock","12":"taxable","13":"shipping-taxable","14":"product-type-simple"},"acf":[],"yoast_head":"<!-- This site is optimized with the Yoast SEO plugin v27.1.1 - https:\/\/yoast.com\/product\/yoast-seo-wordpress\/ -->\n<title>Crimp module C1370 - Smans<\/title>\n<meta name=\"robots\" content=\"index, follow, max-snippet:-1, max-image-preview:large, max-video-preview:-1\" \/>\n<link rel=\"canonical\" href=\"https:\/\/smans.com\/fr\/product\/crimp-module-c1370\/\" \/>\n<meta property=\"og:locale\" content=\"fr_FR\" \/>\n<meta property=\"og:type\" content=\"article\" \/>\n<meta property=\"og:title\" content=\"Crimp module C1370 - Smans\" \/>\n<meta property=\"og:description\" content=\"Le module de sertissage C1370 pour machines automatiques de traitement des c\u00e2bles\" \/>\n<meta property=\"og:url\" content=\"https:\/\/smans.com\/fr\/product\/crimp-module-c1370\/\" \/>\n<meta property=\"og:site_name\" content=\"Smans\" \/>\n<meta property=\"article:modified_time\" content=\"2026-04-06T10:54:16+00:00\" \/>\n<meta name=\"twitter:card\" content=\"summary_large_image\" \/>\n<meta name=\"twitter:label1\" content=\"Dur\u00e9e de lecture estim\u00e9e\" \/>\n\t<meta name=\"twitter:data1\" content=\"1 minute\" \/>\n<script type=\"application\/ld+json\" class=\"yoast-schema-graph\">{\"@context\":\"https:\/\/schema.org\",\"@graph\":[{\"@type\":\"WebPage\",\"@id\":\"https:\/\/smans.com\/fr\/product\/crimp-module-c1370\/\",\"url\":\"https:\/\/smans.com\/fr\/product\/crimp-module-c1370\/\",\"name\":\"Crimp module C1370 - Smans\",\"isPartOf\":{\"@id\":\"https:\/\/smans.com\/nl\/#website\"},\"datePublished\":\"2024-06-09T15:10:36+00:00\",\"dateModified\":\"2026-04-06T10:54:16+00:00\",\"breadcrumb\":{\"@id\":\"https:\/\/smans.com\/fr\/product\/crimp-module-c1370\/#breadcrumb\"},\"inLanguage\":\"fr-FR\",\"potentialAction\":[{\"@type\":\"ReadAction\",\"target\":[\"https:\/\/smans.com\/fr\/product\/crimp-module-c1370\/\"]}]},{\"@type\":\"BreadcrumbList\",\"@id\":\"https:\/\/smans.com\/fr\/product\/crimp-module-c1370\/#breadcrumb\",\"itemListElement\":[{\"@type\":\"ListItem\",\"position\":1,\"name\":\"Home\",\"item\":\"https:\/\/smans.com\/fr\/\"},{\"@type\":\"ListItem\",\"position\":2,\"name\":\"Boutique\",\"item\":\"https:\/\/smans.com\/nl\/shop\/\"},{\"@type\":\"ListItem\",\"position\":3,\"name\":\"Komax - Crimp module C1370\"}]},{\"@type\":\"WebSite\",\"@id\":\"https:\/\/smans.com\/nl\/#website\",\"url\":\"https:\/\/smans.com\/nl\/\",\"name\":\"Smans\",\"description\":\"\",\"publisher\":{\"@id\":\"https:\/\/smans.com\/nl\/#organization\"},\"potentialAction\":[{\"@type\":\"SearchAction\",\"target\":{\"@type\":\"EntryPoint\",\"urlTemplate\":\"https:\/\/smans.com\/nl\/?s={search_term_string}\"},\"query-input\":{\"@type\":\"PropertyValueSpecification\",\"valueRequired\":true,\"valueName\":\"search_term_string\"}}],\"inLanguage\":\"fr-FR\"},{\"@type\":\"Organization\",\"@id\":\"https:\/\/smans.com\/nl\/#organization\",\"name\":\"Smans\",\"url\":\"https:\/\/smans.com\/nl\/\",\"logo\":{\"@type\":\"ImageObject\",\"inLanguage\":\"fr-FR\",\"@id\":\"https:\/\/smans.com\/nl\/#\/schema\/logo\/image\/\",\"url\":\"https:\/\/smans.com\/wp-content\/uploads\/2023\/09\/logo.svg\",\"contentUrl\":\"https:\/\/smans.com\/wp-content\/uploads\/2023\/09\/logo.svg\",\"caption\":\"Smans\"},\"image\":{\"@id\":\"https:\/\/smans.com\/nl\/#\/schema\/logo\/image\/\"}}]}<\/script>\n<!-- \/ Yoast SEO plugin. -->","yoast_head_json":{"title":"Crimp module C1370 - Smans","robots":{"index":"index","follow":"follow","max-snippet":"max-snippet:-1","max-image-preview":"max-image-preview:large","max-video-preview":"max-video-preview:-1"},"canonical":"https:\/\/smans.com\/fr\/product\/crimp-module-c1370\/","og_locale":"fr_FR","og_type":"article","og_title":"Crimp module C1370 - Smans","og_description":"Le module de sertissage C1370 pour machines automatiques de traitement des c\u00e2bles","og_url":"https:\/\/smans.com\/fr\/product\/crimp-module-c1370\/","og_site_name":"Smans","article_modified_time":"2026-04-06T10:54:16+00:00","twitter_card":"summary_large_image","twitter_misc":{"Dur\u00e9e de lecture estim\u00e9e":"1 minute"},"schema":{"@context":"https:\/\/schema.org","@graph":[{"@type":"WebPage","@id":"https:\/\/smans.com\/fr\/product\/crimp-module-c1370\/","url":"https:\/\/smans.com\/fr\/product\/crimp-module-c1370\/","name":"Crimp module C1370 - Smans","isPartOf":{"@id":"https:\/\/smans.com\/nl\/#website"},"datePublished":"2024-06-09T15:10:36+00:00","dateModified":"2026-04-06T10:54:16+00:00","breadcrumb":{"@id":"https:\/\/smans.com\/fr\/product\/crimp-module-c1370\/#breadcrumb"},"inLanguage":"fr-FR","potentialAction":[{"@type":"ReadAction","target":["https:\/\/smans.com\/fr\/product\/crimp-module-c1370\/"]}]},{"@type":"BreadcrumbList","@id":"https:\/\/smans.com\/fr\/product\/crimp-module-c1370\/#breadcrumb","itemListElement":[{"@type":"ListItem","position":1,"name":"Home","item":"https:\/\/smans.com\/fr\/"},{"@type":"ListItem","position":2,"name":"Boutique","item":"https:\/\/smans.com\/nl\/shop\/"},{"@type":"ListItem","position":3,"name":"Komax - Crimp module C1370"}]},{"@type":"WebSite","@id":"https:\/\/smans.com\/nl\/#website","url":"https:\/\/smans.com\/nl\/","name":"Smans","description":"","publisher":{"@id":"https:\/\/smans.com\/nl\/#organization"},"potentialAction":[{"@type":"SearchAction","target":{"@type":"EntryPoint","urlTemplate":"https:\/\/smans.com\/nl\/?s={search_term_string}"},"query-input":{"@type":"PropertyValueSpecification","valueRequired":true,"valueName":"search_term_string"}}],"inLanguage":"fr-FR"},{"@type":"Organization","@id":"https:\/\/smans.com\/nl\/#organization","name":"Smans","url":"https:\/\/smans.com\/nl\/","logo":{"@type":"ImageObject","inLanguage":"fr-FR","@id":"https:\/\/smans.com\/nl\/#\/schema\/logo\/image\/","url":"https:\/\/smans.com\/wp-content\/uploads\/2023\/09\/logo.svg","contentUrl":"https:\/\/smans.com\/wp-content\/uploads\/2023\/09\/logo.svg","caption":"Smans"},"image":{"@id":"https:\/\/smans.com\/nl\/#\/schema\/logo\/image\/"}}]}},"brands":[{"id":18260,"name":"Komax","slug":"brand-komax-fr"}],"_links":{"self":[{"href":"https:\/\/smans.com\/fr\/wp-json\/wp\/v2\/product\/24324","targetHints":{"allow":["GET"]}}],"collection":[{"href":"https:\/\/smans.com\/fr\/wp-json\/wp\/v2\/product"}],"about":[{"href":"https:\/\/smans.com\/fr\/wp-json\/wp\/v2\/types\/product"}],"wp:attachment":[{"href":"https:\/\/smans.com\/fr\/wp-json\/wp\/v2\/media?parent=24324"}],"wp:term":[{"taxonomy":"pwb-brand","embeddable":true,"href":"https:\/\/smans.com\/fr\/wp-json\/wp\/v2\/pwb-brand?post=24324"},{"taxonomy":"product_brand","embeddable":true,"href":"https:\/\/smans.com\/fr\/wp-json\/wp\/v2\/product_brand?post=24324"},{"taxonomy":"product_cat","embeddable":true,"href":"https:\/\/smans.com\/fr\/wp-json\/wp\/v2\/product_cat?post=24324"},{"taxonomy":"product_tag","embeddable":true,"href":"https:\/\/smans.com\/fr\/wp-json\/wp\/v2\/product_tag?post=24324"}],"curies":[{"name":"wp","href":"https:\/\/api.w.org\/{rel}","templated":true}]}}