{"id":24331,"date":"2024-06-09T17:22:27","date_gmt":"2024-06-09T15:22:27","guid":{"rendered":"https:\/\/smans.com\/product\/automatic-pick-place-printer-sm471plus\/"},"modified":"2026-04-09T12:55:17","modified_gmt":"2026-04-09T10:55:17","slug":"automatic-pick-place-printer-sm471plus","status":"publish","type":"product","link":"https:\/\/smans.com\/fr\/product\/automatic-pick-place-printer-sm471plus\/","title":{"rendered":"Hanwha - Automatic Pick &amp; Place Printer SM471PLUS"},"content":{"rendered":"<p>La Hanwha SM471PLUS est une machine pick-and-place avanc\u00e9e con\u00e7ue pour une productivit\u00e9 et une pr\u00e9cision maximales dans les lignes SMD modernes. Avec ses deux portiques \u00e0 grande vitesse et sa technologie de vision am\u00e9lior\u00e9e, cette machine allie vitesse brute et finesse technique.<\/p>\n<h4>Performances et sp\u00e9cifications<\/h4>\n<p>La SM471PLUS atteint une vitesse de placement impressionnante pouvant atteindre 78 000 CPH, sans compromettre la pr\u00e9cision. La pr\u00e9cision de placement est de \u00b140 \u00b5m pour les puces et de \u00b150 \u00b5m pour les composants QFP, mesur\u00e9e \u00e0 \u00b13\u03c3. Elle garantit ainsi des performances fiables, m\u00eame avec les composants les plus petits.<\/p>\n<p>Le syst\u00e8me prend en charge une large gamme de composants, des puces 0402 aux composants carr\u00e9s de 14 mm, avec une hauteur maximale de 25 mm (selon le type de cam\u00e9ra). Les dimensions flexibles des circuits imprim\u00e9s vont de L510 \u00d7 l460 mm \u00e0 L1 200 \u00d7 l510 mm en option, ce qui est id\u00e9al pour une grande vari\u00e9t\u00e9 de productions.<\/p>\n<h4>Base technique fiable<\/h4>\n<p>La machine fonctionne sur 200-415 V CA (triphas\u00e9) et consomme au maximum 5 kVA. La consommation d&rsquo;air est d&rsquo;environ 350 N\u2113\/min \u00e0 une pression de 0,5-0,7 MPa. Sa construction solide \u2013 1 650 \u00d7 1 690 \u00d7 1 485 mm et environ 1 730 kg \u2013 souligne la stabilit\u00e9 industrielle et la dur\u00e9e de vie de la machine.<\/p>\n<h4>Pourquoi choisir le SM471PLUS ?<\/h4>\n<ul>\n<li>Haute vitesse et pr\u00e9cision dans une seule plateforme<\/li>\n<li>Gamme flexible de composants et de circuits imprim\u00e9s<\/li>\n<li>Syst\u00e8me de vision optimis\u00e9 pour une reconnaissance fiable<\/li>\n<li>Conception compacte et n\u00e9cessitant peu d&rsquo;entretien<\/li>\n<li>Extensible au sein de la gamme SMT modulaire de Hanwha<\/li>\n<\/ul>\n<p>La Hanwha SM471PLUS est le choix id\u00e9al pour ceux qui souhaitent combiner capacit\u00e9 de production, pr\u00e9cision et fiabilit\u00e9 dans une solution SMT intelligente.<\/p>\n","protected":false},"excerpt":{"rendered":"<p>Machine de placement rapide et extr\u00eamement pr\u00e9cise pour la production SMD.<\/p>\n","protected":false},"featured_media":0,"template":"","meta":{"_acf_changed":false},"pwb-brand":[18250],"product_brand":[],"product_cat":[17991,18011,18084],"product_tag":[],"class_list":{"0":"post-24331","1":"product","2":"type-product","3":"status-publish","5":"pwb-brand-brand-hanwha-fr","6":"product_cat-electronique-fr","7":"product_cat-equipement-d-assemblage-smt-fr","8":"product_cat-pick-place-fr","10":"first","11":"instock","12":"taxable","13":"shipping-taxable","14":"product-type-simple"},"acf":[],"yoast_head":"<!-- This site is optimized with the Yoast SEO plugin v27.1.1 - https:\/\/yoast.com\/product\/yoast-seo-wordpress\/ -->\n<title>Automatic Pick &amp; Place Printer SM471PLUS - Smans<\/title>\n<meta name=\"robots\" content=\"index, follow, max-snippet:-1, max-image-preview:large, max-video-preview:-1\" \/>\n<link rel=\"canonical\" href=\"https:\/\/smans.com\/fr\/product\/automatic-pick-place-printer-sm471plus\/\" \/>\n<meta property=\"og:locale\" content=\"fr_FR\" \/>\n<meta property=\"og:type\" content=\"article\" \/>\n<meta property=\"og:title\" content=\"Automatic Pick &amp; Place Printer SM471PLUS - Smans\" \/>\n<meta property=\"og:description\" content=\"Machine de placement rapide et extr\u00eamement pr\u00e9cise pour la production SMD.\" \/>\n<meta property=\"og:url\" content=\"https:\/\/smans.com\/fr\/product\/automatic-pick-place-printer-sm471plus\/\" \/>\n<meta property=\"og:site_name\" content=\"Smans\" \/>\n<meta property=\"article:modified_time\" content=\"2026-04-09T10:55:17+00:00\" \/>\n<meta name=\"twitter:card\" content=\"summary_large_image\" \/>\n<meta name=\"twitter:label1\" content=\"Dur\u00e9e de lecture estim\u00e9e\" \/>\n\t<meta name=\"twitter:data1\" content=\"1 minute\" \/>\n<script type=\"application\/ld+json\" class=\"yoast-schema-graph\">{\"@context\":\"https:\/\/schema.org\",\"@graph\":[{\"@type\":\"WebPage\",\"@id\":\"https:\/\/smans.com\/fr\/product\/automatic-pick-place-printer-sm471plus\/\",\"url\":\"https:\/\/smans.com\/fr\/product\/automatic-pick-place-printer-sm471plus\/\",\"name\":\"Automatic Pick &amp; Place Printer SM471PLUS - Smans\",\"isPartOf\":{\"@id\":\"https:\/\/smans.com\/nl\/#website\"},\"datePublished\":\"2024-06-09T15:22:27+00:00\",\"dateModified\":\"2026-04-09T10:55:17+00:00\",\"breadcrumb\":{\"@id\":\"https:\/\/smans.com\/fr\/product\/automatic-pick-place-printer-sm471plus\/#breadcrumb\"},\"inLanguage\":\"fr-FR\",\"potentialAction\":[{\"@type\":\"ReadAction\",\"target\":[\"https:\/\/smans.com\/fr\/product\/automatic-pick-place-printer-sm471plus\/\"]}]},{\"@type\":\"BreadcrumbList\",\"@id\":\"https:\/\/smans.com\/fr\/product\/automatic-pick-place-printer-sm471plus\/#breadcrumb\",\"itemListElement\":[{\"@type\":\"ListItem\",\"position\":1,\"name\":\"Home\",\"item\":\"https:\/\/smans.com\/fr\/\"},{\"@type\":\"ListItem\",\"position\":2,\"name\":\"Boutique\",\"item\":\"https:\/\/smans.com\/nl\/shop\/\"},{\"@type\":\"ListItem\",\"position\":3,\"name\":\"Hanwha - Automatic Pick &amp; Place Printer SM471PLUS\"}]},{\"@type\":\"WebSite\",\"@id\":\"https:\/\/smans.com\/nl\/#website\",\"url\":\"https:\/\/smans.com\/nl\/\",\"name\":\"Smans\",\"description\":\"\",\"publisher\":{\"@id\":\"https:\/\/smans.com\/nl\/#organization\"},\"potentialAction\":[{\"@type\":\"SearchAction\",\"target\":{\"@type\":\"EntryPoint\",\"urlTemplate\":\"https:\/\/smans.com\/nl\/?s={search_term_string}\"},\"query-input\":{\"@type\":\"PropertyValueSpecification\",\"valueRequired\":true,\"valueName\":\"search_term_string\"}}],\"inLanguage\":\"fr-FR\"},{\"@type\":\"Organization\",\"@id\":\"https:\/\/smans.com\/nl\/#organization\",\"name\":\"Smans\",\"url\":\"https:\/\/smans.com\/nl\/\",\"logo\":{\"@type\":\"ImageObject\",\"inLanguage\":\"fr-FR\",\"@id\":\"https:\/\/smans.com\/nl\/#\/schema\/logo\/image\/\",\"url\":\"https:\/\/smans.com\/wp-content\/uploads\/2023\/09\/logo.svg\",\"contentUrl\":\"https:\/\/smans.com\/wp-content\/uploads\/2023\/09\/logo.svg\",\"caption\":\"Smans\"},\"image\":{\"@id\":\"https:\/\/smans.com\/nl\/#\/schema\/logo\/image\/\"}}]}<\/script>\n<!-- \/ Yoast SEO plugin. -->","yoast_head_json":{"title":"Automatic Pick &amp; Place Printer SM471PLUS - Smans","robots":{"index":"index","follow":"follow","max-snippet":"max-snippet:-1","max-image-preview":"max-image-preview:large","max-video-preview":"max-video-preview:-1"},"canonical":"https:\/\/smans.com\/fr\/product\/automatic-pick-place-printer-sm471plus\/","og_locale":"fr_FR","og_type":"article","og_title":"Automatic Pick &amp; Place Printer SM471PLUS - Smans","og_description":"Machine de placement rapide et extr\u00eamement pr\u00e9cise pour la production SMD.","og_url":"https:\/\/smans.com\/fr\/product\/automatic-pick-place-printer-sm471plus\/","og_site_name":"Smans","article_modified_time":"2026-04-09T10:55:17+00:00","twitter_card":"summary_large_image","twitter_misc":{"Dur\u00e9e de lecture estim\u00e9e":"1 minute"},"schema":{"@context":"https:\/\/schema.org","@graph":[{"@type":"WebPage","@id":"https:\/\/smans.com\/fr\/product\/automatic-pick-place-printer-sm471plus\/","url":"https:\/\/smans.com\/fr\/product\/automatic-pick-place-printer-sm471plus\/","name":"Automatic Pick &amp; Place Printer SM471PLUS - Smans","isPartOf":{"@id":"https:\/\/smans.com\/nl\/#website"},"datePublished":"2024-06-09T15:22:27+00:00","dateModified":"2026-04-09T10:55:17+00:00","breadcrumb":{"@id":"https:\/\/smans.com\/fr\/product\/automatic-pick-place-printer-sm471plus\/#breadcrumb"},"inLanguage":"fr-FR","potentialAction":[{"@type":"ReadAction","target":["https:\/\/smans.com\/fr\/product\/automatic-pick-place-printer-sm471plus\/"]}]},{"@type":"BreadcrumbList","@id":"https:\/\/smans.com\/fr\/product\/automatic-pick-place-printer-sm471plus\/#breadcrumb","itemListElement":[{"@type":"ListItem","position":1,"name":"Home","item":"https:\/\/smans.com\/fr\/"},{"@type":"ListItem","position":2,"name":"Boutique","item":"https:\/\/smans.com\/nl\/shop\/"},{"@type":"ListItem","position":3,"name":"Hanwha - Automatic Pick &amp; Place Printer SM471PLUS"}]},{"@type":"WebSite","@id":"https:\/\/smans.com\/nl\/#website","url":"https:\/\/smans.com\/nl\/","name":"Smans","description":"","publisher":{"@id":"https:\/\/smans.com\/nl\/#organization"},"potentialAction":[{"@type":"SearchAction","target":{"@type":"EntryPoint","urlTemplate":"https:\/\/smans.com\/nl\/?s={search_term_string}"},"query-input":{"@type":"PropertyValueSpecification","valueRequired":true,"valueName":"search_term_string"}}],"inLanguage":"fr-FR"},{"@type":"Organization","@id":"https:\/\/smans.com\/nl\/#organization","name":"Smans","url":"https:\/\/smans.com\/nl\/","logo":{"@type":"ImageObject","inLanguage":"fr-FR","@id":"https:\/\/smans.com\/nl\/#\/schema\/logo\/image\/","url":"https:\/\/smans.com\/wp-content\/uploads\/2023\/09\/logo.svg","contentUrl":"https:\/\/smans.com\/wp-content\/uploads\/2023\/09\/logo.svg","caption":"Smans"},"image":{"@id":"https:\/\/smans.com\/nl\/#\/schema\/logo\/image\/"}}]}},"brands":[{"id":18250,"name":"Hanwha","slug":"brand-hanwha-fr"}],"_links":{"self":[{"href":"https:\/\/smans.com\/fr\/wp-json\/wp\/v2\/product\/24331","targetHints":{"allow":["GET"]}}],"collection":[{"href":"https:\/\/smans.com\/fr\/wp-json\/wp\/v2\/product"}],"about":[{"href":"https:\/\/smans.com\/fr\/wp-json\/wp\/v2\/types\/product"}],"wp:attachment":[{"href":"https:\/\/smans.com\/fr\/wp-json\/wp\/v2\/media?parent=24331"}],"wp:term":[{"taxonomy":"pwb-brand","embeddable":true,"href":"https:\/\/smans.com\/fr\/wp-json\/wp\/v2\/pwb-brand?post=24331"},{"taxonomy":"product_brand","embeddable":true,"href":"https:\/\/smans.com\/fr\/wp-json\/wp\/v2\/product_brand?post=24331"},{"taxonomy":"product_cat","embeddable":true,"href":"https:\/\/smans.com\/fr\/wp-json\/wp\/v2\/product_cat?post=24331"},{"taxonomy":"product_tag","embeddable":true,"href":"https:\/\/smans.com\/fr\/wp-json\/wp\/v2\/product_tag?post=24331"}],"curies":[{"name":"wp","href":"https:\/\/api.w.org\/{rel}","templated":true}]}}