{"id":24333,"date":"2024-06-09T17:08:32","date_gmt":"2024-06-09T15:08:32","guid":{"rendered":"https:\/\/smans.com\/product\/label-printer-m710-azerty\/"},"modified":"2026-04-10T12:44:56","modified_gmt":"2026-04-10T10:44:56","slug":"label-printer-m710-azerty","status":"publish","type":"product","link":"https:\/\/smans.com\/fr\/product\/label-printer-m710-azerty\/","title":{"rendered":"Brady - Label printer M710 Azerty"},"content":{"rendered":"<p data-start=\"2481\" data-end=\"2851\">La <strong data-start=\"2484\" data-end=\"2498\">Brady M710<\/strong> offre une <strong data-start=\"2509\" data-end=\"2543\">exp\u00e9rience d\u2019impression fluide<\/strong> pour les <strong data-start=\"2553\" data-end=\"2603\">applications industrielles de grande envergure<\/strong>, con\u00e7ue pour <strong data-start=\"2617\" data-end=\"2690\">r\u00e9sister aux longues journ\u00e9es de travail et aux conditions difficiles<\/strong>. Il s\u2019agit de <strong data-start=\"2705\" data-end=\"2743\">l\u2019imprimante Brady la plus avanc\u00e9e<\/strong>, combinant <strong data-start=\"2755\" data-end=\"2795\">rapidit\u00e9, durabilit\u00e9 et connectivit\u00e9<\/strong> pour une flexibilit\u00e9 maximale sur tous les chantiers.<\/p>\n<h4 data-start=\"2853\" data-end=\"2892\"><strong data-start=\"2858\" data-end=\"2890\">Caract\u00e9ristiques Principales<\/strong><\/h4>\n<ul data-start=\"2893\" data-end=\"3528\">\n<li data-start=\"2893\" data-end=\"3005\"><strong data-start=\"2895\" data-end=\"2932\">Vitesse d\u2019impression ultra-rapide<\/strong> : <strong data-start=\"2935\" data-end=\"2958\">76,2 mm par seconde<\/strong> avec <strong data-start=\"2964\" data-end=\"3002\">d\u00e9coupe automatique des \u00e9tiquettes<\/strong>.<\/li>\n<li data-start=\"3006\" data-end=\"3098\"><strong data-start=\"3008\" data-end=\"3031\">Autonomie prolong\u00e9e<\/strong> : Imprime jusqu\u2019\u00e0 <strong data-start=\"3050\" data-end=\"3070\">4 500 \u00e9tiquettes<\/strong> sur une <strong data-start=\"3079\" data-end=\"3095\">seule charge<\/strong>.<\/li>\n<li data-start=\"3099\" data-end=\"3197\"><strong data-start=\"3101\" data-end=\"3123\">Conception robuste<\/strong> : R\u00e9siste aux <strong data-start=\"3138\" data-end=\"3166\">chutes jusqu\u2019\u00e0 1,2 m\u00e8tre<\/strong>, au sable et \u00e0 la poussi\u00e8re.<\/li>\n<li data-start=\"3198\" data-end=\"3342\"><strong data-start=\"3200\" data-end=\"3237\">Options d\u2019impression polyvalentes<\/strong> :\n<ul data-start=\"3244\" data-end=\"3342\">\n<li data-start=\"3244\" data-end=\"3342\">Imprimez <strong data-start=\"3255\" data-end=\"3311\">du texte, des codes-barres, des formes et des images<\/strong> via <strong data-start=\"3316\" data-end=\"3339\">clavier ou logiciel<\/strong>.<\/li>\n<\/ul>\n<\/li>\n<li data-start=\"3343\" data-end=\"3528\"><strong data-start=\"3345\" data-end=\"3369\">Connectivit\u00e9 avanc\u00e9e<\/strong> :\n<ul data-start=\"3376\" data-end=\"3528\">\n<li data-start=\"3376\" data-end=\"3443\"><strong data-start=\"3378\" data-end=\"3440\">Concevez et imprimez depuis votre t\u00e9l\u00e9phone, PC ou clavier<\/strong>.<\/li>\n<li data-start=\"3446\" data-end=\"3528\"><strong data-start=\"3448\" data-end=\"3496\">Stockez, partagez et importez des \u00e9tiquettes<\/strong> pour une efficacit\u00e9 optimale.<\/li>\n<\/ul>\n<\/li>\n<\/ul>\n<p data-start=\"3530\" data-end=\"3736\" data-is-last-node=\"\">Que vous travailliez sur un <strong data-start=\"3558\" data-end=\"3618\">chantier, en atelier ou dans un environnement industriel<\/strong>, la <strong data-start=\"3623\" data-end=\"3637\">Brady M710<\/strong> est une <strong data-start=\"3646\" data-end=\"3702\">solution d\u2019\u00e9tiquetage rapide, robuste et polyvalente<\/strong> pour r\u00e9pondre \u00e0 tous vos besoins.<\/p>\n","protected":false},"excerpt":{"rendered":"<p>Brady M710 : Imprimante d\u2019\u00c9tiquettes<\/p>\n","protected":false},"featured_media":0,"template":"","meta":{"_acf_changed":false},"pwb-brand":[18214],"product_brand":[],"product_cat":[17990,17995,18033],"product_tag":[],"class_list":{"0":"post-24333","1":"product","2":"type-product","3":"status-publish","5":"pwb-brand-brand-brady-fr-2","6":"product_cat-cables-et-cablage-fr","7":"product_cat-etiquetage-marquage-fr","8":"product_cat-label-printers-fr","9":"product_shipping_class-brady-fr","11":"first","12":"instock","13":"taxable","14":"shipping-taxable","15":"purchasable","16":"product-type-simple"},"acf":[],"yoast_head":"<!-- This site is optimized with the Yoast SEO plugin v27.1.1 - https:\/\/yoast.com\/product\/yoast-seo-wordpress\/ -->\n<title>Label printer M710 Azerty - Smans<\/title>\n<meta name=\"robots\" content=\"index, follow, max-snippet:-1, max-image-preview:large, max-video-preview:-1\" \/>\n<link rel=\"canonical\" href=\"https:\/\/smans.com\/fr\/product\/label-printer-m710-azerty\/\" \/>\n<meta property=\"og:locale\" content=\"fr_FR\" \/>\n<meta property=\"og:type\" content=\"article\" \/>\n<meta property=\"og:title\" content=\"Label printer M710 Azerty - Smans\" \/>\n<meta property=\"og:description\" content=\"Brady M710 : Imprimante d\u2019\u00c9tiquettes\" \/>\n<meta property=\"og:url\" content=\"https:\/\/smans.com\/fr\/product\/label-printer-m710-azerty\/\" \/>\n<meta property=\"og:site_name\" content=\"Smans\" \/>\n<meta property=\"article:modified_time\" content=\"2026-04-10T10:44:56+00:00\" \/>\n<meta name=\"twitter:card\" content=\"summary_large_image\" \/>\n<meta name=\"twitter:label1\" content=\"Dur\u00e9e de lecture estim\u00e9e\" \/>\n\t<meta name=\"twitter:data1\" content=\"1 minute\" \/>\n<script type=\"application\/ld+json\" class=\"yoast-schema-graph\">{\"@context\":\"https:\/\/schema.org\",\"@graph\":[{\"@type\":\"WebPage\",\"@id\":\"https:\/\/smans.com\/fr\/product\/label-printer-m710-azerty\/\",\"url\":\"https:\/\/smans.com\/fr\/product\/label-printer-m710-azerty\/\",\"name\":\"Label printer M710 Azerty - Smans\",\"isPartOf\":{\"@id\":\"https:\/\/smans.com\/nl\/#website\"},\"datePublished\":\"2024-06-09T15:08:32+00:00\",\"dateModified\":\"2026-04-10T10:44:56+00:00\",\"breadcrumb\":{\"@id\":\"https:\/\/smans.com\/fr\/product\/label-printer-m710-azerty\/#breadcrumb\"},\"inLanguage\":\"fr-FR\",\"potentialAction\":[{\"@type\":\"ReadAction\",\"target\":[\"https:\/\/smans.com\/fr\/product\/label-printer-m710-azerty\/\"]}]},{\"@type\":\"BreadcrumbList\",\"@id\":\"https:\/\/smans.com\/fr\/product\/label-printer-m710-azerty\/#breadcrumb\",\"itemListElement\":[{\"@type\":\"ListItem\",\"position\":1,\"name\":\"Home\",\"item\":\"https:\/\/smans.com\/fr\/\"},{\"@type\":\"ListItem\",\"position\":2,\"name\":\"Boutique\",\"item\":\"https:\/\/smans.com\/nl\/shop\/\"},{\"@type\":\"ListItem\",\"position\":3,\"name\":\"Brady - Label printer M710 Azerty\"}]},{\"@type\":\"WebSite\",\"@id\":\"https:\/\/smans.com\/nl\/#website\",\"url\":\"https:\/\/smans.com\/nl\/\",\"name\":\"Smans\",\"description\":\"\",\"publisher\":{\"@id\":\"https:\/\/smans.com\/nl\/#organization\"},\"potentialAction\":[{\"@type\":\"SearchAction\",\"target\":{\"@type\":\"EntryPoint\",\"urlTemplate\":\"https:\/\/smans.com\/nl\/?s={search_term_string}\"},\"query-input\":{\"@type\":\"PropertyValueSpecification\",\"valueRequired\":true,\"valueName\":\"search_term_string\"}}],\"inLanguage\":\"fr-FR\"},{\"@type\":\"Organization\",\"@id\":\"https:\/\/smans.com\/nl\/#organization\",\"name\":\"Smans\",\"url\":\"https:\/\/smans.com\/nl\/\",\"logo\":{\"@type\":\"ImageObject\",\"inLanguage\":\"fr-FR\",\"@id\":\"https:\/\/smans.com\/nl\/#\/schema\/logo\/image\/\",\"url\":\"https:\/\/smans.com\/wp-content\/uploads\/2023\/09\/logo.svg\",\"contentUrl\":\"https:\/\/smans.com\/wp-content\/uploads\/2023\/09\/logo.svg\",\"caption\":\"Smans\"},\"image\":{\"@id\":\"https:\/\/smans.com\/nl\/#\/schema\/logo\/image\/\"}}]}<\/script>\n<!-- \/ Yoast SEO plugin. -->","yoast_head_json":{"title":"Label printer M710 Azerty - Smans","robots":{"index":"index","follow":"follow","max-snippet":"max-snippet:-1","max-image-preview":"max-image-preview:large","max-video-preview":"max-video-preview:-1"},"canonical":"https:\/\/smans.com\/fr\/product\/label-printer-m710-azerty\/","og_locale":"fr_FR","og_type":"article","og_title":"Label printer M710 Azerty - Smans","og_description":"Brady M710 : Imprimante d\u2019\u00c9tiquettes","og_url":"https:\/\/smans.com\/fr\/product\/label-printer-m710-azerty\/","og_site_name":"Smans","article_modified_time":"2026-04-10T10:44:56+00:00","twitter_card":"summary_large_image","twitter_misc":{"Dur\u00e9e de lecture estim\u00e9e":"1 minute"},"schema":{"@context":"https:\/\/schema.org","@graph":[{"@type":"WebPage","@id":"https:\/\/smans.com\/fr\/product\/label-printer-m710-azerty\/","url":"https:\/\/smans.com\/fr\/product\/label-printer-m710-azerty\/","name":"Label printer M710 Azerty - Smans","isPartOf":{"@id":"https:\/\/smans.com\/nl\/#website"},"datePublished":"2024-06-09T15:08:32+00:00","dateModified":"2026-04-10T10:44:56+00:00","breadcrumb":{"@id":"https:\/\/smans.com\/fr\/product\/label-printer-m710-azerty\/#breadcrumb"},"inLanguage":"fr-FR","potentialAction":[{"@type":"ReadAction","target":["https:\/\/smans.com\/fr\/product\/label-printer-m710-azerty\/"]}]},{"@type":"BreadcrumbList","@id":"https:\/\/smans.com\/fr\/product\/label-printer-m710-azerty\/#breadcrumb","itemListElement":[{"@type":"ListItem","position":1,"name":"Home","item":"https:\/\/smans.com\/fr\/"},{"@type":"ListItem","position":2,"name":"Boutique","item":"https:\/\/smans.com\/nl\/shop\/"},{"@type":"ListItem","position":3,"name":"Brady - Label printer M710 Azerty"}]},{"@type":"WebSite","@id":"https:\/\/smans.com\/nl\/#website","url":"https:\/\/smans.com\/nl\/","name":"Smans","description":"","publisher":{"@id":"https:\/\/smans.com\/nl\/#organization"},"potentialAction":[{"@type":"SearchAction","target":{"@type":"EntryPoint","urlTemplate":"https:\/\/smans.com\/nl\/?s={search_term_string}"},"query-input":{"@type":"PropertyValueSpecification","valueRequired":true,"valueName":"search_term_string"}}],"inLanguage":"fr-FR"},{"@type":"Organization","@id":"https:\/\/smans.com\/nl\/#organization","name":"Smans","url":"https:\/\/smans.com\/nl\/","logo":{"@type":"ImageObject","inLanguage":"fr-FR","@id":"https:\/\/smans.com\/nl\/#\/schema\/logo\/image\/","url":"https:\/\/smans.com\/wp-content\/uploads\/2023\/09\/logo.svg","contentUrl":"https:\/\/smans.com\/wp-content\/uploads\/2023\/09\/logo.svg","caption":"Smans"},"image":{"@id":"https:\/\/smans.com\/nl\/#\/schema\/logo\/image\/"}}]}},"brands":[{"id":18214,"name":"Brady","slug":"brand-brady-fr-2"}],"_links":{"self":[{"href":"https:\/\/smans.com\/fr\/wp-json\/wp\/v2\/product\/24333","targetHints":{"allow":["GET"]}}],"collection":[{"href":"https:\/\/smans.com\/fr\/wp-json\/wp\/v2\/product"}],"about":[{"href":"https:\/\/smans.com\/fr\/wp-json\/wp\/v2\/types\/product"}],"wp:attachment":[{"href":"https:\/\/smans.com\/fr\/wp-json\/wp\/v2\/media?parent=24333"}],"wp:term":[{"taxonomy":"pwb-brand","embeddable":true,"href":"https:\/\/smans.com\/fr\/wp-json\/wp\/v2\/pwb-brand?post=24333"},{"taxonomy":"product_brand","embeddable":true,"href":"https:\/\/smans.com\/fr\/wp-json\/wp\/v2\/product_brand?post=24333"},{"taxonomy":"product_cat","embeddable":true,"href":"https:\/\/smans.com\/fr\/wp-json\/wp\/v2\/product_cat?post=24333"},{"taxonomy":"product_tag","embeddable":true,"href":"https:\/\/smans.com\/fr\/wp-json\/wp\/v2\/product_tag?post=24333"}],"curies":[{"name":"wp","href":"https:\/\/api.w.org\/{rel}","templated":true}]}}