{"id":24339,"date":"2024-06-09T17:11:45","date_gmt":"2024-06-09T15:11:45","guid":{"rendered":"https:\/\/smans.com\/product\/data-wire-lambda-440\/"},"modified":"2026-04-07T12:22:19","modified_gmt":"2026-04-07T10:22:19","slug":"data-wire-lambda-440","status":"publish","type":"product","link":"https:\/\/smans.com\/fr\/product\/data-wire-lambda-440\/","title":{"rendered":"Komax - Data Wire Lambda 440"},"content":{"rendered":"<p data-start=\"2436\" data-end=\"2814\">La Lambda 440 permet le traitement automatis\u00e9 parall\u00e8le des c\u00e2bles haute tension pour une production de haute qualit\u00e9 de grandes quantit\u00e9s de la m\u00eame famille de connecteurs. La machine est enti\u00e8rement configurable via des modules ind\u00e9pendants de la plateforme, qui peuvent \u00eatre assembl\u00e9s en fonction des exigences de production pour diff\u00e9rents types de connecteurs et de c\u00e2bles.<\/p>\n<p data-start=\"2816\" data-end=\"2852\"><strong data-start=\"2816\" data-end=\"2850\">Caract\u00e9ristiques principales :<\/strong><\/p>\n<ul data-start=\"2853\" data-end=\"3631\" data-is-last-node=\"\">\n<li data-start=\"2853\" data-end=\"2997\"><strong data-start=\"2855\" data-end=\"2885\">Enti\u00e8rement configurable :<\/strong> Gr\u00e2ce \u00e0 des modules ind\u00e9pendants de la plateforme pouvant \u00eatre adapt\u00e9s aux besoins sp\u00e9cifiques de production.<\/li>\n<li data-start=\"2998\" data-end=\"3138\"><strong data-start=\"3000\" data-end=\"3026\">Plateforme modulaire :<\/strong> Utilise les m\u00eames modules MPS (Modular Platform System) que la Lambda 240, offrant flexibilit\u00e9 et efficacit\u00e9.<\/li>\n<li data-start=\"3139\" data-end=\"3309\"><strong data-start=\"3141\" data-end=\"3157\">Extensible :<\/strong> La plateforme de la machine est disponible en deux tailles et peut \u00eatre \u00e9tendue de deux \u00e0 trois m\u00e8tres, en fonction du nombre de modules n\u00e9cessaires.<\/li>\n<li data-start=\"3310\" data-end=\"3453\"><strong data-start=\"3312\" data-end=\"3354\">\u00c9tapes de processus personnalisables :<\/strong> Capable d\u2019effectuer des \u00e9tapes de processus sur mesure jusqu\u2019\u00e0 l\u2019assemblage final du connecteur.<\/li>\n<li data-start=\"3454\" data-end=\"3631\" data-is-last-node=\"\"><strong data-start=\"3456\" data-end=\"3493\">Adapt\u00e9e pour les grands volumes :<\/strong> La solution id\u00e9ale pour le traitement des c\u00e2bles avec des volumes de production allant de 700 000 \u00e0 1 200 000 embouts de c\u00e2bles par an.<\/li>\n<\/ul>\n","protected":false},"excerpt":{"rendered":"<p>Lambda 440 : Traitement Automatis\u00e9 Parall\u00e8le des C\u00e2bles Haute Tension<\/p>\n","protected":false},"featured_media":0,"template":"","meta":{"_acf_changed":false},"pwb-brand":[18260],"product_brand":[],"product_cat":[17990,17993,18041],"product_tag":[],"class_list":{"0":"post-24339","1":"product","2":"type-product","3":"status-publish","5":"pwb-brand-brand-komax-fr","6":"product_cat-cables-et-cablage-fr","7":"product_cat-couper-denuder-sertissage-fr","8":"product_cat-special-applications-fr","10":"first","11":"instock","12":"taxable","13":"shipping-taxable","14":"product-type-simple"},"acf":[],"yoast_head":"<!-- This site is optimized with the Yoast SEO plugin v27.1.1 - https:\/\/yoast.com\/product\/yoast-seo-wordpress\/ -->\n<title>Data Wire Lambda 440 - Smans<\/title>\n<meta name=\"robots\" content=\"index, follow, max-snippet:-1, max-image-preview:large, max-video-preview:-1\" \/>\n<link rel=\"canonical\" href=\"https:\/\/smans.com\/fr\/product\/data-wire-lambda-440\/\" \/>\n<meta property=\"og:locale\" content=\"fr_FR\" \/>\n<meta property=\"og:type\" content=\"article\" \/>\n<meta property=\"og:title\" content=\"Data Wire Lambda 440 - Smans\" \/>\n<meta property=\"og:description\" content=\"Lambda 440 : Traitement Automatis\u00e9 Parall\u00e8le des C\u00e2bles Haute Tension\" \/>\n<meta property=\"og:url\" content=\"https:\/\/smans.com\/fr\/product\/data-wire-lambda-440\/\" \/>\n<meta property=\"og:site_name\" content=\"Smans\" \/>\n<meta property=\"article:modified_time\" content=\"2026-04-07T10:22:19+00:00\" \/>\n<meta name=\"twitter:card\" content=\"summary_large_image\" \/>\n<meta name=\"twitter:label1\" content=\"Dur\u00e9e de lecture estim\u00e9e\" \/>\n\t<meta name=\"twitter:data1\" content=\"1 minute\" \/>\n<script type=\"application\/ld+json\" class=\"yoast-schema-graph\">{\"@context\":\"https:\/\/schema.org\",\"@graph\":[{\"@type\":\"WebPage\",\"@id\":\"https:\/\/smans.com\/fr\/product\/data-wire-lambda-440\/\",\"url\":\"https:\/\/smans.com\/fr\/product\/data-wire-lambda-440\/\",\"name\":\"Data Wire Lambda 440 - Smans\",\"isPartOf\":{\"@id\":\"https:\/\/smans.com\/nl\/#website\"},\"datePublished\":\"2024-06-09T15:11:45+00:00\",\"dateModified\":\"2026-04-07T10:22:19+00:00\",\"breadcrumb\":{\"@id\":\"https:\/\/smans.com\/fr\/product\/data-wire-lambda-440\/#breadcrumb\"},\"inLanguage\":\"fr-FR\",\"potentialAction\":[{\"@type\":\"ReadAction\",\"target\":[\"https:\/\/smans.com\/fr\/product\/data-wire-lambda-440\/\"]}]},{\"@type\":\"BreadcrumbList\",\"@id\":\"https:\/\/smans.com\/fr\/product\/data-wire-lambda-440\/#breadcrumb\",\"itemListElement\":[{\"@type\":\"ListItem\",\"position\":1,\"name\":\"Home\",\"item\":\"https:\/\/smans.com\/fr\/\"},{\"@type\":\"ListItem\",\"position\":2,\"name\":\"Boutique\",\"item\":\"https:\/\/smans.com\/nl\/shop\/\"},{\"@type\":\"ListItem\",\"position\":3,\"name\":\"Komax - Data Wire Lambda 440\"}]},{\"@type\":\"WebSite\",\"@id\":\"https:\/\/smans.com\/nl\/#website\",\"url\":\"https:\/\/smans.com\/nl\/\",\"name\":\"Smans\",\"description\":\"\",\"publisher\":{\"@id\":\"https:\/\/smans.com\/nl\/#organization\"},\"potentialAction\":[{\"@type\":\"SearchAction\",\"target\":{\"@type\":\"EntryPoint\",\"urlTemplate\":\"https:\/\/smans.com\/nl\/?s={search_term_string}\"},\"query-input\":{\"@type\":\"PropertyValueSpecification\",\"valueRequired\":true,\"valueName\":\"search_term_string\"}}],\"inLanguage\":\"fr-FR\"},{\"@type\":\"Organization\",\"@id\":\"https:\/\/smans.com\/nl\/#organization\",\"name\":\"Smans\",\"url\":\"https:\/\/smans.com\/nl\/\",\"logo\":{\"@type\":\"ImageObject\",\"inLanguage\":\"fr-FR\",\"@id\":\"https:\/\/smans.com\/nl\/#\/schema\/logo\/image\/\",\"url\":\"https:\/\/smans.com\/wp-content\/uploads\/2023\/09\/logo.svg\",\"contentUrl\":\"https:\/\/smans.com\/wp-content\/uploads\/2023\/09\/logo.svg\",\"caption\":\"Smans\"},\"image\":{\"@id\":\"https:\/\/smans.com\/nl\/#\/schema\/logo\/image\/\"}}]}<\/script>\n<!-- \/ Yoast SEO plugin. -->","yoast_head_json":{"title":"Data Wire Lambda 440 - Smans","robots":{"index":"index","follow":"follow","max-snippet":"max-snippet:-1","max-image-preview":"max-image-preview:large","max-video-preview":"max-video-preview:-1"},"canonical":"https:\/\/smans.com\/fr\/product\/data-wire-lambda-440\/","og_locale":"fr_FR","og_type":"article","og_title":"Data Wire Lambda 440 - Smans","og_description":"Lambda 440 : Traitement Automatis\u00e9 Parall\u00e8le des C\u00e2bles Haute Tension","og_url":"https:\/\/smans.com\/fr\/product\/data-wire-lambda-440\/","og_site_name":"Smans","article_modified_time":"2026-04-07T10:22:19+00:00","twitter_card":"summary_large_image","twitter_misc":{"Dur\u00e9e de lecture estim\u00e9e":"1 minute"},"schema":{"@context":"https:\/\/schema.org","@graph":[{"@type":"WebPage","@id":"https:\/\/smans.com\/fr\/product\/data-wire-lambda-440\/","url":"https:\/\/smans.com\/fr\/product\/data-wire-lambda-440\/","name":"Data Wire Lambda 440 - Smans","isPartOf":{"@id":"https:\/\/smans.com\/nl\/#website"},"datePublished":"2024-06-09T15:11:45+00:00","dateModified":"2026-04-07T10:22:19+00:00","breadcrumb":{"@id":"https:\/\/smans.com\/fr\/product\/data-wire-lambda-440\/#breadcrumb"},"inLanguage":"fr-FR","potentialAction":[{"@type":"ReadAction","target":["https:\/\/smans.com\/fr\/product\/data-wire-lambda-440\/"]}]},{"@type":"BreadcrumbList","@id":"https:\/\/smans.com\/fr\/product\/data-wire-lambda-440\/#breadcrumb","itemListElement":[{"@type":"ListItem","position":1,"name":"Home","item":"https:\/\/smans.com\/fr\/"},{"@type":"ListItem","position":2,"name":"Boutique","item":"https:\/\/smans.com\/nl\/shop\/"},{"@type":"ListItem","position":3,"name":"Komax - Data Wire Lambda 440"}]},{"@type":"WebSite","@id":"https:\/\/smans.com\/nl\/#website","url":"https:\/\/smans.com\/nl\/","name":"Smans","description":"","publisher":{"@id":"https:\/\/smans.com\/nl\/#organization"},"potentialAction":[{"@type":"SearchAction","target":{"@type":"EntryPoint","urlTemplate":"https:\/\/smans.com\/nl\/?s={search_term_string}"},"query-input":{"@type":"PropertyValueSpecification","valueRequired":true,"valueName":"search_term_string"}}],"inLanguage":"fr-FR"},{"@type":"Organization","@id":"https:\/\/smans.com\/nl\/#organization","name":"Smans","url":"https:\/\/smans.com\/nl\/","logo":{"@type":"ImageObject","inLanguage":"fr-FR","@id":"https:\/\/smans.com\/nl\/#\/schema\/logo\/image\/","url":"https:\/\/smans.com\/wp-content\/uploads\/2023\/09\/logo.svg","contentUrl":"https:\/\/smans.com\/wp-content\/uploads\/2023\/09\/logo.svg","caption":"Smans"},"image":{"@id":"https:\/\/smans.com\/nl\/#\/schema\/logo\/image\/"}}]}},"brands":[{"id":18260,"name":"Komax","slug":"brand-komax-fr"}],"_links":{"self":[{"href":"https:\/\/smans.com\/fr\/wp-json\/wp\/v2\/product\/24339","targetHints":{"allow":["GET"]}}],"collection":[{"href":"https:\/\/smans.com\/fr\/wp-json\/wp\/v2\/product"}],"about":[{"href":"https:\/\/smans.com\/fr\/wp-json\/wp\/v2\/types\/product"}],"wp:attachment":[{"href":"https:\/\/smans.com\/fr\/wp-json\/wp\/v2\/media?parent=24339"}],"wp:term":[{"taxonomy":"pwb-brand","embeddable":true,"href":"https:\/\/smans.com\/fr\/wp-json\/wp\/v2\/pwb-brand?post=24339"},{"taxonomy":"product_brand","embeddable":true,"href":"https:\/\/smans.com\/fr\/wp-json\/wp\/v2\/product_brand?post=24339"},{"taxonomy":"product_cat","embeddable":true,"href":"https:\/\/smans.com\/fr\/wp-json\/wp\/v2\/product_cat?post=24339"},{"taxonomy":"product_tag","embeddable":true,"href":"https:\/\/smans.com\/fr\/wp-json\/wp\/v2\/product_tag?post=24339"}],"curies":[{"name":"wp","href":"https:\/\/api.w.org\/{rel}","templated":true}]}}