{"id":24353,"date":"2024-06-09T17:22:31","date_gmt":"2024-06-09T15:22:31","guid":{"rendered":"https:\/\/smans.com\/product\/stencil-printer-versaprint-2-pro%c2%b2\/"},"modified":"2026-04-11T12:08:14","modified_gmt":"2026-04-11T10:08:14","slug":"stencil-printer-versaprint-2-pro%c2%b2","status":"publish","type":"product","link":"https:\/\/smans.com\/fr\/product\/stencil-printer-versaprint-2-pro%c2%b2\/","title":{"rendered":"Ersa - Stencil Printer VERSAPRINT 2 PRO\u00b2"},"content":{"rendered":"<p>La VERSAPRINT 2 PRO\u00b2 est con\u00e7ue pour les environnements de production o\u00f9 une <strong>inspection maximale et une s\u00e9curit\u00e9 de processus<\/strong> sont requises. Gr\u00e2ce \u00e0 la technologie rapide de cam\u00e9ra \u00e0 balayage lin\u00e9aire <strong>2D-LIST<\/strong>, cette imprimante peut effectuer une <strong>inspection \u00e0 100 % imm\u00e9diatement apr\u00e8s l&rsquo;impression<\/strong>, ce qui permet de d\u00e9tecter rapidement les anomalies dans les empreintes de p\u00e2te \u00e0 souder ou de colle et d&rsquo;\u00e9viter ainsi les d\u00e9fauts lors de l&rsquo;assemblage ult\u00e9rieur.<\/p>\n<p>La machine prend en charge des substrats de <strong>50 \u00d7 50 mm<\/strong> minimum \u00e0 <strong>680 \u00d7 500 mm<\/strong> maximum, avec une zone d&rsquo;inspection d&rsquo;environ <strong>550 \u00d7 500 mm<\/strong>. La t\u00eate d&rsquo;impression se compose de deux unit\u00e9s de raclette ind\u00e9pendantes avec une pression r\u00e9glable de 0 \u00e0 230 N, ce qui permet d&rsquo;obtenir une pr\u00e9cision d&rsquo;impression de \u00b125 \u00b5m (6\u03c3) et une r\u00e9p\u00e9tabilit\u00e9 de \u00b112,5 \u00b5m (6\u03c3). Les temps de changement sont tr\u00e8s courts : configuration en moins de 10 minutes, changement de produit en moins de 2 minutes.<\/p>\n<p>De plus, des fonctions telles que la pince sup\u00e9rieure pneumatique, le nettoyage automatique du bas du pochoir, le positionnement command\u00e9 par cam\u00e9ra et les possibilit\u00e9s de r\u00e9trofit sont disponibles, ce qui rend le PRO\u00b2 pr\u00eat pour l&rsquo;avenir. En bref : si vous travaillez dans une ligne o\u00f9 une <strong>inspection pr\u00e9cise + un retour d&rsquo;information sur le processus<\/strong> sont essentiels, le VERSAPRINT 2 PRO\u00b2 est une solution puissante.<\/p>\n","protected":false},"excerpt":{"rendered":"<p>Une imprimante \u00e0 pochoir avec cam\u00e9ra 2D (LIST) int\u00e9gr\u00e9e pour une inspection compl\u00e8te et un contr\u00f4le des processus dans les lignes de production SMT haut de gamme.<\/p>\n","protected":false},"featured_media":0,"template":"","meta":{"_acf_changed":false},"pwb-brand":[18232],"product_brand":[],"product_cat":[17991,18011,18088],"product_tag":[],"class_list":{"0":"post-24353","1":"product","2":"type-product","3":"status-publish","5":"pwb-brand-brand-ersa-fr","6":"product_cat-electronique-fr","7":"product_cat-equipement-d-assemblage-smt-fr","8":"product_cat-stencil-printing-fr","10":"first","11":"instock","12":"taxable","13":"shipping-taxable","14":"product-type-simple"},"acf":[],"yoast_head":"<!-- This site is optimized with the Yoast SEO plugin v27.1.1 - https:\/\/yoast.com\/product\/yoast-seo-wordpress\/ -->\n<title>Stencil Printer VERSAPRINT 2 PRO\u00b2 - Smans<\/title>\n<meta name=\"robots\" content=\"index, follow, max-snippet:-1, max-image-preview:large, max-video-preview:-1\" \/>\n<link rel=\"canonical\" href=\"https:\/\/smans.com\/fr\/product\/stencil-printer-versaprint-2-pro\u00b2\/\" \/>\n<meta property=\"og:locale\" content=\"fr_FR\" \/>\n<meta property=\"og:type\" content=\"article\" \/>\n<meta property=\"og:title\" content=\"Stencil Printer VERSAPRINT 2 PRO\u00b2 - Smans\" \/>\n<meta property=\"og:description\" content=\"Une imprimante \u00e0 pochoir avec cam\u00e9ra 2D (LIST) int\u00e9gr\u00e9e pour une inspection compl\u00e8te et un contr\u00f4le des processus dans les lignes de production SMT haut de gamme.\" \/>\n<meta property=\"og:url\" content=\"https:\/\/smans.com\/fr\/product\/stencil-printer-versaprint-2-pro\u00b2\/\" \/>\n<meta property=\"og:site_name\" content=\"Smans\" \/>\n<meta property=\"article:modified_time\" content=\"2026-04-11T10:08:14+00:00\" \/>\n<meta name=\"twitter:card\" content=\"summary_large_image\" \/>\n<meta name=\"twitter:label1\" content=\"Dur\u00e9e de lecture estim\u00e9e\" \/>\n\t<meta name=\"twitter:data1\" content=\"1 minute\" \/>\n<script type=\"application\/ld+json\" class=\"yoast-schema-graph\">{\"@context\":\"https:\/\/schema.org\",\"@graph\":[{\"@type\":\"WebPage\",\"@id\":\"https:\/\/smans.com\/fr\/product\/stencil-printer-versaprint-2-pro%c2%b2\/\",\"url\":\"https:\/\/smans.com\/fr\/product\/stencil-printer-versaprint-2-pro%c2%b2\/\",\"name\":\"Stencil Printer VERSAPRINT 2 PRO\u00b2 - Smans\",\"isPartOf\":{\"@id\":\"https:\/\/smans.com\/nl\/#website\"},\"datePublished\":\"2024-06-09T15:22:31+00:00\",\"dateModified\":\"2026-04-11T10:08:14+00:00\",\"breadcrumb\":{\"@id\":\"https:\/\/smans.com\/fr\/product\/stencil-printer-versaprint-2-pro%c2%b2\/#breadcrumb\"},\"inLanguage\":\"fr-FR\",\"potentialAction\":[{\"@type\":\"ReadAction\",\"target\":[\"https:\/\/smans.com\/fr\/product\/stencil-printer-versaprint-2-pro%c2%b2\/\"]}]},{\"@type\":\"BreadcrumbList\",\"@id\":\"https:\/\/smans.com\/fr\/product\/stencil-printer-versaprint-2-pro%c2%b2\/#breadcrumb\",\"itemListElement\":[{\"@type\":\"ListItem\",\"position\":1,\"name\":\"Home\",\"item\":\"https:\/\/smans.com\/fr\/\"},{\"@type\":\"ListItem\",\"position\":2,\"name\":\"Boutique\",\"item\":\"https:\/\/smans.com\/nl\/shop\/\"},{\"@type\":\"ListItem\",\"position\":3,\"name\":\"Ersa - Stencil Printer VERSAPRINT 2 PRO\u00b2\"}]},{\"@type\":\"WebSite\",\"@id\":\"https:\/\/smans.com\/nl\/#website\",\"url\":\"https:\/\/smans.com\/nl\/\",\"name\":\"Smans\",\"description\":\"\",\"publisher\":{\"@id\":\"https:\/\/smans.com\/nl\/#organization\"},\"potentialAction\":[{\"@type\":\"SearchAction\",\"target\":{\"@type\":\"EntryPoint\",\"urlTemplate\":\"https:\/\/smans.com\/nl\/?s={search_term_string}\"},\"query-input\":{\"@type\":\"PropertyValueSpecification\",\"valueRequired\":true,\"valueName\":\"search_term_string\"}}],\"inLanguage\":\"fr-FR\"},{\"@type\":\"Organization\",\"@id\":\"https:\/\/smans.com\/nl\/#organization\",\"name\":\"Smans\",\"url\":\"https:\/\/smans.com\/nl\/\",\"logo\":{\"@type\":\"ImageObject\",\"inLanguage\":\"fr-FR\",\"@id\":\"https:\/\/smans.com\/nl\/#\/schema\/logo\/image\/\",\"url\":\"https:\/\/smans.com\/wp-content\/uploads\/2023\/09\/logo.svg\",\"contentUrl\":\"https:\/\/smans.com\/wp-content\/uploads\/2023\/09\/logo.svg\",\"caption\":\"Smans\"},\"image\":{\"@id\":\"https:\/\/smans.com\/nl\/#\/schema\/logo\/image\/\"}}]}<\/script>\n<!-- \/ Yoast SEO plugin. -->","yoast_head_json":{"title":"Stencil Printer VERSAPRINT 2 PRO\u00b2 - Smans","robots":{"index":"index","follow":"follow","max-snippet":"max-snippet:-1","max-image-preview":"max-image-preview:large","max-video-preview":"max-video-preview:-1"},"canonical":"https:\/\/smans.com\/fr\/product\/stencil-printer-versaprint-2-pro\u00b2\/","og_locale":"fr_FR","og_type":"article","og_title":"Stencil Printer VERSAPRINT 2 PRO\u00b2 - Smans","og_description":"Une imprimante \u00e0 pochoir avec cam\u00e9ra 2D (LIST) int\u00e9gr\u00e9e pour une inspection compl\u00e8te et un contr\u00f4le des processus dans les lignes de production SMT haut de gamme.","og_url":"https:\/\/smans.com\/fr\/product\/stencil-printer-versaprint-2-pro\u00b2\/","og_site_name":"Smans","article_modified_time":"2026-04-11T10:08:14+00:00","twitter_card":"summary_large_image","twitter_misc":{"Dur\u00e9e de lecture estim\u00e9e":"1 minute"},"schema":{"@context":"https:\/\/schema.org","@graph":[{"@type":"WebPage","@id":"https:\/\/smans.com\/fr\/product\/stencil-printer-versaprint-2-pro%c2%b2\/","url":"https:\/\/smans.com\/fr\/product\/stencil-printer-versaprint-2-pro%c2%b2\/","name":"Stencil Printer VERSAPRINT 2 PRO\u00b2 - Smans","isPartOf":{"@id":"https:\/\/smans.com\/nl\/#website"},"datePublished":"2024-06-09T15:22:31+00:00","dateModified":"2026-04-11T10:08:14+00:00","breadcrumb":{"@id":"https:\/\/smans.com\/fr\/product\/stencil-printer-versaprint-2-pro%c2%b2\/#breadcrumb"},"inLanguage":"fr-FR","potentialAction":[{"@type":"ReadAction","target":["https:\/\/smans.com\/fr\/product\/stencil-printer-versaprint-2-pro%c2%b2\/"]}]},{"@type":"BreadcrumbList","@id":"https:\/\/smans.com\/fr\/product\/stencil-printer-versaprint-2-pro%c2%b2\/#breadcrumb","itemListElement":[{"@type":"ListItem","position":1,"name":"Home","item":"https:\/\/smans.com\/fr\/"},{"@type":"ListItem","position":2,"name":"Boutique","item":"https:\/\/smans.com\/nl\/shop\/"},{"@type":"ListItem","position":3,"name":"Ersa - Stencil Printer VERSAPRINT 2 PRO\u00b2"}]},{"@type":"WebSite","@id":"https:\/\/smans.com\/nl\/#website","url":"https:\/\/smans.com\/nl\/","name":"Smans","description":"","publisher":{"@id":"https:\/\/smans.com\/nl\/#organization"},"potentialAction":[{"@type":"SearchAction","target":{"@type":"EntryPoint","urlTemplate":"https:\/\/smans.com\/nl\/?s={search_term_string}"},"query-input":{"@type":"PropertyValueSpecification","valueRequired":true,"valueName":"search_term_string"}}],"inLanguage":"fr-FR"},{"@type":"Organization","@id":"https:\/\/smans.com\/nl\/#organization","name":"Smans","url":"https:\/\/smans.com\/nl\/","logo":{"@type":"ImageObject","inLanguage":"fr-FR","@id":"https:\/\/smans.com\/nl\/#\/schema\/logo\/image\/","url":"https:\/\/smans.com\/wp-content\/uploads\/2023\/09\/logo.svg","contentUrl":"https:\/\/smans.com\/wp-content\/uploads\/2023\/09\/logo.svg","caption":"Smans"},"image":{"@id":"https:\/\/smans.com\/nl\/#\/schema\/logo\/image\/"}}]}},"brands":[{"id":18232,"name":"Ersa","slug":"brand-ersa-fr"}],"_links":{"self":[{"href":"https:\/\/smans.com\/fr\/wp-json\/wp\/v2\/product\/24353","targetHints":{"allow":["GET"]}}],"collection":[{"href":"https:\/\/smans.com\/fr\/wp-json\/wp\/v2\/product"}],"about":[{"href":"https:\/\/smans.com\/fr\/wp-json\/wp\/v2\/types\/product"}],"wp:attachment":[{"href":"https:\/\/smans.com\/fr\/wp-json\/wp\/v2\/media?parent=24353"}],"wp:term":[{"taxonomy":"pwb-brand","embeddable":true,"href":"https:\/\/smans.com\/fr\/wp-json\/wp\/v2\/pwb-brand?post=24353"},{"taxonomy":"product_brand","embeddable":true,"href":"https:\/\/smans.com\/fr\/wp-json\/wp\/v2\/product_brand?post=24353"},{"taxonomy":"product_cat","embeddable":true,"href":"https:\/\/smans.com\/fr\/wp-json\/wp\/v2\/product_cat?post=24353"},{"taxonomy":"product_tag","embeddable":true,"href":"https:\/\/smans.com\/fr\/wp-json\/wp\/v2\/product_tag?post=24353"}],"curies":[{"name":"wp","href":"https:\/\/api.w.org\/{rel}","templated":true}]}}