{"id":24366,"date":"2024-06-09T17:11:09","date_gmt":"2024-06-09T15:11:09","guid":{"rendered":"https:\/\/smans.com\/product\/stripping-crimping-machine-delta-240\/"},"modified":"2026-04-07T12:23:06","modified_gmt":"2026-04-07T10:23:06","slug":"stripping-crimping-machine-delta-240","status":"publish","type":"product","link":"https:\/\/smans.com\/fr\/product\/stripping-crimping-machine-delta-240\/","title":{"rendered":"Komax - Stripping Crimping Machine Delta 240"},"content":{"rendered":"<p data-start=\"4676\" data-end=\"4973\">La Delta 240 est une machine de sertissage et de d\u00e9nudage semi-automatique avec r\u00e9glage automatique de la hauteur de sertissage et surveillance avanc\u00e9e de la force de sertissage. Cette machine est con\u00e7ue pour une grande pr\u00e9cision et qualit\u00e9 des processus, garantissant une excellente r\u00e9p\u00e9tabilit\u00e9.<\/p>\n<p data-start=\"4975\" data-end=\"5011\"><strong data-start=\"4975\" data-end=\"5009\">Caract\u00e9ristiques principales :<\/strong><\/p>\n<ul data-start=\"5012\" data-end=\"6027\">\n<li data-start=\"5012\" data-end=\"5125\"><strong data-start=\"5014\" data-end=\"5067\">R\u00e9glage automatique de la hauteur de sertissage :<\/strong> Garantit des r\u00e9sultats constants sans r\u00e9glages manuels.<\/li>\n<li data-start=\"5126\" data-end=\"5328\"><strong data-start=\"5128\" data-end=\"5181\">Surveillance de la force de sertissage CFA\/CFA+ :<\/strong> D\u00e9tecte de mani\u00e8re fiable les brins manquants, les c\u00e2bles incorrects ou l&rsquo;isolation pendant le processus de sertissage, garantissant la qualit\u00e9.<\/li>\n<li data-start=\"5329\" data-end=\"5422\"><strong data-start=\"5331\" data-end=\"5354\">M\u00e9canique pr\u00e9cise :<\/strong> Assure une haute r\u00e9p\u00e9tabilit\u00e9 et une qualit\u00e9 de processus fiable.<\/li>\n<li data-start=\"5423\" data-end=\"5592\"><strong data-start=\"5425\" data-end=\"5451\">Interface conviviale :<\/strong> L&rsquo;interface graphique permet une utilisation intuitive, avec une aide contextuelle, la s\u00e9lection de la langue et des droits d&rsquo;utilisateur.<\/li>\n<li data-start=\"5593\" data-end=\"5737\"><strong data-start=\"5595\" data-end=\"5631\">Entr\u00e9e minimale de l&rsquo;op\u00e9rateur :<\/strong> Gr\u00e2ce \u00e0 la programmation, les param\u00e8tres sont reproductibles, minimisant l&rsquo;intervention de l&rsquo;op\u00e9rateur.<\/li>\n<li data-start=\"5738\" data-end=\"5831\"><strong data-start=\"5740\" data-end=\"5773\">Capacit\u00e9 de stockage accrue :<\/strong> La capacit\u00e9 de stockage a \u00e9t\u00e9 \u00e9tendue \u00e0 5 000 articles.<\/li>\n<li data-start=\"5832\" data-end=\"6027\"><strong data-start=\"5834\" data-end=\"5863\">Extensions optionnelles :<\/strong> La Delta 240 peut \u00eatre \u00e9quip\u00e9e d&rsquo;un coupeur \u00e0 mauvais contact, d&rsquo;une unit\u00e9 d&rsquo;extraction et d&rsquo;une fonction de s\u00e9quencement pour des fonctionnalit\u00e9s suppl\u00e9mentaires.<\/li>\n<\/ul>\n<p data-start=\"6029\" data-end=\"6053\"><strong data-start=\"6029\" data-end=\"6051\">Logiciel QCENTER :<\/strong><\/p>\n<ul data-start=\"6054\" data-end=\"7170\" data-is-last-node=\"\">\n<li data-start=\"6054\" data-end=\"6342\"><strong data-start=\"6056\" data-end=\"6097\">Int\u00e9gration des appareils de mesure :<\/strong> Le logiciel QCenter int\u00e8gre les appareils de mesure de la hauteur de sertissage et de la force d&rsquo;extraction dans le processus de production et garantit que la production commence uniquement lorsque les valeurs cibles et r\u00e9elles correspondent.<\/li>\n<li data-start=\"6343\" data-end=\"6548\"><strong data-start=\"6345\" data-end=\"6387\">Pr\u00e9vention des erreurs de production :<\/strong> L&rsquo;entr\u00e9e manuelle des donn\u00e9es n&rsquo;est plus n\u00e9cessaire et la production commence uniquement lorsque les valeurs mesur\u00e9es se situent dans les tol\u00e9rances requises.<\/li>\n<li data-start=\"6549\" data-end=\"6794\"><strong data-start=\"6551\" data-end=\"6595\">Int\u00e9gration optionnelle du code-barres :<\/strong> Un scanner de code-barres peut \u00eatre int\u00e9gr\u00e9 pour utiliser les appareils de mesure de la hauteur de sertissage et de la force d&rsquo;extraction, tels que Komax 341 ou Q1210, sur jusqu&rsquo;\u00e0 20 sertisseuses.<\/li>\n<li data-start=\"6795\" data-end=\"7016\"><strong data-start=\"6797\" data-end=\"6850\">Transmission des donn\u00e9es en temps r\u00e9el vers MES :<\/strong> Les donn\u00e9es de mesure peuvent \u00eatre transmises en temps r\u00e9el \u00e0 un MES (Syst\u00e8me d&rsquo;ex\u00e9cution de la fabrication) via l&rsquo;interface MIKO pour le stockage et l&rsquo;\u00e9valuation.<\/li>\n<li data-start=\"7017\" data-end=\"7170\" data-is-last-node=\"\"><strong data-start=\"7019\" data-end=\"7059\">G\u00e9n\u00e9ration automatique de rapports :<\/strong> Komax Print g\u00e9n\u00e8re automatiquement un rapport de mesure lors de la mise en production et le stocke localement.<\/li>\n<\/ul>\n","protected":false},"excerpt":{"rendered":"<p>Delta 240 : Machine de Sertissage Semi-Automatique avec Surveillance de la Force de Sertissage et R\u00e9glage Automatique de la Hauteur de Sertissage<\/p>\n","protected":false},"featured_media":0,"template":"","meta":{"_acf_changed":false},"pwb-brand":[18260],"product_brand":[],"product_cat":[17990,17993,18036],"product_tag":[],"class_list":{"0":"post-24366","1":"product","2":"type-product","3":"status-publish","5":"pwb-brand-brand-komax-fr","6":"product_cat-cables-et-cablage-fr","7":"product_cat-couper-denuder-sertissage-fr","8":"product_cat-strip-crimp-fr","10":"first","11":"instock","12":"taxable","13":"shipping-taxable","14":"product-type-simple"},"acf":[],"yoast_head":"<!-- This site is optimized with the Yoast SEO plugin v27.1.1 - https:\/\/yoast.com\/product\/yoast-seo-wordpress\/ -->\n<title>Stripping Crimping Machine Delta 240 - Smans<\/title>\n<meta name=\"robots\" content=\"index, follow, max-snippet:-1, max-image-preview:large, max-video-preview:-1\" \/>\n<link rel=\"canonical\" href=\"https:\/\/smans.com\/fr\/product\/stripping-crimping-machine-delta-240\/\" \/>\n<meta property=\"og:locale\" content=\"fr_FR\" \/>\n<meta property=\"og:type\" content=\"article\" \/>\n<meta property=\"og:title\" content=\"Stripping Crimping Machine Delta 240 - Smans\" \/>\n<meta property=\"og:description\" content=\"Delta 240 : Machine de Sertissage Semi-Automatique avec Surveillance de la Force de Sertissage et R\u00e9glage Automatique de la Hauteur de Sertissage\" \/>\n<meta property=\"og:url\" content=\"https:\/\/smans.com\/fr\/product\/stripping-crimping-machine-delta-240\/\" \/>\n<meta property=\"og:site_name\" content=\"Smans\" \/>\n<meta property=\"article:modified_time\" content=\"2026-04-07T10:23:06+00:00\" \/>\n<meta name=\"twitter:card\" content=\"summary_large_image\" \/>\n<meta name=\"twitter:label1\" content=\"Dur\u00e9e de lecture estim\u00e9e\" \/>\n\t<meta name=\"twitter:data1\" content=\"2 minutes\" \/>\n<script type=\"application\/ld+json\" class=\"yoast-schema-graph\">{\"@context\":\"https:\/\/schema.org\",\"@graph\":[{\"@type\":\"WebPage\",\"@id\":\"https:\/\/smans.com\/fr\/product\/stripping-crimping-machine-delta-240\/\",\"url\":\"https:\/\/smans.com\/fr\/product\/stripping-crimping-machine-delta-240\/\",\"name\":\"Stripping Crimping Machine Delta 240 - Smans\",\"isPartOf\":{\"@id\":\"https:\/\/smans.com\/nl\/#website\"},\"datePublished\":\"2024-06-09T15:11:09+00:00\",\"dateModified\":\"2026-04-07T10:23:06+00:00\",\"breadcrumb\":{\"@id\":\"https:\/\/smans.com\/fr\/product\/stripping-crimping-machine-delta-240\/#breadcrumb\"},\"inLanguage\":\"fr-FR\",\"potentialAction\":[{\"@type\":\"ReadAction\",\"target\":[\"https:\/\/smans.com\/fr\/product\/stripping-crimping-machine-delta-240\/\"]}]},{\"@type\":\"BreadcrumbList\",\"@id\":\"https:\/\/smans.com\/fr\/product\/stripping-crimping-machine-delta-240\/#breadcrumb\",\"itemListElement\":[{\"@type\":\"ListItem\",\"position\":1,\"name\":\"Home\",\"item\":\"https:\/\/smans.com\/fr\/\"},{\"@type\":\"ListItem\",\"position\":2,\"name\":\"Boutique\",\"item\":\"https:\/\/smans.com\/nl\/shop\/\"},{\"@type\":\"ListItem\",\"position\":3,\"name\":\"Komax - Stripping Crimping Machine Delta 240\"}]},{\"@type\":\"WebSite\",\"@id\":\"https:\/\/smans.com\/nl\/#website\",\"url\":\"https:\/\/smans.com\/nl\/\",\"name\":\"Smans\",\"description\":\"\",\"publisher\":{\"@id\":\"https:\/\/smans.com\/nl\/#organization\"},\"potentialAction\":[{\"@type\":\"SearchAction\",\"target\":{\"@type\":\"EntryPoint\",\"urlTemplate\":\"https:\/\/smans.com\/nl\/?s={search_term_string}\"},\"query-input\":{\"@type\":\"PropertyValueSpecification\",\"valueRequired\":true,\"valueName\":\"search_term_string\"}}],\"inLanguage\":\"fr-FR\"},{\"@type\":\"Organization\",\"@id\":\"https:\/\/smans.com\/nl\/#organization\",\"name\":\"Smans\",\"url\":\"https:\/\/smans.com\/nl\/\",\"logo\":{\"@type\":\"ImageObject\",\"inLanguage\":\"fr-FR\",\"@id\":\"https:\/\/smans.com\/nl\/#\/schema\/logo\/image\/\",\"url\":\"https:\/\/smans.com\/wp-content\/uploads\/2023\/09\/logo.svg\",\"contentUrl\":\"https:\/\/smans.com\/wp-content\/uploads\/2023\/09\/logo.svg\",\"caption\":\"Smans\"},\"image\":{\"@id\":\"https:\/\/smans.com\/nl\/#\/schema\/logo\/image\/\"}}]}<\/script>\n<!-- \/ Yoast SEO plugin. -->","yoast_head_json":{"title":"Stripping Crimping Machine Delta 240 - Smans","robots":{"index":"index","follow":"follow","max-snippet":"max-snippet:-1","max-image-preview":"max-image-preview:large","max-video-preview":"max-video-preview:-1"},"canonical":"https:\/\/smans.com\/fr\/product\/stripping-crimping-machine-delta-240\/","og_locale":"fr_FR","og_type":"article","og_title":"Stripping Crimping Machine Delta 240 - Smans","og_description":"Delta 240 : Machine de Sertissage Semi-Automatique avec Surveillance de la Force de Sertissage et R\u00e9glage Automatique de la Hauteur de Sertissage","og_url":"https:\/\/smans.com\/fr\/product\/stripping-crimping-machine-delta-240\/","og_site_name":"Smans","article_modified_time":"2026-04-07T10:23:06+00:00","twitter_card":"summary_large_image","twitter_misc":{"Dur\u00e9e de lecture estim\u00e9e":"2 minutes"},"schema":{"@context":"https:\/\/schema.org","@graph":[{"@type":"WebPage","@id":"https:\/\/smans.com\/fr\/product\/stripping-crimping-machine-delta-240\/","url":"https:\/\/smans.com\/fr\/product\/stripping-crimping-machine-delta-240\/","name":"Stripping Crimping Machine Delta 240 - Smans","isPartOf":{"@id":"https:\/\/smans.com\/nl\/#website"},"datePublished":"2024-06-09T15:11:09+00:00","dateModified":"2026-04-07T10:23:06+00:00","breadcrumb":{"@id":"https:\/\/smans.com\/fr\/product\/stripping-crimping-machine-delta-240\/#breadcrumb"},"inLanguage":"fr-FR","potentialAction":[{"@type":"ReadAction","target":["https:\/\/smans.com\/fr\/product\/stripping-crimping-machine-delta-240\/"]}]},{"@type":"BreadcrumbList","@id":"https:\/\/smans.com\/fr\/product\/stripping-crimping-machine-delta-240\/#breadcrumb","itemListElement":[{"@type":"ListItem","position":1,"name":"Home","item":"https:\/\/smans.com\/fr\/"},{"@type":"ListItem","position":2,"name":"Boutique","item":"https:\/\/smans.com\/nl\/shop\/"},{"@type":"ListItem","position":3,"name":"Komax - Stripping Crimping Machine Delta 240"}]},{"@type":"WebSite","@id":"https:\/\/smans.com\/nl\/#website","url":"https:\/\/smans.com\/nl\/","name":"Smans","description":"","publisher":{"@id":"https:\/\/smans.com\/nl\/#organization"},"potentialAction":[{"@type":"SearchAction","target":{"@type":"EntryPoint","urlTemplate":"https:\/\/smans.com\/nl\/?s={search_term_string}"},"query-input":{"@type":"PropertyValueSpecification","valueRequired":true,"valueName":"search_term_string"}}],"inLanguage":"fr-FR"},{"@type":"Organization","@id":"https:\/\/smans.com\/nl\/#organization","name":"Smans","url":"https:\/\/smans.com\/nl\/","logo":{"@type":"ImageObject","inLanguage":"fr-FR","@id":"https:\/\/smans.com\/nl\/#\/schema\/logo\/image\/","url":"https:\/\/smans.com\/wp-content\/uploads\/2023\/09\/logo.svg","contentUrl":"https:\/\/smans.com\/wp-content\/uploads\/2023\/09\/logo.svg","caption":"Smans"},"image":{"@id":"https:\/\/smans.com\/nl\/#\/schema\/logo\/image\/"}}]}},"brands":[{"id":18260,"name":"Komax","slug":"brand-komax-fr"}],"_links":{"self":[{"href":"https:\/\/smans.com\/fr\/wp-json\/wp\/v2\/product\/24366","targetHints":{"allow":["GET"]}}],"collection":[{"href":"https:\/\/smans.com\/fr\/wp-json\/wp\/v2\/product"}],"about":[{"href":"https:\/\/smans.com\/fr\/wp-json\/wp\/v2\/types\/product"}],"wp:attachment":[{"href":"https:\/\/smans.com\/fr\/wp-json\/wp\/v2\/media?parent=24366"}],"wp:term":[{"taxonomy":"pwb-brand","embeddable":true,"href":"https:\/\/smans.com\/fr\/wp-json\/wp\/v2\/pwb-brand?post=24366"},{"taxonomy":"product_brand","embeddable":true,"href":"https:\/\/smans.com\/fr\/wp-json\/wp\/v2\/product_brand?post=24366"},{"taxonomy":"product_cat","embeddable":true,"href":"https:\/\/smans.com\/fr\/wp-json\/wp\/v2\/product_cat?post=24366"},{"taxonomy":"product_tag","embeddable":true,"href":"https:\/\/smans.com\/fr\/wp-json\/wp\/v2\/product_tag?post=24366"}],"curies":[{"name":"wp","href":"https:\/\/api.w.org\/{rel}","templated":true}]}}