{"id":24367,"date":"2024-06-09T17:11:05","date_gmt":"2024-06-09T15:11:05","guid":{"rendered":"https:\/\/smans.com\/product\/komax-connect\/"},"modified":"2026-04-27T11:09:18","modified_gmt":"2026-04-27T09:09:18","slug":"komax-connect","status":"publish","type":"product","link":"https:\/\/smans.com\/fr\/product\/komax-connect\/","title":{"rendered":"Komax - Komax Connect"},"content":{"rendered":"<p data-start=\"2436\" data-end=\"2700\">Avec Connect, vous ne perdez jamais de vue la productivit\u00e9 de vos machines. Vous pouvez comparer en un clin d&rsquo;\u0153il la production et la qualit\u00e9 de plusieurs sites ou machines, et d\u00e9terminer, par exemple, quels param\u00e8tres offrent le meilleur rapport quantit\u00e9\/qualit\u00e9.<\/p>\n<p data-start=\"2702\" data-end=\"2738\"><strong data-start=\"2702\" data-end=\"2736\">Caract\u00e9ristiques principales :<\/strong><\/p>\n<ul data-start=\"2739\" data-end=\"3257\">\n<li data-start=\"2739\" data-end=\"2854\"><strong data-start=\"2741\" data-end=\"2771\">Vue imm\u00e9diate des pannes :<\/strong> D\u00e9couvrez instantan\u00e9ment la cause de l&rsquo;arr\u00eat de la machine d\u00e8s qu&rsquo;il se produit.<\/li>\n<li data-start=\"2855\" data-end=\"3027\"><strong data-start=\"2857\" data-end=\"2908\">Alertes en cas de modification des param\u00e8tres :<\/strong> Lorsqu&rsquo;un utilisateur modifie les param\u00e8tres de la machine, les responsables sont imm\u00e9diatement inform\u00e9s par e-mail.<\/li>\n<li data-start=\"3028\" data-end=\"3257\"><strong data-start=\"3030\" data-end=\"3084\">Optimisation de la productivit\u00e9 et de la qualit\u00e9 :<\/strong> Obtenez les informations n\u00e9cessaires pour optimiser la productivit\u00e9 de vos machines Komax tout en maintenant la qualit\u00e9 des produits aussi \u00e9lev\u00e9e et constante que possible.<\/li>\n<\/ul>\n<p data-start=\"3259\" data-end=\"3286\"><strong data-start=\"3259\" data-end=\"3284\">Port\u00e9e des services :<\/strong><\/p>\n<ul data-start=\"3287\" data-end=\"3624\" data-is-last-node=\"\">\n<li data-start=\"3287\" data-end=\"3331\"><strong data-start=\"3289\" data-end=\"3329\">Logiciel et mat\u00e9riel (Komax Gateway)<\/strong><\/li>\n<li data-start=\"3332\" data-end=\"3421\"><strong data-start=\"3334\" data-end=\"3419\">D\u00e9verrouillage des fonctionnalit\u00e9s s\u00e9lectionn\u00e9es et d\u00e9finition des droits d&rsquo;acc\u00e8s<\/strong><\/li>\n<li data-start=\"3422\" data-end=\"3486\"><strong data-start=\"3424\" data-end=\"3484\">Traitement des donn\u00e9es en temps r\u00e9el dans le Komax Cloud<\/strong><\/li>\n<li data-start=\"3487\" data-end=\"3561\"><strong data-start=\"3489\" data-end=\"3559\">Stockage des donn\u00e9es sur des serveurs cloud sp\u00e9cialement s\u00e9curis\u00e9s<\/strong><\/li>\n<li data-start=\"3562\" data-end=\"3624\" data-is-last-node=\"\"><strong data-start=\"3564\" data-end=\"3622\">Expansion continue des services et des fonctionnalit\u00e9s<\/strong><\/li>\n<\/ul>\n","protected":false},"excerpt":{"rendered":"<p>Komax Connect traite les donn\u00e9es de production de vos machines en temps r\u00e9el et les visualise dans des diagrammes clairement structur\u00e9s.<\/p>\n","protected":false},"featured_media":0,"template":"","meta":{"_acf_changed":false},"pwb-brand":[18260],"product_brand":[],"product_cat":[17990,17993,18040],"product_tag":[],"class_list":{"0":"post-24367","1":"product","2":"type-product","3":"status-publish","5":"pwb-brand-brand-komax-fr","6":"product_cat-cables-et-cablage-fr","7":"product_cat-couper-denuder-sertissage-fr","8":"product_cat-software-networking-fr","10":"first","11":"instock","12":"taxable","13":"shipping-taxable","14":"product-type-simple"},"acf":[],"yoast_head":"<!-- This site is optimized with the Yoast SEO plugin v27.1.1 - https:\/\/yoast.com\/product\/yoast-seo-wordpress\/ -->\n<title>Komax Connect - Smans<\/title>\n<meta name=\"robots\" content=\"index, follow, max-snippet:-1, max-image-preview:large, max-video-preview:-1\" \/>\n<link rel=\"canonical\" href=\"https:\/\/smans.com\/fr\/product\/komax-connect\/\" \/>\n<meta property=\"og:locale\" content=\"fr_FR\" \/>\n<meta property=\"og:type\" content=\"article\" \/>\n<meta property=\"og:title\" content=\"Komax Connect - Smans\" \/>\n<meta property=\"og:description\" content=\"Komax Connect traite les donn\u00e9es de production de vos machines en temps r\u00e9el et les visualise dans des diagrammes clairement structur\u00e9s.\" \/>\n<meta property=\"og:url\" content=\"https:\/\/smans.com\/fr\/product\/komax-connect\/\" \/>\n<meta property=\"og:site_name\" content=\"Smans\" \/>\n<meta property=\"article:modified_time\" content=\"2026-04-27T09:09:18+00:00\" \/>\n<meta name=\"twitter:card\" content=\"summary_large_image\" \/>\n<meta name=\"twitter:label1\" content=\"Dur\u00e9e de lecture estim\u00e9e\" \/>\n\t<meta name=\"twitter:data1\" content=\"1 minute\" \/>\n<script type=\"application\/ld+json\" class=\"yoast-schema-graph\">{\"@context\":\"https:\/\/schema.org\",\"@graph\":[{\"@type\":\"WebPage\",\"@id\":\"https:\/\/smans.com\/fr\/product\/komax-connect\/\",\"url\":\"https:\/\/smans.com\/fr\/product\/komax-connect\/\",\"name\":\"Komax Connect - Smans\",\"isPartOf\":{\"@id\":\"https:\/\/smans.com\/nl\/#website\"},\"datePublished\":\"2024-06-09T15:11:05+00:00\",\"dateModified\":\"2026-04-27T09:09:18+00:00\",\"breadcrumb\":{\"@id\":\"https:\/\/smans.com\/fr\/product\/komax-connect\/#breadcrumb\"},\"inLanguage\":\"fr-FR\",\"potentialAction\":[{\"@type\":\"ReadAction\",\"target\":[\"https:\/\/smans.com\/fr\/product\/komax-connect\/\"]}]},{\"@type\":\"BreadcrumbList\",\"@id\":\"https:\/\/smans.com\/fr\/product\/komax-connect\/#breadcrumb\",\"itemListElement\":[{\"@type\":\"ListItem\",\"position\":1,\"name\":\"Home\",\"item\":\"https:\/\/smans.com\/fr\/\"},{\"@type\":\"ListItem\",\"position\":2,\"name\":\"Boutique\",\"item\":\"https:\/\/smans.com\/nl\/shop\/\"},{\"@type\":\"ListItem\",\"position\":3,\"name\":\"Komax - Komax Connect\"}]},{\"@type\":\"WebSite\",\"@id\":\"https:\/\/smans.com\/nl\/#website\",\"url\":\"https:\/\/smans.com\/nl\/\",\"name\":\"Smans\",\"description\":\"\",\"publisher\":{\"@id\":\"https:\/\/smans.com\/nl\/#organization\"},\"potentialAction\":[{\"@type\":\"SearchAction\",\"target\":{\"@type\":\"EntryPoint\",\"urlTemplate\":\"https:\/\/smans.com\/nl\/?s={search_term_string}\"},\"query-input\":{\"@type\":\"PropertyValueSpecification\",\"valueRequired\":true,\"valueName\":\"search_term_string\"}}],\"inLanguage\":\"fr-FR\"},{\"@type\":\"Organization\",\"@id\":\"https:\/\/smans.com\/nl\/#organization\",\"name\":\"Smans\",\"url\":\"https:\/\/smans.com\/nl\/\",\"logo\":{\"@type\":\"ImageObject\",\"inLanguage\":\"fr-FR\",\"@id\":\"https:\/\/smans.com\/nl\/#\/schema\/logo\/image\/\",\"url\":\"https:\/\/smans.com\/wp-content\/uploads\/2023\/09\/logo.svg\",\"contentUrl\":\"https:\/\/smans.com\/wp-content\/uploads\/2023\/09\/logo.svg\",\"caption\":\"Smans\"},\"image\":{\"@id\":\"https:\/\/smans.com\/nl\/#\/schema\/logo\/image\/\"}}]}<\/script>\n<!-- \/ Yoast SEO plugin. -->","yoast_head_json":{"title":"Komax Connect - Smans","robots":{"index":"index","follow":"follow","max-snippet":"max-snippet:-1","max-image-preview":"max-image-preview:large","max-video-preview":"max-video-preview:-1"},"canonical":"https:\/\/smans.com\/fr\/product\/komax-connect\/","og_locale":"fr_FR","og_type":"article","og_title":"Komax Connect - Smans","og_description":"Komax Connect traite les donn\u00e9es de production de vos machines en temps r\u00e9el et les visualise dans des diagrammes clairement structur\u00e9s.","og_url":"https:\/\/smans.com\/fr\/product\/komax-connect\/","og_site_name":"Smans","article_modified_time":"2026-04-27T09:09:18+00:00","twitter_card":"summary_large_image","twitter_misc":{"Dur\u00e9e de lecture estim\u00e9e":"1 minute"},"schema":{"@context":"https:\/\/schema.org","@graph":[{"@type":"WebPage","@id":"https:\/\/smans.com\/fr\/product\/komax-connect\/","url":"https:\/\/smans.com\/fr\/product\/komax-connect\/","name":"Komax Connect - Smans","isPartOf":{"@id":"https:\/\/smans.com\/nl\/#website"},"datePublished":"2024-06-09T15:11:05+00:00","dateModified":"2026-04-27T09:09:18+00:00","breadcrumb":{"@id":"https:\/\/smans.com\/fr\/product\/komax-connect\/#breadcrumb"},"inLanguage":"fr-FR","potentialAction":[{"@type":"ReadAction","target":["https:\/\/smans.com\/fr\/product\/komax-connect\/"]}]},{"@type":"BreadcrumbList","@id":"https:\/\/smans.com\/fr\/product\/komax-connect\/#breadcrumb","itemListElement":[{"@type":"ListItem","position":1,"name":"Home","item":"https:\/\/smans.com\/fr\/"},{"@type":"ListItem","position":2,"name":"Boutique","item":"https:\/\/smans.com\/nl\/shop\/"},{"@type":"ListItem","position":3,"name":"Komax - Komax Connect"}]},{"@type":"WebSite","@id":"https:\/\/smans.com\/nl\/#website","url":"https:\/\/smans.com\/nl\/","name":"Smans","description":"","publisher":{"@id":"https:\/\/smans.com\/nl\/#organization"},"potentialAction":[{"@type":"SearchAction","target":{"@type":"EntryPoint","urlTemplate":"https:\/\/smans.com\/nl\/?s={search_term_string}"},"query-input":{"@type":"PropertyValueSpecification","valueRequired":true,"valueName":"search_term_string"}}],"inLanguage":"fr-FR"},{"@type":"Organization","@id":"https:\/\/smans.com\/nl\/#organization","name":"Smans","url":"https:\/\/smans.com\/nl\/","logo":{"@type":"ImageObject","inLanguage":"fr-FR","@id":"https:\/\/smans.com\/nl\/#\/schema\/logo\/image\/","url":"https:\/\/smans.com\/wp-content\/uploads\/2023\/09\/logo.svg","contentUrl":"https:\/\/smans.com\/wp-content\/uploads\/2023\/09\/logo.svg","caption":"Smans"},"image":{"@id":"https:\/\/smans.com\/nl\/#\/schema\/logo\/image\/"}}]}},"brands":[{"id":18260,"name":"Komax","slug":"brand-komax-fr"}],"_links":{"self":[{"href":"https:\/\/smans.com\/fr\/wp-json\/wp\/v2\/product\/24367","targetHints":{"allow":["GET"]}}],"collection":[{"href":"https:\/\/smans.com\/fr\/wp-json\/wp\/v2\/product"}],"about":[{"href":"https:\/\/smans.com\/fr\/wp-json\/wp\/v2\/types\/product"}],"wp:attachment":[{"href":"https:\/\/smans.com\/fr\/wp-json\/wp\/v2\/media?parent=24367"}],"wp:term":[{"taxonomy":"pwb-brand","embeddable":true,"href":"https:\/\/smans.com\/fr\/wp-json\/wp\/v2\/pwb-brand?post=24367"},{"taxonomy":"product_brand","embeddable":true,"href":"https:\/\/smans.com\/fr\/wp-json\/wp\/v2\/product_brand?post=24367"},{"taxonomy":"product_cat","embeddable":true,"href":"https:\/\/smans.com\/fr\/wp-json\/wp\/v2\/product_cat?post=24367"},{"taxonomy":"product_tag","embeddable":true,"href":"https:\/\/smans.com\/fr\/wp-json\/wp\/v2\/product_tag?post=24367"}],"curies":[{"name":"wp","href":"https:\/\/api.w.org\/{rel}","templated":true}]}}