{"id":24368,"date":"2024-06-09T17:11:07","date_gmt":"2024-06-09T15:11:07","guid":{"rendered":"https:\/\/smans.com\/product\/stripping-crimping-machine-delta-220\/"},"modified":"2026-04-13T12:30:46","modified_gmt":"2026-04-13T10:30:46","slug":"stripping-crimping-machine-delta-220","status":"publish","type":"product","link":"https:\/\/smans.com\/fr\/product\/stripping-crimping-machine-delta-220\/","title":{"rendered":"Komax - Stripping Crimping Machine Delta 220"},"content":{"rendered":"<div class=\"flex max-w-full flex-col flex-grow\">\n<div class=\"min-h-8 text-message flex w-full flex-col items-end gap-2 whitespace-normal break-words text-start [.text-message+&amp;]:mt-5\" dir=\"auto\" data-message-author-role=\"assistant\" data-message-id=\"39e83243-337e-4376-b87a-b91070dac6cc\" data-message-model-slug=\"gpt-4o-mini\">\n<div class=\"flex w-full flex-col gap-1 empty:hidden first:pt-[3px]\">\n<div class=\"markdown prose w-full break-words dark:prose-invert light\">\n<p data-start=\"4297\" data-end=\"4857\">Le mod\u00e8le de base Delta 220 est une machine de sertissage programmable \u00e9quip\u00e9e d&rsquo;un contr\u00f4le de la force de sertissage et d&rsquo;un r\u00e9glage manuel de la hauteur du sertissage. En option, la machine peut \u00eatre \u00e9quip\u00e9e d&rsquo;une unit\u00e9 de rayure et d&rsquo;un coupe-contact d\u00e9fectueux. La Delta 220 offre une grande r\u00e9p\u00e9tabilit\u00e9 et une qualit\u00e9 de processus gr\u00e2ce \u00e0 ses m\u00e9canismes pr\u00e9cis et \u00e0 l&rsquo;int\u00e9gration de la surveillance de la force de sertissage CFA\/CFA+, qui d\u00e9tecte de mani\u00e8re fiable les brins manquants, les c\u00e2bles incorrects ou l&rsquo;isolation dans le sertissage des c\u00e2bles.<\/p>\n<p data-start=\"4859\" data-end=\"4895\"><strong data-start=\"4859\" data-end=\"4893\">Caract\u00e9ristiques principales :<\/strong><\/p>\n<ul data-start=\"4896\" data-end=\"5804\">\n<li data-start=\"4896\" data-end=\"5053\"><strong data-start=\"4898\" data-end=\"4946\">R\u00e9glage manuel de la hauteur du sertissage :<\/strong> Assure des r\u00e9glages tr\u00e8s pr\u00e9cis et reproductibles, en limitant l&rsquo;intervention de l&rsquo;op\u00e9rateur au minimum.<\/li>\n<li data-start=\"5054\" data-end=\"5226\"><strong data-start=\"5056\" data-end=\"5109\">Surveillance de la force de sertissage CFA\/CFA+ :<\/strong> D\u00e9tecte de mani\u00e8re fiable les brins manquants, les c\u00e2bles incorrects ou l&rsquo;isolation dans le sertissage des c\u00e2bles.<\/li>\n<li data-start=\"5227\" data-end=\"5367\"><strong data-start=\"5229\" data-end=\"5283\">Pas de d\u00e9placement du c\u00e2ble pendant le processus :<\/strong> Avantage pour les c\u00e2bles pr\u00e9assembl\u00e9s, ce qui am\u00e9liore la stabilit\u00e9 du processus.<\/li>\n<li data-start=\"5368\" data-end=\"5531\"><strong data-start=\"5370\" data-end=\"5417\">Interface utilisateur graphique intuitive :<\/strong> Offre de l&rsquo;aide contextuelle, une s\u00e9lection de langues et des droits d&rsquo;utilisateur pour une utilisation facile.<\/li>\n<li data-start=\"5532\" data-end=\"5644\"><strong data-start=\"5534\" data-end=\"5567\">Capacit\u00e9 de stockage accrue :<\/strong> Jusqu&rsquo;\u00e0 5 000 articles peuvent \u00eatre stock\u00e9s, ce qui am\u00e9liore l&rsquo;efficacit\u00e9.<\/li>\n<li data-start=\"5645\" data-end=\"5804\"><strong data-start=\"5647\" data-end=\"5676\">Extensions optionnelles :<\/strong> Unit\u00e9 de rayure, coupe-contact d\u00e9fectueux et unit\u00e9 d&rsquo;aspiration peuvent \u00eatre ajout\u00e9es pour des fonctionnalit\u00e9s suppl\u00e9mentaires.<\/li>\n<\/ul>\n<p data-start=\"5806\" data-end=\"5830\"><strong data-start=\"5806\" data-end=\"5828\">Logiciel QCenter :<\/strong><\/p>\n<ul data-start=\"5831\" data-end=\"6720\" data-is-last-node=\"\">\n<li data-start=\"5831\" data-end=\"6062\">Int\u00e8gre les dispositifs de mesure de la hauteur du sertissage et de la force de traction dans le processus de production et garantit que la production est uniquement lib\u00e9r\u00e9e lorsque les valeurs cibles et r\u00e9elles sont conformes.<\/li>\n<li data-start=\"6063\" data-end=\"6263\">Pr\u00e9vention des erreurs de production co\u00fbteuses en \u00e9liminant la saisie manuelle des donn\u00e9es et en d\u00e9marrant la production uniquement lorsque les valeurs de mesure sont dans les tol\u00e9rances requises.<\/li>\n<li data-start=\"6264\" data-end=\"6445\"><strong data-start=\"6266\" data-end=\"6329\">Fonction d&rsquo;identification et int\u00e9gration des codes-barres :<\/strong> Les dispositifs de mesure tels que Komax 341 ou Q1210 peuvent \u00eatre utilis\u00e9s ensemble sur jusqu&rsquo;\u00e0 20 sertisseuses.<\/li>\n<li data-start=\"6446\" data-end=\"6609\"><strong data-start=\"6448\" data-end=\"6501\">Transfert des donn\u00e9es en temps r\u00e9el vers le MES :<\/strong> Les donn\u00e9es de mesure peuvent \u00eatre envoy\u00e9es via l&rsquo;interface MIKO vers un MES pour stockage et \u00e9valuation.<\/li>\n<li data-start=\"6610\" data-end=\"6720\" data-is-last-node=\"\"><strong data-start=\"6612\" data-end=\"6629\">Komax Print :<\/strong> G\u00e9n\u00e8re automatiquement un rapport de mesure pendant la production et le stocke localement.<\/li>\n<\/ul>\n<\/div>\n<\/div>\n<\/div>\n<\/div>\n<div class=\"mb-2 flex gap-3 empty:hidden -ml-2\">\n<div class=\"items-center justify-start rounded-xl p-1 flex\">\u00a0<\/div>\n<\/div>\n","protected":false},"excerpt":{"rendered":"<p>Delta 220 : Machine de Sertissage Programmable<\/p>\n","protected":false},"featured_media":0,"template":"","meta":{"_acf_changed":false},"pwb-brand":[18260],"product_brand":[],"product_cat":[17990,17993,18036],"product_tag":[],"class_list":{"0":"post-24368","1":"product","2":"type-product","3":"status-publish","5":"pwb-brand-brand-komax-fr","6":"product_cat-cables-et-cablage-fr","7":"product_cat-couper-denuder-sertissage-fr","8":"product_cat-strip-crimp-fr","10":"first","11":"instock","12":"taxable","13":"shipping-taxable","14":"product-type-simple"},"acf":[],"yoast_head":"<!-- This site is optimized with the Yoast SEO plugin v27.1.1 - https:\/\/yoast.com\/product\/yoast-seo-wordpress\/ -->\n<title>Stripping Crimping Machine Delta 220 - Smans<\/title>\n<meta name=\"robots\" content=\"index, follow, max-snippet:-1, max-image-preview:large, max-video-preview:-1\" \/>\n<link rel=\"canonical\" href=\"https:\/\/smans.com\/fr\/product\/stripping-crimping-machine-delta-220\/\" \/>\n<meta property=\"og:locale\" content=\"fr_FR\" \/>\n<meta property=\"og:type\" content=\"article\" \/>\n<meta property=\"og:title\" content=\"Stripping Crimping Machine Delta 220 - Smans\" \/>\n<meta property=\"og:description\" content=\"Delta 220 : Machine de Sertissage Programmable\" \/>\n<meta property=\"og:url\" content=\"https:\/\/smans.com\/fr\/product\/stripping-crimping-machine-delta-220\/\" \/>\n<meta property=\"og:site_name\" content=\"Smans\" \/>\n<meta property=\"article:modified_time\" content=\"2026-04-13T10:30:46+00:00\" \/>\n<meta name=\"twitter:card\" content=\"summary_large_image\" \/>\n<meta name=\"twitter:label1\" content=\"Dur\u00e9e de lecture estim\u00e9e\" \/>\n\t<meta name=\"twitter:data1\" content=\"2 minutes\" \/>\n<script type=\"application\/ld+json\" class=\"yoast-schema-graph\">{\"@context\":\"https:\/\/schema.org\",\"@graph\":[{\"@type\":\"WebPage\",\"@id\":\"https:\/\/smans.com\/fr\/product\/stripping-crimping-machine-delta-220\/\",\"url\":\"https:\/\/smans.com\/fr\/product\/stripping-crimping-machine-delta-220\/\",\"name\":\"Stripping Crimping Machine Delta 220 - Smans\",\"isPartOf\":{\"@id\":\"https:\/\/smans.com\/nl\/#website\"},\"datePublished\":\"2024-06-09T15:11:07+00:00\",\"dateModified\":\"2026-04-13T10:30:46+00:00\",\"breadcrumb\":{\"@id\":\"https:\/\/smans.com\/fr\/product\/stripping-crimping-machine-delta-220\/#breadcrumb\"},\"inLanguage\":\"fr-FR\",\"potentialAction\":[{\"@type\":\"ReadAction\",\"target\":[\"https:\/\/smans.com\/fr\/product\/stripping-crimping-machine-delta-220\/\"]}]},{\"@type\":\"BreadcrumbList\",\"@id\":\"https:\/\/smans.com\/fr\/product\/stripping-crimping-machine-delta-220\/#breadcrumb\",\"itemListElement\":[{\"@type\":\"ListItem\",\"position\":1,\"name\":\"Home\",\"item\":\"https:\/\/smans.com\/fr\/\"},{\"@type\":\"ListItem\",\"position\":2,\"name\":\"Boutique\",\"item\":\"https:\/\/smans.com\/nl\/shop\/\"},{\"@type\":\"ListItem\",\"position\":3,\"name\":\"Komax - Stripping Crimping Machine Delta 220\"}]},{\"@type\":\"WebSite\",\"@id\":\"https:\/\/smans.com\/nl\/#website\",\"url\":\"https:\/\/smans.com\/nl\/\",\"name\":\"Smans\",\"description\":\"\",\"publisher\":{\"@id\":\"https:\/\/smans.com\/nl\/#organization\"},\"potentialAction\":[{\"@type\":\"SearchAction\",\"target\":{\"@type\":\"EntryPoint\",\"urlTemplate\":\"https:\/\/smans.com\/nl\/?s={search_term_string}\"},\"query-input\":{\"@type\":\"PropertyValueSpecification\",\"valueRequired\":true,\"valueName\":\"search_term_string\"}}],\"inLanguage\":\"fr-FR\"},{\"@type\":\"Organization\",\"@id\":\"https:\/\/smans.com\/nl\/#organization\",\"name\":\"Smans\",\"url\":\"https:\/\/smans.com\/nl\/\",\"logo\":{\"@type\":\"ImageObject\",\"inLanguage\":\"fr-FR\",\"@id\":\"https:\/\/smans.com\/nl\/#\/schema\/logo\/image\/\",\"url\":\"https:\/\/smans.com\/wp-content\/uploads\/2023\/09\/logo.svg\",\"contentUrl\":\"https:\/\/smans.com\/wp-content\/uploads\/2023\/09\/logo.svg\",\"caption\":\"Smans\"},\"image\":{\"@id\":\"https:\/\/smans.com\/nl\/#\/schema\/logo\/image\/\"}}]}<\/script>\n<!-- \/ Yoast SEO plugin. -->","yoast_head_json":{"title":"Stripping Crimping Machine Delta 220 - Smans","robots":{"index":"index","follow":"follow","max-snippet":"max-snippet:-1","max-image-preview":"max-image-preview:large","max-video-preview":"max-video-preview:-1"},"canonical":"https:\/\/smans.com\/fr\/product\/stripping-crimping-machine-delta-220\/","og_locale":"fr_FR","og_type":"article","og_title":"Stripping Crimping Machine Delta 220 - Smans","og_description":"Delta 220 : Machine de Sertissage Programmable","og_url":"https:\/\/smans.com\/fr\/product\/stripping-crimping-machine-delta-220\/","og_site_name":"Smans","article_modified_time":"2026-04-13T10:30:46+00:00","twitter_card":"summary_large_image","twitter_misc":{"Dur\u00e9e de lecture estim\u00e9e":"2 minutes"},"schema":{"@context":"https:\/\/schema.org","@graph":[{"@type":"WebPage","@id":"https:\/\/smans.com\/fr\/product\/stripping-crimping-machine-delta-220\/","url":"https:\/\/smans.com\/fr\/product\/stripping-crimping-machine-delta-220\/","name":"Stripping Crimping Machine Delta 220 - Smans","isPartOf":{"@id":"https:\/\/smans.com\/nl\/#website"},"datePublished":"2024-06-09T15:11:07+00:00","dateModified":"2026-04-13T10:30:46+00:00","breadcrumb":{"@id":"https:\/\/smans.com\/fr\/product\/stripping-crimping-machine-delta-220\/#breadcrumb"},"inLanguage":"fr-FR","potentialAction":[{"@type":"ReadAction","target":["https:\/\/smans.com\/fr\/product\/stripping-crimping-machine-delta-220\/"]}]},{"@type":"BreadcrumbList","@id":"https:\/\/smans.com\/fr\/product\/stripping-crimping-machine-delta-220\/#breadcrumb","itemListElement":[{"@type":"ListItem","position":1,"name":"Home","item":"https:\/\/smans.com\/fr\/"},{"@type":"ListItem","position":2,"name":"Boutique","item":"https:\/\/smans.com\/nl\/shop\/"},{"@type":"ListItem","position":3,"name":"Komax - Stripping Crimping Machine Delta 220"}]},{"@type":"WebSite","@id":"https:\/\/smans.com\/nl\/#website","url":"https:\/\/smans.com\/nl\/","name":"Smans","description":"","publisher":{"@id":"https:\/\/smans.com\/nl\/#organization"},"potentialAction":[{"@type":"SearchAction","target":{"@type":"EntryPoint","urlTemplate":"https:\/\/smans.com\/nl\/?s={search_term_string}"},"query-input":{"@type":"PropertyValueSpecification","valueRequired":true,"valueName":"search_term_string"}}],"inLanguage":"fr-FR"},{"@type":"Organization","@id":"https:\/\/smans.com\/nl\/#organization","name":"Smans","url":"https:\/\/smans.com\/nl\/","logo":{"@type":"ImageObject","inLanguage":"fr-FR","@id":"https:\/\/smans.com\/nl\/#\/schema\/logo\/image\/","url":"https:\/\/smans.com\/wp-content\/uploads\/2023\/09\/logo.svg","contentUrl":"https:\/\/smans.com\/wp-content\/uploads\/2023\/09\/logo.svg","caption":"Smans"},"image":{"@id":"https:\/\/smans.com\/nl\/#\/schema\/logo\/image\/"}}]}},"brands":[{"id":18260,"name":"Komax","slug":"brand-komax-fr"}],"_links":{"self":[{"href":"https:\/\/smans.com\/fr\/wp-json\/wp\/v2\/product\/24368","targetHints":{"allow":["GET"]}}],"collection":[{"href":"https:\/\/smans.com\/fr\/wp-json\/wp\/v2\/product"}],"about":[{"href":"https:\/\/smans.com\/fr\/wp-json\/wp\/v2\/types\/product"}],"wp:attachment":[{"href":"https:\/\/smans.com\/fr\/wp-json\/wp\/v2\/media?parent=24368"}],"wp:term":[{"taxonomy":"pwb-brand","embeddable":true,"href":"https:\/\/smans.com\/fr\/wp-json\/wp\/v2\/pwb-brand?post=24368"},{"taxonomy":"product_brand","embeddable":true,"href":"https:\/\/smans.com\/fr\/wp-json\/wp\/v2\/product_brand?post=24368"},{"taxonomy":"product_cat","embeddable":true,"href":"https:\/\/smans.com\/fr\/wp-json\/wp\/v2\/product_cat?post=24368"},{"taxonomy":"product_tag","embeddable":true,"href":"https:\/\/smans.com\/fr\/wp-json\/wp\/v2\/product_tag?post=24368"}],"curies":[{"name":"wp","href":"https:\/\/api.w.org\/{rel}","templated":true}]}}