{"id":24376,"date":"2024-06-09T17:08:56","date_gmt":"2024-06-09T15:08:56","guid":{"rendered":"https:\/\/smans.com\/product\/pneumatic-machine-zeus-4-26\/"},"modified":"2026-04-08T12:27:31","modified_gmt":"2026-04-08T10:27:31","slug":"pneumatic-machine-zeus-4-26","status":"publish","type":"product","link":"https:\/\/smans.com\/fr\/product\/pneumatic-machine-zeus-4-26\/","title":{"rendered":"Eurocab - Pneumatic Machine ZEUS 4.26"},"content":{"rendered":"<h4>Presse pneumatique polyvalente pour connecteurs Mica et Picoflex IDT<\/h4>\n<p>Cette presse pneumatique est con\u00e7ue pour les connecteurs mica de 1,27 mm et Picoflex IDT. Gr\u00e2ce aux matrices incluses, elle peut sertir toute la gamme de connecteurs de 4 \u00e0 26 broches. Elle remplace les op\u00e9rations manuelles et convient parfaitement aux productions moyennes \u00e0 grandes.<\/p>\n<h4>Large \u00e9ventail d\u2019applications<\/h4>\n<p>La presse peut traiter des c\u00e2bles multicolores, des c\u00e2bles mono-brin et des gaines en PCV jusqu\u2019\u00e0 25 mm\u00b2. Elle g\u00e8re \u00e9galement des mat\u00e9riaux plats jusqu\u2019\u00e0 25 mm de largeur, comme le silicone. Les longueurs d\u2019alimentation et de coupe sont r\u00e9glables de 1 mm \u00e0 100 m, offrant une grande flexibilit\u00e9.<\/p>\n<h4>Compacte et facile \u00e0 utiliser<\/h4>\n<ul>\n<li><strong>Portable :<\/strong> Dot\u00e9e de poign\u00e9es, elle est facile \u00e0 d\u00e9placer dans diff\u00e9rents espaces de travail.<\/li>\n<li><strong>R\u00e9glages simples :<\/strong> Le positionnement et les changements de format sont rapides et tr\u00e8s pr\u00e9cis.<\/li>\n<li><strong>Panneau de commande intuitif :<\/strong> Seulement quatre touches \u00e0 membrane, faciles \u00e0 comprendre et \u00e0 programmer.<\/li>\n<li><strong>Acc\u00e8s rapide :<\/strong> La section d\u2019alimentation est accessible par un levier unique, avec des ajustements sans outils.<\/li>\n<\/ul>\n<h4>Performances durables<\/h4>\n<p>La section de coupe dispose d\u2019une \u00e9vacuation automatique des mat\u00e9riaux. Les lames en mat\u00e9riau WIDIA garantissent une longue dur\u00e9e de vie et une fiabilit\u00e9 exceptionnelle.<\/p>\n","protected":false},"excerpt":{"rendered":"<p>Presse pneumatique pour connecteurs mica et Picoflex<\/p>\n","protected":false},"featured_media":0,"template":"","meta":{"_acf_changed":false},"pwb-brand":[18238],"product_brand":[],"product_cat":[17990,17993,18034],"product_tag":[],"class_list":{"0":"post-24376","1":"product","2":"type-product","3":"status-publish","5":"pwb-brand-brand-eurocab-fr","6":"product_cat-cables-et-cablage-fr","7":"product_cat-couper-denuder-sertissage-fr","8":"product_cat-wire-crimping-machines-fr","10":"first","11":"instock","12":"taxable","13":"shipping-taxable","14":"product-type-simple"},"acf":[],"yoast_head":"<!-- This site is optimized with the Yoast SEO plugin v27.1.1 - https:\/\/yoast.com\/product\/yoast-seo-wordpress\/ -->\n<title>Pneumatic Machine ZEUS 4.26 - Smans<\/title>\n<meta name=\"robots\" content=\"index, follow, max-snippet:-1, max-image-preview:large, max-video-preview:-1\" \/>\n<link rel=\"canonical\" href=\"https:\/\/smans.com\/fr\/product\/pneumatic-machine-zeus-4-26\/\" \/>\n<meta property=\"og:locale\" content=\"fr_FR\" \/>\n<meta property=\"og:type\" content=\"article\" \/>\n<meta property=\"og:title\" content=\"Pneumatic Machine ZEUS 4.26 - Smans\" \/>\n<meta property=\"og:description\" content=\"Presse pneumatique pour connecteurs mica et Picoflex\" \/>\n<meta property=\"og:url\" content=\"https:\/\/smans.com\/fr\/product\/pneumatic-machine-zeus-4-26\/\" \/>\n<meta property=\"og:site_name\" content=\"Smans\" \/>\n<meta property=\"article:modified_time\" content=\"2026-04-08T10:27:31+00:00\" \/>\n<meta name=\"twitter:card\" content=\"summary_large_image\" \/>\n<meta name=\"twitter:label1\" content=\"Dur\u00e9e de lecture estim\u00e9e\" \/>\n\t<meta name=\"twitter:data1\" content=\"1 minute\" \/>\n<script type=\"application\/ld+json\" class=\"yoast-schema-graph\">{\"@context\":\"https:\/\/schema.org\",\"@graph\":[{\"@type\":\"WebPage\",\"@id\":\"https:\/\/smans.com\/fr\/product\/pneumatic-machine-zeus-4-26\/\",\"url\":\"https:\/\/smans.com\/fr\/product\/pneumatic-machine-zeus-4-26\/\",\"name\":\"Pneumatic Machine ZEUS 4.26 - Smans\",\"isPartOf\":{\"@id\":\"https:\/\/smans.com\/nl\/#website\"},\"datePublished\":\"2024-06-09T15:08:56+00:00\",\"dateModified\":\"2026-04-08T10:27:31+00:00\",\"breadcrumb\":{\"@id\":\"https:\/\/smans.com\/fr\/product\/pneumatic-machine-zeus-4-26\/#breadcrumb\"},\"inLanguage\":\"fr-FR\",\"potentialAction\":[{\"@type\":\"ReadAction\",\"target\":[\"https:\/\/smans.com\/fr\/product\/pneumatic-machine-zeus-4-26\/\"]}]},{\"@type\":\"BreadcrumbList\",\"@id\":\"https:\/\/smans.com\/fr\/product\/pneumatic-machine-zeus-4-26\/#breadcrumb\",\"itemListElement\":[{\"@type\":\"ListItem\",\"position\":1,\"name\":\"Home\",\"item\":\"https:\/\/smans.com\/fr\/\"},{\"@type\":\"ListItem\",\"position\":2,\"name\":\"Boutique\",\"item\":\"https:\/\/smans.com\/nl\/shop\/\"},{\"@type\":\"ListItem\",\"position\":3,\"name\":\"Eurocab - Pneumatic Machine ZEUS 4.26\"}]},{\"@type\":\"WebSite\",\"@id\":\"https:\/\/smans.com\/nl\/#website\",\"url\":\"https:\/\/smans.com\/nl\/\",\"name\":\"Smans\",\"description\":\"\",\"publisher\":{\"@id\":\"https:\/\/smans.com\/nl\/#organization\"},\"potentialAction\":[{\"@type\":\"SearchAction\",\"target\":{\"@type\":\"EntryPoint\",\"urlTemplate\":\"https:\/\/smans.com\/nl\/?s={search_term_string}\"},\"query-input\":{\"@type\":\"PropertyValueSpecification\",\"valueRequired\":true,\"valueName\":\"search_term_string\"}}],\"inLanguage\":\"fr-FR\"},{\"@type\":\"Organization\",\"@id\":\"https:\/\/smans.com\/nl\/#organization\",\"name\":\"Smans\",\"url\":\"https:\/\/smans.com\/nl\/\",\"logo\":{\"@type\":\"ImageObject\",\"inLanguage\":\"fr-FR\",\"@id\":\"https:\/\/smans.com\/nl\/#\/schema\/logo\/image\/\",\"url\":\"https:\/\/smans.com\/wp-content\/uploads\/2023\/09\/logo.svg\",\"contentUrl\":\"https:\/\/smans.com\/wp-content\/uploads\/2023\/09\/logo.svg\",\"caption\":\"Smans\"},\"image\":{\"@id\":\"https:\/\/smans.com\/nl\/#\/schema\/logo\/image\/\"}}]}<\/script>\n<!-- \/ Yoast SEO plugin. -->","yoast_head_json":{"title":"Pneumatic Machine ZEUS 4.26 - Smans","robots":{"index":"index","follow":"follow","max-snippet":"max-snippet:-1","max-image-preview":"max-image-preview:large","max-video-preview":"max-video-preview:-1"},"canonical":"https:\/\/smans.com\/fr\/product\/pneumatic-machine-zeus-4-26\/","og_locale":"fr_FR","og_type":"article","og_title":"Pneumatic Machine ZEUS 4.26 - Smans","og_description":"Presse pneumatique pour connecteurs mica et Picoflex","og_url":"https:\/\/smans.com\/fr\/product\/pneumatic-machine-zeus-4-26\/","og_site_name":"Smans","article_modified_time":"2026-04-08T10:27:31+00:00","twitter_card":"summary_large_image","twitter_misc":{"Dur\u00e9e de lecture estim\u00e9e":"1 minute"},"schema":{"@context":"https:\/\/schema.org","@graph":[{"@type":"WebPage","@id":"https:\/\/smans.com\/fr\/product\/pneumatic-machine-zeus-4-26\/","url":"https:\/\/smans.com\/fr\/product\/pneumatic-machine-zeus-4-26\/","name":"Pneumatic Machine ZEUS 4.26 - Smans","isPartOf":{"@id":"https:\/\/smans.com\/nl\/#website"},"datePublished":"2024-06-09T15:08:56+00:00","dateModified":"2026-04-08T10:27:31+00:00","breadcrumb":{"@id":"https:\/\/smans.com\/fr\/product\/pneumatic-machine-zeus-4-26\/#breadcrumb"},"inLanguage":"fr-FR","potentialAction":[{"@type":"ReadAction","target":["https:\/\/smans.com\/fr\/product\/pneumatic-machine-zeus-4-26\/"]}]},{"@type":"BreadcrumbList","@id":"https:\/\/smans.com\/fr\/product\/pneumatic-machine-zeus-4-26\/#breadcrumb","itemListElement":[{"@type":"ListItem","position":1,"name":"Home","item":"https:\/\/smans.com\/fr\/"},{"@type":"ListItem","position":2,"name":"Boutique","item":"https:\/\/smans.com\/nl\/shop\/"},{"@type":"ListItem","position":3,"name":"Eurocab - Pneumatic Machine ZEUS 4.26"}]},{"@type":"WebSite","@id":"https:\/\/smans.com\/nl\/#website","url":"https:\/\/smans.com\/nl\/","name":"Smans","description":"","publisher":{"@id":"https:\/\/smans.com\/nl\/#organization"},"potentialAction":[{"@type":"SearchAction","target":{"@type":"EntryPoint","urlTemplate":"https:\/\/smans.com\/nl\/?s={search_term_string}"},"query-input":{"@type":"PropertyValueSpecification","valueRequired":true,"valueName":"search_term_string"}}],"inLanguage":"fr-FR"},{"@type":"Organization","@id":"https:\/\/smans.com\/nl\/#organization","name":"Smans","url":"https:\/\/smans.com\/nl\/","logo":{"@type":"ImageObject","inLanguage":"fr-FR","@id":"https:\/\/smans.com\/nl\/#\/schema\/logo\/image\/","url":"https:\/\/smans.com\/wp-content\/uploads\/2023\/09\/logo.svg","contentUrl":"https:\/\/smans.com\/wp-content\/uploads\/2023\/09\/logo.svg","caption":"Smans"},"image":{"@id":"https:\/\/smans.com\/nl\/#\/schema\/logo\/image\/"}}]}},"brands":[{"id":18238,"name":"Eurocab","slug":"brand-eurocab-fr"}],"_links":{"self":[{"href":"https:\/\/smans.com\/fr\/wp-json\/wp\/v2\/product\/24376","targetHints":{"allow":["GET"]}}],"collection":[{"href":"https:\/\/smans.com\/fr\/wp-json\/wp\/v2\/product"}],"about":[{"href":"https:\/\/smans.com\/fr\/wp-json\/wp\/v2\/types\/product"}],"wp:attachment":[{"href":"https:\/\/smans.com\/fr\/wp-json\/wp\/v2\/media?parent=24376"}],"wp:term":[{"taxonomy":"pwb-brand","embeddable":true,"href":"https:\/\/smans.com\/fr\/wp-json\/wp\/v2\/pwb-brand?post=24376"},{"taxonomy":"product_brand","embeddable":true,"href":"https:\/\/smans.com\/fr\/wp-json\/wp\/v2\/product_brand?post=24376"},{"taxonomy":"product_cat","embeddable":true,"href":"https:\/\/smans.com\/fr\/wp-json\/wp\/v2\/product_cat?post=24376"},{"taxonomy":"product_tag","embeddable":true,"href":"https:\/\/smans.com\/fr\/wp-json\/wp\/v2\/product_tag?post=24376"}],"curies":[{"name":"wp","href":"https:\/\/api.w.org\/{rel}","templated":true}]}}