{"id":24389,"date":"2024-06-09T17:23:48","date_gmt":"2024-06-09T15:23:48","guid":{"rendered":"https:\/\/smans.com\/product\/selective-soldering-machine-versaflow-4-xl\/"},"modified":"2026-04-09T12:56:48","modified_gmt":"2026-04-09T10:56:48","slug":"selective-soldering-machine-versaflow-4-xl","status":"publish","type":"product","link":"https:\/\/smans.com\/fr\/product\/selective-soldering-machine-versaflow-4-xl\/","title":{"rendered":"Ersa - Selective Soldering Machine VERSAFLOW 4 XL"},"content":{"rendered":"<p>Le VERSAFLOW 4 XL est le syst\u00e8me de soudage s\u00e9lectif haut de gamme d&rsquo;Ersa pour les cartes de circuits imprim\u00e9s exceptionnellement grandes et fortement int\u00e9gr\u00e9es \u2014 jusqu&rsquo;\u00e0 1 200 x 610 mm. Id\u00e9al pour des applications telles que les panneaux de commande, la technologie LED et l&rsquo;\u00e9lectronique 5G, o\u00f9 la fiabilit\u00e9 du processus et la qualit\u00e9 du soudage sont d&rsquo;une importance cruciale.<\/p>\n<p>Gr\u00e2ce au syst\u00e8me modulaire Ersa extr\u00eamement flexible, le VERSAFLOW 4 XL offre des possibilit\u00e9s de configuration pratiquement illimit\u00e9es. Le syst\u00e8me peut \u00eatre enti\u00e8rement adapt\u00e9 aux besoins de production et est facilement extensible. Avec des fonctions telles que le double pot \u00e0 mouvement variable Y\/Z, la convection forc\u00e9e, l&rsquo;activation automatique de la buse et l&rsquo;interface prim\u00e9e ERSASOFT 5 avec CAD Assistant 4 int\u00e9gr\u00e9, le VERSAFLOW 4 XL offre un contr\u00f4le, une pr\u00e9cision et une facilit\u00e9 d&rsquo;utilisation maximaux.<\/p>\n<p>La machine est certifi\u00e9e IPC-CFX et con\u00e7ue pour les productions en ligne o\u00f9 l&rsquo;efficacit\u00e9 et la tra\u00e7abilit\u00e9 sont essentielles. En combinaison avec un traitement parall\u00e8le, le d\u00e9bit peut \u00eatre jusqu&rsquo;\u00e0 trois fois plus rapide, sans compromis sur la flexibilit\u00e9 ou la qualit\u00e9.<\/p>\n<p>En bref, la VERSAFLOW 4 XL est synonyme de soudage \u00e0 grande \u00e9chelle et de haut niveau \u2014 une plateforme \u00e9volutive qui offre des performances de pointe dans tout environnement de production \u00e9lectronique exigeant.<\/p>\n","protected":false},"excerpt":{"rendered":"<p>Soudage s\u00e9lectif en ligne pour des circuits imprim\u00e9s pouvant atteindre 1 200 x 610 mm<\/p>\n","protected":false},"featured_media":0,"template":"","meta":{"_acf_changed":false},"pwb-brand":[18232],"product_brand":[],"product_cat":[17991,18012,18099],"product_tag":[],"class_list":{"0":"post-24389","1":"product","2":"type-product","3":"status-publish","5":"pwb-brand-brand-ersa-fr","6":"product_cat-electronique-fr","7":"product_cat-equipement-d-assemblage-tht-fr","8":"product_cat-soldering-fr-2","10":"first","11":"instock","12":"taxable","13":"shipping-taxable","14":"product-type-simple"},"acf":[],"yoast_head":"<!-- This site is optimized with the Yoast SEO plugin v27.1.1 - https:\/\/yoast.com\/product\/yoast-seo-wordpress\/ -->\n<title>Selective Soldering Machine VERSAFLOW 4 XL - Smans<\/title>\n<meta name=\"robots\" content=\"index, follow, max-snippet:-1, max-image-preview:large, max-video-preview:-1\" \/>\n<link rel=\"canonical\" href=\"https:\/\/smans.com\/fr\/product\/selective-soldering-machine-versaflow-4-xl\/\" \/>\n<meta property=\"og:locale\" content=\"fr_FR\" \/>\n<meta property=\"og:type\" content=\"article\" \/>\n<meta property=\"og:title\" content=\"Selective Soldering Machine VERSAFLOW 4 XL - Smans\" \/>\n<meta property=\"og:description\" content=\"Soudage s\u00e9lectif en ligne pour des circuits imprim\u00e9s pouvant atteindre 1 200 x 610 mm\" \/>\n<meta property=\"og:url\" content=\"https:\/\/smans.com\/fr\/product\/selective-soldering-machine-versaflow-4-xl\/\" \/>\n<meta property=\"og:site_name\" content=\"Smans\" \/>\n<meta property=\"article:modified_time\" content=\"2026-04-09T10:56:48+00:00\" \/>\n<meta name=\"twitter:card\" content=\"summary_large_image\" \/>\n<meta name=\"twitter:label1\" content=\"Dur\u00e9e de lecture estim\u00e9e\" \/>\n\t<meta name=\"twitter:data1\" content=\"1 minute\" \/>\n<script type=\"application\/ld+json\" class=\"yoast-schema-graph\">{\"@context\":\"https:\/\/schema.org\",\"@graph\":[{\"@type\":\"WebPage\",\"@id\":\"https:\/\/smans.com\/fr\/product\/selective-soldering-machine-versaflow-4-xl\/\",\"url\":\"https:\/\/smans.com\/fr\/product\/selective-soldering-machine-versaflow-4-xl\/\",\"name\":\"Selective Soldering Machine VERSAFLOW 4 XL - Smans\",\"isPartOf\":{\"@id\":\"https:\/\/smans.com\/nl\/#website\"},\"datePublished\":\"2024-06-09T15:23:48+00:00\",\"dateModified\":\"2026-04-09T10:56:48+00:00\",\"breadcrumb\":{\"@id\":\"https:\/\/smans.com\/fr\/product\/selective-soldering-machine-versaflow-4-xl\/#breadcrumb\"},\"inLanguage\":\"fr-FR\",\"potentialAction\":[{\"@type\":\"ReadAction\",\"target\":[\"https:\/\/smans.com\/fr\/product\/selective-soldering-machine-versaflow-4-xl\/\"]}]},{\"@type\":\"BreadcrumbList\",\"@id\":\"https:\/\/smans.com\/fr\/product\/selective-soldering-machine-versaflow-4-xl\/#breadcrumb\",\"itemListElement\":[{\"@type\":\"ListItem\",\"position\":1,\"name\":\"Home\",\"item\":\"https:\/\/smans.com\/fr\/\"},{\"@type\":\"ListItem\",\"position\":2,\"name\":\"Boutique\",\"item\":\"https:\/\/smans.com\/nl\/shop\/\"},{\"@type\":\"ListItem\",\"position\":3,\"name\":\"Ersa - Selective Soldering Machine VERSAFLOW 4 XL\"}]},{\"@type\":\"WebSite\",\"@id\":\"https:\/\/smans.com\/nl\/#website\",\"url\":\"https:\/\/smans.com\/nl\/\",\"name\":\"Smans\",\"description\":\"\",\"publisher\":{\"@id\":\"https:\/\/smans.com\/nl\/#organization\"},\"potentialAction\":[{\"@type\":\"SearchAction\",\"target\":{\"@type\":\"EntryPoint\",\"urlTemplate\":\"https:\/\/smans.com\/nl\/?s={search_term_string}\"},\"query-input\":{\"@type\":\"PropertyValueSpecification\",\"valueRequired\":true,\"valueName\":\"search_term_string\"}}],\"inLanguage\":\"fr-FR\"},{\"@type\":\"Organization\",\"@id\":\"https:\/\/smans.com\/nl\/#organization\",\"name\":\"Smans\",\"url\":\"https:\/\/smans.com\/nl\/\",\"logo\":{\"@type\":\"ImageObject\",\"inLanguage\":\"fr-FR\",\"@id\":\"https:\/\/smans.com\/nl\/#\/schema\/logo\/image\/\",\"url\":\"https:\/\/smans.com\/wp-content\/uploads\/2023\/09\/logo.svg\",\"contentUrl\":\"https:\/\/smans.com\/wp-content\/uploads\/2023\/09\/logo.svg\",\"caption\":\"Smans\"},\"image\":{\"@id\":\"https:\/\/smans.com\/nl\/#\/schema\/logo\/image\/\"}}]}<\/script>\n<!-- \/ Yoast SEO plugin. -->","yoast_head_json":{"title":"Selective Soldering Machine VERSAFLOW 4 XL - Smans","robots":{"index":"index","follow":"follow","max-snippet":"max-snippet:-1","max-image-preview":"max-image-preview:large","max-video-preview":"max-video-preview:-1"},"canonical":"https:\/\/smans.com\/fr\/product\/selective-soldering-machine-versaflow-4-xl\/","og_locale":"fr_FR","og_type":"article","og_title":"Selective Soldering Machine VERSAFLOW 4 XL - Smans","og_description":"Soudage s\u00e9lectif en ligne pour des circuits imprim\u00e9s pouvant atteindre 1 200 x 610 mm","og_url":"https:\/\/smans.com\/fr\/product\/selective-soldering-machine-versaflow-4-xl\/","og_site_name":"Smans","article_modified_time":"2026-04-09T10:56:48+00:00","twitter_card":"summary_large_image","twitter_misc":{"Dur\u00e9e de lecture estim\u00e9e":"1 minute"},"schema":{"@context":"https:\/\/schema.org","@graph":[{"@type":"WebPage","@id":"https:\/\/smans.com\/fr\/product\/selective-soldering-machine-versaflow-4-xl\/","url":"https:\/\/smans.com\/fr\/product\/selective-soldering-machine-versaflow-4-xl\/","name":"Selective Soldering Machine VERSAFLOW 4 XL - Smans","isPartOf":{"@id":"https:\/\/smans.com\/nl\/#website"},"datePublished":"2024-06-09T15:23:48+00:00","dateModified":"2026-04-09T10:56:48+00:00","breadcrumb":{"@id":"https:\/\/smans.com\/fr\/product\/selective-soldering-machine-versaflow-4-xl\/#breadcrumb"},"inLanguage":"fr-FR","potentialAction":[{"@type":"ReadAction","target":["https:\/\/smans.com\/fr\/product\/selective-soldering-machine-versaflow-4-xl\/"]}]},{"@type":"BreadcrumbList","@id":"https:\/\/smans.com\/fr\/product\/selective-soldering-machine-versaflow-4-xl\/#breadcrumb","itemListElement":[{"@type":"ListItem","position":1,"name":"Home","item":"https:\/\/smans.com\/fr\/"},{"@type":"ListItem","position":2,"name":"Boutique","item":"https:\/\/smans.com\/nl\/shop\/"},{"@type":"ListItem","position":3,"name":"Ersa - Selective Soldering Machine VERSAFLOW 4 XL"}]},{"@type":"WebSite","@id":"https:\/\/smans.com\/nl\/#website","url":"https:\/\/smans.com\/nl\/","name":"Smans","description":"","publisher":{"@id":"https:\/\/smans.com\/nl\/#organization"},"potentialAction":[{"@type":"SearchAction","target":{"@type":"EntryPoint","urlTemplate":"https:\/\/smans.com\/nl\/?s={search_term_string}"},"query-input":{"@type":"PropertyValueSpecification","valueRequired":true,"valueName":"search_term_string"}}],"inLanguage":"fr-FR"},{"@type":"Organization","@id":"https:\/\/smans.com\/nl\/#organization","name":"Smans","url":"https:\/\/smans.com\/nl\/","logo":{"@type":"ImageObject","inLanguage":"fr-FR","@id":"https:\/\/smans.com\/nl\/#\/schema\/logo\/image\/","url":"https:\/\/smans.com\/wp-content\/uploads\/2023\/09\/logo.svg","contentUrl":"https:\/\/smans.com\/wp-content\/uploads\/2023\/09\/logo.svg","caption":"Smans"},"image":{"@id":"https:\/\/smans.com\/nl\/#\/schema\/logo\/image\/"}}]}},"brands":[{"id":18232,"name":"Ersa","slug":"brand-ersa-fr"}],"_links":{"self":[{"href":"https:\/\/smans.com\/fr\/wp-json\/wp\/v2\/product\/24389","targetHints":{"allow":["GET"]}}],"collection":[{"href":"https:\/\/smans.com\/fr\/wp-json\/wp\/v2\/product"}],"about":[{"href":"https:\/\/smans.com\/fr\/wp-json\/wp\/v2\/types\/product"}],"wp:attachment":[{"href":"https:\/\/smans.com\/fr\/wp-json\/wp\/v2\/media?parent=24389"}],"wp:term":[{"taxonomy":"pwb-brand","embeddable":true,"href":"https:\/\/smans.com\/fr\/wp-json\/wp\/v2\/pwb-brand?post=24389"},{"taxonomy":"product_brand","embeddable":true,"href":"https:\/\/smans.com\/fr\/wp-json\/wp\/v2\/product_brand?post=24389"},{"taxonomy":"product_cat","embeddable":true,"href":"https:\/\/smans.com\/fr\/wp-json\/wp\/v2\/product_cat?post=24389"},{"taxonomy":"product_tag","embeddable":true,"href":"https:\/\/smans.com\/fr\/wp-json\/wp\/v2\/product_tag?post=24389"}],"curies":[{"name":"wp","href":"https:\/\/api.w.org\/{rel}","templated":true}]}}