{"id":24400,"date":"2024-06-09T17:09:13","date_gmt":"2024-06-09T15:09:13","guid":{"rendered":"https:\/\/smans.com\/product\/pneumatic-crimper-ac-40-t\/"},"modified":"2026-04-07T12:23:49","modified_gmt":"2026-04-07T10:23:49","slug":"pneumatic-crimper-ac-40-t","status":"publish","type":"product","link":"https:\/\/smans.com\/fr\/product\/pneumatic-crimper-ac-40-t\/","title":{"rendered":"GLW - Pneumatic Crimper AC 40 T"},"content":{"rendered":"<p data-start=\"0\" data-end=\"233\">Les machines de sertissage pneumatiques permettent un traitement rapide et efficace des embouts. Les dispositifs portatifs AC sont compacts et l\u00e9gers, ce qui les rend parfaits pour l&rsquo;assemblage des armoires \u00e9lectriques.<\/p>\n<p data-start=\"235\" data-end=\"539\">Les mod\u00e8les de bureau AC sont activ\u00e9s via une p\u00e9dale, permettant \u00e0 l&rsquo;op\u00e9rateur de garder les deux mains libres pour placer les embouts sur les conducteurs. Ces dispositifs sont sans entretien, assurent un processus de sertissage s\u00fbr et sont con\u00e7us pour r\u00e9sister aux environnements industriels difficiles.<\/p>\n<p data-start=\"541\" data-end=\"558\"><strong data-start=\"541\" data-end=\"556\">Avantages :<\/strong><\/p>\n<ul data-start=\"559\" data-end=\"647\">\n<li data-start=\"559\" data-end=\"585\">Traitement sans effort<\/li>\n<li data-start=\"586\" data-end=\"607\">Facile \u00e0 utiliser<\/li>\n<li data-start=\"608\" data-end=\"626\">Sans entretien<\/li>\n<li data-start=\"627\" data-end=\"647\">Compact et l\u00e9ger<\/li>\n<\/ul>\n","protected":false},"excerpt":{"rendered":"<p>Les machines de sertissage pneumatiques traitent les embouts de fils rapidement et efficacement.<\/p>\n","protected":false},"featured_media":0,"template":"","meta":{"_acf_changed":false},"pwb-brand":[18244],"product_brand":[],"product_cat":[17990,17993,18034],"product_tag":[],"class_list":{"0":"post-24400","1":"product","2":"type-product","3":"status-publish","5":"pwb-brand-brand-glw-fr","6":"product_cat-cables-et-cablage-fr","7":"product_cat-couper-denuder-sertissage-fr","8":"product_cat-wire-crimping-machines-fr","10":"first","11":"instock","12":"taxable","13":"shipping-taxable","14":"purchasable","15":"product-type-simple"},"acf":[],"yoast_head":"<!-- This site is optimized with the Yoast SEO plugin v27.1.1 - https:\/\/yoast.com\/product\/yoast-seo-wordpress\/ -->\n<title>Pneumatic Crimper AC 40 T - Smans<\/title>\n<meta name=\"robots\" content=\"index, follow, max-snippet:-1, max-image-preview:large, max-video-preview:-1\" \/>\n<link rel=\"canonical\" href=\"https:\/\/smans.com\/fr\/product\/pneumatic-crimper-ac-40-t\/\" \/>\n<meta property=\"og:locale\" content=\"fr_FR\" \/>\n<meta property=\"og:type\" content=\"article\" \/>\n<meta property=\"og:title\" content=\"Pneumatic Crimper AC 40 T - Smans\" \/>\n<meta property=\"og:description\" content=\"Les machines de sertissage pneumatiques traitent les embouts de fils rapidement et efficacement.\" \/>\n<meta property=\"og:url\" content=\"https:\/\/smans.com\/fr\/product\/pneumatic-crimper-ac-40-t\/\" \/>\n<meta property=\"og:site_name\" content=\"Smans\" \/>\n<meta property=\"article:modified_time\" content=\"2026-04-07T10:23:49+00:00\" \/>\n<meta name=\"twitter:card\" content=\"summary_large_image\" \/>\n<script type=\"application\/ld+json\" class=\"yoast-schema-graph\">{\"@context\":\"https:\/\/schema.org\",\"@graph\":[{\"@type\":\"WebPage\",\"@id\":\"https:\/\/smans.com\/fr\/product\/pneumatic-crimper-ac-40-t\/\",\"url\":\"https:\/\/smans.com\/fr\/product\/pneumatic-crimper-ac-40-t\/\",\"name\":\"Pneumatic Crimper AC 40 T - Smans\",\"isPartOf\":{\"@id\":\"https:\/\/smans.com\/nl\/#website\"},\"datePublished\":\"2024-06-09T15:09:13+00:00\",\"dateModified\":\"2026-04-07T10:23:49+00:00\",\"breadcrumb\":{\"@id\":\"https:\/\/smans.com\/fr\/product\/pneumatic-crimper-ac-40-t\/#breadcrumb\"},\"inLanguage\":\"fr-FR\",\"potentialAction\":[{\"@type\":\"ReadAction\",\"target\":[\"https:\/\/smans.com\/fr\/product\/pneumatic-crimper-ac-40-t\/\"]}]},{\"@type\":\"BreadcrumbList\",\"@id\":\"https:\/\/smans.com\/fr\/product\/pneumatic-crimper-ac-40-t\/#breadcrumb\",\"itemListElement\":[{\"@type\":\"ListItem\",\"position\":1,\"name\":\"Home\",\"item\":\"https:\/\/smans.com\/fr\/\"},{\"@type\":\"ListItem\",\"position\":2,\"name\":\"Boutique\",\"item\":\"https:\/\/smans.com\/nl\/shop\/\"},{\"@type\":\"ListItem\",\"position\":3,\"name\":\"GLW - Pneumatic Crimper AC 40 T\"}]},{\"@type\":\"WebSite\",\"@id\":\"https:\/\/smans.com\/nl\/#website\",\"url\":\"https:\/\/smans.com\/nl\/\",\"name\":\"Smans\",\"description\":\"\",\"publisher\":{\"@id\":\"https:\/\/smans.com\/nl\/#organization\"},\"potentialAction\":[{\"@type\":\"SearchAction\",\"target\":{\"@type\":\"EntryPoint\",\"urlTemplate\":\"https:\/\/smans.com\/nl\/?s={search_term_string}\"},\"query-input\":{\"@type\":\"PropertyValueSpecification\",\"valueRequired\":true,\"valueName\":\"search_term_string\"}}],\"inLanguage\":\"fr-FR\"},{\"@type\":\"Organization\",\"@id\":\"https:\/\/smans.com\/nl\/#organization\",\"name\":\"Smans\",\"url\":\"https:\/\/smans.com\/nl\/\",\"logo\":{\"@type\":\"ImageObject\",\"inLanguage\":\"fr-FR\",\"@id\":\"https:\/\/smans.com\/nl\/#\/schema\/logo\/image\/\",\"url\":\"https:\/\/smans.com\/wp-content\/uploads\/2023\/09\/logo.svg\",\"contentUrl\":\"https:\/\/smans.com\/wp-content\/uploads\/2023\/09\/logo.svg\",\"caption\":\"Smans\"},\"image\":{\"@id\":\"https:\/\/smans.com\/nl\/#\/schema\/logo\/image\/\"}}]}<\/script>\n<!-- \/ Yoast SEO plugin. -->","yoast_head_json":{"title":"Pneumatic Crimper AC 40 T - Smans","robots":{"index":"index","follow":"follow","max-snippet":"max-snippet:-1","max-image-preview":"max-image-preview:large","max-video-preview":"max-video-preview:-1"},"canonical":"https:\/\/smans.com\/fr\/product\/pneumatic-crimper-ac-40-t\/","og_locale":"fr_FR","og_type":"article","og_title":"Pneumatic Crimper AC 40 T - Smans","og_description":"Les machines de sertissage pneumatiques traitent les embouts de fils rapidement et efficacement.","og_url":"https:\/\/smans.com\/fr\/product\/pneumatic-crimper-ac-40-t\/","og_site_name":"Smans","article_modified_time":"2026-04-07T10:23:49+00:00","twitter_card":"summary_large_image","schema":{"@context":"https:\/\/schema.org","@graph":[{"@type":"WebPage","@id":"https:\/\/smans.com\/fr\/product\/pneumatic-crimper-ac-40-t\/","url":"https:\/\/smans.com\/fr\/product\/pneumatic-crimper-ac-40-t\/","name":"Pneumatic Crimper AC 40 T - Smans","isPartOf":{"@id":"https:\/\/smans.com\/nl\/#website"},"datePublished":"2024-06-09T15:09:13+00:00","dateModified":"2026-04-07T10:23:49+00:00","breadcrumb":{"@id":"https:\/\/smans.com\/fr\/product\/pneumatic-crimper-ac-40-t\/#breadcrumb"},"inLanguage":"fr-FR","potentialAction":[{"@type":"ReadAction","target":["https:\/\/smans.com\/fr\/product\/pneumatic-crimper-ac-40-t\/"]}]},{"@type":"BreadcrumbList","@id":"https:\/\/smans.com\/fr\/product\/pneumatic-crimper-ac-40-t\/#breadcrumb","itemListElement":[{"@type":"ListItem","position":1,"name":"Home","item":"https:\/\/smans.com\/fr\/"},{"@type":"ListItem","position":2,"name":"Boutique","item":"https:\/\/smans.com\/nl\/shop\/"},{"@type":"ListItem","position":3,"name":"GLW - Pneumatic Crimper AC 40 T"}]},{"@type":"WebSite","@id":"https:\/\/smans.com\/nl\/#website","url":"https:\/\/smans.com\/nl\/","name":"Smans","description":"","publisher":{"@id":"https:\/\/smans.com\/nl\/#organization"},"potentialAction":[{"@type":"SearchAction","target":{"@type":"EntryPoint","urlTemplate":"https:\/\/smans.com\/nl\/?s={search_term_string}"},"query-input":{"@type":"PropertyValueSpecification","valueRequired":true,"valueName":"search_term_string"}}],"inLanguage":"fr-FR"},{"@type":"Organization","@id":"https:\/\/smans.com\/nl\/#organization","name":"Smans","url":"https:\/\/smans.com\/nl\/","logo":{"@type":"ImageObject","inLanguage":"fr-FR","@id":"https:\/\/smans.com\/nl\/#\/schema\/logo\/image\/","url":"https:\/\/smans.com\/wp-content\/uploads\/2023\/09\/logo.svg","contentUrl":"https:\/\/smans.com\/wp-content\/uploads\/2023\/09\/logo.svg","caption":"Smans"},"image":{"@id":"https:\/\/smans.com\/nl\/#\/schema\/logo\/image\/"}}]}},"brands":[{"id":18244,"name":"GLW","slug":"brand-glw-fr"}],"_links":{"self":[{"href":"https:\/\/smans.com\/fr\/wp-json\/wp\/v2\/product\/24400","targetHints":{"allow":["GET"]}}],"collection":[{"href":"https:\/\/smans.com\/fr\/wp-json\/wp\/v2\/product"}],"about":[{"href":"https:\/\/smans.com\/fr\/wp-json\/wp\/v2\/types\/product"}],"wp:attachment":[{"href":"https:\/\/smans.com\/fr\/wp-json\/wp\/v2\/media?parent=24400"}],"wp:term":[{"taxonomy":"pwb-brand","embeddable":true,"href":"https:\/\/smans.com\/fr\/wp-json\/wp\/v2\/pwb-brand?post=24400"},{"taxonomy":"product_brand","embeddable":true,"href":"https:\/\/smans.com\/fr\/wp-json\/wp\/v2\/product_brand?post=24400"},{"taxonomy":"product_cat","embeddable":true,"href":"https:\/\/smans.com\/fr\/wp-json\/wp\/v2\/product_cat?post=24400"},{"taxonomy":"product_tag","embeddable":true,"href":"https:\/\/smans.com\/fr\/wp-json\/wp\/v2\/product_tag?post=24400"}],"curies":[{"name":"wp","href":"https:\/\/api.w.org\/{rel}","templated":true}]}}