{"id":24424,"date":"2024-06-09T17:11:57","date_gmt":"2024-06-09T15:11:57","guid":{"rendered":"https:\/\/smans.com\/product\/laser-stripper-sylade-7h\/"},"modified":"2026-04-24T12:43:53","modified_gmt":"2026-04-24T10:43:53","slug":"laser-stripper-sylade-7h","status":"publish","type":"product","link":"https:\/\/smans.com\/fr\/product\/laser-stripper-sylade-7h\/","title":{"rendered":"Laselec - Laser Stripper Sylade 7H"},"content":{"rendered":"<p>Le Sylade 7H de LASELEC (Komax Group) est un d\u00e9nudeur de c\u00e2bles laser portable innovant, con\u00e7u pour <strong>d\u00e9nuder avec pr\u00e9cision et sans dommage l&rsquo;isolation des c\u00e2bles<\/strong>, directement sur l&rsquo;\u00e9tabli ou dans la production de faisceaux de c\u00e2bles. Cet outil compact utilise un syst\u00e8me laser de classe 1 s\u00e9curis\u00e9, ce qui permet de l&rsquo;utiliser dans des espaces de travail ouverts sans lunettes de protection sp\u00e9ciales.<\/p>\n<p>Le Sylade 7H offre un processus de d\u00e9nudage sans contact et reproductible, ind\u00e9pendamment de l&rsquo;op\u00e9rateur. Gr\u00e2ce \u00e0 sa conception ergonomique avec commande par g\u00e2chette et but\u00e9e de d\u00e9nudage r\u00e9glable (jusqu&rsquo;\u00e0 200 mm), il est facile \u00e0 manipuler, tant pour les utilisateurs gauchers que droitiers. Id\u00e9al pour les applications o\u00f9 les m\u00e9thodes m\u00e9caniques ou thermiques sont trop grossi\u00e8res, le Sylade 7H offre une qualit\u00e9 constante pour le d\u00e9nudage des isolations PTFE, ETFE, FEP et polyimide.<\/p>\n<p>Compact, l\u00e9ger (&lt; 1,75 kg) et n\u00e9cessitant peu d&rsquo;entretien, le Sylade 7H est la solution industrielle parfaite pour le d\u00e9nudage de pr\u00e9cision des c\u00e2bles blind\u00e9s dans l&rsquo;a\u00e9ronautique, la d\u00e9fense et l&rsquo;\u00e9lectronique de pointe.<\/p>\n","protected":false},"excerpt":{"rendered":"<p>Une machine \u00e0 d\u00e9couper au laser portable qui enl\u00e8ve l&rsquo;isolation des c\u00e2bles avec une extr\u00eame pr\u00e9cision.<\/p>\n","protected":false},"featured_media":0,"template":"","meta":{"_acf_changed":false},"pwb-brand":[18266],"product_brand":[],"product_cat":[17990,17993,18436],"product_tag":[],"class_list":{"0":"post-24424","1":"product","2":"type-product","3":"status-publish","5":"pwb-brand-brand-laselec-fr","6":"product_cat-cables-et-cablage-fr","7":"product_cat-couper-denuder-sertissage-fr","8":"product_cat-machines-de-denudage-de-fils-par-laser-fr","10":"first","11":"instock","12":"taxable","13":"shipping-taxable","14":"product-type-simple"},"acf":[],"yoast_head":"<!-- This site is optimized with the Yoast SEO plugin v27.1.1 - https:\/\/yoast.com\/product\/yoast-seo-wordpress\/ -->\n<title>Laser Stripper Sylade 7H - Smans<\/title>\n<meta name=\"robots\" content=\"index, follow, max-snippet:-1, max-image-preview:large, max-video-preview:-1\" \/>\n<link rel=\"canonical\" href=\"https:\/\/smans.com\/fr\/product\/laser-stripper-sylade-7h\/\" \/>\n<meta property=\"og:locale\" content=\"fr_FR\" \/>\n<meta property=\"og:type\" content=\"article\" \/>\n<meta property=\"og:title\" content=\"Laser Stripper Sylade 7H - Smans\" \/>\n<meta property=\"og:description\" content=\"Une machine \u00e0 d\u00e9couper au laser portable qui enl\u00e8ve l&#039;isolation des c\u00e2bles avec une extr\u00eame pr\u00e9cision.\" \/>\n<meta property=\"og:url\" content=\"https:\/\/smans.com\/fr\/product\/laser-stripper-sylade-7h\/\" \/>\n<meta property=\"og:site_name\" content=\"Smans\" \/>\n<meta property=\"article:modified_time\" content=\"2026-04-24T10:43:53+00:00\" \/>\n<meta name=\"twitter:card\" content=\"summary_large_image\" \/>\n<meta name=\"twitter:label1\" content=\"Dur\u00e9e de lecture estim\u00e9e\" \/>\n\t<meta name=\"twitter:data1\" content=\"1 minute\" \/>\n<script type=\"application\/ld+json\" class=\"yoast-schema-graph\">{\"@context\":\"https:\/\/schema.org\",\"@graph\":[{\"@type\":\"WebPage\",\"@id\":\"https:\/\/smans.com\/fr\/product\/laser-stripper-sylade-7h\/\",\"url\":\"https:\/\/smans.com\/fr\/product\/laser-stripper-sylade-7h\/\",\"name\":\"Laser Stripper Sylade 7H - Smans\",\"isPartOf\":{\"@id\":\"https:\/\/smans.com\/nl\/#website\"},\"datePublished\":\"2024-06-09T15:11:57+00:00\",\"dateModified\":\"2026-04-24T10:43:53+00:00\",\"breadcrumb\":{\"@id\":\"https:\/\/smans.com\/fr\/product\/laser-stripper-sylade-7h\/#breadcrumb\"},\"inLanguage\":\"fr-FR\",\"potentialAction\":[{\"@type\":\"ReadAction\",\"target\":[\"https:\/\/smans.com\/fr\/product\/laser-stripper-sylade-7h\/\"]}]},{\"@type\":\"BreadcrumbList\",\"@id\":\"https:\/\/smans.com\/fr\/product\/laser-stripper-sylade-7h\/#breadcrumb\",\"itemListElement\":[{\"@type\":\"ListItem\",\"position\":1,\"name\":\"Home\",\"item\":\"https:\/\/smans.com\/fr\/\"},{\"@type\":\"ListItem\",\"position\":2,\"name\":\"Boutique\",\"item\":\"https:\/\/smans.com\/nl\/shop\/\"},{\"@type\":\"ListItem\",\"position\":3,\"name\":\"Laselec - Laser Stripper Sylade 7H\"}]},{\"@type\":\"WebSite\",\"@id\":\"https:\/\/smans.com\/nl\/#website\",\"url\":\"https:\/\/smans.com\/nl\/\",\"name\":\"Smans\",\"description\":\"\",\"publisher\":{\"@id\":\"https:\/\/smans.com\/nl\/#organization\"},\"potentialAction\":[{\"@type\":\"SearchAction\",\"target\":{\"@type\":\"EntryPoint\",\"urlTemplate\":\"https:\/\/smans.com\/nl\/?s={search_term_string}\"},\"query-input\":{\"@type\":\"PropertyValueSpecification\",\"valueRequired\":true,\"valueName\":\"search_term_string\"}}],\"inLanguage\":\"fr-FR\"},{\"@type\":\"Organization\",\"@id\":\"https:\/\/smans.com\/nl\/#organization\",\"name\":\"Smans\",\"url\":\"https:\/\/smans.com\/nl\/\",\"logo\":{\"@type\":\"ImageObject\",\"inLanguage\":\"fr-FR\",\"@id\":\"https:\/\/smans.com\/nl\/#\/schema\/logo\/image\/\",\"url\":\"https:\/\/smans.com\/wp-content\/uploads\/2023\/09\/logo.svg\",\"contentUrl\":\"https:\/\/smans.com\/wp-content\/uploads\/2023\/09\/logo.svg\",\"caption\":\"Smans\"},\"image\":{\"@id\":\"https:\/\/smans.com\/nl\/#\/schema\/logo\/image\/\"}}]}<\/script>\n<!-- \/ Yoast SEO plugin. -->","yoast_head_json":{"title":"Laser Stripper Sylade 7H - Smans","robots":{"index":"index","follow":"follow","max-snippet":"max-snippet:-1","max-image-preview":"max-image-preview:large","max-video-preview":"max-video-preview:-1"},"canonical":"https:\/\/smans.com\/fr\/product\/laser-stripper-sylade-7h\/","og_locale":"fr_FR","og_type":"article","og_title":"Laser Stripper Sylade 7H - Smans","og_description":"Une machine \u00e0 d\u00e9couper au laser portable qui enl\u00e8ve l'isolation des c\u00e2bles avec une extr\u00eame pr\u00e9cision.","og_url":"https:\/\/smans.com\/fr\/product\/laser-stripper-sylade-7h\/","og_site_name":"Smans","article_modified_time":"2026-04-24T10:43:53+00:00","twitter_card":"summary_large_image","twitter_misc":{"Dur\u00e9e de lecture estim\u00e9e":"1 minute"},"schema":{"@context":"https:\/\/schema.org","@graph":[{"@type":"WebPage","@id":"https:\/\/smans.com\/fr\/product\/laser-stripper-sylade-7h\/","url":"https:\/\/smans.com\/fr\/product\/laser-stripper-sylade-7h\/","name":"Laser Stripper Sylade 7H - Smans","isPartOf":{"@id":"https:\/\/smans.com\/nl\/#website"},"datePublished":"2024-06-09T15:11:57+00:00","dateModified":"2026-04-24T10:43:53+00:00","breadcrumb":{"@id":"https:\/\/smans.com\/fr\/product\/laser-stripper-sylade-7h\/#breadcrumb"},"inLanguage":"fr-FR","potentialAction":[{"@type":"ReadAction","target":["https:\/\/smans.com\/fr\/product\/laser-stripper-sylade-7h\/"]}]},{"@type":"BreadcrumbList","@id":"https:\/\/smans.com\/fr\/product\/laser-stripper-sylade-7h\/#breadcrumb","itemListElement":[{"@type":"ListItem","position":1,"name":"Home","item":"https:\/\/smans.com\/fr\/"},{"@type":"ListItem","position":2,"name":"Boutique","item":"https:\/\/smans.com\/nl\/shop\/"},{"@type":"ListItem","position":3,"name":"Laselec - Laser Stripper Sylade 7H"}]},{"@type":"WebSite","@id":"https:\/\/smans.com\/nl\/#website","url":"https:\/\/smans.com\/nl\/","name":"Smans","description":"","publisher":{"@id":"https:\/\/smans.com\/nl\/#organization"},"potentialAction":[{"@type":"SearchAction","target":{"@type":"EntryPoint","urlTemplate":"https:\/\/smans.com\/nl\/?s={search_term_string}"},"query-input":{"@type":"PropertyValueSpecification","valueRequired":true,"valueName":"search_term_string"}}],"inLanguage":"fr-FR"},{"@type":"Organization","@id":"https:\/\/smans.com\/nl\/#organization","name":"Smans","url":"https:\/\/smans.com\/nl\/","logo":{"@type":"ImageObject","inLanguage":"fr-FR","@id":"https:\/\/smans.com\/nl\/#\/schema\/logo\/image\/","url":"https:\/\/smans.com\/wp-content\/uploads\/2023\/09\/logo.svg","contentUrl":"https:\/\/smans.com\/wp-content\/uploads\/2023\/09\/logo.svg","caption":"Smans"},"image":{"@id":"https:\/\/smans.com\/nl\/#\/schema\/logo\/image\/"}}]}},"brands":[{"id":18266,"name":"Laselec","slug":"brand-laselec-fr"}],"_links":{"self":[{"href":"https:\/\/smans.com\/fr\/wp-json\/wp\/v2\/product\/24424","targetHints":{"allow":["GET"]}}],"collection":[{"href":"https:\/\/smans.com\/fr\/wp-json\/wp\/v2\/product"}],"about":[{"href":"https:\/\/smans.com\/fr\/wp-json\/wp\/v2\/types\/product"}],"wp:attachment":[{"href":"https:\/\/smans.com\/fr\/wp-json\/wp\/v2\/media?parent=24424"}],"wp:term":[{"taxonomy":"pwb-brand","embeddable":true,"href":"https:\/\/smans.com\/fr\/wp-json\/wp\/v2\/pwb-brand?post=24424"},{"taxonomy":"product_brand","embeddable":true,"href":"https:\/\/smans.com\/fr\/wp-json\/wp\/v2\/product_brand?post=24424"},{"taxonomy":"product_cat","embeddable":true,"href":"https:\/\/smans.com\/fr\/wp-json\/wp\/v2\/product_cat?post=24424"},{"taxonomy":"product_tag","embeddable":true,"href":"https:\/\/smans.com\/fr\/wp-json\/wp\/v2\/product_tag?post=24424"}],"curies":[{"name":"wp","href":"https:\/\/api.w.org\/{rel}","templated":true}]}}