{"id":24432,"date":"2024-06-09T17:08:45","date_gmt":"2024-06-09T15:08:45","guid":{"rendered":"https:\/\/smans.com\/product\/hotmarking-unit-z-283\/"},"modified":"2026-04-09T12:58:03","modified_gmt":"2026-04-09T10:58:03","slug":"hotmarking-unit-z-283","status":"publish","type":"product","link":"https:\/\/smans.com\/fr\/product\/hotmarking-unit-z-283\/","title":{"rendered":"Loepfe - Hotmarking unit Z-283"},"content":{"rendered":"<p data-start=\"2118\" data-end=\"2354\">Le <strong data-start=\"2121\" data-end=\"2130\">Z-283<\/strong> est une <strong data-start=\"2139\" data-end=\"2189\">unit\u00e9 de marquage thermique \u00e9lectropneumatique<\/strong>, con\u00e7ue pour <strong data-start=\"2203\" data-end=\"2254\">le marquage des c\u00e2bles, fils et mat\u00e9riaux plats<\/strong> avec une <strong data-start=\"2264\" data-end=\"2310\">impression durable et r\u00e9sistante \u00e0 l\u2019usure<\/strong> gr\u00e2ce au <strong data-start=\"2320\" data-end=\"2351\">proc\u00e9d\u00e9 de marquage \u00e0 chaud<\/strong>.<\/p>\n<h4 data-start=\"2356\" data-end=\"2398\"><strong data-start=\"2361\" data-end=\"2396\">Options d\u2019Application Flexibles<\/strong><\/h4>\n<ul data-start=\"2399\" data-end=\"2624\">\n<li data-start=\"2399\" data-end=\"2478\"><strong data-start=\"2401\" data-end=\"2446\">Utilisation en tant que marqueur de table<\/strong> avec <strong data-start=\"2452\" data-end=\"2475\">commande par p\u00e9dale<\/strong>.<\/li>\n<li data-start=\"2479\" data-end=\"2549\"><strong data-start=\"2481\" data-end=\"2514\">Int\u00e9gration avec des coupeurs<\/strong> pour une production automatis\u00e9e.<\/li>\n<li data-start=\"2550\" data-end=\"2624\"><strong data-start=\"2552\" data-end=\"2595\">Compatibilit\u00e9 avec plusieurs fabricants<\/strong> via l\u2019interface existante.<\/li>\n<\/ul>\n<h4 data-start=\"2626\" data-end=\"2686\"><strong data-start=\"2631\" data-end=\"2684\">Production \u00c9volutive avec Extensions Optionnelles<\/strong><\/h4>\n<ul data-start=\"2687\" data-end=\"2893\">\n<li data-start=\"2687\" data-end=\"2743\"><strong data-start=\"2689\" data-end=\"2710\">Redresseur de fil<\/strong> pour un positionnement pr\u00e9cis.<\/li>\n<li data-start=\"2744\" data-end=\"2810\"><strong data-start=\"2746\" data-end=\"2779\">Syst\u00e8me d\u2019enroulement de film<\/strong> pour un traitement efficace.<\/li>\n<li data-start=\"2811\" data-end=\"2893\"><strong data-start=\"2813\" data-end=\"2850\">Syst\u00e8me de verrouillage des roues<\/strong> pour une <strong data-start=\"2860\" data-end=\"2890\">production en grande s\u00e9rie<\/strong>.<\/li>\n<\/ul>\n<p data-start=\"2895\" data-end=\"3092\" data-is-last-node=\"\">Le <strong data-start=\"2898\" data-end=\"2907\">Z-283<\/strong> est une <strong data-start=\"2916\" data-end=\"2961\">solution polyvalente, efficace et durable<\/strong> pour un <strong data-start=\"2970\" data-end=\"3018\">marquage de haute qualit\u00e9 des c\u00e2bles et fils<\/strong>, adapt\u00e9e aux <strong data-start=\"3032\" data-end=\"3091\">environnements de production \u00e0 petite et grande \u00e9chelle<\/strong>.<\/p>\n","protected":false},"excerpt":{"rendered":"<p>Z-283 : Unit\u00e9 de Thermique \u00c9lectropneumatique Polyvalente<\/p>\n","protected":false},"featured_media":0,"template":"","meta":{"_acf_changed":false},"pwb-brand":[18268],"product_brand":[],"product_cat":[17990,17995,18031],"product_tag":[],"class_list":{"0":"post-24432","1":"product","2":"type-product","3":"status-publish","5":"pwb-brand-brand-loepfe-fr","6":"product_cat-cables-et-cablage-fr","7":"product_cat-etiquetage-marquage-fr","8":"product_cat-hotstamp-markers-fr","10":"first","11":"instock","12":"taxable","13":"shipping-taxable","14":"product-type-simple"},"acf":[],"yoast_head":"<!-- This site is optimized with the Yoast SEO plugin v27.1.1 - https:\/\/yoast.com\/product\/yoast-seo-wordpress\/ -->\n<title>Hotmarking unit Z-283 - Smans<\/title>\n<meta name=\"robots\" content=\"index, follow, max-snippet:-1, max-image-preview:large, max-video-preview:-1\" \/>\n<link rel=\"canonical\" href=\"https:\/\/smans.com\/fr\/product\/hotmarking-unit-z-283\/\" \/>\n<meta property=\"og:locale\" content=\"fr_FR\" \/>\n<meta property=\"og:type\" content=\"article\" \/>\n<meta property=\"og:title\" content=\"Hotmarking unit Z-283 - Smans\" \/>\n<meta property=\"og:description\" content=\"Z-283 : Unit\u00e9 de Thermique \u00c9lectropneumatique Polyvalente\" \/>\n<meta property=\"og:url\" content=\"https:\/\/smans.com\/fr\/product\/hotmarking-unit-z-283\/\" \/>\n<meta property=\"og:site_name\" content=\"Smans\" \/>\n<meta property=\"article:modified_time\" content=\"2026-04-09T10:58:03+00:00\" \/>\n<meta name=\"twitter:card\" content=\"summary_large_image\" \/>\n<meta name=\"twitter:label1\" content=\"Dur\u00e9e de lecture estim\u00e9e\" \/>\n\t<meta name=\"twitter:data1\" content=\"1 minute\" \/>\n<script type=\"application\/ld+json\" class=\"yoast-schema-graph\">{\"@context\":\"https:\/\/schema.org\",\"@graph\":[{\"@type\":\"WebPage\",\"@id\":\"https:\/\/smans.com\/fr\/product\/hotmarking-unit-z-283\/\",\"url\":\"https:\/\/smans.com\/fr\/product\/hotmarking-unit-z-283\/\",\"name\":\"Hotmarking unit Z-283 - Smans\",\"isPartOf\":{\"@id\":\"https:\/\/smans.com\/nl\/#website\"},\"datePublished\":\"2024-06-09T15:08:45+00:00\",\"dateModified\":\"2026-04-09T10:58:03+00:00\",\"breadcrumb\":{\"@id\":\"https:\/\/smans.com\/fr\/product\/hotmarking-unit-z-283\/#breadcrumb\"},\"inLanguage\":\"fr-FR\",\"potentialAction\":[{\"@type\":\"ReadAction\",\"target\":[\"https:\/\/smans.com\/fr\/product\/hotmarking-unit-z-283\/\"]}]},{\"@type\":\"BreadcrumbList\",\"@id\":\"https:\/\/smans.com\/fr\/product\/hotmarking-unit-z-283\/#breadcrumb\",\"itemListElement\":[{\"@type\":\"ListItem\",\"position\":1,\"name\":\"Home\",\"item\":\"https:\/\/smans.com\/fr\/\"},{\"@type\":\"ListItem\",\"position\":2,\"name\":\"Boutique\",\"item\":\"https:\/\/smans.com\/nl\/shop\/\"},{\"@type\":\"ListItem\",\"position\":3,\"name\":\"Loepfe - Hotmarking unit Z-283\"}]},{\"@type\":\"WebSite\",\"@id\":\"https:\/\/smans.com\/nl\/#website\",\"url\":\"https:\/\/smans.com\/nl\/\",\"name\":\"Smans\",\"description\":\"\",\"publisher\":{\"@id\":\"https:\/\/smans.com\/nl\/#organization\"},\"potentialAction\":[{\"@type\":\"SearchAction\",\"target\":{\"@type\":\"EntryPoint\",\"urlTemplate\":\"https:\/\/smans.com\/nl\/?s={search_term_string}\"},\"query-input\":{\"@type\":\"PropertyValueSpecification\",\"valueRequired\":true,\"valueName\":\"search_term_string\"}}],\"inLanguage\":\"fr-FR\"},{\"@type\":\"Organization\",\"@id\":\"https:\/\/smans.com\/nl\/#organization\",\"name\":\"Smans\",\"url\":\"https:\/\/smans.com\/nl\/\",\"logo\":{\"@type\":\"ImageObject\",\"inLanguage\":\"fr-FR\",\"@id\":\"https:\/\/smans.com\/nl\/#\/schema\/logo\/image\/\",\"url\":\"https:\/\/smans.com\/wp-content\/uploads\/2023\/09\/logo.svg\",\"contentUrl\":\"https:\/\/smans.com\/wp-content\/uploads\/2023\/09\/logo.svg\",\"caption\":\"Smans\"},\"image\":{\"@id\":\"https:\/\/smans.com\/nl\/#\/schema\/logo\/image\/\"}}]}<\/script>\n<!-- \/ Yoast SEO plugin. -->","yoast_head_json":{"title":"Hotmarking unit Z-283 - Smans","robots":{"index":"index","follow":"follow","max-snippet":"max-snippet:-1","max-image-preview":"max-image-preview:large","max-video-preview":"max-video-preview:-1"},"canonical":"https:\/\/smans.com\/fr\/product\/hotmarking-unit-z-283\/","og_locale":"fr_FR","og_type":"article","og_title":"Hotmarking unit Z-283 - Smans","og_description":"Z-283 : Unit\u00e9 de Thermique \u00c9lectropneumatique Polyvalente","og_url":"https:\/\/smans.com\/fr\/product\/hotmarking-unit-z-283\/","og_site_name":"Smans","article_modified_time":"2026-04-09T10:58:03+00:00","twitter_card":"summary_large_image","twitter_misc":{"Dur\u00e9e de lecture estim\u00e9e":"1 minute"},"schema":{"@context":"https:\/\/schema.org","@graph":[{"@type":"WebPage","@id":"https:\/\/smans.com\/fr\/product\/hotmarking-unit-z-283\/","url":"https:\/\/smans.com\/fr\/product\/hotmarking-unit-z-283\/","name":"Hotmarking unit Z-283 - Smans","isPartOf":{"@id":"https:\/\/smans.com\/nl\/#website"},"datePublished":"2024-06-09T15:08:45+00:00","dateModified":"2026-04-09T10:58:03+00:00","breadcrumb":{"@id":"https:\/\/smans.com\/fr\/product\/hotmarking-unit-z-283\/#breadcrumb"},"inLanguage":"fr-FR","potentialAction":[{"@type":"ReadAction","target":["https:\/\/smans.com\/fr\/product\/hotmarking-unit-z-283\/"]}]},{"@type":"BreadcrumbList","@id":"https:\/\/smans.com\/fr\/product\/hotmarking-unit-z-283\/#breadcrumb","itemListElement":[{"@type":"ListItem","position":1,"name":"Home","item":"https:\/\/smans.com\/fr\/"},{"@type":"ListItem","position":2,"name":"Boutique","item":"https:\/\/smans.com\/nl\/shop\/"},{"@type":"ListItem","position":3,"name":"Loepfe - Hotmarking unit Z-283"}]},{"@type":"WebSite","@id":"https:\/\/smans.com\/nl\/#website","url":"https:\/\/smans.com\/nl\/","name":"Smans","description":"","publisher":{"@id":"https:\/\/smans.com\/nl\/#organization"},"potentialAction":[{"@type":"SearchAction","target":{"@type":"EntryPoint","urlTemplate":"https:\/\/smans.com\/nl\/?s={search_term_string}"},"query-input":{"@type":"PropertyValueSpecification","valueRequired":true,"valueName":"search_term_string"}}],"inLanguage":"fr-FR"},{"@type":"Organization","@id":"https:\/\/smans.com\/nl\/#organization","name":"Smans","url":"https:\/\/smans.com\/nl\/","logo":{"@type":"ImageObject","inLanguage":"fr-FR","@id":"https:\/\/smans.com\/nl\/#\/schema\/logo\/image\/","url":"https:\/\/smans.com\/wp-content\/uploads\/2023\/09\/logo.svg","contentUrl":"https:\/\/smans.com\/wp-content\/uploads\/2023\/09\/logo.svg","caption":"Smans"},"image":{"@id":"https:\/\/smans.com\/nl\/#\/schema\/logo\/image\/"}}]}},"brands":[{"id":18268,"name":"Loepfe","slug":"brand-loepfe-fr"}],"_links":{"self":[{"href":"https:\/\/smans.com\/fr\/wp-json\/wp\/v2\/product\/24432","targetHints":{"allow":["GET"]}}],"collection":[{"href":"https:\/\/smans.com\/fr\/wp-json\/wp\/v2\/product"}],"about":[{"href":"https:\/\/smans.com\/fr\/wp-json\/wp\/v2\/types\/product"}],"wp:attachment":[{"href":"https:\/\/smans.com\/fr\/wp-json\/wp\/v2\/media?parent=24432"}],"wp:term":[{"taxonomy":"pwb-brand","embeddable":true,"href":"https:\/\/smans.com\/fr\/wp-json\/wp\/v2\/pwb-brand?post=24432"},{"taxonomy":"product_brand","embeddable":true,"href":"https:\/\/smans.com\/fr\/wp-json\/wp\/v2\/product_brand?post=24432"},{"taxonomy":"product_cat","embeddable":true,"href":"https:\/\/smans.com\/fr\/wp-json\/wp\/v2\/product_cat?post=24432"},{"taxonomy":"product_tag","embeddable":true,"href":"https:\/\/smans.com\/fr\/wp-json\/wp\/v2\/product_tag?post=24432"}],"curies":[{"name":"wp","href":"https:\/\/api.w.org\/{rel}","templated":true}]}}