{"id":24435,"date":"2024-06-09T17:09:21","date_gmt":"2024-06-09T15:09:21","guid":{"rendered":"https:\/\/smans.com\/product\/steel-rail-cutter-rc-300\/"},"modified":"2026-04-13T12:32:44","modified_gmt":"2026-04-13T10:32:44","slug":"steel-rail-cutter-rc-300","status":"publish","type":"product","link":"https:\/\/smans.com\/fr\/product\/steel-rail-cutter-rc-300\/","title":{"rendered":"GLW - Steel Rail Cutter RC 300"},"content":{"rendered":"<div class=\"flex max-w-full flex-col flex-grow\">\n<div class=\"min-h-8 text-message flex w-full flex-col items-end gap-2 whitespace-normal break-words text-start [.text-message+&amp;]:mt-5\" dir=\"auto\" data-message-author-role=\"assistant\" data-message-id=\"a24bfe9f-9958-4c2c-a8fd-de1ceffe4f2a\" data-message-model-slug=\"gpt-4o-mini\">\n<div class=\"flex w-full flex-col gap-1 empty:hidden first:pt-[3px]\">\n<div class=\"markdown prose w-full break-words dark:prose-invert light\">\n<p data-start=\"760\" data-end=\"847\"><strong data-start=\"774\" data-end=\"845\">Scie RC 300 : D\u00e9coupe Pr\u00e9cise et Sans \u00c9barbage des Rails de Montage<\/strong><\/p>\n<p data-start=\"849\" data-end=\"1081\">La scie RC 300 permet de couper les rails de montage avec pr\u00e9cision et sans \u00e9barbage, en faisant peu d&rsquo;effort et sans laisser de copeaux. Les bords de coupe sont proprement biseaut\u00e9s, ce qui \u00e9limine le besoin de travaux de finition.<\/p>\n<p data-start=\"1083\" data-end=\"1469\">La RC 300 fonctionne silencieusement, am\u00e9liorant ainsi la s\u00e9curit\u00e9 et le confort sur le lieu de travail. Gr\u00e2ce \u00e0 la r\u00e8gle de mesure avec un but\u00e9e de longueur, les rails de montage peuvent \u00eatre coup\u00e9s rapidement et avec une pr\u00e9cision millim\u00e9trique \u00e0 la longueur souhait\u00e9e. Le bo\u00eetier robuste garantit que la machine offre des performances de d\u00e9coupe fiables pendant de nombreuses ann\u00e9es.<\/p>\n<p data-start=\"1471\" data-end=\"1488\"><strong data-start=\"1471\" data-end=\"1486\">Avantages :<\/strong><\/p>\n<ul data-start=\"1489\" data-end=\"1658\" data-is-last-node=\"\">\n<li data-start=\"1489\" data-end=\"1535\"><strong data-start=\"1491\" data-end=\"1533\">S\u00e9curit\u00e9 accrue sur le lieu de travail<\/strong><\/li>\n<li data-start=\"1536\" data-end=\"1582\"><strong data-start=\"1538\" data-end=\"1580\">Fonctionnement silencieux sans copeaux<\/strong><\/li>\n<li data-start=\"1583\" data-end=\"1627\"><strong data-start=\"1585\" data-end=\"1625\">Aucun travail de finition n\u00e9cessaire<\/strong><\/li>\n<li data-start=\"1628\" data-end=\"1658\" data-is-last-node=\"\"><strong data-start=\"1630\" data-end=\"1656\">Facilit\u00e9 d&rsquo;utilisation<\/strong><\/li>\n<\/ul>\n<\/div>\n<\/div>\n<\/div>\n<\/div>\n<div class=\"mb-2 flex gap-3 empty:hidden -ml-2\">\n<div class=\"items-center justify-start rounded-xl p-1 flex\">\u00a0<\/div>\n<\/div>\n","protected":false},"excerpt":{"rendered":"<p>Appareil mobile qui coupe rapidement les rails de montage \u00e0 la bonne longueur.<\/p>\n","protected":false},"featured_media":0,"template":"","meta":{"_acf_changed":false},"pwb-brand":[18244],"product_brand":[],"product_cat":[17990,17994,17993,18038],"product_tag":[],"class_list":{"0":"post-24435","1":"product","2":"type-product","3":"status-publish","5":"pwb-brand-brand-glw-fr","6":"product_cat-cables-et-cablage-fr","7":"product_cat-construction-de-panneau-fr","8":"product_cat-couper-denuder-sertissage-fr","9":"product_cat-cutting-fr","11":"first","12":"instock","13":"taxable","14":"shipping-taxable","15":"purchasable","16":"product-type-simple"},"acf":[],"yoast_head":"<!-- This site is optimized with the Yoast SEO plugin v27.1.1 - https:\/\/yoast.com\/product\/yoast-seo-wordpress\/ -->\n<title>Steel Rail Cutter RC 300 - Smans<\/title>\n<meta name=\"robots\" content=\"index, follow, max-snippet:-1, max-image-preview:large, max-video-preview:-1\" \/>\n<link rel=\"canonical\" href=\"https:\/\/smans.com\/fr\/product\/steel-rail-cutter-rc-300\/\" \/>\n<meta property=\"og:locale\" content=\"fr_FR\" \/>\n<meta property=\"og:type\" content=\"article\" \/>\n<meta property=\"og:title\" content=\"Steel Rail Cutter RC 300 - Smans\" \/>\n<meta property=\"og:description\" content=\"Appareil mobile qui coupe rapidement les rails de montage \u00e0 la bonne longueur.\" \/>\n<meta property=\"og:url\" content=\"https:\/\/smans.com\/fr\/product\/steel-rail-cutter-rc-300\/\" \/>\n<meta property=\"og:site_name\" content=\"Smans\" \/>\n<meta property=\"article:modified_time\" content=\"2026-04-13T10:32:44+00:00\" \/>\n<meta name=\"twitter:card\" content=\"summary_large_image\" \/>\n<meta name=\"twitter:label1\" content=\"Dur\u00e9e de lecture estim\u00e9e\" \/>\n\t<meta name=\"twitter:data1\" content=\"1 minute\" \/>\n<script type=\"application\/ld+json\" class=\"yoast-schema-graph\">{\"@context\":\"https:\/\/schema.org\",\"@graph\":[{\"@type\":\"WebPage\",\"@id\":\"https:\/\/smans.com\/fr\/product\/steel-rail-cutter-rc-300\/\",\"url\":\"https:\/\/smans.com\/fr\/product\/steel-rail-cutter-rc-300\/\",\"name\":\"Steel Rail Cutter RC 300 - Smans\",\"isPartOf\":{\"@id\":\"https:\/\/smans.com\/nl\/#website\"},\"datePublished\":\"2024-06-09T15:09:21+00:00\",\"dateModified\":\"2026-04-13T10:32:44+00:00\",\"breadcrumb\":{\"@id\":\"https:\/\/smans.com\/fr\/product\/steel-rail-cutter-rc-300\/#breadcrumb\"},\"inLanguage\":\"fr-FR\",\"potentialAction\":[{\"@type\":\"ReadAction\",\"target\":[\"https:\/\/smans.com\/fr\/product\/steel-rail-cutter-rc-300\/\"]}]},{\"@type\":\"BreadcrumbList\",\"@id\":\"https:\/\/smans.com\/fr\/product\/steel-rail-cutter-rc-300\/#breadcrumb\",\"itemListElement\":[{\"@type\":\"ListItem\",\"position\":1,\"name\":\"Home\",\"item\":\"https:\/\/smans.com\/fr\/\"},{\"@type\":\"ListItem\",\"position\":2,\"name\":\"Boutique\",\"item\":\"https:\/\/smans.com\/nl\/shop\/\"},{\"@type\":\"ListItem\",\"position\":3,\"name\":\"GLW - Steel Rail Cutter RC 300\"}]},{\"@type\":\"WebSite\",\"@id\":\"https:\/\/smans.com\/nl\/#website\",\"url\":\"https:\/\/smans.com\/nl\/\",\"name\":\"Smans\",\"description\":\"\",\"publisher\":{\"@id\":\"https:\/\/smans.com\/nl\/#organization\"},\"potentialAction\":[{\"@type\":\"SearchAction\",\"target\":{\"@type\":\"EntryPoint\",\"urlTemplate\":\"https:\/\/smans.com\/nl\/?s={search_term_string}\"},\"query-input\":{\"@type\":\"PropertyValueSpecification\",\"valueRequired\":true,\"valueName\":\"search_term_string\"}}],\"inLanguage\":\"fr-FR\"},{\"@type\":\"Organization\",\"@id\":\"https:\/\/smans.com\/nl\/#organization\",\"name\":\"Smans\",\"url\":\"https:\/\/smans.com\/nl\/\",\"logo\":{\"@type\":\"ImageObject\",\"inLanguage\":\"fr-FR\",\"@id\":\"https:\/\/smans.com\/nl\/#\/schema\/logo\/image\/\",\"url\":\"https:\/\/smans.com\/wp-content\/uploads\/2023\/09\/logo.svg\",\"contentUrl\":\"https:\/\/smans.com\/wp-content\/uploads\/2023\/09\/logo.svg\",\"caption\":\"Smans\"},\"image\":{\"@id\":\"https:\/\/smans.com\/nl\/#\/schema\/logo\/image\/\"}}]}<\/script>\n<!-- \/ Yoast SEO plugin. -->","yoast_head_json":{"title":"Steel Rail Cutter RC 300 - Smans","robots":{"index":"index","follow":"follow","max-snippet":"max-snippet:-1","max-image-preview":"max-image-preview:large","max-video-preview":"max-video-preview:-1"},"canonical":"https:\/\/smans.com\/fr\/product\/steel-rail-cutter-rc-300\/","og_locale":"fr_FR","og_type":"article","og_title":"Steel Rail Cutter RC 300 - Smans","og_description":"Appareil mobile qui coupe rapidement les rails de montage \u00e0 la bonne longueur.","og_url":"https:\/\/smans.com\/fr\/product\/steel-rail-cutter-rc-300\/","og_site_name":"Smans","article_modified_time":"2026-04-13T10:32:44+00:00","twitter_card":"summary_large_image","twitter_misc":{"Dur\u00e9e de lecture estim\u00e9e":"1 minute"},"schema":{"@context":"https:\/\/schema.org","@graph":[{"@type":"WebPage","@id":"https:\/\/smans.com\/fr\/product\/steel-rail-cutter-rc-300\/","url":"https:\/\/smans.com\/fr\/product\/steel-rail-cutter-rc-300\/","name":"Steel Rail Cutter RC 300 - Smans","isPartOf":{"@id":"https:\/\/smans.com\/nl\/#website"},"datePublished":"2024-06-09T15:09:21+00:00","dateModified":"2026-04-13T10:32:44+00:00","breadcrumb":{"@id":"https:\/\/smans.com\/fr\/product\/steel-rail-cutter-rc-300\/#breadcrumb"},"inLanguage":"fr-FR","potentialAction":[{"@type":"ReadAction","target":["https:\/\/smans.com\/fr\/product\/steel-rail-cutter-rc-300\/"]}]},{"@type":"BreadcrumbList","@id":"https:\/\/smans.com\/fr\/product\/steel-rail-cutter-rc-300\/#breadcrumb","itemListElement":[{"@type":"ListItem","position":1,"name":"Home","item":"https:\/\/smans.com\/fr\/"},{"@type":"ListItem","position":2,"name":"Boutique","item":"https:\/\/smans.com\/nl\/shop\/"},{"@type":"ListItem","position":3,"name":"GLW - Steel Rail Cutter RC 300"}]},{"@type":"WebSite","@id":"https:\/\/smans.com\/nl\/#website","url":"https:\/\/smans.com\/nl\/","name":"Smans","description":"","publisher":{"@id":"https:\/\/smans.com\/nl\/#organization"},"potentialAction":[{"@type":"SearchAction","target":{"@type":"EntryPoint","urlTemplate":"https:\/\/smans.com\/nl\/?s={search_term_string}"},"query-input":{"@type":"PropertyValueSpecification","valueRequired":true,"valueName":"search_term_string"}}],"inLanguage":"fr-FR"},{"@type":"Organization","@id":"https:\/\/smans.com\/nl\/#organization","name":"Smans","url":"https:\/\/smans.com\/nl\/","logo":{"@type":"ImageObject","inLanguage":"fr-FR","@id":"https:\/\/smans.com\/nl\/#\/schema\/logo\/image\/","url":"https:\/\/smans.com\/wp-content\/uploads\/2023\/09\/logo.svg","contentUrl":"https:\/\/smans.com\/wp-content\/uploads\/2023\/09\/logo.svg","caption":"Smans"},"image":{"@id":"https:\/\/smans.com\/nl\/#\/schema\/logo\/image\/"}}]}},"brands":[{"id":18244,"name":"GLW","slug":"brand-glw-fr"}],"_links":{"self":[{"href":"https:\/\/smans.com\/fr\/wp-json\/wp\/v2\/product\/24435","targetHints":{"allow":["GET"]}}],"collection":[{"href":"https:\/\/smans.com\/fr\/wp-json\/wp\/v2\/product"}],"about":[{"href":"https:\/\/smans.com\/fr\/wp-json\/wp\/v2\/types\/product"}],"wp:attachment":[{"href":"https:\/\/smans.com\/fr\/wp-json\/wp\/v2\/media?parent=24435"}],"wp:term":[{"taxonomy":"pwb-brand","embeddable":true,"href":"https:\/\/smans.com\/fr\/wp-json\/wp\/v2\/pwb-brand?post=24435"},{"taxonomy":"product_brand","embeddable":true,"href":"https:\/\/smans.com\/fr\/wp-json\/wp\/v2\/product_brand?post=24435"},{"taxonomy":"product_cat","embeddable":true,"href":"https:\/\/smans.com\/fr\/wp-json\/wp\/v2\/product_cat?post=24435"},{"taxonomy":"product_tag","embeddable":true,"href":"https:\/\/smans.com\/fr\/wp-json\/wp\/v2\/product_tag?post=24435"}],"curies":[{"name":"wp","href":"https:\/\/api.w.org\/{rel}","templated":true}]}}