{"id":24456,"date":"2024-06-09T17:12:34","date_gmt":"2024-06-09T15:12:34","guid":{"rendered":"https:\/\/smans.com\/product\/manual-cable-stripper-m-10-170\/"},"modified":"2026-04-10T12:48:24","modified_gmt":"2026-04-10T10:48:24","slug":"manual-cable-stripper-m-10-170","status":"publish","type":"product","link":"https:\/\/smans.com\/fr\/product\/manual-cable-stripper-m-10-170\/","title":{"rendered":"Rometsch - Manual Cable Stripper M 10\/170, couteaux exclus"},"content":{"rendered":"<p>Le M 10\/170 de Rometsch est un <strong>d\u00e9capant de c\u00e2bles manuel<\/strong> facile \u00e0 utiliser, con\u00e7u pour retirer efficacement et de mani\u00e8re contr\u00f4l\u00e9e l&rsquo;isolation des c\u00e2bles.<\/p>\n<p>Un simple mouvement de levage suffit pour retirer avec pr\u00e9cision la gaine ext\u00e9rieure des c\u00e2bles, sans risque d&rsquo;endommager les conducteurs internes. Les lames de coupe et la longueur de d\u00e9nudage sont r\u00e9glables sans outil, ce qui permet \u00e0 la machine de s&rsquo;adapter rapidement \u00e0 diff\u00e9rents types de c\u00e2bles et \u00e0 des longueurs allant jusqu&rsquo;\u00e0 170 mm.<\/p>\n<p>Gr\u00e2ce \u00e0 sa construction stable, son faible besoin d&rsquo;entretien et son temps de r\u00e9glage rapide, le Stripper M 10\/170 est la solution id\u00e9ale pour les professionnels qui effectuent r\u00e9guli\u00e8rement des travaux de pr\u00e9paration de c\u00e2bles avec une fiabilit\u00e9 maximale.<\/p>\n<p><span style=\"font-size: 10pt\"><strong>Lames \u00e0 commander s\u00e9par\u00e9ment : <\/strong>cliquez <a href=\"https:\/\/smans.com\/fr\/product-category\/cables-et-cablage-fr\/pieces-detachees-et-pieces-d-usure-fr\/rometsch-fr\/?yith_wcan=1&#038;filter_machine=m15&#038;query_type_machine=or\">ici<\/a>.<\/span><\/p>\n","protected":false},"excerpt":{"rendered":"<p>Une pince \u00e0 d\u00e9nuder manuelle robuste pour retirer rapidement et facilement l&rsquo;isolation ext\u00e9rieure des c\u00e2bles d&rsquo;un diam\u00e8tre maximal de 10 mm.<\/p>\n","protected":false},"featured_media":0,"template":"","meta":{"_acf_changed":false},"pwb-brand":[18292],"product_brand":[],"product_cat":[17990,17993,18042],"product_tag":[],"class_list":{"0":"post-24456","1":"product","2":"type-product","3":"status-publish","5":"pwb-brand-brand-rometsch-fr","6":"product_cat-cables-et-cablage-fr","7":"product_cat-couper-denuder-sertissage-fr","8":"product_cat-denudeuses-de-fils-fr","10":"first","11":"instock","12":"taxable","13":"shipping-taxable","14":"purchasable","15":"product-type-simple"},"acf":[],"yoast_head":"<!-- This site is optimized with the Yoast SEO plugin v27.1.1 - https:\/\/yoast.com\/product\/yoast-seo-wordpress\/ -->\n<title>Manual Cable Stripper M 10\/170, couteaux exclus - Smans<\/title>\n<meta name=\"robots\" content=\"index, follow, max-snippet:-1, max-image-preview:large, max-video-preview:-1\" \/>\n<link rel=\"canonical\" href=\"https:\/\/smans.com\/fr\/product\/manual-cable-stripper-m-10-170\/\" \/>\n<meta property=\"og:locale\" content=\"fr_FR\" \/>\n<meta property=\"og:type\" content=\"article\" \/>\n<meta property=\"og:title\" content=\"Manual Cable Stripper M 10\/170, couteaux exclus - Smans\" \/>\n<meta property=\"og:description\" content=\"Une pince \u00e0 d\u00e9nuder manuelle robuste pour retirer rapidement et facilement l&#039;isolation ext\u00e9rieure des c\u00e2bles d&#039;un diam\u00e8tre maximal de 10 mm.\" \/>\n<meta property=\"og:url\" content=\"https:\/\/smans.com\/fr\/product\/manual-cable-stripper-m-10-170\/\" \/>\n<meta property=\"og:site_name\" content=\"Smans\" \/>\n<meta property=\"article:modified_time\" content=\"2026-04-10T10:48:24+00:00\" \/>\n<meta name=\"twitter:card\" content=\"summary_large_image\" \/>\n<meta name=\"twitter:label1\" content=\"Dur\u00e9e de lecture estim\u00e9e\" \/>\n\t<meta name=\"twitter:data1\" content=\"1 minute\" \/>\n<script type=\"application\/ld+json\" class=\"yoast-schema-graph\">{\"@context\":\"https:\/\/schema.org\",\"@graph\":[{\"@type\":\"WebPage\",\"@id\":\"https:\/\/smans.com\/fr\/product\/manual-cable-stripper-m-10-170\/\",\"url\":\"https:\/\/smans.com\/fr\/product\/manual-cable-stripper-m-10-170\/\",\"name\":\"Manual Cable Stripper M 10\/170, couteaux exclus - Smans\",\"isPartOf\":{\"@id\":\"https:\/\/smans.com\/nl\/#website\"},\"datePublished\":\"2024-06-09T15:12:34+00:00\",\"dateModified\":\"2026-04-10T10:48:24+00:00\",\"breadcrumb\":{\"@id\":\"https:\/\/smans.com\/fr\/product\/manual-cable-stripper-m-10-170\/#breadcrumb\"},\"inLanguage\":\"fr-FR\",\"potentialAction\":[{\"@type\":\"ReadAction\",\"target\":[\"https:\/\/smans.com\/fr\/product\/manual-cable-stripper-m-10-170\/\"]}]},{\"@type\":\"BreadcrumbList\",\"@id\":\"https:\/\/smans.com\/fr\/product\/manual-cable-stripper-m-10-170\/#breadcrumb\",\"itemListElement\":[{\"@type\":\"ListItem\",\"position\":1,\"name\":\"Home\",\"item\":\"https:\/\/smans.com\/fr\/\"},{\"@type\":\"ListItem\",\"position\":2,\"name\":\"Boutique\",\"item\":\"https:\/\/smans.com\/nl\/shop\/\"},{\"@type\":\"ListItem\",\"position\":3,\"name\":\"Rometsch - Manual Cable Stripper M 10\/170, couteaux exclus\"}]},{\"@type\":\"WebSite\",\"@id\":\"https:\/\/smans.com\/nl\/#website\",\"url\":\"https:\/\/smans.com\/nl\/\",\"name\":\"Smans\",\"description\":\"\",\"publisher\":{\"@id\":\"https:\/\/smans.com\/nl\/#organization\"},\"potentialAction\":[{\"@type\":\"SearchAction\",\"target\":{\"@type\":\"EntryPoint\",\"urlTemplate\":\"https:\/\/smans.com\/nl\/?s={search_term_string}\"},\"query-input\":{\"@type\":\"PropertyValueSpecification\",\"valueRequired\":true,\"valueName\":\"search_term_string\"}}],\"inLanguage\":\"fr-FR\"},{\"@type\":\"Organization\",\"@id\":\"https:\/\/smans.com\/nl\/#organization\",\"name\":\"Smans\",\"url\":\"https:\/\/smans.com\/nl\/\",\"logo\":{\"@type\":\"ImageObject\",\"inLanguage\":\"fr-FR\",\"@id\":\"https:\/\/smans.com\/nl\/#\/schema\/logo\/image\/\",\"url\":\"https:\/\/smans.com\/wp-content\/uploads\/2023\/09\/logo.svg\",\"contentUrl\":\"https:\/\/smans.com\/wp-content\/uploads\/2023\/09\/logo.svg\",\"caption\":\"Smans\"},\"image\":{\"@id\":\"https:\/\/smans.com\/nl\/#\/schema\/logo\/image\/\"}}]}<\/script>\n<!-- \/ Yoast SEO plugin. -->","yoast_head_json":{"title":"Manual Cable Stripper M 10\/170, couteaux exclus - Smans","robots":{"index":"index","follow":"follow","max-snippet":"max-snippet:-1","max-image-preview":"max-image-preview:large","max-video-preview":"max-video-preview:-1"},"canonical":"https:\/\/smans.com\/fr\/product\/manual-cable-stripper-m-10-170\/","og_locale":"fr_FR","og_type":"article","og_title":"Manual Cable Stripper M 10\/170, couteaux exclus - Smans","og_description":"Une pince \u00e0 d\u00e9nuder manuelle robuste pour retirer rapidement et facilement l'isolation ext\u00e9rieure des c\u00e2bles d'un diam\u00e8tre maximal de 10 mm.","og_url":"https:\/\/smans.com\/fr\/product\/manual-cable-stripper-m-10-170\/","og_site_name":"Smans","article_modified_time":"2026-04-10T10:48:24+00:00","twitter_card":"summary_large_image","twitter_misc":{"Dur\u00e9e de lecture estim\u00e9e":"1 minute"},"schema":{"@context":"https:\/\/schema.org","@graph":[{"@type":"WebPage","@id":"https:\/\/smans.com\/fr\/product\/manual-cable-stripper-m-10-170\/","url":"https:\/\/smans.com\/fr\/product\/manual-cable-stripper-m-10-170\/","name":"Manual Cable Stripper M 10\/170, couteaux exclus - Smans","isPartOf":{"@id":"https:\/\/smans.com\/nl\/#website"},"datePublished":"2024-06-09T15:12:34+00:00","dateModified":"2026-04-10T10:48:24+00:00","breadcrumb":{"@id":"https:\/\/smans.com\/fr\/product\/manual-cable-stripper-m-10-170\/#breadcrumb"},"inLanguage":"fr-FR","potentialAction":[{"@type":"ReadAction","target":["https:\/\/smans.com\/fr\/product\/manual-cable-stripper-m-10-170\/"]}]},{"@type":"BreadcrumbList","@id":"https:\/\/smans.com\/fr\/product\/manual-cable-stripper-m-10-170\/#breadcrumb","itemListElement":[{"@type":"ListItem","position":1,"name":"Home","item":"https:\/\/smans.com\/fr\/"},{"@type":"ListItem","position":2,"name":"Boutique","item":"https:\/\/smans.com\/nl\/shop\/"},{"@type":"ListItem","position":3,"name":"Rometsch - Manual Cable Stripper M 10\/170, couteaux exclus"}]},{"@type":"WebSite","@id":"https:\/\/smans.com\/nl\/#website","url":"https:\/\/smans.com\/nl\/","name":"Smans","description":"","publisher":{"@id":"https:\/\/smans.com\/nl\/#organization"},"potentialAction":[{"@type":"SearchAction","target":{"@type":"EntryPoint","urlTemplate":"https:\/\/smans.com\/nl\/?s={search_term_string}"},"query-input":{"@type":"PropertyValueSpecification","valueRequired":true,"valueName":"search_term_string"}}],"inLanguage":"fr-FR"},{"@type":"Organization","@id":"https:\/\/smans.com\/nl\/#organization","name":"Smans","url":"https:\/\/smans.com\/nl\/","logo":{"@type":"ImageObject","inLanguage":"fr-FR","@id":"https:\/\/smans.com\/nl\/#\/schema\/logo\/image\/","url":"https:\/\/smans.com\/wp-content\/uploads\/2023\/09\/logo.svg","contentUrl":"https:\/\/smans.com\/wp-content\/uploads\/2023\/09\/logo.svg","caption":"Smans"},"image":{"@id":"https:\/\/smans.com\/nl\/#\/schema\/logo\/image\/"}}]}},"brands":[{"id":18292,"name":"Rometsch","slug":"brand-rometsch-fr"}],"_links":{"self":[{"href":"https:\/\/smans.com\/fr\/wp-json\/wp\/v2\/product\/24456","targetHints":{"allow":["GET"]}}],"collection":[{"href":"https:\/\/smans.com\/fr\/wp-json\/wp\/v2\/product"}],"about":[{"href":"https:\/\/smans.com\/fr\/wp-json\/wp\/v2\/types\/product"}],"wp:attachment":[{"href":"https:\/\/smans.com\/fr\/wp-json\/wp\/v2\/media?parent=24456"}],"wp:term":[{"taxonomy":"pwb-brand","embeddable":true,"href":"https:\/\/smans.com\/fr\/wp-json\/wp\/v2\/pwb-brand?post=24456"},{"taxonomy":"product_brand","embeddable":true,"href":"https:\/\/smans.com\/fr\/wp-json\/wp\/v2\/product_brand?post=24456"},{"taxonomy":"product_cat","embeddable":true,"href":"https:\/\/smans.com\/fr\/wp-json\/wp\/v2\/product_cat?post=24456"},{"taxonomy":"product_tag","embeddable":true,"href":"https:\/\/smans.com\/fr\/wp-json\/wp\/v2\/product_tag?post=24456"}],"curies":[{"name":"wp","href":"https:\/\/api.w.org\/{rel}","templated":true}]}}