{"id":24457,"date":"2024-06-09T17:12:16","date_gmt":"2024-06-09T15:12:16","guid":{"rendered":"https:\/\/smans.com\/product\/posss\/"},"modified":"2026-04-21T13:40:32","modified_gmt":"2026-04-21T11:40:32","slug":"posss","status":"publish","type":"product","link":"https:\/\/smans.com\/fr\/product\/posss\/","title":{"rendered":"Posss - POSSS"},"content":{"rendered":"<p>L&rsquo;efficacit\u00e9. C&rsquo;est ce qui compte dans la construction d&rsquo;armoires \u00e9lectriques ou la confection de c\u00e2bles. Il s&rsquo;agit de travailler plus rapidement, de simplifier le montage et de r\u00e9duire les co\u00fbts. C&rsquo;est ainsi que vous faites la diff\u00e9rence.<\/p>\n<p>Le logiciel POSSS vous aide \u00e0 y parvenir.<\/p>\n<p>Forts de notre exp\u00e9rience dans la construction d&rsquo;armoires \u00e9lectriques, l&rsquo;industrie \u00e9lectronique et l&rsquo;industrie du c\u00e2ble, nous avons d\u00e9velopp\u00e9 ce qui manquait \u00e0 notre propre processus de production : un \u00ab cha\u00eenon manquant \u00bb logique entre la machine et le montage. Un <strong>simple faisceau<\/strong> qui permet aux employ\u00e9s ayant un minimum de connaissances techniques de produire plus efficacement.<\/p>\n<ul>\n<li>Adieu les sch\u00e9mas<\/li>\n<li>Classement logique et ensembles<\/li>\n<li>Jusqu&rsquo;\u00e0 70 % de gain de temps sur le montage<\/li>\n<li>Sp\u00e9cifications claires pour la finition manuelle incluses<\/li>\n<\/ul>\n","protected":false},"excerpt":{"rendered":"<p>POSSS num\u00e9rise le flux de production des fils \u00e9lectriques en les regroupant et en les identifiant correctement, ce qui permet une finition et un assemblage rapides et rentables.<\/p>\n","protected":false},"featured_media":0,"template":"","meta":{"_acf_changed":false},"pwb-brand":[18282],"product_brand":[],"product_cat":[17990,17994,17993,18040],"product_tag":[],"class_list":{"0":"post-24457","1":"product","2":"type-product","3":"status-publish","5":"pwb-brand-brand-posss-fr","6":"product_cat-cables-et-cablage-fr","7":"product_cat-construction-de-panneau-fr","8":"product_cat-couper-denuder-sertissage-fr","9":"product_cat-software-networking-fr","11":"first","12":"instock","13":"taxable","14":"shipping-taxable","15":"product-type-simple"},"acf":[],"yoast_head":"<!-- This site is optimized with the Yoast SEO plugin v27.1.1 - https:\/\/yoast.com\/product\/yoast-seo-wordpress\/ -->\n<title>POSSS - Smans<\/title>\n<meta name=\"robots\" content=\"index, follow, max-snippet:-1, max-image-preview:large, max-video-preview:-1\" \/>\n<link rel=\"canonical\" href=\"https:\/\/smans.com\/fr\/product\/posss\/\" \/>\n<meta property=\"og:locale\" content=\"fr_FR\" \/>\n<meta property=\"og:type\" content=\"article\" \/>\n<meta property=\"og:title\" content=\"POSSS - Smans\" \/>\n<meta property=\"og:description\" content=\"POSSS num\u00e9rise le flux de production des fils \u00e9lectriques en les regroupant et en les identifiant correctement, ce qui permet une finition et un assemblage rapides et rentables.\" \/>\n<meta property=\"og:url\" content=\"https:\/\/smans.com\/fr\/product\/posss\/\" \/>\n<meta property=\"og:site_name\" content=\"Smans\" \/>\n<meta property=\"article:modified_time\" content=\"2026-04-21T11:40:32+00:00\" \/>\n<meta name=\"twitter:card\" content=\"summary_large_image\" \/>\n<meta name=\"twitter:label1\" content=\"Dur\u00e9e de lecture estim\u00e9e\" \/>\n\t<meta name=\"twitter:data1\" content=\"1 minute\" \/>\n<script type=\"application\/ld+json\" class=\"yoast-schema-graph\">{\"@context\":\"https:\/\/schema.org\",\"@graph\":[{\"@type\":\"WebPage\",\"@id\":\"https:\/\/smans.com\/fr\/product\/posss\/\",\"url\":\"https:\/\/smans.com\/fr\/product\/posss\/\",\"name\":\"POSSS - Smans\",\"isPartOf\":{\"@id\":\"https:\/\/smans.com\/nl\/#website\"},\"datePublished\":\"2024-06-09T15:12:16+00:00\",\"dateModified\":\"2026-04-21T11:40:32+00:00\",\"breadcrumb\":{\"@id\":\"https:\/\/smans.com\/fr\/product\/posss\/#breadcrumb\"},\"inLanguage\":\"fr-FR\",\"potentialAction\":[{\"@type\":\"ReadAction\",\"target\":[\"https:\/\/smans.com\/fr\/product\/posss\/\"]}]},{\"@type\":\"BreadcrumbList\",\"@id\":\"https:\/\/smans.com\/fr\/product\/posss\/#breadcrumb\",\"itemListElement\":[{\"@type\":\"ListItem\",\"position\":1,\"name\":\"Home\",\"item\":\"https:\/\/smans.com\/fr\/\"},{\"@type\":\"ListItem\",\"position\":2,\"name\":\"Boutique\",\"item\":\"https:\/\/smans.com\/nl\/shop\/\"},{\"@type\":\"ListItem\",\"position\":3,\"name\":\"Posss - POSSS\"}]},{\"@type\":\"WebSite\",\"@id\":\"https:\/\/smans.com\/nl\/#website\",\"url\":\"https:\/\/smans.com\/nl\/\",\"name\":\"Smans\",\"description\":\"\",\"publisher\":{\"@id\":\"https:\/\/smans.com\/nl\/#organization\"},\"potentialAction\":[{\"@type\":\"SearchAction\",\"target\":{\"@type\":\"EntryPoint\",\"urlTemplate\":\"https:\/\/smans.com\/nl\/?s={search_term_string}\"},\"query-input\":{\"@type\":\"PropertyValueSpecification\",\"valueRequired\":true,\"valueName\":\"search_term_string\"}}],\"inLanguage\":\"fr-FR\"},{\"@type\":\"Organization\",\"@id\":\"https:\/\/smans.com\/nl\/#organization\",\"name\":\"Smans\",\"url\":\"https:\/\/smans.com\/nl\/\",\"logo\":{\"@type\":\"ImageObject\",\"inLanguage\":\"fr-FR\",\"@id\":\"https:\/\/smans.com\/nl\/#\/schema\/logo\/image\/\",\"url\":\"https:\/\/smans.com\/wp-content\/uploads\/2023\/09\/logo.svg\",\"contentUrl\":\"https:\/\/smans.com\/wp-content\/uploads\/2023\/09\/logo.svg\",\"caption\":\"Smans\"},\"image\":{\"@id\":\"https:\/\/smans.com\/nl\/#\/schema\/logo\/image\/\"}}]}<\/script>\n<!-- \/ Yoast SEO plugin. -->","yoast_head_json":{"title":"POSSS - Smans","robots":{"index":"index","follow":"follow","max-snippet":"max-snippet:-1","max-image-preview":"max-image-preview:large","max-video-preview":"max-video-preview:-1"},"canonical":"https:\/\/smans.com\/fr\/product\/posss\/","og_locale":"fr_FR","og_type":"article","og_title":"POSSS - Smans","og_description":"POSSS num\u00e9rise le flux de production des fils \u00e9lectriques en les regroupant et en les identifiant correctement, ce qui permet une finition et un assemblage rapides et rentables.","og_url":"https:\/\/smans.com\/fr\/product\/posss\/","og_site_name":"Smans","article_modified_time":"2026-04-21T11:40:32+00:00","twitter_card":"summary_large_image","twitter_misc":{"Dur\u00e9e de lecture estim\u00e9e":"1 minute"},"schema":{"@context":"https:\/\/schema.org","@graph":[{"@type":"WebPage","@id":"https:\/\/smans.com\/fr\/product\/posss\/","url":"https:\/\/smans.com\/fr\/product\/posss\/","name":"POSSS - Smans","isPartOf":{"@id":"https:\/\/smans.com\/nl\/#website"},"datePublished":"2024-06-09T15:12:16+00:00","dateModified":"2026-04-21T11:40:32+00:00","breadcrumb":{"@id":"https:\/\/smans.com\/fr\/product\/posss\/#breadcrumb"},"inLanguage":"fr-FR","potentialAction":[{"@type":"ReadAction","target":["https:\/\/smans.com\/fr\/product\/posss\/"]}]},{"@type":"BreadcrumbList","@id":"https:\/\/smans.com\/fr\/product\/posss\/#breadcrumb","itemListElement":[{"@type":"ListItem","position":1,"name":"Home","item":"https:\/\/smans.com\/fr\/"},{"@type":"ListItem","position":2,"name":"Boutique","item":"https:\/\/smans.com\/nl\/shop\/"},{"@type":"ListItem","position":3,"name":"Posss - POSSS"}]},{"@type":"WebSite","@id":"https:\/\/smans.com\/nl\/#website","url":"https:\/\/smans.com\/nl\/","name":"Smans","description":"","publisher":{"@id":"https:\/\/smans.com\/nl\/#organization"},"potentialAction":[{"@type":"SearchAction","target":{"@type":"EntryPoint","urlTemplate":"https:\/\/smans.com\/nl\/?s={search_term_string}"},"query-input":{"@type":"PropertyValueSpecification","valueRequired":true,"valueName":"search_term_string"}}],"inLanguage":"fr-FR"},{"@type":"Organization","@id":"https:\/\/smans.com\/nl\/#organization","name":"Smans","url":"https:\/\/smans.com\/nl\/","logo":{"@type":"ImageObject","inLanguage":"fr-FR","@id":"https:\/\/smans.com\/nl\/#\/schema\/logo\/image\/","url":"https:\/\/smans.com\/wp-content\/uploads\/2023\/09\/logo.svg","contentUrl":"https:\/\/smans.com\/wp-content\/uploads\/2023\/09\/logo.svg","caption":"Smans"},"image":{"@id":"https:\/\/smans.com\/nl\/#\/schema\/logo\/image\/"}}]}},"brands":[{"id":18282,"name":"Posss","slug":"brand-posss-fr"}],"_links":{"self":[{"href":"https:\/\/smans.com\/fr\/wp-json\/wp\/v2\/product\/24457","targetHints":{"allow":["GET"]}}],"collection":[{"href":"https:\/\/smans.com\/fr\/wp-json\/wp\/v2\/product"}],"about":[{"href":"https:\/\/smans.com\/fr\/wp-json\/wp\/v2\/types\/product"}],"wp:attachment":[{"href":"https:\/\/smans.com\/fr\/wp-json\/wp\/v2\/media?parent=24457"}],"wp:term":[{"taxonomy":"pwb-brand","embeddable":true,"href":"https:\/\/smans.com\/fr\/wp-json\/wp\/v2\/pwb-brand?post=24457"},{"taxonomy":"product_brand","embeddable":true,"href":"https:\/\/smans.com\/fr\/wp-json\/wp\/v2\/product_brand?post=24457"},{"taxonomy":"product_cat","embeddable":true,"href":"https:\/\/smans.com\/fr\/wp-json\/wp\/v2\/product_cat?post=24457"},{"taxonomy":"product_tag","embeddable":true,"href":"https:\/\/smans.com\/fr\/wp-json\/wp\/v2\/product_tag?post=24457"}],"curies":[{"name":"wp","href":"https:\/\/api.w.org\/{rel}","templated":true}]}}