{"id":24469,"date":"2024-06-09T17:12:39","date_gmt":"2024-06-09T15:12:39","guid":{"rendered":"https:\/\/smans.com\/product\/manual-cable-stripper-m-30-150\/"},"modified":"2026-04-10T12:48:50","modified_gmt":"2026-04-10T10:48:50","slug":"manual-cable-stripper-m-30-150","status":"publish","type":"product","link":"https:\/\/smans.com\/fr\/product\/manual-cable-stripper-m-30-150\/","title":{"rendered":"Rometsch - Manual Cable Stripper M 30\/150"},"content":{"rendered":"<p>La Rometsch M 30\/150 est une d\u00e9nudeuse manuelle robuste con\u00e7ue pour <strong>d\u00e9nuder en toute s\u00e9curit\u00e9 et efficacement les c\u00e2bles \u00e9pais<\/strong>.<\/p>\n<p>D&rsquo;une simple pression sur le levier, la machine enl\u00e8ve facilement la gaine ext\u00e9rieure des c\u00e2bles jusqu&rsquo;\u00e0 30 mm de diam\u00e8tre, sans endommager les conducteurs sous-jacents. Les lames de coupe et la longueur de d\u00e9nudage sont r\u00e9glables sans outil, ce qui permet \u00e0 l&rsquo;utilisateur de passer rapidement d&rsquo;un type de c\u00e2ble \u00e0 l&rsquo;autre et d&rsquo;une \u00e9paisseur d&rsquo;isolation \u00e0 l&rsquo;autre.<\/p>\n<p>Gr\u00e2ce \u00e0 sa construction m\u00e9tallique stable, sa force de coupe \u00e9lev\u00e9e et son fonctionnement ergonomique, la Stripper M 30\/150 est particuli\u00e8rement adapt\u00e9e aux applications industrielles, aux ateliers d&rsquo;assemblage \u00e9lectrique et de pr\u00e9-assemblage o\u00f9 la pr\u00e9cision et la durabilit\u00e9 sont requises.<\/p>\n<p><span style=\"font-size: 10pt\"><strong>Lames \u00e0 commander s\u00e9par\u00e9ment : <\/strong>cliquez <a href=\"https:\/\/smans.com\/fr\/product-category\/cables-et-cablage-fr\/pieces-detachees-et-pieces-d-usure-fr\/rometsch-fr\/?yith_wcan=1&#038;filter_machine=m15&#038;query_type_machine=or\">ici<\/a>.<\/span><\/p>\n","protected":false},"excerpt":{"rendered":"<p>Une d\u00e9nudeuse manuelle pour retirer rapidement et pr\u00e9cis\u00e9ment l&rsquo;isolation ext\u00e9rieure des c\u00e2bles jusqu&rsquo;\u00e0 30 mm de diam\u00e8tre.<\/p>\n","protected":false},"featured_media":0,"template":"","meta":{"_acf_changed":false},"pwb-brand":[18292],"product_brand":[],"product_cat":[17990,17993,18042],"product_tag":[],"class_list":{"0":"post-24469","1":"product","2":"type-product","3":"status-publish","5":"pwb-brand-brand-rometsch-fr","6":"product_cat-cables-et-cablage-fr","7":"product_cat-couper-denuder-sertissage-fr","8":"product_cat-denudeuses-de-fils-fr","10":"first","11":"instock","12":"taxable","13":"shipping-taxable","14":"purchasable","15":"product-type-simple"},"acf":[],"yoast_head":"<!-- This site is optimized with the Yoast SEO plugin v27.1.1 - https:\/\/yoast.com\/product\/yoast-seo-wordpress\/ -->\n<title>Manual Cable Stripper M 30\/150 - Smans<\/title>\n<meta name=\"robots\" content=\"index, follow, max-snippet:-1, max-image-preview:large, max-video-preview:-1\" \/>\n<link rel=\"canonical\" href=\"https:\/\/smans.com\/fr\/product\/manual-cable-stripper-m-30-150\/\" \/>\n<meta property=\"og:locale\" content=\"fr_FR\" \/>\n<meta property=\"og:type\" content=\"article\" \/>\n<meta property=\"og:title\" content=\"Manual Cable Stripper M 30\/150 - Smans\" \/>\n<meta property=\"og:description\" content=\"Une d\u00e9nudeuse manuelle pour retirer rapidement et pr\u00e9cis\u00e9ment l&#039;isolation ext\u00e9rieure des c\u00e2bles jusqu&#039;\u00e0 30 mm de diam\u00e8tre.\" \/>\n<meta property=\"og:url\" content=\"https:\/\/smans.com\/fr\/product\/manual-cable-stripper-m-30-150\/\" \/>\n<meta property=\"og:site_name\" content=\"Smans\" \/>\n<meta property=\"article:modified_time\" content=\"2026-04-10T10:48:50+00:00\" \/>\n<meta name=\"twitter:card\" content=\"summary_large_image\" \/>\n<meta name=\"twitter:label1\" content=\"Dur\u00e9e de lecture estim\u00e9e\" \/>\n\t<meta name=\"twitter:data1\" content=\"1 minute\" \/>\n<script type=\"application\/ld+json\" class=\"yoast-schema-graph\">{\"@context\":\"https:\/\/schema.org\",\"@graph\":[{\"@type\":\"WebPage\",\"@id\":\"https:\/\/smans.com\/fr\/product\/manual-cable-stripper-m-30-150\/\",\"url\":\"https:\/\/smans.com\/fr\/product\/manual-cable-stripper-m-30-150\/\",\"name\":\"Manual Cable Stripper M 30\/150 - Smans\",\"isPartOf\":{\"@id\":\"https:\/\/smans.com\/nl\/#website\"},\"datePublished\":\"2024-06-09T15:12:39+00:00\",\"dateModified\":\"2026-04-10T10:48:50+00:00\",\"breadcrumb\":{\"@id\":\"https:\/\/smans.com\/fr\/product\/manual-cable-stripper-m-30-150\/#breadcrumb\"},\"inLanguage\":\"fr-FR\",\"potentialAction\":[{\"@type\":\"ReadAction\",\"target\":[\"https:\/\/smans.com\/fr\/product\/manual-cable-stripper-m-30-150\/\"]}]},{\"@type\":\"BreadcrumbList\",\"@id\":\"https:\/\/smans.com\/fr\/product\/manual-cable-stripper-m-30-150\/#breadcrumb\",\"itemListElement\":[{\"@type\":\"ListItem\",\"position\":1,\"name\":\"Home\",\"item\":\"https:\/\/smans.com\/fr\/\"},{\"@type\":\"ListItem\",\"position\":2,\"name\":\"Boutique\",\"item\":\"https:\/\/smans.com\/nl\/shop\/\"},{\"@type\":\"ListItem\",\"position\":3,\"name\":\"Rometsch - Manual Cable Stripper M 30\/150\"}]},{\"@type\":\"WebSite\",\"@id\":\"https:\/\/smans.com\/nl\/#website\",\"url\":\"https:\/\/smans.com\/nl\/\",\"name\":\"Smans\",\"description\":\"\",\"publisher\":{\"@id\":\"https:\/\/smans.com\/nl\/#organization\"},\"potentialAction\":[{\"@type\":\"SearchAction\",\"target\":{\"@type\":\"EntryPoint\",\"urlTemplate\":\"https:\/\/smans.com\/nl\/?s={search_term_string}\"},\"query-input\":{\"@type\":\"PropertyValueSpecification\",\"valueRequired\":true,\"valueName\":\"search_term_string\"}}],\"inLanguage\":\"fr-FR\"},{\"@type\":\"Organization\",\"@id\":\"https:\/\/smans.com\/nl\/#organization\",\"name\":\"Smans\",\"url\":\"https:\/\/smans.com\/nl\/\",\"logo\":{\"@type\":\"ImageObject\",\"inLanguage\":\"fr-FR\",\"@id\":\"https:\/\/smans.com\/nl\/#\/schema\/logo\/image\/\",\"url\":\"https:\/\/smans.com\/wp-content\/uploads\/2023\/09\/logo.svg\",\"contentUrl\":\"https:\/\/smans.com\/wp-content\/uploads\/2023\/09\/logo.svg\",\"caption\":\"Smans\"},\"image\":{\"@id\":\"https:\/\/smans.com\/nl\/#\/schema\/logo\/image\/\"}}]}<\/script>\n<!-- \/ Yoast SEO plugin. -->","yoast_head_json":{"title":"Manual Cable Stripper M 30\/150 - Smans","robots":{"index":"index","follow":"follow","max-snippet":"max-snippet:-1","max-image-preview":"max-image-preview:large","max-video-preview":"max-video-preview:-1"},"canonical":"https:\/\/smans.com\/fr\/product\/manual-cable-stripper-m-30-150\/","og_locale":"fr_FR","og_type":"article","og_title":"Manual Cable Stripper M 30\/150 - Smans","og_description":"Une d\u00e9nudeuse manuelle pour retirer rapidement et pr\u00e9cis\u00e9ment l'isolation ext\u00e9rieure des c\u00e2bles jusqu'\u00e0 30 mm de diam\u00e8tre.","og_url":"https:\/\/smans.com\/fr\/product\/manual-cable-stripper-m-30-150\/","og_site_name":"Smans","article_modified_time":"2026-04-10T10:48:50+00:00","twitter_card":"summary_large_image","twitter_misc":{"Dur\u00e9e de lecture estim\u00e9e":"1 minute"},"schema":{"@context":"https:\/\/schema.org","@graph":[{"@type":"WebPage","@id":"https:\/\/smans.com\/fr\/product\/manual-cable-stripper-m-30-150\/","url":"https:\/\/smans.com\/fr\/product\/manual-cable-stripper-m-30-150\/","name":"Manual Cable Stripper M 30\/150 - Smans","isPartOf":{"@id":"https:\/\/smans.com\/nl\/#website"},"datePublished":"2024-06-09T15:12:39+00:00","dateModified":"2026-04-10T10:48:50+00:00","breadcrumb":{"@id":"https:\/\/smans.com\/fr\/product\/manual-cable-stripper-m-30-150\/#breadcrumb"},"inLanguage":"fr-FR","potentialAction":[{"@type":"ReadAction","target":["https:\/\/smans.com\/fr\/product\/manual-cable-stripper-m-30-150\/"]}]},{"@type":"BreadcrumbList","@id":"https:\/\/smans.com\/fr\/product\/manual-cable-stripper-m-30-150\/#breadcrumb","itemListElement":[{"@type":"ListItem","position":1,"name":"Home","item":"https:\/\/smans.com\/fr\/"},{"@type":"ListItem","position":2,"name":"Boutique","item":"https:\/\/smans.com\/nl\/shop\/"},{"@type":"ListItem","position":3,"name":"Rometsch - Manual Cable Stripper M 30\/150"}]},{"@type":"WebSite","@id":"https:\/\/smans.com\/nl\/#website","url":"https:\/\/smans.com\/nl\/","name":"Smans","description":"","publisher":{"@id":"https:\/\/smans.com\/nl\/#organization"},"potentialAction":[{"@type":"SearchAction","target":{"@type":"EntryPoint","urlTemplate":"https:\/\/smans.com\/nl\/?s={search_term_string}"},"query-input":{"@type":"PropertyValueSpecification","valueRequired":true,"valueName":"search_term_string"}}],"inLanguage":"fr-FR"},{"@type":"Organization","@id":"https:\/\/smans.com\/nl\/#organization","name":"Smans","url":"https:\/\/smans.com\/nl\/","logo":{"@type":"ImageObject","inLanguage":"fr-FR","@id":"https:\/\/smans.com\/nl\/#\/schema\/logo\/image\/","url":"https:\/\/smans.com\/wp-content\/uploads\/2023\/09\/logo.svg","contentUrl":"https:\/\/smans.com\/wp-content\/uploads\/2023\/09\/logo.svg","caption":"Smans"},"image":{"@id":"https:\/\/smans.com\/nl\/#\/schema\/logo\/image\/"}}]}},"brands":[{"id":18292,"name":"Rometsch","slug":"brand-rometsch-fr"}],"_links":{"self":[{"href":"https:\/\/smans.com\/fr\/wp-json\/wp\/v2\/product\/24469","targetHints":{"allow":["GET"]}}],"collection":[{"href":"https:\/\/smans.com\/fr\/wp-json\/wp\/v2\/product"}],"about":[{"href":"https:\/\/smans.com\/fr\/wp-json\/wp\/v2\/types\/product"}],"wp:attachment":[{"href":"https:\/\/smans.com\/fr\/wp-json\/wp\/v2\/media?parent=24469"}],"wp:term":[{"taxonomy":"pwb-brand","embeddable":true,"href":"https:\/\/smans.com\/fr\/wp-json\/wp\/v2\/pwb-brand?post=24469"},{"taxonomy":"product_brand","embeddable":true,"href":"https:\/\/smans.com\/fr\/wp-json\/wp\/v2\/product_brand?post=24469"},{"taxonomy":"product_cat","embeddable":true,"href":"https:\/\/smans.com\/fr\/wp-json\/wp\/v2\/product_cat?post=24469"},{"taxonomy":"product_tag","embeddable":true,"href":"https:\/\/smans.com\/fr\/wp-json\/wp\/v2\/product_tag?post=24469"}],"curies":[{"name":"wp","href":"https:\/\/api.w.org\/{rel}","templated":true}]}}