{"id":24503,"date":"2024-06-09T17:12:45","date_gmt":"2024-06-09T15:12:45","guid":{"rendered":"https:\/\/smans.com\/product\/cutting-machine-sg400-v-touch\/"},"modified":"2026-04-05T12:09:56","modified_gmt":"2026-04-05T10:09:56","slug":"cutting-machine-sg400-v-touch","status":"publish","type":"product","link":"https:\/\/smans.com\/fr\/product\/cutting-machine-sg400-v-touch\/","title":{"rendered":"Ulmer - Cutting Machine SG400 V Touch"},"content":{"rendered":"<p data-start=\"3068\" data-end=\"3423\">Gr\u00e2ce \u00e0 ses puissantes performances, cette machine peut couper des tuyaux rigides jusqu&rsquo;\u00e0 30 mm de diam\u00e8tre ext\u00e9rieur et des c\u00e2bles d&rsquo;une section transversale allant jusqu&rsquo;\u00e0 200 mm\u00b2. Le mat\u00e9riau est aliment\u00e9 par deux bandes, dont le rev\u00eatement peut \u00eatre sp\u00e9cialement adapt\u00e9 au produit, assurant ainsi une friction suffisante pour un positionnement pr\u00e9cis.<\/p>\n<p data-start=\"3425\" data-end=\"3461\"><strong data-start=\"3425\" data-end=\"3459\">Caract\u00e9ristiques principales :<\/strong><\/p>\n<ul data-start=\"3462\" data-end=\"4227\">\n<li data-start=\"3462\" data-end=\"3561\"><strong data-start=\"3464\" data-end=\"3498\">Transmission servo puissante :<\/strong> Transmission efficace pour des d\u00e9coupes rapides et pr\u00e9cises.<\/li>\n<li data-start=\"3562\" data-end=\"3713\"><strong data-start=\"3564\" data-end=\"3647\">Limitation m\u00e9canique de l&rsquo;alimentation pour mat\u00e9riaux sensibles \u00e0 la pression :<\/strong> Limite l&rsquo;alimentation de la bande pour les mat\u00e9riaux sensibles.<\/li>\n<li data-start=\"3714\" data-end=\"3865\"><strong data-start=\"3716\" data-end=\"3746\">T\u00eate de coupe extensible :<\/strong> Les lames et les guides peuvent \u00eatre rapidement remplac\u00e9s, id\u00e9aux pour la maintenance et les changements de produit.<\/li>\n<li data-start=\"3866\" data-end=\"3989\"><strong data-start=\"3868\" data-end=\"3896\">Facilit\u00e9 d&rsquo;utilisation :<\/strong> D\u00e9marrez la production en entrant simplement la longueur souhait\u00e9e et le nombre de pi\u00e8ces.<\/li>\n<li data-start=\"3990\" data-end=\"4065\"><strong data-start=\"3992\" data-end=\"4026\">Param\u00e8tres syst\u00e8me flexibles :<\/strong> Adaptables aux produits sp\u00e9cifiques.<\/li>\n<li data-start=\"4066\" data-end=\"4227\"><strong data-start=\"4068\" data-end=\"4092\">Fonctionnalit\u00e9 PLC :<\/strong> Fonctions suppl\u00e9mentaires telles que le contr\u00f4le des imprimantes, les syst\u00e8mes de d\u00e9tection de pannes et d&rsquo;autres options d&rsquo;extension.<\/li>\n<\/ul>\n<p data-start=\"4229\" data-end=\"4265\"><strong data-start=\"4229\" data-end=\"4263\">Fonctionnalit\u00e9s optionnelles :<\/strong><\/p>\n<ul data-start=\"4266\" data-end=\"4617\">\n<li data-start=\"4266\" data-end=\"4452\"><strong data-start=\"4268\" data-end=\"4323\">Connexion PC avec logiciel d&rsquo;assemblage de c\u00e2bles :<\/strong> Pour la cr\u00e9ation et le traitement des commandes et des listes, y compris les ordres de travail via un scanner de codes-barres.<\/li>\n<li data-start=\"4453\" data-end=\"4617\"><strong data-start=\"4455\" data-end=\"4502\">Compteurs et fonction d&rsquo;arr\u00eat automatique :<\/strong> Compteur d&rsquo;heures de fonctionnement, compteur total de pi\u00e8ces et arr\u00eat automatique lorsque le mat\u00e9riau est \u00e9puis\u00e9.<\/li>\n<\/ul>\n<p data-start=\"4619\" data-end=\"4775\" data-is-last-node=\"\">Le PowerCut 4000 offre une solution efficace et flexible pour couper divers mat\u00e9riaux, en mettant l&rsquo;accent sur la productivit\u00e9 et la facilit\u00e9 d&rsquo;utilisation.<\/p>\n","protected":false},"excerpt":{"rendered":"<p>Les coupeurs SG400 V ont \u00e9t\u00e9 sp\u00e9cialement con\u00e7us pour couper des c\u00e2bles de grande taille ou des sections transversales allant jusqu&rsquo;\u00e0 200 mm\u00b2.<\/p>\n","protected":false},"featured_media":0,"template":"","meta":{"_acf_changed":false},"pwb-brand":[18310],"product_brand":[],"product_cat":[17990,17993,18038],"product_tag":[],"class_list":{"0":"post-24503","1":"product","2":"type-product","3":"status-publish","5":"pwb-brand-brand-ulmer-fr","6":"product_cat-cables-et-cablage-fr","7":"product_cat-couper-denuder-sertissage-fr","8":"product_cat-cutting-fr","10":"first","11":"instock","12":"taxable","13":"shipping-taxable","14":"product-type-simple"},"acf":[],"yoast_head":"<!-- This site is optimized with the Yoast SEO plugin v27.1.1 - https:\/\/yoast.com\/product\/yoast-seo-wordpress\/ -->\n<title>Cutting Machine SG400 V Touch - Smans<\/title>\n<meta name=\"robots\" content=\"index, follow, max-snippet:-1, max-image-preview:large, max-video-preview:-1\" \/>\n<link rel=\"canonical\" href=\"https:\/\/smans.com\/fr\/product\/cutting-machine-sg400-v-touch\/\" \/>\n<meta property=\"og:locale\" content=\"fr_FR\" \/>\n<meta property=\"og:type\" content=\"article\" \/>\n<meta property=\"og:title\" content=\"Cutting Machine SG400 V Touch - Smans\" \/>\n<meta property=\"og:description\" content=\"Les coupeurs SG400 V ont \u00e9t\u00e9 sp\u00e9cialement con\u00e7us pour couper des c\u00e2bles de grande taille ou des sections transversales allant jusqu&#039;\u00e0 200 mm\u00b2.\" \/>\n<meta property=\"og:url\" content=\"https:\/\/smans.com\/fr\/product\/cutting-machine-sg400-v-touch\/\" \/>\n<meta property=\"og:site_name\" content=\"Smans\" \/>\n<meta property=\"article:modified_time\" content=\"2026-04-05T10:09:56+00:00\" \/>\n<meta name=\"twitter:card\" content=\"summary_large_image\" \/>\n<meta name=\"twitter:label1\" content=\"Dur\u00e9e de lecture estim\u00e9e\" \/>\n\t<meta name=\"twitter:data1\" content=\"1 minute\" \/>\n<script type=\"application\/ld+json\" class=\"yoast-schema-graph\">{\"@context\":\"https:\/\/schema.org\",\"@graph\":[{\"@type\":\"WebPage\",\"@id\":\"https:\/\/smans.com\/fr\/product\/cutting-machine-sg400-v-touch\/\",\"url\":\"https:\/\/smans.com\/fr\/product\/cutting-machine-sg400-v-touch\/\",\"name\":\"Cutting Machine SG400 V Touch - Smans\",\"isPartOf\":{\"@id\":\"https:\/\/smans.com\/nl\/#website\"},\"datePublished\":\"2024-06-09T15:12:45+00:00\",\"dateModified\":\"2026-04-05T10:09:56+00:00\",\"breadcrumb\":{\"@id\":\"https:\/\/smans.com\/fr\/product\/cutting-machine-sg400-v-touch\/#breadcrumb\"},\"inLanguage\":\"fr-FR\",\"potentialAction\":[{\"@type\":\"ReadAction\",\"target\":[\"https:\/\/smans.com\/fr\/product\/cutting-machine-sg400-v-touch\/\"]}]},{\"@type\":\"BreadcrumbList\",\"@id\":\"https:\/\/smans.com\/fr\/product\/cutting-machine-sg400-v-touch\/#breadcrumb\",\"itemListElement\":[{\"@type\":\"ListItem\",\"position\":1,\"name\":\"Home\",\"item\":\"https:\/\/smans.com\/fr\/\"},{\"@type\":\"ListItem\",\"position\":2,\"name\":\"Boutique\",\"item\":\"https:\/\/smans.com\/nl\/shop\/\"},{\"@type\":\"ListItem\",\"position\":3,\"name\":\"Ulmer - Cutting Machine SG400 V Touch\"}]},{\"@type\":\"WebSite\",\"@id\":\"https:\/\/smans.com\/nl\/#website\",\"url\":\"https:\/\/smans.com\/nl\/\",\"name\":\"Smans\",\"description\":\"\",\"publisher\":{\"@id\":\"https:\/\/smans.com\/nl\/#organization\"},\"potentialAction\":[{\"@type\":\"SearchAction\",\"target\":{\"@type\":\"EntryPoint\",\"urlTemplate\":\"https:\/\/smans.com\/nl\/?s={search_term_string}\"},\"query-input\":{\"@type\":\"PropertyValueSpecification\",\"valueRequired\":true,\"valueName\":\"search_term_string\"}}],\"inLanguage\":\"fr-FR\"},{\"@type\":\"Organization\",\"@id\":\"https:\/\/smans.com\/nl\/#organization\",\"name\":\"Smans\",\"url\":\"https:\/\/smans.com\/nl\/\",\"logo\":{\"@type\":\"ImageObject\",\"inLanguage\":\"fr-FR\",\"@id\":\"https:\/\/smans.com\/nl\/#\/schema\/logo\/image\/\",\"url\":\"https:\/\/smans.com\/wp-content\/uploads\/2023\/09\/logo.svg\",\"contentUrl\":\"https:\/\/smans.com\/wp-content\/uploads\/2023\/09\/logo.svg\",\"caption\":\"Smans\"},\"image\":{\"@id\":\"https:\/\/smans.com\/nl\/#\/schema\/logo\/image\/\"}}]}<\/script>\n<!-- \/ Yoast SEO plugin. -->","yoast_head_json":{"title":"Cutting Machine SG400 V Touch - Smans","robots":{"index":"index","follow":"follow","max-snippet":"max-snippet:-1","max-image-preview":"max-image-preview:large","max-video-preview":"max-video-preview:-1"},"canonical":"https:\/\/smans.com\/fr\/product\/cutting-machine-sg400-v-touch\/","og_locale":"fr_FR","og_type":"article","og_title":"Cutting Machine SG400 V Touch - Smans","og_description":"Les coupeurs SG400 V ont \u00e9t\u00e9 sp\u00e9cialement con\u00e7us pour couper des c\u00e2bles de grande taille ou des sections transversales allant jusqu'\u00e0 200 mm\u00b2.","og_url":"https:\/\/smans.com\/fr\/product\/cutting-machine-sg400-v-touch\/","og_site_name":"Smans","article_modified_time":"2026-04-05T10:09:56+00:00","twitter_card":"summary_large_image","twitter_misc":{"Dur\u00e9e de lecture estim\u00e9e":"1 minute"},"schema":{"@context":"https:\/\/schema.org","@graph":[{"@type":"WebPage","@id":"https:\/\/smans.com\/fr\/product\/cutting-machine-sg400-v-touch\/","url":"https:\/\/smans.com\/fr\/product\/cutting-machine-sg400-v-touch\/","name":"Cutting Machine SG400 V Touch - Smans","isPartOf":{"@id":"https:\/\/smans.com\/nl\/#website"},"datePublished":"2024-06-09T15:12:45+00:00","dateModified":"2026-04-05T10:09:56+00:00","breadcrumb":{"@id":"https:\/\/smans.com\/fr\/product\/cutting-machine-sg400-v-touch\/#breadcrumb"},"inLanguage":"fr-FR","potentialAction":[{"@type":"ReadAction","target":["https:\/\/smans.com\/fr\/product\/cutting-machine-sg400-v-touch\/"]}]},{"@type":"BreadcrumbList","@id":"https:\/\/smans.com\/fr\/product\/cutting-machine-sg400-v-touch\/#breadcrumb","itemListElement":[{"@type":"ListItem","position":1,"name":"Home","item":"https:\/\/smans.com\/fr\/"},{"@type":"ListItem","position":2,"name":"Boutique","item":"https:\/\/smans.com\/nl\/shop\/"},{"@type":"ListItem","position":3,"name":"Ulmer - Cutting Machine SG400 V Touch"}]},{"@type":"WebSite","@id":"https:\/\/smans.com\/nl\/#website","url":"https:\/\/smans.com\/nl\/","name":"Smans","description":"","publisher":{"@id":"https:\/\/smans.com\/nl\/#organization"},"potentialAction":[{"@type":"SearchAction","target":{"@type":"EntryPoint","urlTemplate":"https:\/\/smans.com\/nl\/?s={search_term_string}"},"query-input":{"@type":"PropertyValueSpecification","valueRequired":true,"valueName":"search_term_string"}}],"inLanguage":"fr-FR"},{"@type":"Organization","@id":"https:\/\/smans.com\/nl\/#organization","name":"Smans","url":"https:\/\/smans.com\/nl\/","logo":{"@type":"ImageObject","inLanguage":"fr-FR","@id":"https:\/\/smans.com\/nl\/#\/schema\/logo\/image\/","url":"https:\/\/smans.com\/wp-content\/uploads\/2023\/09\/logo.svg","contentUrl":"https:\/\/smans.com\/wp-content\/uploads\/2023\/09\/logo.svg","caption":"Smans"},"image":{"@id":"https:\/\/smans.com\/nl\/#\/schema\/logo\/image\/"}}]}},"brands":[{"id":18310,"name":"Ulmer","slug":"brand-ulmer-fr"}],"_links":{"self":[{"href":"https:\/\/smans.com\/fr\/wp-json\/wp\/v2\/product\/24503","targetHints":{"allow":["GET"]}}],"collection":[{"href":"https:\/\/smans.com\/fr\/wp-json\/wp\/v2\/product"}],"about":[{"href":"https:\/\/smans.com\/fr\/wp-json\/wp\/v2\/types\/product"}],"wp:attachment":[{"href":"https:\/\/smans.com\/fr\/wp-json\/wp\/v2\/media?parent=24503"}],"wp:term":[{"taxonomy":"pwb-brand","embeddable":true,"href":"https:\/\/smans.com\/fr\/wp-json\/wp\/v2\/pwb-brand?post=24503"},{"taxonomy":"product_brand","embeddable":true,"href":"https:\/\/smans.com\/fr\/wp-json\/wp\/v2\/product_brand?post=24503"},{"taxonomy":"product_cat","embeddable":true,"href":"https:\/\/smans.com\/fr\/wp-json\/wp\/v2\/product_cat?post=24503"},{"taxonomy":"product_tag","embeddable":true,"href":"https:\/\/smans.com\/fr\/wp-json\/wp\/v2\/product_tag?post=24503"}],"curies":[{"name":"wp","href":"https:\/\/api.w.org\/{rel}","templated":true}]}}