{"id":24507,"date":"2024-06-09T17:12:47","date_gmt":"2024-06-09T15:12:47","guid":{"rendered":"https:\/\/smans.com\/product\/hose-cutting-machine-ssm60-touch\/"},"modified":"2026-04-13T12:34:49","modified_gmt":"2026-04-13T10:34:49","slug":"hose-cutting-machine-ssm60-touch","status":"publish","type":"product","link":"https:\/\/smans.com\/fr\/product\/hose-cutting-machine-ssm60-touch\/","title":{"rendered":"Ulmer - Hose Cutting Machine SSM60 Touch"},"content":{"rendered":"<p data-start=\"2210\" data-end=\"2579\">La machine de d\u00e9coupe de tuyaux SSM60 T est con\u00e7ue pour couper des tubes ferm\u00e9s et ondul\u00e9s, du PVC, des tuyaux en caoutchouc et d&rsquo;autres types de tuyaux avec un diam\u00e8tre ext\u00e9rieur allant jusqu&rsquo;\u00e0 60 mm. Gr\u00e2ce au processus de coupe guillotine, avec la lame positionn\u00e9e sous un angle de 45\u00b0, la machine garantit un angle de coupe pr\u00e9cis et une excellente qualit\u00e9 de coupe.<\/p>\n<p data-start=\"2581\" data-end=\"2617\"><strong data-start=\"2581\" data-end=\"2615\">Caract\u00e9ristiques principales :<\/strong><\/p>\n<ul data-start=\"2618\" data-end=\"3206\">\n<li data-start=\"2618\" data-end=\"2795\"><strong data-start=\"2620\" data-end=\"2660\">Convient pour diff\u00e9rents mat\u00e9riaux :<\/strong> Coupe des tubes ferm\u00e9s et ondul\u00e9s, du PVC, des tuyaux en caoutchouc et d&rsquo;autres types de tuyaux jusqu&rsquo;\u00e0 60 mm de diam\u00e8tre ext\u00e9rieur.<\/li>\n<li data-start=\"2796\" data-end=\"2904\"><strong data-start=\"2798\" data-end=\"2820\">Coupe guillotine :<\/strong> Lame positionn\u00e9e sous un angle de 45\u00b0 pour une coupe pr\u00e9cise et de haute qualit\u00e9.<\/li>\n<li data-start=\"2905\" data-end=\"3075\"><strong data-start=\"2907\" data-end=\"2947\">Commande moderne via \u00e9cran tactile :<\/strong> R\u00e9glage facile de la machine pour de nouveaux processus de production ou l&rsquo;utilisation de programmes de production existants.<\/li>\n<li data-start=\"3076\" data-end=\"3206\"><strong data-start=\"3078\" data-end=\"3117\">Processus d&rsquo;alimentation puissant :<\/strong> Le mat\u00e9riau est pr\u00e9cis\u00e9ment positionn\u00e9 et coup\u00e9 une fois la longueur souhait\u00e9e atteinte.<\/li>\n<\/ul>\n<p data-start=\"3208\" data-end=\"3347\" data-is-last-node=\"\">La SSM60 T offre une solution flexible et efficace pour la d\u00e9coupe de tuyaux, avec un accent sur la pr\u00e9cision et la facilit\u00e9 d&rsquo;utilisation.<\/p>\n","protected":false},"excerpt":{"rendered":"<p>La machine de d\u00e9coupe de tuyaux SSM60<\/p>\n","protected":false},"featured_media":0,"template":"","meta":{"_acf_changed":false},"pwb-brand":[18310],"product_brand":[],"product_cat":[17990,17993,18038],"product_tag":[],"class_list":{"0":"post-24507","1":"product","2":"type-product","3":"status-publish","5":"pwb-brand-brand-ulmer-fr","6":"product_cat-cables-et-cablage-fr","7":"product_cat-couper-denuder-sertissage-fr","8":"product_cat-cutting-fr","10":"first","11":"instock","12":"taxable","13":"shipping-taxable","14":"product-type-simple"},"acf":[],"yoast_head":"<!-- This site is optimized with the Yoast SEO plugin v27.1.1 - https:\/\/yoast.com\/product\/yoast-seo-wordpress\/ -->\n<title>Hose Cutting Machine SSM60 Touch - Smans<\/title>\n<meta name=\"robots\" content=\"index, follow, max-snippet:-1, max-image-preview:large, max-video-preview:-1\" \/>\n<link rel=\"canonical\" href=\"https:\/\/smans.com\/fr\/product\/hose-cutting-machine-ssm60-touch\/\" \/>\n<meta property=\"og:locale\" content=\"fr_FR\" \/>\n<meta property=\"og:type\" content=\"article\" \/>\n<meta property=\"og:title\" content=\"Hose Cutting Machine SSM60 Touch - Smans\" \/>\n<meta property=\"og:description\" content=\"La machine de d\u00e9coupe de tuyaux SSM60\" \/>\n<meta property=\"og:url\" content=\"https:\/\/smans.com\/fr\/product\/hose-cutting-machine-ssm60-touch\/\" \/>\n<meta property=\"og:site_name\" content=\"Smans\" \/>\n<meta property=\"article:modified_time\" content=\"2026-04-13T10:34:49+00:00\" \/>\n<meta name=\"twitter:card\" content=\"summary_large_image\" \/>\n<meta name=\"twitter:label1\" content=\"Dur\u00e9e de lecture estim\u00e9e\" \/>\n\t<meta name=\"twitter:data1\" content=\"1 minute\" \/>\n<script type=\"application\/ld+json\" class=\"yoast-schema-graph\">{\"@context\":\"https:\/\/schema.org\",\"@graph\":[{\"@type\":\"WebPage\",\"@id\":\"https:\/\/smans.com\/fr\/product\/hose-cutting-machine-ssm60-touch\/\",\"url\":\"https:\/\/smans.com\/fr\/product\/hose-cutting-machine-ssm60-touch\/\",\"name\":\"Hose Cutting Machine SSM60 Touch - Smans\",\"isPartOf\":{\"@id\":\"https:\/\/smans.com\/nl\/#website\"},\"datePublished\":\"2024-06-09T15:12:47+00:00\",\"dateModified\":\"2026-04-13T10:34:49+00:00\",\"breadcrumb\":{\"@id\":\"https:\/\/smans.com\/fr\/product\/hose-cutting-machine-ssm60-touch\/#breadcrumb\"},\"inLanguage\":\"fr-FR\",\"potentialAction\":[{\"@type\":\"ReadAction\",\"target\":[\"https:\/\/smans.com\/fr\/product\/hose-cutting-machine-ssm60-touch\/\"]}]},{\"@type\":\"BreadcrumbList\",\"@id\":\"https:\/\/smans.com\/fr\/product\/hose-cutting-machine-ssm60-touch\/#breadcrumb\",\"itemListElement\":[{\"@type\":\"ListItem\",\"position\":1,\"name\":\"Home\",\"item\":\"https:\/\/smans.com\/fr\/\"},{\"@type\":\"ListItem\",\"position\":2,\"name\":\"Boutique\",\"item\":\"https:\/\/smans.com\/nl\/shop\/\"},{\"@type\":\"ListItem\",\"position\":3,\"name\":\"Ulmer - Hose Cutting Machine SSM60 Touch\"}]},{\"@type\":\"WebSite\",\"@id\":\"https:\/\/smans.com\/nl\/#website\",\"url\":\"https:\/\/smans.com\/nl\/\",\"name\":\"Smans\",\"description\":\"\",\"publisher\":{\"@id\":\"https:\/\/smans.com\/nl\/#organization\"},\"potentialAction\":[{\"@type\":\"SearchAction\",\"target\":{\"@type\":\"EntryPoint\",\"urlTemplate\":\"https:\/\/smans.com\/nl\/?s={search_term_string}\"},\"query-input\":{\"@type\":\"PropertyValueSpecification\",\"valueRequired\":true,\"valueName\":\"search_term_string\"}}],\"inLanguage\":\"fr-FR\"},{\"@type\":\"Organization\",\"@id\":\"https:\/\/smans.com\/nl\/#organization\",\"name\":\"Smans\",\"url\":\"https:\/\/smans.com\/nl\/\",\"logo\":{\"@type\":\"ImageObject\",\"inLanguage\":\"fr-FR\",\"@id\":\"https:\/\/smans.com\/nl\/#\/schema\/logo\/image\/\",\"url\":\"https:\/\/smans.com\/wp-content\/uploads\/2023\/09\/logo.svg\",\"contentUrl\":\"https:\/\/smans.com\/wp-content\/uploads\/2023\/09\/logo.svg\",\"caption\":\"Smans\"},\"image\":{\"@id\":\"https:\/\/smans.com\/nl\/#\/schema\/logo\/image\/\"}}]}<\/script>\n<!-- \/ Yoast SEO plugin. -->","yoast_head_json":{"title":"Hose Cutting Machine SSM60 Touch - Smans","robots":{"index":"index","follow":"follow","max-snippet":"max-snippet:-1","max-image-preview":"max-image-preview:large","max-video-preview":"max-video-preview:-1"},"canonical":"https:\/\/smans.com\/fr\/product\/hose-cutting-machine-ssm60-touch\/","og_locale":"fr_FR","og_type":"article","og_title":"Hose Cutting Machine SSM60 Touch - Smans","og_description":"La machine de d\u00e9coupe de tuyaux SSM60","og_url":"https:\/\/smans.com\/fr\/product\/hose-cutting-machine-ssm60-touch\/","og_site_name":"Smans","article_modified_time":"2026-04-13T10:34:49+00:00","twitter_card":"summary_large_image","twitter_misc":{"Dur\u00e9e de lecture estim\u00e9e":"1 minute"},"schema":{"@context":"https:\/\/schema.org","@graph":[{"@type":"WebPage","@id":"https:\/\/smans.com\/fr\/product\/hose-cutting-machine-ssm60-touch\/","url":"https:\/\/smans.com\/fr\/product\/hose-cutting-machine-ssm60-touch\/","name":"Hose Cutting Machine SSM60 Touch - Smans","isPartOf":{"@id":"https:\/\/smans.com\/nl\/#website"},"datePublished":"2024-06-09T15:12:47+00:00","dateModified":"2026-04-13T10:34:49+00:00","breadcrumb":{"@id":"https:\/\/smans.com\/fr\/product\/hose-cutting-machine-ssm60-touch\/#breadcrumb"},"inLanguage":"fr-FR","potentialAction":[{"@type":"ReadAction","target":["https:\/\/smans.com\/fr\/product\/hose-cutting-machine-ssm60-touch\/"]}]},{"@type":"BreadcrumbList","@id":"https:\/\/smans.com\/fr\/product\/hose-cutting-machine-ssm60-touch\/#breadcrumb","itemListElement":[{"@type":"ListItem","position":1,"name":"Home","item":"https:\/\/smans.com\/fr\/"},{"@type":"ListItem","position":2,"name":"Boutique","item":"https:\/\/smans.com\/nl\/shop\/"},{"@type":"ListItem","position":3,"name":"Ulmer - Hose Cutting Machine SSM60 Touch"}]},{"@type":"WebSite","@id":"https:\/\/smans.com\/nl\/#website","url":"https:\/\/smans.com\/nl\/","name":"Smans","description":"","publisher":{"@id":"https:\/\/smans.com\/nl\/#organization"},"potentialAction":[{"@type":"SearchAction","target":{"@type":"EntryPoint","urlTemplate":"https:\/\/smans.com\/nl\/?s={search_term_string}"},"query-input":{"@type":"PropertyValueSpecification","valueRequired":true,"valueName":"search_term_string"}}],"inLanguage":"fr-FR"},{"@type":"Organization","@id":"https:\/\/smans.com\/nl\/#organization","name":"Smans","url":"https:\/\/smans.com\/nl\/","logo":{"@type":"ImageObject","inLanguage":"fr-FR","@id":"https:\/\/smans.com\/nl\/#\/schema\/logo\/image\/","url":"https:\/\/smans.com\/wp-content\/uploads\/2023\/09\/logo.svg","contentUrl":"https:\/\/smans.com\/wp-content\/uploads\/2023\/09\/logo.svg","caption":"Smans"},"image":{"@id":"https:\/\/smans.com\/nl\/#\/schema\/logo\/image\/"}}]}},"brands":[{"id":18310,"name":"Ulmer","slug":"brand-ulmer-fr"}],"_links":{"self":[{"href":"https:\/\/smans.com\/fr\/wp-json\/wp\/v2\/product\/24507","targetHints":{"allow":["GET"]}}],"collection":[{"href":"https:\/\/smans.com\/fr\/wp-json\/wp\/v2\/product"}],"about":[{"href":"https:\/\/smans.com\/fr\/wp-json\/wp\/v2\/types\/product"}],"wp:attachment":[{"href":"https:\/\/smans.com\/fr\/wp-json\/wp\/v2\/media?parent=24507"}],"wp:term":[{"taxonomy":"pwb-brand","embeddable":true,"href":"https:\/\/smans.com\/fr\/wp-json\/wp\/v2\/pwb-brand?post=24507"},{"taxonomy":"product_brand","embeddable":true,"href":"https:\/\/smans.com\/fr\/wp-json\/wp\/v2\/product_brand?post=24507"},{"taxonomy":"product_cat","embeddable":true,"href":"https:\/\/smans.com\/fr\/wp-json\/wp\/v2\/product_cat?post=24507"},{"taxonomy":"product_tag","embeddable":true,"href":"https:\/\/smans.com\/fr\/wp-json\/wp\/v2\/product_tag?post=24507"}],"curies":[{"name":"wp","href":"https:\/\/api.w.org\/{rel}","templated":true}]}}