{"id":24509,"date":"2024-06-09T17:12:51","date_gmt":"2024-06-09T15:12:51","guid":{"rendered":"https:\/\/smans.com\/product\/pneumatic-crimping-machine-up-14\/"},"modified":"2026-04-29T10:54:59","modified_gmt":"2026-04-29T08:54:59","slug":"pneumatic-crimping-machine-up-14","status":"publish","type":"product","link":"https:\/\/smans.com\/fr\/product\/pneumatic-crimping-machine-up-14\/","title":{"rendered":"Wezag - Pneumatic Crimping Machine UP 14, adaptateur et matrices exclus"},"content":{"rendered":"<p data-start=\"2052\" data-end=\"2378\">La s\u00e9rie UP 14 est un mod\u00e8le d&rsquo;entr\u00e9e de gamme de machine de sertissage pneumatique, id\u00e9ale pour les clients tels que les entreprises artisanales et les petites industries gr\u00e2ce \u00e0 son mouvement en ciseaux. Ce mod\u00e8le offre une excellente rentabilit\u00e9 et une gamme de fonctionnalit\u00e9s suppl\u00e9mentaires qui vont au-del\u00e0 de la norme.<\/p>\n<p data-start=\"2380\" data-end=\"2416\"><strong data-start=\"2380\" data-end=\"2414\">Caract\u00e9ristiques principales :<\/strong><\/p>\n<ul data-start=\"2417\" data-end=\"3052\">\n<li data-start=\"2417\" data-end=\"2509\"><strong data-start=\"2419\" data-end=\"2453\">Force de sertissage de 14 kN :<\/strong> Traite sans effort de grandes connexions \u00e9lectriques.<\/li>\n<li data-start=\"2510\" data-end=\"2606\"><strong data-start=\"2512\" data-end=\"2550\">Diff\u00e9rents profils de sertissage :<\/strong> Facilement interchangeables pour \u00e9conomiser du temps.<\/li>\n<li data-start=\"2607\" data-end=\"2684\"><strong data-start=\"2609\" data-end=\"2637\">Conception ergonomique :<\/strong> Offre un confort optimal pour l&rsquo;utilisateur.<\/li>\n<li data-start=\"2685\" data-end=\"2831\"><strong data-start=\"2687\" data-end=\"2709\">Version UP 14 BA :<\/strong> Sp\u00e9cialement \u00e9quip\u00e9e d&rsquo;un levier pour ouvrir et fermer l&rsquo;insert de sertissage afin de positionner pr\u00e9cis\u00e9ment la borne.<\/li>\n<li data-start=\"2832\" data-end=\"2902\"><strong data-start=\"2834\" data-end=\"2869\">M\u00e9canisme de fermeture radial :<\/strong> Standard sur les deux mod\u00e8les.<\/li>\n<li data-start=\"2903\" data-end=\"3052\"><strong data-start=\"2905\" data-end=\"2928\">Version UP 14 ZLW :<\/strong> \u00c9quip\u00e9e d&rsquo;un m\u00e9canisme de fermeture lin\u00e9aire et d&rsquo;un syst\u00e8me de contr\u00f4le de s\u00e9quence pour garantir la qualit\u00e9 du processus.<\/li>\n<\/ul>\n<p data-start=\"3054\" data-end=\"3132\" data-is-last-node=\"\"><strong data-start=\"3054\" data-end=\"3079\">Matrices exclusives :<\/strong> Aucun adaptateur n\u00e9cessaire pour les matrices Wezag.<\/p>\n","protected":false},"excerpt":{"rendered":"<p>Machines de sertissage pneumatiques adapt\u00e9es aux clients tels que les entreprises artisanales et les petites industries.<\/p>\n","protected":false},"featured_media":0,"template":"","meta":{"_acf_changed":false},"pwb-brand":[18318],"product_brand":[],"product_cat":[17990,17993,18034],"product_tag":[],"class_list":{"0":"post-24509","1":"product","2":"type-product","3":"status-publish","5":"pwb-brand-brand-wezag-fr","6":"product_cat-cables-et-cablage-fr","7":"product_cat-couper-denuder-sertissage-fr","8":"product_cat-wire-crimping-machines-fr","10":"first","11":"instock","12":"taxable","13":"shipping-taxable","14":"purchasable","15":"product-type-simple"},"acf":[],"yoast_head":"<!-- This site is optimized with the Yoast SEO plugin v27.1.1 - https:\/\/yoast.com\/product\/yoast-seo-wordpress\/ -->\n<title>Pneumatic Crimping Machine UP 14, adaptateur et matrices exclus - Smans<\/title>\n<meta name=\"robots\" content=\"index, follow, max-snippet:-1, max-image-preview:large, max-video-preview:-1\" \/>\n<link rel=\"canonical\" href=\"https:\/\/smans.com\/fr\/product\/pneumatic-crimping-machine-up-14\/\" \/>\n<meta property=\"og:locale\" content=\"fr_FR\" \/>\n<meta property=\"og:type\" content=\"article\" \/>\n<meta property=\"og:title\" content=\"Pneumatic Crimping Machine UP 14, adaptateur et matrices exclus - Smans\" \/>\n<meta property=\"og:description\" content=\"Machines de sertissage pneumatiques adapt\u00e9es aux clients tels que les entreprises artisanales et les petites industries.\" \/>\n<meta property=\"og:url\" content=\"https:\/\/smans.com\/fr\/product\/pneumatic-crimping-machine-up-14\/\" \/>\n<meta property=\"og:site_name\" content=\"Smans\" \/>\n<meta property=\"article:modified_time\" content=\"2026-04-29T08:54:59+00:00\" \/>\n<meta name=\"twitter:card\" content=\"summary_large_image\" \/>\n<meta name=\"twitter:label1\" content=\"Dur\u00e9e de lecture estim\u00e9e\" \/>\n\t<meta name=\"twitter:data1\" content=\"1 minute\" \/>\n<script type=\"application\/ld+json\" class=\"yoast-schema-graph\">{\"@context\":\"https:\/\/schema.org\",\"@graph\":[{\"@type\":\"WebPage\",\"@id\":\"https:\/\/smans.com\/fr\/product\/pneumatic-crimping-machine-up-14\/\",\"url\":\"https:\/\/smans.com\/fr\/product\/pneumatic-crimping-machine-up-14\/\",\"name\":\"Pneumatic Crimping Machine UP 14, adaptateur et matrices exclus - Smans\",\"isPartOf\":{\"@id\":\"https:\/\/smans.com\/nl\/#website\"},\"datePublished\":\"2024-06-09T15:12:51+00:00\",\"dateModified\":\"2026-04-29T08:54:59+00:00\",\"breadcrumb\":{\"@id\":\"https:\/\/smans.com\/fr\/product\/pneumatic-crimping-machine-up-14\/#breadcrumb\"},\"inLanguage\":\"fr-FR\",\"potentialAction\":[{\"@type\":\"ReadAction\",\"target\":[\"https:\/\/smans.com\/fr\/product\/pneumatic-crimping-machine-up-14\/\"]}]},{\"@type\":\"BreadcrumbList\",\"@id\":\"https:\/\/smans.com\/fr\/product\/pneumatic-crimping-machine-up-14\/#breadcrumb\",\"itemListElement\":[{\"@type\":\"ListItem\",\"position\":1,\"name\":\"Home\",\"item\":\"https:\/\/smans.com\/fr\/\"},{\"@type\":\"ListItem\",\"position\":2,\"name\":\"Boutique\",\"item\":\"https:\/\/smans.com\/nl\/shop\/\"},{\"@type\":\"ListItem\",\"position\":3,\"name\":\"Wezag - Pneumatic Crimping Machine UP 14, adaptateur et matrices exclus\"}]},{\"@type\":\"WebSite\",\"@id\":\"https:\/\/smans.com\/nl\/#website\",\"url\":\"https:\/\/smans.com\/nl\/\",\"name\":\"Smans\",\"description\":\"\",\"publisher\":{\"@id\":\"https:\/\/smans.com\/nl\/#organization\"},\"potentialAction\":[{\"@type\":\"SearchAction\",\"target\":{\"@type\":\"EntryPoint\",\"urlTemplate\":\"https:\/\/smans.com\/nl\/?s={search_term_string}\"},\"query-input\":{\"@type\":\"PropertyValueSpecification\",\"valueRequired\":true,\"valueName\":\"search_term_string\"}}],\"inLanguage\":\"fr-FR\"},{\"@type\":\"Organization\",\"@id\":\"https:\/\/smans.com\/nl\/#organization\",\"name\":\"Smans\",\"url\":\"https:\/\/smans.com\/nl\/\",\"logo\":{\"@type\":\"ImageObject\",\"inLanguage\":\"fr-FR\",\"@id\":\"https:\/\/smans.com\/nl\/#\/schema\/logo\/image\/\",\"url\":\"https:\/\/smans.com\/wp-content\/uploads\/2023\/09\/logo.svg\",\"contentUrl\":\"https:\/\/smans.com\/wp-content\/uploads\/2023\/09\/logo.svg\",\"caption\":\"Smans\"},\"image\":{\"@id\":\"https:\/\/smans.com\/nl\/#\/schema\/logo\/image\/\"}}]}<\/script>\n<!-- \/ Yoast SEO plugin. -->","yoast_head_json":{"title":"Pneumatic Crimping Machine UP 14, adaptateur et matrices exclus - Smans","robots":{"index":"index","follow":"follow","max-snippet":"max-snippet:-1","max-image-preview":"max-image-preview:large","max-video-preview":"max-video-preview:-1"},"canonical":"https:\/\/smans.com\/fr\/product\/pneumatic-crimping-machine-up-14\/","og_locale":"fr_FR","og_type":"article","og_title":"Pneumatic Crimping Machine UP 14, adaptateur et matrices exclus - Smans","og_description":"Machines de sertissage pneumatiques adapt\u00e9es aux clients tels que les entreprises artisanales et les petites industries.","og_url":"https:\/\/smans.com\/fr\/product\/pneumatic-crimping-machine-up-14\/","og_site_name":"Smans","article_modified_time":"2026-04-29T08:54:59+00:00","twitter_card":"summary_large_image","twitter_misc":{"Dur\u00e9e de lecture estim\u00e9e":"1 minute"},"schema":{"@context":"https:\/\/schema.org","@graph":[{"@type":"WebPage","@id":"https:\/\/smans.com\/fr\/product\/pneumatic-crimping-machine-up-14\/","url":"https:\/\/smans.com\/fr\/product\/pneumatic-crimping-machine-up-14\/","name":"Pneumatic Crimping Machine UP 14, adaptateur et matrices exclus - Smans","isPartOf":{"@id":"https:\/\/smans.com\/nl\/#website"},"datePublished":"2024-06-09T15:12:51+00:00","dateModified":"2026-04-29T08:54:59+00:00","breadcrumb":{"@id":"https:\/\/smans.com\/fr\/product\/pneumatic-crimping-machine-up-14\/#breadcrumb"},"inLanguage":"fr-FR","potentialAction":[{"@type":"ReadAction","target":["https:\/\/smans.com\/fr\/product\/pneumatic-crimping-machine-up-14\/"]}]},{"@type":"BreadcrumbList","@id":"https:\/\/smans.com\/fr\/product\/pneumatic-crimping-machine-up-14\/#breadcrumb","itemListElement":[{"@type":"ListItem","position":1,"name":"Home","item":"https:\/\/smans.com\/fr\/"},{"@type":"ListItem","position":2,"name":"Boutique","item":"https:\/\/smans.com\/nl\/shop\/"},{"@type":"ListItem","position":3,"name":"Wezag - Pneumatic Crimping Machine UP 14, adaptateur et matrices exclus"}]},{"@type":"WebSite","@id":"https:\/\/smans.com\/nl\/#website","url":"https:\/\/smans.com\/nl\/","name":"Smans","description":"","publisher":{"@id":"https:\/\/smans.com\/nl\/#organization"},"potentialAction":[{"@type":"SearchAction","target":{"@type":"EntryPoint","urlTemplate":"https:\/\/smans.com\/nl\/?s={search_term_string}"},"query-input":{"@type":"PropertyValueSpecification","valueRequired":true,"valueName":"search_term_string"}}],"inLanguage":"fr-FR"},{"@type":"Organization","@id":"https:\/\/smans.com\/nl\/#organization","name":"Smans","url":"https:\/\/smans.com\/nl\/","logo":{"@type":"ImageObject","inLanguage":"fr-FR","@id":"https:\/\/smans.com\/nl\/#\/schema\/logo\/image\/","url":"https:\/\/smans.com\/wp-content\/uploads\/2023\/09\/logo.svg","contentUrl":"https:\/\/smans.com\/wp-content\/uploads\/2023\/09\/logo.svg","caption":"Smans"},"image":{"@id":"https:\/\/smans.com\/nl\/#\/schema\/logo\/image\/"}}]}},"brands":[{"id":18318,"name":"Wezag","slug":"brand-wezag-fr"}],"_links":{"self":[{"href":"https:\/\/smans.com\/fr\/wp-json\/wp\/v2\/product\/24509","targetHints":{"allow":["GET"]}}],"collection":[{"href":"https:\/\/smans.com\/fr\/wp-json\/wp\/v2\/product"}],"about":[{"href":"https:\/\/smans.com\/fr\/wp-json\/wp\/v2\/types\/product"}],"wp:attachment":[{"href":"https:\/\/smans.com\/fr\/wp-json\/wp\/v2\/media?parent=24509"}],"wp:term":[{"taxonomy":"pwb-brand","embeddable":true,"href":"https:\/\/smans.com\/fr\/wp-json\/wp\/v2\/pwb-brand?post=24509"},{"taxonomy":"product_brand","embeddable":true,"href":"https:\/\/smans.com\/fr\/wp-json\/wp\/v2\/product_brand?post=24509"},{"taxonomy":"product_cat","embeddable":true,"href":"https:\/\/smans.com\/fr\/wp-json\/wp\/v2\/product_cat?post=24509"},{"taxonomy":"product_tag","embeddable":true,"href":"https:\/\/smans.com\/fr\/wp-json\/wp\/v2\/product_tag?post=24509"}],"curies":[{"name":"wp","href":"https:\/\/api.w.org\/{rel}","templated":true}]}}