{"id":24515,"date":"2024-06-09T17:23:50","date_gmt":"2024-06-09T15:23:50","guid":{"rendered":"https:\/\/smans.com\/product\/selective-soldering-versaflow-3-35\/"},"modified":"2026-04-09T13:00:08","modified_gmt":"2026-04-09T11:00:08","slug":"selective-soldering-versaflow-3-35","status":"publish","type":"product","link":"https:\/\/smans.com\/fr\/product\/selective-soldering-versaflow-3-35\/","title":{"rendered":"Ersa - Selective Soldering VERSAFLOW 3\/35"},"content":{"rendered":"<p>Le VERSAFLOW 3\/35 GLOBAL EDITION est le syst\u00e8me de soudage s\u00e9lectif le plus vendu au monde et est synonyme de stabilit\u00e9, de pr\u00e9cision et d&rsquo;efficacit\u00e9. Bas\u00e9 sur des processus enti\u00e8rement reproductibles et des param\u00e8tres fiables, ce syst\u00e8me de soudage en ligne offre une qualit\u00e9 sup\u00e9rieure \u00e0 un co\u00fbt optimal, avec une fiabilit\u00e9 de livraison maximale.<\/p>\n<p>La configuration de la machine comprend des modules de flux, de pr\u00e9chauffage et de soudage avec un syst\u00e8me de transport segment\u00e9, ce qui permet au VERSAFLOW 3\/35 de s&rsquo;int\u00e9grer facilement dans les concepts de production en ligne modernes. Gr\u00e2ce \u00e0 la structure parall\u00e8le du processus, dans laquelle le flux, le pr\u00e9chauffage et le soudage ont lieu simultan\u00e9ment, le d\u00e9bit est consid\u00e9rablement augment\u00e9. La technologie \u00e0 double pot de soudure offre en outre une capacit\u00e9 suppl\u00e9mentaire sans compromettre la pr\u00e9cision ou le contr\u00f4le du processus.<\/p>\n<p>Avec une taille maximale de circuit imprim\u00e9 de <strong>508 x 508 mm<\/strong> et une interface utilisateur intuitive, la VERSAFLOW 3\/35 offre tout ce qui est n\u00e9cessaire pour la production de demain, sans n\u00e9cessiter d&rsquo;options suppl\u00e9mentaires.<\/p>\n<p>En bref, le VERSAFLOW 3\/35 combine la technologie Ersa \u00e9prouv\u00e9e avec une stabilit\u00e9 de processus absolue \u2013 un choix fiable pour ceux qui souhaitent souder de mani\u00e8re efficace, coh\u00e9rente et tourn\u00e9e vers l&rsquo;avenir.<\/p>\n","protected":false},"excerpt":{"rendered":"<p>Syst\u00e8me de soudage s\u00e9lectif compact dot\u00e9 d&rsquo;une technologie de pointe pour toutes les applications<\/p>\n","protected":false},"featured_media":0,"template":"","meta":{"_acf_changed":false},"pwb-brand":[18232],"product_brand":[],"product_cat":[17991,18012,18099],"product_tag":[],"class_list":{"0":"post-24515","1":"product","2":"type-product","3":"status-publish","5":"pwb-brand-brand-ersa-fr","6":"product_cat-electronique-fr","7":"product_cat-equipement-d-assemblage-tht-fr","8":"product_cat-soldering-fr-2","10":"first","11":"instock","12":"taxable","13":"shipping-taxable","14":"product-type-simple"},"acf":[],"yoast_head":"<!-- This site is optimized with the Yoast SEO plugin v27.1.1 - https:\/\/yoast.com\/product\/yoast-seo-wordpress\/ -->\n<title>Selective Soldering VERSAFLOW 3\/35 - Smans<\/title>\n<meta name=\"robots\" content=\"index, follow, max-snippet:-1, max-image-preview:large, max-video-preview:-1\" \/>\n<link rel=\"canonical\" href=\"https:\/\/smans.com\/fr\/product\/selective-soldering-versaflow-3-35\/\" \/>\n<meta property=\"og:locale\" content=\"fr_FR\" \/>\n<meta property=\"og:type\" content=\"article\" \/>\n<meta property=\"og:title\" content=\"Selective Soldering VERSAFLOW 3\/35 - Smans\" \/>\n<meta property=\"og:description\" content=\"Syst\u00e8me de soudage s\u00e9lectif compact dot\u00e9 d&#039;une technologie de pointe pour toutes les applications\" \/>\n<meta property=\"og:url\" content=\"https:\/\/smans.com\/fr\/product\/selective-soldering-versaflow-3-35\/\" \/>\n<meta property=\"og:site_name\" content=\"Smans\" \/>\n<meta property=\"article:modified_time\" content=\"2026-04-09T11:00:08+00:00\" \/>\n<meta name=\"twitter:card\" content=\"summary_large_image\" \/>\n<meta name=\"twitter:label1\" content=\"Dur\u00e9e de lecture estim\u00e9e\" \/>\n\t<meta name=\"twitter:data1\" content=\"1 minute\" \/>\n<script type=\"application\/ld+json\" class=\"yoast-schema-graph\">{\"@context\":\"https:\/\/schema.org\",\"@graph\":[{\"@type\":\"WebPage\",\"@id\":\"https:\/\/smans.com\/fr\/product\/selective-soldering-versaflow-3-35\/\",\"url\":\"https:\/\/smans.com\/fr\/product\/selective-soldering-versaflow-3-35\/\",\"name\":\"Selective Soldering VERSAFLOW 3\/35 - Smans\",\"isPartOf\":{\"@id\":\"https:\/\/smans.com\/nl\/#website\"},\"datePublished\":\"2024-06-09T15:23:50+00:00\",\"dateModified\":\"2026-04-09T11:00:08+00:00\",\"breadcrumb\":{\"@id\":\"https:\/\/smans.com\/fr\/product\/selective-soldering-versaflow-3-35\/#breadcrumb\"},\"inLanguage\":\"fr-FR\",\"potentialAction\":[{\"@type\":\"ReadAction\",\"target\":[\"https:\/\/smans.com\/fr\/product\/selective-soldering-versaflow-3-35\/\"]}]},{\"@type\":\"BreadcrumbList\",\"@id\":\"https:\/\/smans.com\/fr\/product\/selective-soldering-versaflow-3-35\/#breadcrumb\",\"itemListElement\":[{\"@type\":\"ListItem\",\"position\":1,\"name\":\"Home\",\"item\":\"https:\/\/smans.com\/fr\/\"},{\"@type\":\"ListItem\",\"position\":2,\"name\":\"Boutique\",\"item\":\"https:\/\/smans.com\/nl\/shop\/\"},{\"@type\":\"ListItem\",\"position\":3,\"name\":\"Ersa - Selective Soldering VERSAFLOW 3\/35\"}]},{\"@type\":\"WebSite\",\"@id\":\"https:\/\/smans.com\/nl\/#website\",\"url\":\"https:\/\/smans.com\/nl\/\",\"name\":\"Smans\",\"description\":\"\",\"publisher\":{\"@id\":\"https:\/\/smans.com\/nl\/#organization\"},\"potentialAction\":[{\"@type\":\"SearchAction\",\"target\":{\"@type\":\"EntryPoint\",\"urlTemplate\":\"https:\/\/smans.com\/nl\/?s={search_term_string}\"},\"query-input\":{\"@type\":\"PropertyValueSpecification\",\"valueRequired\":true,\"valueName\":\"search_term_string\"}}],\"inLanguage\":\"fr-FR\"},{\"@type\":\"Organization\",\"@id\":\"https:\/\/smans.com\/nl\/#organization\",\"name\":\"Smans\",\"url\":\"https:\/\/smans.com\/nl\/\",\"logo\":{\"@type\":\"ImageObject\",\"inLanguage\":\"fr-FR\",\"@id\":\"https:\/\/smans.com\/nl\/#\/schema\/logo\/image\/\",\"url\":\"https:\/\/smans.com\/wp-content\/uploads\/2023\/09\/logo.svg\",\"contentUrl\":\"https:\/\/smans.com\/wp-content\/uploads\/2023\/09\/logo.svg\",\"caption\":\"Smans\"},\"image\":{\"@id\":\"https:\/\/smans.com\/nl\/#\/schema\/logo\/image\/\"}}]}<\/script>\n<!-- \/ Yoast SEO plugin. -->","yoast_head_json":{"title":"Selective Soldering VERSAFLOW 3\/35 - Smans","robots":{"index":"index","follow":"follow","max-snippet":"max-snippet:-1","max-image-preview":"max-image-preview:large","max-video-preview":"max-video-preview:-1"},"canonical":"https:\/\/smans.com\/fr\/product\/selective-soldering-versaflow-3-35\/","og_locale":"fr_FR","og_type":"article","og_title":"Selective Soldering VERSAFLOW 3\/35 - Smans","og_description":"Syst\u00e8me de soudage s\u00e9lectif compact dot\u00e9 d'une technologie de pointe pour toutes les applications","og_url":"https:\/\/smans.com\/fr\/product\/selective-soldering-versaflow-3-35\/","og_site_name":"Smans","article_modified_time":"2026-04-09T11:00:08+00:00","twitter_card":"summary_large_image","twitter_misc":{"Dur\u00e9e de lecture estim\u00e9e":"1 minute"},"schema":{"@context":"https:\/\/schema.org","@graph":[{"@type":"WebPage","@id":"https:\/\/smans.com\/fr\/product\/selective-soldering-versaflow-3-35\/","url":"https:\/\/smans.com\/fr\/product\/selective-soldering-versaflow-3-35\/","name":"Selective Soldering VERSAFLOW 3\/35 - Smans","isPartOf":{"@id":"https:\/\/smans.com\/nl\/#website"},"datePublished":"2024-06-09T15:23:50+00:00","dateModified":"2026-04-09T11:00:08+00:00","breadcrumb":{"@id":"https:\/\/smans.com\/fr\/product\/selective-soldering-versaflow-3-35\/#breadcrumb"},"inLanguage":"fr-FR","potentialAction":[{"@type":"ReadAction","target":["https:\/\/smans.com\/fr\/product\/selective-soldering-versaflow-3-35\/"]}]},{"@type":"BreadcrumbList","@id":"https:\/\/smans.com\/fr\/product\/selective-soldering-versaflow-3-35\/#breadcrumb","itemListElement":[{"@type":"ListItem","position":1,"name":"Home","item":"https:\/\/smans.com\/fr\/"},{"@type":"ListItem","position":2,"name":"Boutique","item":"https:\/\/smans.com\/nl\/shop\/"},{"@type":"ListItem","position":3,"name":"Ersa - Selective Soldering VERSAFLOW 3\/35"}]},{"@type":"WebSite","@id":"https:\/\/smans.com\/nl\/#website","url":"https:\/\/smans.com\/nl\/","name":"Smans","description":"","publisher":{"@id":"https:\/\/smans.com\/nl\/#organization"},"potentialAction":[{"@type":"SearchAction","target":{"@type":"EntryPoint","urlTemplate":"https:\/\/smans.com\/nl\/?s={search_term_string}"},"query-input":{"@type":"PropertyValueSpecification","valueRequired":true,"valueName":"search_term_string"}}],"inLanguage":"fr-FR"},{"@type":"Organization","@id":"https:\/\/smans.com\/nl\/#organization","name":"Smans","url":"https:\/\/smans.com\/nl\/","logo":{"@type":"ImageObject","inLanguage":"fr-FR","@id":"https:\/\/smans.com\/nl\/#\/schema\/logo\/image\/","url":"https:\/\/smans.com\/wp-content\/uploads\/2023\/09\/logo.svg","contentUrl":"https:\/\/smans.com\/wp-content\/uploads\/2023\/09\/logo.svg","caption":"Smans"},"image":{"@id":"https:\/\/smans.com\/nl\/#\/schema\/logo\/image\/"}}]}},"brands":[{"id":18232,"name":"Ersa","slug":"brand-ersa-fr"}],"_links":{"self":[{"href":"https:\/\/smans.com\/fr\/wp-json\/wp\/v2\/product\/24515","targetHints":{"allow":["GET"]}}],"collection":[{"href":"https:\/\/smans.com\/fr\/wp-json\/wp\/v2\/product"}],"about":[{"href":"https:\/\/smans.com\/fr\/wp-json\/wp\/v2\/types\/product"}],"wp:attachment":[{"href":"https:\/\/smans.com\/fr\/wp-json\/wp\/v2\/media?parent=24515"}],"wp:term":[{"taxonomy":"pwb-brand","embeddable":true,"href":"https:\/\/smans.com\/fr\/wp-json\/wp\/v2\/pwb-brand?post=24515"},{"taxonomy":"product_brand","embeddable":true,"href":"https:\/\/smans.com\/fr\/wp-json\/wp\/v2\/product_brand?post=24515"},{"taxonomy":"product_cat","embeddable":true,"href":"https:\/\/smans.com\/fr\/wp-json\/wp\/v2\/product_cat?post=24515"},{"taxonomy":"product_tag","embeddable":true,"href":"https:\/\/smans.com\/fr\/wp-json\/wp\/v2\/product_tag?post=24515"}],"curies":[{"name":"wp","href":"https:\/\/api.w.org\/{rel}","templated":true}]}}