{"id":24573,"date":"2024-06-09T17:13:24","date_gmt":"2024-06-09T15:13:24","guid":{"rendered":"https:\/\/smans.com\/product\/stripper-crimper-unic-gv\/"},"modified":"2026-04-13T12:36:02","modified_gmt":"2026-04-13T10:36:02","slug":"stripper-crimper-unic-gv","status":"publish","type":"product","link":"https:\/\/smans.com\/fr\/product\/stripper-crimper-unic-gv\/","title":{"rendered":"Z+F - Stripper-Crimper UNIC-GV"},"content":{"rendered":"<p data-start=\"1746\" data-end=\"2246\">La UNIC-GV est une machine \u00e9lectropneumatique de d\u00e9coupe et de sertissage de table capable de traiter jusqu&rsquo;\u00e0 cinq bobines de connecteurs avec des sections transversales diff\u00e9rentes. Les connecteurs sur bobine allant de 0,5 mm\u00b2 \u00e0 2,5 mm\u00b2 (AWG 20 &#8211; 14) et des longueurs de sertissage de 8 mm ou 10 mm peuvent \u00eatre trait\u00e9s sans interruption. L&rsquo;utilisateur s\u00e9lectionne simplement la section transversale via un \u00e9cran tactile. Des connecteurs pour conducteurs multi-normes peuvent \u00e9galement \u00eatre trait\u00e9s.<\/p>\n<p data-start=\"2248\" data-end=\"2284\"><strong data-start=\"2248\" data-end=\"2282\">Caract\u00e9ristiques principales :<\/strong><\/p>\n<ul data-start=\"2285\" data-end=\"2644\" data-is-last-node=\"\">\n<li data-start=\"2285\" data-end=\"2394\"><strong data-start=\"2287\" data-end=\"2327\">Surveillance de processus int\u00e9gr\u00e9e :<\/strong> Garantit un contr\u00f4le continu lors du traitement des connecteurs.<\/li>\n<li data-start=\"2395\" data-end=\"2509\"><strong data-start=\"2397\" data-end=\"2431\">Nouvel \u00e9cran graphique de 5&Prime; :<\/strong> De la derni\u00e8re g\u00e9n\u00e9ration des machines Z+F pour une utilisation simplifi\u00e9e.<\/li>\n<li data-start=\"2510\" data-end=\"2644\" data-is-last-node=\"\"><strong data-start=\"2512\" data-end=\"2556\">Alimentation optimis\u00e9e des connecteurs :<\/strong> Gr\u00e2ce au syst\u00e8me de support de connecteurs am\u00e9lior\u00e9 pour un traitement plus efficace.<\/li>\n<\/ul>\n","protected":false},"excerpt":{"rendered":"<p>UNIC-GV : Machine de D\u00e9capage et de Sertissage \u00c9lectropneumatique de Table<\/p>\n","protected":false},"featured_media":0,"template":"","meta":{"_acf_changed":false},"pwb-brand":[18322],"product_brand":[],"product_cat":[17990,17994,17993,18036],"product_tag":[],"class_list":{"0":"post-24573","1":"product","2":"type-product","3":"status-publish","5":"pwb-brand-brand-z-f-fr","6":"product_cat-cables-et-cablage-fr","7":"product_cat-construction-de-panneau-fr","8":"product_cat-couper-denuder-sertissage-fr","9":"product_cat-strip-crimp-fr","11":"first","12":"instock","13":"taxable","14":"shipping-taxable","15":"purchasable","16":"product-type-simple"},"acf":[],"yoast_head":"<!-- This site is optimized with the Yoast SEO plugin v27.1.1 - https:\/\/yoast.com\/product\/yoast-seo-wordpress\/ -->\n<title>Stripper-Crimper UNIC-GV - Smans<\/title>\n<meta name=\"robots\" content=\"index, follow, max-snippet:-1, max-image-preview:large, max-video-preview:-1\" \/>\n<link rel=\"canonical\" href=\"https:\/\/smans.com\/fr\/product\/stripper-crimper-unic-gv\/\" \/>\n<meta property=\"og:locale\" content=\"fr_FR\" \/>\n<meta property=\"og:type\" content=\"article\" \/>\n<meta property=\"og:title\" content=\"Stripper-Crimper UNIC-GV - Smans\" \/>\n<meta property=\"og:description\" content=\"UNIC-GV : Machine de D\u00e9capage et de Sertissage \u00c9lectropneumatique de Table\" \/>\n<meta property=\"og:url\" content=\"https:\/\/smans.com\/fr\/product\/stripper-crimper-unic-gv\/\" \/>\n<meta property=\"og:site_name\" content=\"Smans\" \/>\n<meta property=\"article:modified_time\" content=\"2026-04-13T10:36:02+00:00\" \/>\n<meta name=\"twitter:card\" content=\"summary_large_image\" \/>\n<meta name=\"twitter:label1\" content=\"Dur\u00e9e de lecture estim\u00e9e\" \/>\n\t<meta name=\"twitter:data1\" content=\"1 minute\" \/>\n<script type=\"application\/ld+json\" class=\"yoast-schema-graph\">{\"@context\":\"https:\/\/schema.org\",\"@graph\":[{\"@type\":\"WebPage\",\"@id\":\"https:\/\/smans.com\/fr\/product\/stripper-crimper-unic-gv\/\",\"url\":\"https:\/\/smans.com\/fr\/product\/stripper-crimper-unic-gv\/\",\"name\":\"Stripper-Crimper UNIC-GV - Smans\",\"isPartOf\":{\"@id\":\"https:\/\/smans.com\/nl\/#website\"},\"datePublished\":\"2024-06-09T15:13:24+00:00\",\"dateModified\":\"2026-04-13T10:36:02+00:00\",\"breadcrumb\":{\"@id\":\"https:\/\/smans.com\/fr\/product\/stripper-crimper-unic-gv\/#breadcrumb\"},\"inLanguage\":\"fr-FR\",\"potentialAction\":[{\"@type\":\"ReadAction\",\"target\":[\"https:\/\/smans.com\/fr\/product\/stripper-crimper-unic-gv\/\"]}]},{\"@type\":\"BreadcrumbList\",\"@id\":\"https:\/\/smans.com\/fr\/product\/stripper-crimper-unic-gv\/#breadcrumb\",\"itemListElement\":[{\"@type\":\"ListItem\",\"position\":1,\"name\":\"Home\",\"item\":\"https:\/\/smans.com\/fr\/\"},{\"@type\":\"ListItem\",\"position\":2,\"name\":\"Boutique\",\"item\":\"https:\/\/smans.com\/nl\/shop\/\"},{\"@type\":\"ListItem\",\"position\":3,\"name\":\"Z+F - Stripper-Crimper UNIC-GV\"}]},{\"@type\":\"WebSite\",\"@id\":\"https:\/\/smans.com\/nl\/#website\",\"url\":\"https:\/\/smans.com\/nl\/\",\"name\":\"Smans\",\"description\":\"\",\"publisher\":{\"@id\":\"https:\/\/smans.com\/nl\/#organization\"},\"potentialAction\":[{\"@type\":\"SearchAction\",\"target\":{\"@type\":\"EntryPoint\",\"urlTemplate\":\"https:\/\/smans.com\/nl\/?s={search_term_string}\"},\"query-input\":{\"@type\":\"PropertyValueSpecification\",\"valueRequired\":true,\"valueName\":\"search_term_string\"}}],\"inLanguage\":\"fr-FR\"},{\"@type\":\"Organization\",\"@id\":\"https:\/\/smans.com\/nl\/#organization\",\"name\":\"Smans\",\"url\":\"https:\/\/smans.com\/nl\/\",\"logo\":{\"@type\":\"ImageObject\",\"inLanguage\":\"fr-FR\",\"@id\":\"https:\/\/smans.com\/nl\/#\/schema\/logo\/image\/\",\"url\":\"https:\/\/smans.com\/wp-content\/uploads\/2023\/09\/logo.svg\",\"contentUrl\":\"https:\/\/smans.com\/wp-content\/uploads\/2023\/09\/logo.svg\",\"caption\":\"Smans\"},\"image\":{\"@id\":\"https:\/\/smans.com\/nl\/#\/schema\/logo\/image\/\"}}]}<\/script>\n<!-- \/ Yoast SEO plugin. -->","yoast_head_json":{"title":"Stripper-Crimper UNIC-GV - Smans","robots":{"index":"index","follow":"follow","max-snippet":"max-snippet:-1","max-image-preview":"max-image-preview:large","max-video-preview":"max-video-preview:-1"},"canonical":"https:\/\/smans.com\/fr\/product\/stripper-crimper-unic-gv\/","og_locale":"fr_FR","og_type":"article","og_title":"Stripper-Crimper UNIC-GV - Smans","og_description":"UNIC-GV : Machine de D\u00e9capage et de Sertissage \u00c9lectropneumatique de Table","og_url":"https:\/\/smans.com\/fr\/product\/stripper-crimper-unic-gv\/","og_site_name":"Smans","article_modified_time":"2026-04-13T10:36:02+00:00","twitter_card":"summary_large_image","twitter_misc":{"Dur\u00e9e de lecture estim\u00e9e":"1 minute"},"schema":{"@context":"https:\/\/schema.org","@graph":[{"@type":"WebPage","@id":"https:\/\/smans.com\/fr\/product\/stripper-crimper-unic-gv\/","url":"https:\/\/smans.com\/fr\/product\/stripper-crimper-unic-gv\/","name":"Stripper-Crimper UNIC-GV - Smans","isPartOf":{"@id":"https:\/\/smans.com\/nl\/#website"},"datePublished":"2024-06-09T15:13:24+00:00","dateModified":"2026-04-13T10:36:02+00:00","breadcrumb":{"@id":"https:\/\/smans.com\/fr\/product\/stripper-crimper-unic-gv\/#breadcrumb"},"inLanguage":"fr-FR","potentialAction":[{"@type":"ReadAction","target":["https:\/\/smans.com\/fr\/product\/stripper-crimper-unic-gv\/"]}]},{"@type":"BreadcrumbList","@id":"https:\/\/smans.com\/fr\/product\/stripper-crimper-unic-gv\/#breadcrumb","itemListElement":[{"@type":"ListItem","position":1,"name":"Home","item":"https:\/\/smans.com\/fr\/"},{"@type":"ListItem","position":2,"name":"Boutique","item":"https:\/\/smans.com\/nl\/shop\/"},{"@type":"ListItem","position":3,"name":"Z+F - Stripper-Crimper UNIC-GV"}]},{"@type":"WebSite","@id":"https:\/\/smans.com\/nl\/#website","url":"https:\/\/smans.com\/nl\/","name":"Smans","description":"","publisher":{"@id":"https:\/\/smans.com\/nl\/#organization"},"potentialAction":[{"@type":"SearchAction","target":{"@type":"EntryPoint","urlTemplate":"https:\/\/smans.com\/nl\/?s={search_term_string}"},"query-input":{"@type":"PropertyValueSpecification","valueRequired":true,"valueName":"search_term_string"}}],"inLanguage":"fr-FR"},{"@type":"Organization","@id":"https:\/\/smans.com\/nl\/#organization","name":"Smans","url":"https:\/\/smans.com\/nl\/","logo":{"@type":"ImageObject","inLanguage":"fr-FR","@id":"https:\/\/smans.com\/nl\/#\/schema\/logo\/image\/","url":"https:\/\/smans.com\/wp-content\/uploads\/2023\/09\/logo.svg","contentUrl":"https:\/\/smans.com\/wp-content\/uploads\/2023\/09\/logo.svg","caption":"Smans"},"image":{"@id":"https:\/\/smans.com\/nl\/#\/schema\/logo\/image\/"}}]}},"brands":[{"id":18322,"name":"Z+F","slug":"brand-z-f-fr"}],"_links":{"self":[{"href":"https:\/\/smans.com\/fr\/wp-json\/wp\/v2\/product\/24573","targetHints":{"allow":["GET"]}}],"collection":[{"href":"https:\/\/smans.com\/fr\/wp-json\/wp\/v2\/product"}],"about":[{"href":"https:\/\/smans.com\/fr\/wp-json\/wp\/v2\/types\/product"}],"wp:attachment":[{"href":"https:\/\/smans.com\/fr\/wp-json\/wp\/v2\/media?parent=24573"}],"wp:term":[{"taxonomy":"pwb-brand","embeddable":true,"href":"https:\/\/smans.com\/fr\/wp-json\/wp\/v2\/pwb-brand?post=24573"},{"taxonomy":"product_brand","embeddable":true,"href":"https:\/\/smans.com\/fr\/wp-json\/wp\/v2\/product_brand?post=24573"},{"taxonomy":"product_cat","embeddable":true,"href":"https:\/\/smans.com\/fr\/wp-json\/wp\/v2\/product_cat?post=24573"},{"taxonomy":"product_tag","embeddable":true,"href":"https:\/\/smans.com\/fr\/wp-json\/wp\/v2\/product_tag?post=24573"}],"curies":[{"name":"wp","href":"https:\/\/api.w.org\/{rel}","templated":true}]}}