{"id":24583,"date":"2024-06-09T17:13:45","date_gmt":"2024-06-09T15:13:45","guid":{"rendered":"https:\/\/smans.com\/product\/stripper-crimper-am-03-c\/"},"modified":"2026-04-13T12:36:04","modified_gmt":"2026-04-13T10:36:04","slug":"stripper-crimper-am-03-c","status":"publish","type":"product","link":"https:\/\/smans.com\/fr\/product\/stripper-crimper-am-03-c\/","title":{"rendered":"Z+F - Stripper-Crimper AM 03 C"},"content":{"rendered":"<p data-start=\"2152\" data-end=\"2778\">La AM 03 est une machine \u00e9lectropneumatique modulaire de d\u00e9nudage et de sertissage con\u00e7ue pour traiter rapidement et de mani\u00e8re fiable des connecteurs m\u00e2les et femelles petits et non isol\u00e9s pour des sections transversales de c\u00e2bles allant de 0,14 \u00e0 0,5 mm\u00b2. Les connecteurs sont automatiquement aliment\u00e9s via un syst\u00e8me d&rsquo;alimentation par c\u00e2ble, et la profondeur de d\u00e9nudage et de sertissage peut \u00eatre r\u00e9gl\u00e9e manuellement. Jusqu&rsquo;\u00e0 50 programmes diff\u00e9rents peuvent \u00eatre enregistr\u00e9s, et le r\u00e9glage et la programmation sont effectu\u00e9s facilement via l&rsquo;\u00e9cran tactile, qui affiche toutes les donn\u00e9es, fonctions et l&rsquo;\u00e9tat importants.<\/p>\n<p data-start=\"2780\" data-end=\"2816\"><strong data-start=\"2780\" data-end=\"2814\">Caract\u00e9ristiques principales :<\/strong><\/p>\n<ul data-start=\"2817\" data-end=\"3264\" data-is-last-node=\"\">\n<li data-start=\"2817\" data-end=\"2911\"><strong data-start=\"2819\" data-end=\"2909\">Sp\u00e9cialement con\u00e7u pour les petits connecteurs torsad\u00e9s et les sections transversales.<\/strong><\/li>\n<li data-start=\"2912\" data-end=\"3013\"><strong data-start=\"2914\" data-end=\"2943\">Mod\u00e8le d&rsquo;entr\u00e9e abordable<\/strong> avec d&rsquo;excellentes performances pour un investissement plus faible.<\/li>\n<li data-start=\"3014\" data-end=\"3097\"><strong data-start=\"3016\" data-end=\"3041\">Conception compacte :<\/strong> Id\u00e9ale pour une utilisation dans des espaces limit\u00e9s.<\/li>\n<li data-start=\"3098\" data-end=\"3169\"><strong data-start=\"3100\" data-end=\"3127\">Temps de cycle rapide :<\/strong> Augmente l&rsquo;efficacit\u00e9 de la production.<\/li>\n<li data-start=\"3170\" data-end=\"3264\" data-is-last-node=\"\"><strong data-start=\"3172\" data-end=\"3202\">Longueur d&rsquo;entr\u00e9e courte :<\/strong> Convient pour des c\u00e2bles plus courts et un traitement rapide.<\/li>\n<\/ul>\n","protected":false},"excerpt":{"rendered":"<p>AM 03 : Machine \u00c9lectropneumatique de D\u00e9nudage et de Sertissage pour Petits Connecteurs et Sections Transversales<\/p>\n","protected":false},"featured_media":0,"template":"","meta":{"_acf_changed":false},"pwb-brand":[18322],"product_brand":[],"product_cat":[17990,17993,18036],"product_tag":[],"class_list":{"0":"post-24583","1":"product","2":"type-product","3":"status-publish","5":"pwb-brand-brand-z-f-fr","6":"product_cat-cables-et-cablage-fr","7":"product_cat-couper-denuder-sertissage-fr","8":"product_cat-strip-crimp-fr","10":"first","11":"instock","12":"taxable","13":"shipping-taxable","14":"product-type-simple"},"acf":[],"yoast_head":"<!-- This site is optimized with the Yoast SEO plugin v27.1.1 - https:\/\/yoast.com\/product\/yoast-seo-wordpress\/ -->\n<title>Stripper-Crimper AM 03 C - Smans<\/title>\n<meta name=\"robots\" content=\"index, follow, max-snippet:-1, max-image-preview:large, max-video-preview:-1\" \/>\n<link rel=\"canonical\" href=\"https:\/\/smans.com\/fr\/product\/stripper-crimper-am-03-c\/\" \/>\n<meta property=\"og:locale\" content=\"fr_FR\" \/>\n<meta property=\"og:type\" content=\"article\" \/>\n<meta property=\"og:title\" content=\"Stripper-Crimper AM 03 C - Smans\" \/>\n<meta property=\"og:description\" content=\"AM 03 : Machine \u00c9lectropneumatique de D\u00e9nudage et de Sertissage pour Petits Connecteurs et Sections Transversales\" \/>\n<meta property=\"og:url\" content=\"https:\/\/smans.com\/fr\/product\/stripper-crimper-am-03-c\/\" \/>\n<meta property=\"og:site_name\" content=\"Smans\" \/>\n<meta property=\"article:modified_time\" content=\"2026-04-13T10:36:04+00:00\" \/>\n<meta name=\"twitter:card\" content=\"summary_large_image\" \/>\n<meta name=\"twitter:label1\" content=\"Dur\u00e9e de lecture estim\u00e9e\" \/>\n\t<meta name=\"twitter:data1\" content=\"1 minute\" \/>\n<script type=\"application\/ld+json\" class=\"yoast-schema-graph\">{\"@context\":\"https:\/\/schema.org\",\"@graph\":[{\"@type\":\"WebPage\",\"@id\":\"https:\/\/smans.com\/fr\/product\/stripper-crimper-am-03-c\/\",\"url\":\"https:\/\/smans.com\/fr\/product\/stripper-crimper-am-03-c\/\",\"name\":\"Stripper-Crimper AM 03 C - Smans\",\"isPartOf\":{\"@id\":\"https:\/\/smans.com\/nl\/#website\"},\"datePublished\":\"2024-06-09T15:13:45+00:00\",\"dateModified\":\"2026-04-13T10:36:04+00:00\",\"breadcrumb\":{\"@id\":\"https:\/\/smans.com\/fr\/product\/stripper-crimper-am-03-c\/#breadcrumb\"},\"inLanguage\":\"fr-FR\",\"potentialAction\":[{\"@type\":\"ReadAction\",\"target\":[\"https:\/\/smans.com\/fr\/product\/stripper-crimper-am-03-c\/\"]}]},{\"@type\":\"BreadcrumbList\",\"@id\":\"https:\/\/smans.com\/fr\/product\/stripper-crimper-am-03-c\/#breadcrumb\",\"itemListElement\":[{\"@type\":\"ListItem\",\"position\":1,\"name\":\"Home\",\"item\":\"https:\/\/smans.com\/fr\/\"},{\"@type\":\"ListItem\",\"position\":2,\"name\":\"Boutique\",\"item\":\"https:\/\/smans.com\/nl\/shop\/\"},{\"@type\":\"ListItem\",\"position\":3,\"name\":\"Z+F - Stripper-Crimper AM 03 C\"}]},{\"@type\":\"WebSite\",\"@id\":\"https:\/\/smans.com\/nl\/#website\",\"url\":\"https:\/\/smans.com\/nl\/\",\"name\":\"Smans\",\"description\":\"\",\"publisher\":{\"@id\":\"https:\/\/smans.com\/nl\/#organization\"},\"potentialAction\":[{\"@type\":\"SearchAction\",\"target\":{\"@type\":\"EntryPoint\",\"urlTemplate\":\"https:\/\/smans.com\/nl\/?s={search_term_string}\"},\"query-input\":{\"@type\":\"PropertyValueSpecification\",\"valueRequired\":true,\"valueName\":\"search_term_string\"}}],\"inLanguage\":\"fr-FR\"},{\"@type\":\"Organization\",\"@id\":\"https:\/\/smans.com\/nl\/#organization\",\"name\":\"Smans\",\"url\":\"https:\/\/smans.com\/nl\/\",\"logo\":{\"@type\":\"ImageObject\",\"inLanguage\":\"fr-FR\",\"@id\":\"https:\/\/smans.com\/nl\/#\/schema\/logo\/image\/\",\"url\":\"https:\/\/smans.com\/wp-content\/uploads\/2023\/09\/logo.svg\",\"contentUrl\":\"https:\/\/smans.com\/wp-content\/uploads\/2023\/09\/logo.svg\",\"caption\":\"Smans\"},\"image\":{\"@id\":\"https:\/\/smans.com\/nl\/#\/schema\/logo\/image\/\"}}]}<\/script>\n<!-- \/ Yoast SEO plugin. -->","yoast_head_json":{"title":"Stripper-Crimper AM 03 C - Smans","robots":{"index":"index","follow":"follow","max-snippet":"max-snippet:-1","max-image-preview":"max-image-preview:large","max-video-preview":"max-video-preview:-1"},"canonical":"https:\/\/smans.com\/fr\/product\/stripper-crimper-am-03-c\/","og_locale":"fr_FR","og_type":"article","og_title":"Stripper-Crimper AM 03 C - Smans","og_description":"AM 03 : Machine \u00c9lectropneumatique de D\u00e9nudage et de Sertissage pour Petits Connecteurs et Sections Transversales","og_url":"https:\/\/smans.com\/fr\/product\/stripper-crimper-am-03-c\/","og_site_name":"Smans","article_modified_time":"2026-04-13T10:36:04+00:00","twitter_card":"summary_large_image","twitter_misc":{"Dur\u00e9e de lecture estim\u00e9e":"1 minute"},"schema":{"@context":"https:\/\/schema.org","@graph":[{"@type":"WebPage","@id":"https:\/\/smans.com\/fr\/product\/stripper-crimper-am-03-c\/","url":"https:\/\/smans.com\/fr\/product\/stripper-crimper-am-03-c\/","name":"Stripper-Crimper AM 03 C - Smans","isPartOf":{"@id":"https:\/\/smans.com\/nl\/#website"},"datePublished":"2024-06-09T15:13:45+00:00","dateModified":"2026-04-13T10:36:04+00:00","breadcrumb":{"@id":"https:\/\/smans.com\/fr\/product\/stripper-crimper-am-03-c\/#breadcrumb"},"inLanguage":"fr-FR","potentialAction":[{"@type":"ReadAction","target":["https:\/\/smans.com\/fr\/product\/stripper-crimper-am-03-c\/"]}]},{"@type":"BreadcrumbList","@id":"https:\/\/smans.com\/fr\/product\/stripper-crimper-am-03-c\/#breadcrumb","itemListElement":[{"@type":"ListItem","position":1,"name":"Home","item":"https:\/\/smans.com\/fr\/"},{"@type":"ListItem","position":2,"name":"Boutique","item":"https:\/\/smans.com\/nl\/shop\/"},{"@type":"ListItem","position":3,"name":"Z+F - Stripper-Crimper AM 03 C"}]},{"@type":"WebSite","@id":"https:\/\/smans.com\/nl\/#website","url":"https:\/\/smans.com\/nl\/","name":"Smans","description":"","publisher":{"@id":"https:\/\/smans.com\/nl\/#organization"},"potentialAction":[{"@type":"SearchAction","target":{"@type":"EntryPoint","urlTemplate":"https:\/\/smans.com\/nl\/?s={search_term_string}"},"query-input":{"@type":"PropertyValueSpecification","valueRequired":true,"valueName":"search_term_string"}}],"inLanguage":"fr-FR"},{"@type":"Organization","@id":"https:\/\/smans.com\/nl\/#organization","name":"Smans","url":"https:\/\/smans.com\/nl\/","logo":{"@type":"ImageObject","inLanguage":"fr-FR","@id":"https:\/\/smans.com\/nl\/#\/schema\/logo\/image\/","url":"https:\/\/smans.com\/wp-content\/uploads\/2023\/09\/logo.svg","contentUrl":"https:\/\/smans.com\/wp-content\/uploads\/2023\/09\/logo.svg","caption":"Smans"},"image":{"@id":"https:\/\/smans.com\/nl\/#\/schema\/logo\/image\/"}}]}},"brands":[{"id":18322,"name":"Z+F","slug":"brand-z-f-fr"}],"_links":{"self":[{"href":"https:\/\/smans.com\/fr\/wp-json\/wp\/v2\/product\/24583","targetHints":{"allow":["GET"]}}],"collection":[{"href":"https:\/\/smans.com\/fr\/wp-json\/wp\/v2\/product"}],"about":[{"href":"https:\/\/smans.com\/fr\/wp-json\/wp\/v2\/types\/product"}],"wp:attachment":[{"href":"https:\/\/smans.com\/fr\/wp-json\/wp\/v2\/media?parent=24583"}],"wp:term":[{"taxonomy":"pwb-brand","embeddable":true,"href":"https:\/\/smans.com\/fr\/wp-json\/wp\/v2\/pwb-brand?post=24583"},{"taxonomy":"product_brand","embeddable":true,"href":"https:\/\/smans.com\/fr\/wp-json\/wp\/v2\/product_brand?post=24583"},{"taxonomy":"product_cat","embeddable":true,"href":"https:\/\/smans.com\/fr\/wp-json\/wp\/v2\/product_cat?post=24583"},{"taxonomy":"product_tag","embeddable":true,"href":"https:\/\/smans.com\/fr\/wp-json\/wp\/v2\/product_tag?post=24583"}],"curies":[{"name":"wp","href":"https:\/\/api.w.org\/{rel}","templated":true}]}}