{"id":24584,"date":"2024-06-09T17:09:36","date_gmt":"2024-06-09T15:09:36","guid":{"rendered":"https:\/\/smans.com\/product\/wire-stripper-cs-60\/"},"modified":"2026-04-27T11:14:29","modified_gmt":"2026-04-27T09:14:29","slug":"wire-stripper-cs-60","status":"publish","type":"product","link":"https:\/\/smans.com\/fr\/product\/wire-stripper-cs-60\/","title":{"rendered":"GLW - Wire Stripper CS 60"},"content":{"rendered":"<p>La GLW CS 60 est con\u00e7ue pour le d\u00e9nudage <strong>rapide et pr\u00e9cis des c\u00e2bles et des conducteurs souples<\/strong>. Les r\u00e9glages de la section de c\u00e2ble et de la longueur de d\u00e9nudage peuvent \u00eatre ajust\u00e9s en quelques secondes gr\u00e2ce \u00e0 l&rsquo;\u00e9cran clair. Cette machine est donc particuli\u00e8rement adapt\u00e9e aux petites et moyennes s\u00e9ries.<\/p>\n<p>Le calibrage automatique de la pression de serrage s&rsquo;adapte \u00e0 la section du c\u00e2ble, de sorte que m\u00eame les isolations sensibles peuvent \u00eatre trait\u00e9es en toute s\u00e9curit\u00e9 et sans dommage.<\/p>\n<p>Gr\u00e2ce \u00e0 la courte longueur d&rsquo;alimentation et \u00e0 la zone de travail bien visible, l&rsquo;op\u00e9rateur travaille rapidement et confortablement, sans fatigue.<\/p>\n<p>La GLW CS 60 est \u00e9quip\u00e9e d&rsquo;une lame en V pour les c\u00e2bles standard, mais peut \u00eatre \u00e9quip\u00e9e en option de lames profil\u00e9es, radiales ou parall\u00e8les pour les types de c\u00e2bles sp\u00e9ciaux. Des pinces rev\u00eatues de diamant sont disponibles pour les isolations dures.<\/p>\n<p>Avec un temps de cycle de seulement <strong>0,3 seconde<\/strong>, la CS 60 offre un excellent \u00e9quilibre entre vitesse, pr\u00e9cision et fiabilit\u00e9.<\/p>\n","protected":false},"excerpt":{"rendered":"<p>Une d\u00e9nudeuse \u00e9lectrique pour fils et c\u00e2bles jusqu&rsquo;\u00e0 6 mm de diam\u00e8tre.<\/p>\n","protected":false},"featured_media":0,"template":"","meta":{"_acf_changed":false},"pwb-brand":[18244],"product_brand":[],"product_cat":[17990,17994,17993,18042],"product_tag":[],"class_list":{"0":"post-24584","1":"product","2":"type-product","3":"status-publish","5":"pwb-brand-brand-glw-fr","6":"product_cat-cables-et-cablage-fr","7":"product_cat-construction-de-panneau-fr","8":"product_cat-couper-denuder-sertissage-fr","9":"product_cat-denudeuses-de-fils-fr","11":"first","12":"instock","13":"taxable","14":"shipping-taxable","15":"purchasable","16":"product-type-simple"},"acf":[],"yoast_head":"<!-- This site is optimized with the Yoast SEO plugin v27.1.1 - https:\/\/yoast.com\/product\/yoast-seo-wordpress\/ -->\n<title>Wire Stripper CS 60 - Smans<\/title>\n<meta name=\"robots\" content=\"index, follow, max-snippet:-1, max-image-preview:large, max-video-preview:-1\" \/>\n<link rel=\"canonical\" href=\"https:\/\/smans.com\/fr\/product\/wire-stripper-cs-60\/\" \/>\n<meta property=\"og:locale\" content=\"fr_FR\" \/>\n<meta property=\"og:type\" content=\"article\" \/>\n<meta property=\"og:title\" content=\"Wire Stripper CS 60 - Smans\" \/>\n<meta property=\"og:description\" content=\"Une d\u00e9nudeuse \u00e9lectrique pour fils et c\u00e2bles jusqu&#039;\u00e0 6 mm de diam\u00e8tre.\" \/>\n<meta property=\"og:url\" content=\"https:\/\/smans.com\/fr\/product\/wire-stripper-cs-60\/\" \/>\n<meta property=\"og:site_name\" content=\"Smans\" \/>\n<meta property=\"article:modified_time\" content=\"2026-04-27T09:14:29+00:00\" \/>\n<meta name=\"twitter:card\" content=\"summary_large_image\" \/>\n<meta name=\"twitter:label1\" content=\"Dur\u00e9e de lecture estim\u00e9e\" \/>\n\t<meta name=\"twitter:data1\" content=\"1 minute\" \/>\n<script type=\"application\/ld+json\" class=\"yoast-schema-graph\">{\"@context\":\"https:\/\/schema.org\",\"@graph\":[{\"@type\":\"WebPage\",\"@id\":\"https:\/\/smans.com\/fr\/product\/wire-stripper-cs-60\/\",\"url\":\"https:\/\/smans.com\/fr\/product\/wire-stripper-cs-60\/\",\"name\":\"Wire Stripper CS 60 - Smans\",\"isPartOf\":{\"@id\":\"https:\/\/smans.com\/nl\/#website\"},\"datePublished\":\"2024-06-09T15:09:36+00:00\",\"dateModified\":\"2026-04-27T09:14:29+00:00\",\"breadcrumb\":{\"@id\":\"https:\/\/smans.com\/fr\/product\/wire-stripper-cs-60\/#breadcrumb\"},\"inLanguage\":\"fr-FR\",\"potentialAction\":[{\"@type\":\"ReadAction\",\"target\":[\"https:\/\/smans.com\/fr\/product\/wire-stripper-cs-60\/\"]}]},{\"@type\":\"BreadcrumbList\",\"@id\":\"https:\/\/smans.com\/fr\/product\/wire-stripper-cs-60\/#breadcrumb\",\"itemListElement\":[{\"@type\":\"ListItem\",\"position\":1,\"name\":\"Home\",\"item\":\"https:\/\/smans.com\/fr\/\"},{\"@type\":\"ListItem\",\"position\":2,\"name\":\"Boutique\",\"item\":\"https:\/\/smans.com\/nl\/shop\/\"},{\"@type\":\"ListItem\",\"position\":3,\"name\":\"GLW - Wire Stripper CS 60\"}]},{\"@type\":\"WebSite\",\"@id\":\"https:\/\/smans.com\/nl\/#website\",\"url\":\"https:\/\/smans.com\/nl\/\",\"name\":\"Smans\",\"description\":\"\",\"publisher\":{\"@id\":\"https:\/\/smans.com\/nl\/#organization\"},\"potentialAction\":[{\"@type\":\"SearchAction\",\"target\":{\"@type\":\"EntryPoint\",\"urlTemplate\":\"https:\/\/smans.com\/nl\/?s={search_term_string}\"},\"query-input\":{\"@type\":\"PropertyValueSpecification\",\"valueRequired\":true,\"valueName\":\"search_term_string\"}}],\"inLanguage\":\"fr-FR\"},{\"@type\":\"Organization\",\"@id\":\"https:\/\/smans.com\/nl\/#organization\",\"name\":\"Smans\",\"url\":\"https:\/\/smans.com\/nl\/\",\"logo\":{\"@type\":\"ImageObject\",\"inLanguage\":\"fr-FR\",\"@id\":\"https:\/\/smans.com\/nl\/#\/schema\/logo\/image\/\",\"url\":\"https:\/\/smans.com\/wp-content\/uploads\/2023\/09\/logo.svg\",\"contentUrl\":\"https:\/\/smans.com\/wp-content\/uploads\/2023\/09\/logo.svg\",\"caption\":\"Smans\"},\"image\":{\"@id\":\"https:\/\/smans.com\/nl\/#\/schema\/logo\/image\/\"}}]}<\/script>\n<!-- \/ Yoast SEO plugin. -->","yoast_head_json":{"title":"Wire Stripper CS 60 - Smans","robots":{"index":"index","follow":"follow","max-snippet":"max-snippet:-1","max-image-preview":"max-image-preview:large","max-video-preview":"max-video-preview:-1"},"canonical":"https:\/\/smans.com\/fr\/product\/wire-stripper-cs-60\/","og_locale":"fr_FR","og_type":"article","og_title":"Wire Stripper CS 60 - Smans","og_description":"Une d\u00e9nudeuse \u00e9lectrique pour fils et c\u00e2bles jusqu'\u00e0 6 mm de diam\u00e8tre.","og_url":"https:\/\/smans.com\/fr\/product\/wire-stripper-cs-60\/","og_site_name":"Smans","article_modified_time":"2026-04-27T09:14:29+00:00","twitter_card":"summary_large_image","twitter_misc":{"Dur\u00e9e de lecture estim\u00e9e":"1 minute"},"schema":{"@context":"https:\/\/schema.org","@graph":[{"@type":"WebPage","@id":"https:\/\/smans.com\/fr\/product\/wire-stripper-cs-60\/","url":"https:\/\/smans.com\/fr\/product\/wire-stripper-cs-60\/","name":"Wire Stripper CS 60 - Smans","isPartOf":{"@id":"https:\/\/smans.com\/nl\/#website"},"datePublished":"2024-06-09T15:09:36+00:00","dateModified":"2026-04-27T09:14:29+00:00","breadcrumb":{"@id":"https:\/\/smans.com\/fr\/product\/wire-stripper-cs-60\/#breadcrumb"},"inLanguage":"fr-FR","potentialAction":[{"@type":"ReadAction","target":["https:\/\/smans.com\/fr\/product\/wire-stripper-cs-60\/"]}]},{"@type":"BreadcrumbList","@id":"https:\/\/smans.com\/fr\/product\/wire-stripper-cs-60\/#breadcrumb","itemListElement":[{"@type":"ListItem","position":1,"name":"Home","item":"https:\/\/smans.com\/fr\/"},{"@type":"ListItem","position":2,"name":"Boutique","item":"https:\/\/smans.com\/nl\/shop\/"},{"@type":"ListItem","position":3,"name":"GLW - Wire Stripper CS 60"}]},{"@type":"WebSite","@id":"https:\/\/smans.com\/nl\/#website","url":"https:\/\/smans.com\/nl\/","name":"Smans","description":"","publisher":{"@id":"https:\/\/smans.com\/nl\/#organization"},"potentialAction":[{"@type":"SearchAction","target":{"@type":"EntryPoint","urlTemplate":"https:\/\/smans.com\/nl\/?s={search_term_string}"},"query-input":{"@type":"PropertyValueSpecification","valueRequired":true,"valueName":"search_term_string"}}],"inLanguage":"fr-FR"},{"@type":"Organization","@id":"https:\/\/smans.com\/nl\/#organization","name":"Smans","url":"https:\/\/smans.com\/nl\/","logo":{"@type":"ImageObject","inLanguage":"fr-FR","@id":"https:\/\/smans.com\/nl\/#\/schema\/logo\/image\/","url":"https:\/\/smans.com\/wp-content\/uploads\/2023\/09\/logo.svg","contentUrl":"https:\/\/smans.com\/wp-content\/uploads\/2023\/09\/logo.svg","caption":"Smans"},"image":{"@id":"https:\/\/smans.com\/nl\/#\/schema\/logo\/image\/"}}]}},"brands":[{"id":18244,"name":"GLW","slug":"brand-glw-fr"}],"_links":{"self":[{"href":"https:\/\/smans.com\/fr\/wp-json\/wp\/v2\/product\/24584","targetHints":{"allow":["GET"]}}],"collection":[{"href":"https:\/\/smans.com\/fr\/wp-json\/wp\/v2\/product"}],"about":[{"href":"https:\/\/smans.com\/fr\/wp-json\/wp\/v2\/types\/product"}],"wp:attachment":[{"href":"https:\/\/smans.com\/fr\/wp-json\/wp\/v2\/media?parent=24584"}],"wp:term":[{"taxonomy":"pwb-brand","embeddable":true,"href":"https:\/\/smans.com\/fr\/wp-json\/wp\/v2\/pwb-brand?post=24584"},{"taxonomy":"product_brand","embeddable":true,"href":"https:\/\/smans.com\/fr\/wp-json\/wp\/v2\/product_brand?post=24584"},{"taxonomy":"product_cat","embeddable":true,"href":"https:\/\/smans.com\/fr\/wp-json\/wp\/v2\/product_cat?post=24584"},{"taxonomy":"product_tag","embeddable":true,"href":"https:\/\/smans.com\/fr\/wp-json\/wp\/v2\/product_tag?post=24584"}],"curies":[{"name":"wp","href":"https:\/\/api.w.org\/{rel}","templated":true}]}}