{"id":24598,"date":"2024-06-09T17:09:55","date_gmt":"2024-06-09T15:09:55","guid":{"rendered":"https:\/\/smans.com\/product\/fully-automatic-wire-processing-machine-gamma-450\/"},"modified":"2026-04-07T12:28:38","modified_gmt":"2026-04-07T10:28:38","slug":"fully-automatic-wire-processing-machine-gamma-450","status":"publish","type":"product","link":"https:\/\/smans.com\/fr\/product\/fully-automatic-wire-processing-machine-gamma-450\/","title":{"rendered":"Komax - Fully Automatic Wire Processing Machine Gamma 450"},"content":{"rendered":"<p data-start=\"3401\" data-end=\"3897\">La Gamma 450 est une machine automatique de traitement des c\u00e2bles compacte qui effectue des op\u00e9rations de sertissage et de scellement des deux c\u00f4t\u00e9s pour des c\u00e2bles avec des sections transversales de 0,13 \u00e0 4 mm\u00b2. Malgr\u00e9 son design compact, la machine offre des performances impressionnantes. Elle propose une surveillance de qualit\u00e9 enti\u00e8rement int\u00e9gr\u00e9e avec CFA\/CFA+, ACD et Q1250 et peut \u00eatre adapt\u00e9e avec des modules optionnels pour r\u00e9pondre \u00e0 des exigences \u00e9lev\u00e9es et tourn\u00e9es vers l&rsquo;avenir.<\/p>\n<p data-start=\"3899\" data-end=\"3935\"><strong data-start=\"3899\" data-end=\"3933\">Caract\u00e9ristiques principales :<\/strong><\/p>\n<ul data-start=\"3936\" data-end=\"5311\" data-is-last-node=\"\">\n<li data-start=\"3936\" data-end=\"4089\"><strong data-start=\"3938\" data-end=\"3966\">Configuration flexible :<\/strong> La machine peut \u00eatre configur\u00e9e individuellement sur quatre stations pour r\u00e9pondre aux besoins sp\u00e9cifiques du processus.<\/li>\n<li data-start=\"4090\" data-end=\"4265\"><strong data-start=\"4092\" data-end=\"4138\">Applications dans l&rsquo;industrie automobile :<\/strong> La Gamma 450 est particuli\u00e8rement adapt\u00e9e \u00e0 l&rsquo;industrie automobile et \u00e0 ses exigences \u00e9volutives pour des machines durables.<\/li>\n<li data-start=\"4266\" data-end=\"4434\"><strong data-start=\"4268\" data-end=\"4296\">Conception ergonomique :<\/strong> La conception ergonomique et les flux de travail logiques augmentent l&rsquo;efficacit\u00e9 \u00e9conomique et facilitent l&rsquo;utilisation de la machine.<\/li>\n<li data-start=\"4435\" data-end=\"4654\"><strong data-start=\"4437\" data-end=\"4471\">Syst\u00e8me de changement rapide :<\/strong> Les bobines de pince et les outils de sertissage peuvent \u00eatre remplac\u00e9s pendant le fonctionnement gr\u00e2ce au syst\u00e8me de changement rapide pour les outils STC et les bobines de pince.<\/li>\n<li data-start=\"4655\" data-end=\"4815\"><strong data-start=\"4657\" data-end=\"4705\">Installation rapide et alimentation en fil :<\/strong> Aucun \u00e9l\u00e9ment de guidage n&rsquo;est n\u00e9cessaire pour une installation rapide et une alimentation en fil efficace.<\/li>\n<li data-start=\"4816\" data-end=\"4958\"><strong data-start=\"4818\" data-end=\"4846\">Accessoires optionnels :<\/strong> Des outils stationnaires et des syst\u00e8mes de changement rapide pour les bobines de pince peuvent \u00eatre ajout\u00e9s.<\/li>\n<li data-start=\"4959\" data-end=\"5202\"><strong data-start=\"4961\" data-end=\"5016\">Surveillance de la coupe et de la qualit\u00e9 avanc\u00e9e :<\/strong> Le porte-lame \u00e0 double lame avec t\u00eate double offre une surveillance de pr\u00e9cision ACD, et la surveillance optique de la qualit\u00e9 avec le Q1250 garantit un contr\u00f4le fiable de la qualit\u00e9.<\/li>\n<li data-start=\"5203\" data-end=\"5311\" data-is-last-node=\"\"><strong data-start=\"5205\" data-end=\"5233\">Facilit\u00e9 d&rsquo;utilisation :<\/strong> Le module peut \u00eatre facilement configur\u00e9, augmentant ainsi la convivialit\u00e9.<\/li>\n<\/ul>\n","protected":false},"excerpt":{"rendered":"<p>Machine Automatique de Traitement des C\u00e2bles Compacte<\/p>\n","protected":false},"featured_media":0,"template":"","meta":{"_acf_changed":false},"pwb-brand":[18260],"product_brand":[],"product_cat":[17990,17993,18043],"product_tag":[],"class_list":{"0":"post-24598","1":"product","2":"type-product","3":"status-publish","5":"pwb-brand-brand-komax-fr","6":"product_cat-cables-et-cablage-fr","7":"product_cat-couper-denuder-sertissage-fr","8":"product_cat-crimp-to-crimp-fr","10":"first","11":"instock","12":"taxable","13":"shipping-taxable","14":"product-type-simple"},"acf":[],"yoast_head":"<!-- This site is optimized with the Yoast SEO plugin v27.1.1 - https:\/\/yoast.com\/product\/yoast-seo-wordpress\/ -->\n<title>Fully Automatic Wire Processing Machine Gamma 450 - Smans<\/title>\n<meta name=\"robots\" content=\"index, follow, max-snippet:-1, max-image-preview:large, max-video-preview:-1\" \/>\n<link rel=\"canonical\" href=\"https:\/\/smans.com\/fr\/product\/fully-automatic-wire-processing-machine-gamma-450\/\" \/>\n<meta property=\"og:locale\" content=\"fr_FR\" \/>\n<meta property=\"og:type\" content=\"article\" \/>\n<meta property=\"og:title\" content=\"Fully Automatic Wire Processing Machine Gamma 450 - Smans\" \/>\n<meta property=\"og:description\" content=\"Machine Automatique de Traitement des C\u00e2bles Compacte\" \/>\n<meta property=\"og:url\" content=\"https:\/\/smans.com\/fr\/product\/fully-automatic-wire-processing-machine-gamma-450\/\" \/>\n<meta property=\"og:site_name\" content=\"Smans\" \/>\n<meta property=\"article:modified_time\" content=\"2026-04-07T10:28:38+00:00\" \/>\n<meta name=\"twitter:card\" content=\"summary_large_image\" \/>\n<meta name=\"twitter:label1\" content=\"Dur\u00e9e de lecture estim\u00e9e\" \/>\n\t<meta name=\"twitter:data1\" content=\"1 minute\" \/>\n<script type=\"application\/ld+json\" class=\"yoast-schema-graph\">{\"@context\":\"https:\/\/schema.org\",\"@graph\":[{\"@type\":\"WebPage\",\"@id\":\"https:\/\/smans.com\/fr\/product\/fully-automatic-wire-processing-machine-gamma-450\/\",\"url\":\"https:\/\/smans.com\/fr\/product\/fully-automatic-wire-processing-machine-gamma-450\/\",\"name\":\"Fully Automatic Wire Processing Machine Gamma 450 - Smans\",\"isPartOf\":{\"@id\":\"https:\/\/smans.com\/nl\/#website\"},\"datePublished\":\"2024-06-09T15:09:55+00:00\",\"dateModified\":\"2026-04-07T10:28:38+00:00\",\"breadcrumb\":{\"@id\":\"https:\/\/smans.com\/fr\/product\/fully-automatic-wire-processing-machine-gamma-450\/#breadcrumb\"},\"inLanguage\":\"fr-FR\",\"potentialAction\":[{\"@type\":\"ReadAction\",\"target\":[\"https:\/\/smans.com\/fr\/product\/fully-automatic-wire-processing-machine-gamma-450\/\"]}]},{\"@type\":\"BreadcrumbList\",\"@id\":\"https:\/\/smans.com\/fr\/product\/fully-automatic-wire-processing-machine-gamma-450\/#breadcrumb\",\"itemListElement\":[{\"@type\":\"ListItem\",\"position\":1,\"name\":\"Home\",\"item\":\"https:\/\/smans.com\/fr\/\"},{\"@type\":\"ListItem\",\"position\":2,\"name\":\"Boutique\",\"item\":\"https:\/\/smans.com\/nl\/shop\/\"},{\"@type\":\"ListItem\",\"position\":3,\"name\":\"Komax - Fully Automatic Wire Processing Machine Gamma 450\"}]},{\"@type\":\"WebSite\",\"@id\":\"https:\/\/smans.com\/nl\/#website\",\"url\":\"https:\/\/smans.com\/nl\/\",\"name\":\"Smans\",\"description\":\"\",\"publisher\":{\"@id\":\"https:\/\/smans.com\/nl\/#organization\"},\"potentialAction\":[{\"@type\":\"SearchAction\",\"target\":{\"@type\":\"EntryPoint\",\"urlTemplate\":\"https:\/\/smans.com\/nl\/?s={search_term_string}\"},\"query-input\":{\"@type\":\"PropertyValueSpecification\",\"valueRequired\":true,\"valueName\":\"search_term_string\"}}],\"inLanguage\":\"fr-FR\"},{\"@type\":\"Organization\",\"@id\":\"https:\/\/smans.com\/nl\/#organization\",\"name\":\"Smans\",\"url\":\"https:\/\/smans.com\/nl\/\",\"logo\":{\"@type\":\"ImageObject\",\"inLanguage\":\"fr-FR\",\"@id\":\"https:\/\/smans.com\/nl\/#\/schema\/logo\/image\/\",\"url\":\"https:\/\/smans.com\/wp-content\/uploads\/2023\/09\/logo.svg\",\"contentUrl\":\"https:\/\/smans.com\/wp-content\/uploads\/2023\/09\/logo.svg\",\"caption\":\"Smans\"},\"image\":{\"@id\":\"https:\/\/smans.com\/nl\/#\/schema\/logo\/image\/\"}}]}<\/script>\n<!-- \/ Yoast SEO plugin. -->","yoast_head_json":{"title":"Fully Automatic Wire Processing Machine Gamma 450 - Smans","robots":{"index":"index","follow":"follow","max-snippet":"max-snippet:-1","max-image-preview":"max-image-preview:large","max-video-preview":"max-video-preview:-1"},"canonical":"https:\/\/smans.com\/fr\/product\/fully-automatic-wire-processing-machine-gamma-450\/","og_locale":"fr_FR","og_type":"article","og_title":"Fully Automatic Wire Processing Machine Gamma 450 - Smans","og_description":"Machine Automatique de Traitement des C\u00e2bles Compacte","og_url":"https:\/\/smans.com\/fr\/product\/fully-automatic-wire-processing-machine-gamma-450\/","og_site_name":"Smans","article_modified_time":"2026-04-07T10:28:38+00:00","twitter_card":"summary_large_image","twitter_misc":{"Dur\u00e9e de lecture estim\u00e9e":"1 minute"},"schema":{"@context":"https:\/\/schema.org","@graph":[{"@type":"WebPage","@id":"https:\/\/smans.com\/fr\/product\/fully-automatic-wire-processing-machine-gamma-450\/","url":"https:\/\/smans.com\/fr\/product\/fully-automatic-wire-processing-machine-gamma-450\/","name":"Fully Automatic Wire Processing Machine Gamma 450 - Smans","isPartOf":{"@id":"https:\/\/smans.com\/nl\/#website"},"datePublished":"2024-06-09T15:09:55+00:00","dateModified":"2026-04-07T10:28:38+00:00","breadcrumb":{"@id":"https:\/\/smans.com\/fr\/product\/fully-automatic-wire-processing-machine-gamma-450\/#breadcrumb"},"inLanguage":"fr-FR","potentialAction":[{"@type":"ReadAction","target":["https:\/\/smans.com\/fr\/product\/fully-automatic-wire-processing-machine-gamma-450\/"]}]},{"@type":"BreadcrumbList","@id":"https:\/\/smans.com\/fr\/product\/fully-automatic-wire-processing-machine-gamma-450\/#breadcrumb","itemListElement":[{"@type":"ListItem","position":1,"name":"Home","item":"https:\/\/smans.com\/fr\/"},{"@type":"ListItem","position":2,"name":"Boutique","item":"https:\/\/smans.com\/nl\/shop\/"},{"@type":"ListItem","position":3,"name":"Komax - Fully Automatic Wire Processing Machine Gamma 450"}]},{"@type":"WebSite","@id":"https:\/\/smans.com\/nl\/#website","url":"https:\/\/smans.com\/nl\/","name":"Smans","description":"","publisher":{"@id":"https:\/\/smans.com\/nl\/#organization"},"potentialAction":[{"@type":"SearchAction","target":{"@type":"EntryPoint","urlTemplate":"https:\/\/smans.com\/nl\/?s={search_term_string}"},"query-input":{"@type":"PropertyValueSpecification","valueRequired":true,"valueName":"search_term_string"}}],"inLanguage":"fr-FR"},{"@type":"Organization","@id":"https:\/\/smans.com\/nl\/#organization","name":"Smans","url":"https:\/\/smans.com\/nl\/","logo":{"@type":"ImageObject","inLanguage":"fr-FR","@id":"https:\/\/smans.com\/nl\/#\/schema\/logo\/image\/","url":"https:\/\/smans.com\/wp-content\/uploads\/2023\/09\/logo.svg","contentUrl":"https:\/\/smans.com\/wp-content\/uploads\/2023\/09\/logo.svg","caption":"Smans"},"image":{"@id":"https:\/\/smans.com\/nl\/#\/schema\/logo\/image\/"}}]}},"brands":[{"id":18260,"name":"Komax","slug":"brand-komax-fr"}],"_links":{"self":[{"href":"https:\/\/smans.com\/fr\/wp-json\/wp\/v2\/product\/24598","targetHints":{"allow":["GET"]}}],"collection":[{"href":"https:\/\/smans.com\/fr\/wp-json\/wp\/v2\/product"}],"about":[{"href":"https:\/\/smans.com\/fr\/wp-json\/wp\/v2\/types\/product"}],"wp:attachment":[{"href":"https:\/\/smans.com\/fr\/wp-json\/wp\/v2\/media?parent=24598"}],"wp:term":[{"taxonomy":"pwb-brand","embeddable":true,"href":"https:\/\/smans.com\/fr\/wp-json\/wp\/v2\/pwb-brand?post=24598"},{"taxonomy":"product_brand","embeddable":true,"href":"https:\/\/smans.com\/fr\/wp-json\/wp\/v2\/product_brand?post=24598"},{"taxonomy":"product_cat","embeddable":true,"href":"https:\/\/smans.com\/fr\/wp-json\/wp\/v2\/product_cat?post=24598"},{"taxonomy":"product_tag","embeddable":true,"href":"https:\/\/smans.com\/fr\/wp-json\/wp\/v2\/product_tag?post=24598"}],"curies":[{"name":"wp","href":"https:\/\/api.w.org\/{rel}","templated":true}]}}