{"id":24603,"date":"2024-06-09T17:10:47","date_gmt":"2024-06-09T15:10:47","guid":{"rendered":"https:\/\/smans.com\/product\/seal-module-s1441\/"},"modified":"2026-04-13T12:36:25","modified_gmt":"2026-04-13T10:36:25","slug":"seal-module-s1441","status":"publish","type":"product","link":"https:\/\/smans.com\/fr\/product\/seal-module-s1441\/","title":{"rendered":"Komax - Seal module S1441"},"content":{"rendered":"<p>Le module de scellement S1441 am\u00e9liore consid\u00e9rablement la vitesse de traitement, la stabilit\u00e9 et la qualit\u00e9 lors de l\u2019insertion de joints standard et de mini-joints. Ce module de nouvelle g\u00e9n\u00e9ration offre une productivit\u00e9 \u00e9lev\u00e9e gr\u00e2ce \u00e0 une commande intuitive et un temps de r\u00e9glage court.<\/p>\n<p><strong>Caract\u00e9ristiques principales :<\/strong><\/p>\n<ul>\n<li><strong>S\u00e9curit\u00e9 et pr\u00e9cision accrues :<\/strong> Surveillance de la pression d\u2019air, d\u00e9tection automatique des traces de joints, surveillance int\u00e9gr\u00e9e de la position du joint et de la qualit\u00e9 de la bande, et \u00e9valuation continue des images.<\/li>\n<li><strong>Haute productivit\u00e9 :<\/strong> Peut traiter jusqu\u2019\u00e0 450 variantes de scellement, principalement des mini-joints.<\/li>\n<li><strong>Reproductibilit\u00e9 fiable :<\/strong> Les param\u00e8tres sont stock\u00e9s directement sur le Smart Seal Track SST.<\/li>\n<li><strong>Options de traitement flexibles :<\/strong> Dans la version S1441 G, le diam\u00e8tre maximal des joints pour le traitement des c\u00e2bles peut \u00eatre augment\u00e9 de 10 \u00e0 18 mm et la longueur maximale du joint de 11 \u00e0 21 mm.<\/li>\n<\/ul>\n<p>Le S1441 est le choix id\u00e9al pour les processus de scellement exigeants, offrant une pr\u00e9cision maximale et une stabilit\u00e9 de processus.<\/p>\n","protected":false},"excerpt":{"rendered":"<p>Le module de scellement S1441 am\u00e9liore la vitesse de traitement, la stabilit\u00e9 et la qualit\u00e9 lors de l&rsquo;insertion de joints standard et de mini-joints.<\/p>\n","protected":false},"featured_media":0,"template":"","meta":{"_acf_changed":false},"pwb-brand":[18260],"product_brand":[],"product_cat":[17990,17993,18035],"product_tag":[],"class_list":{"0":"post-24603","1":"product","2":"type-product","3":"status-publish","5":"pwb-brand-brand-komax-fr","6":"product_cat-cables-et-cablage-fr","7":"product_cat-couper-denuder-sertissage-fr","8":"product_cat-process-modules-fr","10":"first","11":"instock","12":"taxable","13":"shipping-taxable","14":"product-type-simple"},"acf":[],"yoast_head":"<!-- This site is optimized with the Yoast SEO plugin v27.1.1 - https:\/\/yoast.com\/product\/yoast-seo-wordpress\/ -->\n<title>Seal module S1441 - Smans<\/title>\n<meta name=\"robots\" content=\"index, follow, max-snippet:-1, max-image-preview:large, max-video-preview:-1\" \/>\n<link rel=\"canonical\" href=\"https:\/\/smans.com\/fr\/product\/seal-module-s1441\/\" \/>\n<meta property=\"og:locale\" content=\"fr_FR\" \/>\n<meta property=\"og:type\" content=\"article\" \/>\n<meta property=\"og:title\" content=\"Seal module S1441 - Smans\" \/>\n<meta property=\"og:description\" content=\"Le module de scellement S1441 am\u00e9liore la vitesse de traitement, la stabilit\u00e9 et la qualit\u00e9 lors de l&#039;insertion de joints standard et de mini-joints.\" \/>\n<meta property=\"og:url\" content=\"https:\/\/smans.com\/fr\/product\/seal-module-s1441\/\" \/>\n<meta property=\"og:site_name\" content=\"Smans\" \/>\n<meta property=\"article:modified_time\" content=\"2026-04-13T10:36:25+00:00\" \/>\n<meta name=\"twitter:card\" content=\"summary_large_image\" \/>\n<meta name=\"twitter:label1\" content=\"Dur\u00e9e de lecture estim\u00e9e\" \/>\n\t<meta name=\"twitter:data1\" content=\"1 minute\" \/>\n<script type=\"application\/ld+json\" class=\"yoast-schema-graph\">{\"@context\":\"https:\/\/schema.org\",\"@graph\":[{\"@type\":\"WebPage\",\"@id\":\"https:\/\/smans.com\/fr\/product\/seal-module-s1441\/\",\"url\":\"https:\/\/smans.com\/fr\/product\/seal-module-s1441\/\",\"name\":\"Seal module S1441 - Smans\",\"isPartOf\":{\"@id\":\"https:\/\/smans.com\/nl\/#website\"},\"datePublished\":\"2024-06-09T15:10:47+00:00\",\"dateModified\":\"2026-04-13T10:36:25+00:00\",\"breadcrumb\":{\"@id\":\"https:\/\/smans.com\/fr\/product\/seal-module-s1441\/#breadcrumb\"},\"inLanguage\":\"fr-FR\",\"potentialAction\":[{\"@type\":\"ReadAction\",\"target\":[\"https:\/\/smans.com\/fr\/product\/seal-module-s1441\/\"]}]},{\"@type\":\"BreadcrumbList\",\"@id\":\"https:\/\/smans.com\/fr\/product\/seal-module-s1441\/#breadcrumb\",\"itemListElement\":[{\"@type\":\"ListItem\",\"position\":1,\"name\":\"Home\",\"item\":\"https:\/\/smans.com\/fr\/\"},{\"@type\":\"ListItem\",\"position\":2,\"name\":\"Boutique\",\"item\":\"https:\/\/smans.com\/nl\/shop\/\"},{\"@type\":\"ListItem\",\"position\":3,\"name\":\"Komax - Seal module S1441\"}]},{\"@type\":\"WebSite\",\"@id\":\"https:\/\/smans.com\/nl\/#website\",\"url\":\"https:\/\/smans.com\/nl\/\",\"name\":\"Smans\",\"description\":\"\",\"publisher\":{\"@id\":\"https:\/\/smans.com\/nl\/#organization\"},\"potentialAction\":[{\"@type\":\"SearchAction\",\"target\":{\"@type\":\"EntryPoint\",\"urlTemplate\":\"https:\/\/smans.com\/nl\/?s={search_term_string}\"},\"query-input\":{\"@type\":\"PropertyValueSpecification\",\"valueRequired\":true,\"valueName\":\"search_term_string\"}}],\"inLanguage\":\"fr-FR\"},{\"@type\":\"Organization\",\"@id\":\"https:\/\/smans.com\/nl\/#organization\",\"name\":\"Smans\",\"url\":\"https:\/\/smans.com\/nl\/\",\"logo\":{\"@type\":\"ImageObject\",\"inLanguage\":\"fr-FR\",\"@id\":\"https:\/\/smans.com\/nl\/#\/schema\/logo\/image\/\",\"url\":\"https:\/\/smans.com\/wp-content\/uploads\/2023\/09\/logo.svg\",\"contentUrl\":\"https:\/\/smans.com\/wp-content\/uploads\/2023\/09\/logo.svg\",\"caption\":\"Smans\"},\"image\":{\"@id\":\"https:\/\/smans.com\/nl\/#\/schema\/logo\/image\/\"}}]}<\/script>\n<!-- \/ Yoast SEO plugin. -->","yoast_head_json":{"title":"Seal module S1441 - Smans","robots":{"index":"index","follow":"follow","max-snippet":"max-snippet:-1","max-image-preview":"max-image-preview:large","max-video-preview":"max-video-preview:-1"},"canonical":"https:\/\/smans.com\/fr\/product\/seal-module-s1441\/","og_locale":"fr_FR","og_type":"article","og_title":"Seal module S1441 - Smans","og_description":"Le module de scellement S1441 am\u00e9liore la vitesse de traitement, la stabilit\u00e9 et la qualit\u00e9 lors de l'insertion de joints standard et de mini-joints.","og_url":"https:\/\/smans.com\/fr\/product\/seal-module-s1441\/","og_site_name":"Smans","article_modified_time":"2026-04-13T10:36:25+00:00","twitter_card":"summary_large_image","twitter_misc":{"Dur\u00e9e de lecture estim\u00e9e":"1 minute"},"schema":{"@context":"https:\/\/schema.org","@graph":[{"@type":"WebPage","@id":"https:\/\/smans.com\/fr\/product\/seal-module-s1441\/","url":"https:\/\/smans.com\/fr\/product\/seal-module-s1441\/","name":"Seal module S1441 - Smans","isPartOf":{"@id":"https:\/\/smans.com\/nl\/#website"},"datePublished":"2024-06-09T15:10:47+00:00","dateModified":"2026-04-13T10:36:25+00:00","breadcrumb":{"@id":"https:\/\/smans.com\/fr\/product\/seal-module-s1441\/#breadcrumb"},"inLanguage":"fr-FR","potentialAction":[{"@type":"ReadAction","target":["https:\/\/smans.com\/fr\/product\/seal-module-s1441\/"]}]},{"@type":"BreadcrumbList","@id":"https:\/\/smans.com\/fr\/product\/seal-module-s1441\/#breadcrumb","itemListElement":[{"@type":"ListItem","position":1,"name":"Home","item":"https:\/\/smans.com\/fr\/"},{"@type":"ListItem","position":2,"name":"Boutique","item":"https:\/\/smans.com\/nl\/shop\/"},{"@type":"ListItem","position":3,"name":"Komax - Seal module S1441"}]},{"@type":"WebSite","@id":"https:\/\/smans.com\/nl\/#website","url":"https:\/\/smans.com\/nl\/","name":"Smans","description":"","publisher":{"@id":"https:\/\/smans.com\/nl\/#organization"},"potentialAction":[{"@type":"SearchAction","target":{"@type":"EntryPoint","urlTemplate":"https:\/\/smans.com\/nl\/?s={search_term_string}"},"query-input":{"@type":"PropertyValueSpecification","valueRequired":true,"valueName":"search_term_string"}}],"inLanguage":"fr-FR"},{"@type":"Organization","@id":"https:\/\/smans.com\/nl\/#organization","name":"Smans","url":"https:\/\/smans.com\/nl\/","logo":{"@type":"ImageObject","inLanguage":"fr-FR","@id":"https:\/\/smans.com\/nl\/#\/schema\/logo\/image\/","url":"https:\/\/smans.com\/wp-content\/uploads\/2023\/09\/logo.svg","contentUrl":"https:\/\/smans.com\/wp-content\/uploads\/2023\/09\/logo.svg","caption":"Smans"},"image":{"@id":"https:\/\/smans.com\/nl\/#\/schema\/logo\/image\/"}}]}},"brands":[{"id":18260,"name":"Komax","slug":"brand-komax-fr"}],"_links":{"self":[{"href":"https:\/\/smans.com\/fr\/wp-json\/wp\/v2\/product\/24603","targetHints":{"allow":["GET"]}}],"collection":[{"href":"https:\/\/smans.com\/fr\/wp-json\/wp\/v2\/product"}],"about":[{"href":"https:\/\/smans.com\/fr\/wp-json\/wp\/v2\/types\/product"}],"wp:attachment":[{"href":"https:\/\/smans.com\/fr\/wp-json\/wp\/v2\/media?parent=24603"}],"wp:term":[{"taxonomy":"pwb-brand","embeddable":true,"href":"https:\/\/smans.com\/fr\/wp-json\/wp\/v2\/pwb-brand?post=24603"},{"taxonomy":"product_brand","embeddable":true,"href":"https:\/\/smans.com\/fr\/wp-json\/wp\/v2\/product_brand?post=24603"},{"taxonomy":"product_cat","embeddable":true,"href":"https:\/\/smans.com\/fr\/wp-json\/wp\/v2\/product_cat?post=24603"},{"taxonomy":"product_tag","embeddable":true,"href":"https:\/\/smans.com\/fr\/wp-json\/wp\/v2\/product_tag?post=24603"}],"curies":[{"name":"wp","href":"https:\/\/api.w.org\/{rel}","templated":true}]}}