{"id":24616,"date":"2024-06-09T17:14:24","date_gmt":"2024-06-09T15:14:24","guid":{"rendered":"https:\/\/smans.com\/product\/heat-shrink-system-stcs-evo500\/"},"modified":"2026-04-09T13:02:20","modified_gmt":"2026-04-09T11:02:20","slug":"heat-shrink-system-stcs-evo500","status":"publish","type":"product","link":"https:\/\/smans.com\/fr\/product\/heat-shrink-system-stcs-evo500\/","title":{"rendered":"Mecalbi - Heat Shrink System STCS-evo500"},"content":{"rendered":"<p data-start=\"2143\" data-end=\"2481\">Le STCS-EVO500 est une machine de traitement de gaines thermor\u00e9tractables infrarouge, con\u00e7ue pour des applications sur poste de travail et capable de traiter un composant \u00e0 la fois. Elle dispose d&rsquo;une communication int\u00e9gr\u00e9e avec des machines de soudage par ultrasons et propose plusieurs modes de fonctionnement.<\/p>\n<p data-start=\"2483\" data-end=\"2655\">De plus, elle peut \u00eatre \u00e9quip\u00e9e d&rsquo;un outil de terminaison avec refroidissement, qui n&rsquo;a pas besoin d&rsquo;\u00eatre retir\u00e9 lors du travail avec des connexions standard.<\/p>\n<p data-start=\"2657\" data-end=\"2703\"><strong data-start=\"2662\" data-end=\"2701\">Caract\u00e9ristiques et Fonctionnalit\u00e9s<\/strong><\/p>\n<p data-start=\"2704\" data-end=\"2830\">\u2714 <strong data-start=\"2706\" data-end=\"2730\">Param\u00e8tres r\u00e9glables<\/strong>, tels que temp\u00e9rature de traitement et dur\u00e9e de r\u00e9traction<br data-start=\"2789\" data-end=\"2792\" \/>\u2714 <strong data-start=\"2794\" data-end=\"2826\">Deux modes de fonctionnement<\/strong> :<\/p>\n<ul data-start=\"2834\" data-end=\"3048\">\n<li data-start=\"2834\" data-end=\"2898\"><strong data-start=\"2836\" data-end=\"2843\">M1:<\/strong> Contr\u00f4le de la temp\u00e9rature et du temps de r\u00e9traction<\/li>\n<li data-start=\"2902\" data-end=\"3048\"><strong data-start=\"2904\" data-end=\"2911\">M2:<\/strong> R\u00e9f\u00e9rences pr\u00e9programm\u00e9es<br data-start=\"2937\" data-end=\"2940\" \/>\u2714 Calibration manuelle et automatique<br data-start=\"2981\" data-end=\"2984\" \/>\u2714 Communication avec les machines de soudage par ultrasons<\/li>\n<\/ul>\n<p data-start=\"3050\" data-end=\"3211\" data-is-last-node=\"\">Le STCS-EVO500 offre une solution pr\u00e9cise, efficace et flexible pour le traitement des gaines thermor\u00e9tractables dans les applications industrielles.<\/p>\n","protected":false},"excerpt":{"rendered":"<p>Machine de Traitement de Gaines Thermor\u00e9tractables Infrarouge<\/p>\n","protected":false},"featured_media":0,"template":"","meta":{"_acf_changed":false},"pwb-brand":[18274],"product_brand":[],"product_cat":[17990,18048,18001],"product_tag":[],"class_list":{"0":"post-24616","1":"product","2":"type-product","3":"status-publish","5":"pwb-brand-brand-mecalbi-fr","6":"product_cat-cables-et-cablage-fr","7":"product_cat-heat-shrinking-systems-fr","8":"product_cat-processus-secondaires-fr","10":"first","11":"instock","12":"taxable","13":"shipping-taxable","14":"product-type-simple"},"acf":[],"yoast_head":"<!-- This site is optimized with the Yoast SEO plugin v27.1.1 - https:\/\/yoast.com\/product\/yoast-seo-wordpress\/ -->\n<title>Heat Shrink System STCS-evo500 - Smans<\/title>\n<meta name=\"robots\" content=\"index, follow, max-snippet:-1, max-image-preview:large, max-video-preview:-1\" \/>\n<link rel=\"canonical\" href=\"https:\/\/smans.com\/fr\/product\/heat-shrink-system-stcs-evo500\/\" \/>\n<meta property=\"og:locale\" content=\"fr_FR\" \/>\n<meta property=\"og:type\" content=\"article\" \/>\n<meta property=\"og:title\" content=\"Heat Shrink System STCS-evo500 - Smans\" \/>\n<meta property=\"og:description\" content=\"Machine de Traitement de Gaines Thermor\u00e9tractables Infrarouge\" \/>\n<meta property=\"og:url\" content=\"https:\/\/smans.com\/fr\/product\/heat-shrink-system-stcs-evo500\/\" \/>\n<meta property=\"og:site_name\" content=\"Smans\" \/>\n<meta property=\"article:modified_time\" content=\"2026-04-09T11:02:20+00:00\" \/>\n<meta name=\"twitter:card\" content=\"summary_large_image\" \/>\n<meta name=\"twitter:label1\" content=\"Dur\u00e9e de lecture estim\u00e9e\" \/>\n\t<meta name=\"twitter:data1\" content=\"1 minute\" \/>\n<script type=\"application\/ld+json\" class=\"yoast-schema-graph\">{\"@context\":\"https:\/\/schema.org\",\"@graph\":[{\"@type\":\"WebPage\",\"@id\":\"https:\/\/smans.com\/fr\/product\/heat-shrink-system-stcs-evo500\/\",\"url\":\"https:\/\/smans.com\/fr\/product\/heat-shrink-system-stcs-evo500\/\",\"name\":\"Heat Shrink System STCS-evo500 - Smans\",\"isPartOf\":{\"@id\":\"https:\/\/smans.com\/nl\/#website\"},\"datePublished\":\"2024-06-09T15:14:24+00:00\",\"dateModified\":\"2026-04-09T11:02:20+00:00\",\"breadcrumb\":{\"@id\":\"https:\/\/smans.com\/fr\/product\/heat-shrink-system-stcs-evo500\/#breadcrumb\"},\"inLanguage\":\"fr-FR\",\"potentialAction\":[{\"@type\":\"ReadAction\",\"target\":[\"https:\/\/smans.com\/fr\/product\/heat-shrink-system-stcs-evo500\/\"]}]},{\"@type\":\"BreadcrumbList\",\"@id\":\"https:\/\/smans.com\/fr\/product\/heat-shrink-system-stcs-evo500\/#breadcrumb\",\"itemListElement\":[{\"@type\":\"ListItem\",\"position\":1,\"name\":\"Home\",\"item\":\"https:\/\/smans.com\/fr\/\"},{\"@type\":\"ListItem\",\"position\":2,\"name\":\"Boutique\",\"item\":\"https:\/\/smans.com\/nl\/shop\/\"},{\"@type\":\"ListItem\",\"position\":3,\"name\":\"Mecalbi - Heat Shrink System STCS-evo500\"}]},{\"@type\":\"WebSite\",\"@id\":\"https:\/\/smans.com\/nl\/#website\",\"url\":\"https:\/\/smans.com\/nl\/\",\"name\":\"Smans\",\"description\":\"\",\"publisher\":{\"@id\":\"https:\/\/smans.com\/nl\/#organization\"},\"potentialAction\":[{\"@type\":\"SearchAction\",\"target\":{\"@type\":\"EntryPoint\",\"urlTemplate\":\"https:\/\/smans.com\/nl\/?s={search_term_string}\"},\"query-input\":{\"@type\":\"PropertyValueSpecification\",\"valueRequired\":true,\"valueName\":\"search_term_string\"}}],\"inLanguage\":\"fr-FR\"},{\"@type\":\"Organization\",\"@id\":\"https:\/\/smans.com\/nl\/#organization\",\"name\":\"Smans\",\"url\":\"https:\/\/smans.com\/nl\/\",\"logo\":{\"@type\":\"ImageObject\",\"inLanguage\":\"fr-FR\",\"@id\":\"https:\/\/smans.com\/nl\/#\/schema\/logo\/image\/\",\"url\":\"https:\/\/smans.com\/wp-content\/uploads\/2023\/09\/logo.svg\",\"contentUrl\":\"https:\/\/smans.com\/wp-content\/uploads\/2023\/09\/logo.svg\",\"caption\":\"Smans\"},\"image\":{\"@id\":\"https:\/\/smans.com\/nl\/#\/schema\/logo\/image\/\"}}]}<\/script>\n<!-- \/ Yoast SEO plugin. -->","yoast_head_json":{"title":"Heat Shrink System STCS-evo500 - Smans","robots":{"index":"index","follow":"follow","max-snippet":"max-snippet:-1","max-image-preview":"max-image-preview:large","max-video-preview":"max-video-preview:-1"},"canonical":"https:\/\/smans.com\/fr\/product\/heat-shrink-system-stcs-evo500\/","og_locale":"fr_FR","og_type":"article","og_title":"Heat Shrink System STCS-evo500 - Smans","og_description":"Machine de Traitement de Gaines Thermor\u00e9tractables Infrarouge","og_url":"https:\/\/smans.com\/fr\/product\/heat-shrink-system-stcs-evo500\/","og_site_name":"Smans","article_modified_time":"2026-04-09T11:02:20+00:00","twitter_card":"summary_large_image","twitter_misc":{"Dur\u00e9e de lecture estim\u00e9e":"1 minute"},"schema":{"@context":"https:\/\/schema.org","@graph":[{"@type":"WebPage","@id":"https:\/\/smans.com\/fr\/product\/heat-shrink-system-stcs-evo500\/","url":"https:\/\/smans.com\/fr\/product\/heat-shrink-system-stcs-evo500\/","name":"Heat Shrink System STCS-evo500 - Smans","isPartOf":{"@id":"https:\/\/smans.com\/nl\/#website"},"datePublished":"2024-06-09T15:14:24+00:00","dateModified":"2026-04-09T11:02:20+00:00","breadcrumb":{"@id":"https:\/\/smans.com\/fr\/product\/heat-shrink-system-stcs-evo500\/#breadcrumb"},"inLanguage":"fr-FR","potentialAction":[{"@type":"ReadAction","target":["https:\/\/smans.com\/fr\/product\/heat-shrink-system-stcs-evo500\/"]}]},{"@type":"BreadcrumbList","@id":"https:\/\/smans.com\/fr\/product\/heat-shrink-system-stcs-evo500\/#breadcrumb","itemListElement":[{"@type":"ListItem","position":1,"name":"Home","item":"https:\/\/smans.com\/fr\/"},{"@type":"ListItem","position":2,"name":"Boutique","item":"https:\/\/smans.com\/nl\/shop\/"},{"@type":"ListItem","position":3,"name":"Mecalbi - Heat Shrink System STCS-evo500"}]},{"@type":"WebSite","@id":"https:\/\/smans.com\/nl\/#website","url":"https:\/\/smans.com\/nl\/","name":"Smans","description":"","publisher":{"@id":"https:\/\/smans.com\/nl\/#organization"},"potentialAction":[{"@type":"SearchAction","target":{"@type":"EntryPoint","urlTemplate":"https:\/\/smans.com\/nl\/?s={search_term_string}"},"query-input":{"@type":"PropertyValueSpecification","valueRequired":true,"valueName":"search_term_string"}}],"inLanguage":"fr-FR"},{"@type":"Organization","@id":"https:\/\/smans.com\/nl\/#organization","name":"Smans","url":"https:\/\/smans.com\/nl\/","logo":{"@type":"ImageObject","inLanguage":"fr-FR","@id":"https:\/\/smans.com\/nl\/#\/schema\/logo\/image\/","url":"https:\/\/smans.com\/wp-content\/uploads\/2023\/09\/logo.svg","contentUrl":"https:\/\/smans.com\/wp-content\/uploads\/2023\/09\/logo.svg","caption":"Smans"},"image":{"@id":"https:\/\/smans.com\/nl\/#\/schema\/logo\/image\/"}}]}},"brands":[{"id":18274,"name":"Mecalbi","slug":"brand-mecalbi-fr"}],"_links":{"self":[{"href":"https:\/\/smans.com\/fr\/wp-json\/wp\/v2\/product\/24616","targetHints":{"allow":["GET"]}}],"collection":[{"href":"https:\/\/smans.com\/fr\/wp-json\/wp\/v2\/product"}],"about":[{"href":"https:\/\/smans.com\/fr\/wp-json\/wp\/v2\/types\/product"}],"wp:attachment":[{"href":"https:\/\/smans.com\/fr\/wp-json\/wp\/v2\/media?parent=24616"}],"wp:term":[{"taxonomy":"pwb-brand","embeddable":true,"href":"https:\/\/smans.com\/fr\/wp-json\/wp\/v2\/pwb-brand?post=24616"},{"taxonomy":"product_brand","embeddable":true,"href":"https:\/\/smans.com\/fr\/wp-json\/wp\/v2\/product_brand?post=24616"},{"taxonomy":"product_cat","embeddable":true,"href":"https:\/\/smans.com\/fr\/wp-json\/wp\/v2\/product_cat?post=24616"},{"taxonomy":"product_tag","embeddable":true,"href":"https:\/\/smans.com\/fr\/wp-json\/wp\/v2\/product_tag?post=24616"}],"curies":[{"name":"wp","href":"https:\/\/api.w.org\/{rel}","templated":true}]}}