{"id":24630,"date":"2024-06-09T17:14:41","date_gmt":"2024-06-09T15:14:41","guid":{"rendered":"https:\/\/smans.com\/product\/braid-brusher-device-bsb-1017\/"},"modified":"2026-04-09T13:02:50","modified_gmt":"2026-04-09T11:02:50","slug":"braid-brusher-device-bsb-1017","status":"publish","type":"product","link":"https:\/\/smans.com\/fr\/product\/braid-brusher-device-bsb-1017\/","title":{"rendered":"Bowe - Braid Brusher Device BSB 1017"},"content":{"rendered":"<p data-start=\"3137\" data-end=\"3407\">La <strong data-start=\"3140\" data-end=\"3171\">BSB 1017 brosse de tressage<\/strong> est con\u00e7ue pour <strong data-start=\"3188\" data-end=\"3232\">s\u00e9parer les blindages tress\u00e9s des c\u00e2bles<\/strong> apr\u00e8s le retrait de la gaine ext\u00e9rieure. Avant toute autre op\u00e9ration, la tresse doit \u00eatre bross\u00e9e. La <strong data-start=\"3335\" data-end=\"3361\">B\u00f6we Elektrik BSB 1017<\/strong> offre la solution id\u00e9ale pour ce processus.<\/p>\n<p data-start=\"3409\" data-end=\"3706\">Qu\u2019il s\u2019agisse d\u2019une <strong data-start=\"3430\" data-end=\"3457\">tresse longue ou courte<\/strong>, <strong data-start=\"3459\" data-end=\"3499\">pli\u00e9e vers l\u2019avant ou vers l\u2019arri\u00e8re<\/strong>, cette machine garantit <strong data-start=\"3524\" data-end=\"3556\">des r\u00e9sultats tr\u00e8s coh\u00e9rents<\/strong>. Gr\u00e2ce aux <strong data-start=\"3568\" data-end=\"3599\">diff\u00e9rentes t\u00eates de brosse<\/strong>, adapt\u00e9es \u00e0 la densit\u00e9 de la tresse et \u00e0 l\u2019\u00e9paisseur des fils, l\u2019action peut \u00eatre r\u00e9p\u00e9t\u00e9e si n\u00e9cessaire.<\/p>\n<p data-start=\"3708\" data-end=\"3755\">La <strong data-start=\"3711\" data-end=\"3751\">t\u00eate de brosse dispose de deux modes<\/strong> :<\/p>\n<ul data-start=\"3756\" data-end=\"3903\">\n<li data-start=\"3756\" data-end=\"3798\"><strong data-start=\"3758\" data-end=\"3772\">Mode avant<\/strong> pour brosser la tresse.<\/li>\n<li data-start=\"3799\" data-end=\"3903\"><strong data-start=\"3801\" data-end=\"3817\">Mode arri\u00e8re<\/strong> pour replier la tresse, par exemple, dans une connexion blind\u00e9e avec un connecteur.<\/li>\n<\/ul>\n<p data-start=\"3905\" data-end=\"4094\">Un <strong data-start=\"3908\" data-end=\"3929\">entretien minimal<\/strong> et une <strong data-start=\"3937\" data-end=\"3960\">exploitation rapide<\/strong> garantissent un <strong data-start=\"3977\" data-end=\"4013\">retour sur investissement rapide<\/strong> et une <strong data-start=\"4021\" data-end=\"4044\">rentabilit\u00e9 durable<\/strong> sur un <strong data-start=\"4052\" data-end=\"4091\">investissement relativement modeste<\/strong>.<\/p>\n<h4 data-start=\"4096\" data-end=\"4142\"><strong data-start=\"4101\" data-end=\"4140\">Caract\u00e9ristiques et Fonctionnalit\u00e9s<\/strong><\/h4>\n<p data-start=\"4143\" data-end=\"4465\">\u2714 <strong data-start=\"4145\" data-end=\"4192\">Compatible avec de nombreux types de c\u00e2bles<\/strong><br data-start=\"4192\" data-end=\"4195\" \/>\u2714 <strong data-start=\"4197\" data-end=\"4234\">Longueur de tresse jusqu\u2019\u00e0 220 mm<\/strong> (selon le diam\u00e8tre du c\u00e2ble)<br data-start=\"4263\" data-end=\"4266\" \/>\u2714 <strong data-start=\"4268\" data-end=\"4302\">Diam\u00e8tre du c\u00e2ble de 2 \u00e0 20 mm<\/strong><br data-start=\"4302\" data-end=\"4305\" \/>\u2714 <strong data-start=\"4307\" data-end=\"4363\">Convient aux petites et grandes s\u00e9ries de production<\/strong><br data-start=\"4363\" data-end=\"4366\" \/>\u2714 <strong data-start=\"4368\" data-end=\"4400\">Largeur et vitesse r\u00e9glables<\/strong><br data-start=\"4400\" data-end=\"4403\" \/>\u2714 <strong data-start=\"4405\" data-end=\"4420\">Optionnel :<\/strong> d\u00e9marrage automatique du syst\u00e8me et p\u00e9dale<\/p>\n<p data-start=\"4467\" data-end=\"4621\" data-is-last-node=\"\">La <strong data-start=\"4470\" data-end=\"4501\">BSB 1017 brosse de tressage<\/strong> garantit <strong data-start=\"4511\" data-end=\"4564\">des r\u00e9sultats pr\u00e9cis, efficaces et reproductibles<\/strong>, id\u00e9aux pour le <strong data-start=\"4581\" data-end=\"4620\">traitement professionnel des c\u00e2bles<\/strong>.<\/p>\n","protected":false},"excerpt":{"rendered":"<p>BSB 1017 Brosse de Tressage : D\u00e9m\u00ealage Efficace des Blindages de C\u00e2bles<\/p>\n","protected":false},"featured_media":0,"template":"","meta":{"_acf_changed":false},"pwb-brand":[18212],"product_brand":[],"product_cat":[18047,17990,18001],"product_tag":[],"class_list":{"0":"post-24630","1":"product","2":"type-product","3":"status-publish","5":"pwb-brand-brand-bowe-fr-2","6":"product_cat-cable-shielding-processing-fr","7":"product_cat-cables-et-cablage-fr","8":"product_cat-processus-secondaires-fr","10":"first","11":"instock","12":"taxable","13":"shipping-taxable","14":"product-type-simple"},"acf":[],"yoast_head":"<!-- This site is optimized with the Yoast SEO plugin v27.1.1 - https:\/\/yoast.com\/product\/yoast-seo-wordpress\/ -->\n<title>Braid Brusher Device BSB 1017 - Smans<\/title>\n<meta name=\"robots\" content=\"index, follow, max-snippet:-1, max-image-preview:large, max-video-preview:-1\" \/>\n<link rel=\"canonical\" href=\"https:\/\/smans.com\/fr\/product\/braid-brusher-device-bsb-1017\/\" \/>\n<meta property=\"og:locale\" content=\"fr_FR\" \/>\n<meta property=\"og:type\" content=\"article\" \/>\n<meta property=\"og:title\" content=\"Braid Brusher Device BSB 1017 - Smans\" \/>\n<meta property=\"og:description\" content=\"BSB 1017 Brosse de Tressage : D\u00e9m\u00ealage Efficace des Blindages de C\u00e2bles\" \/>\n<meta property=\"og:url\" content=\"https:\/\/smans.com\/fr\/product\/braid-brusher-device-bsb-1017\/\" \/>\n<meta property=\"og:site_name\" content=\"Smans\" \/>\n<meta property=\"article:modified_time\" content=\"2026-04-09T11:02:50+00:00\" \/>\n<meta name=\"twitter:card\" content=\"summary_large_image\" \/>\n<meta name=\"twitter:label1\" content=\"Dur\u00e9e de lecture estim\u00e9e\" \/>\n\t<meta name=\"twitter:data1\" content=\"1 minute\" \/>\n<script type=\"application\/ld+json\" class=\"yoast-schema-graph\">{\"@context\":\"https:\/\/schema.org\",\"@graph\":[{\"@type\":\"WebPage\",\"@id\":\"https:\/\/smans.com\/fr\/product\/braid-brusher-device-bsb-1017\/\",\"url\":\"https:\/\/smans.com\/fr\/product\/braid-brusher-device-bsb-1017\/\",\"name\":\"Braid Brusher Device BSB 1017 - Smans\",\"isPartOf\":{\"@id\":\"https:\/\/smans.com\/nl\/#website\"},\"datePublished\":\"2024-06-09T15:14:41+00:00\",\"dateModified\":\"2026-04-09T11:02:50+00:00\",\"breadcrumb\":{\"@id\":\"https:\/\/smans.com\/fr\/product\/braid-brusher-device-bsb-1017\/#breadcrumb\"},\"inLanguage\":\"fr-FR\",\"potentialAction\":[{\"@type\":\"ReadAction\",\"target\":[\"https:\/\/smans.com\/fr\/product\/braid-brusher-device-bsb-1017\/\"]}]},{\"@type\":\"BreadcrumbList\",\"@id\":\"https:\/\/smans.com\/fr\/product\/braid-brusher-device-bsb-1017\/#breadcrumb\",\"itemListElement\":[{\"@type\":\"ListItem\",\"position\":1,\"name\":\"Home\",\"item\":\"https:\/\/smans.com\/fr\/\"},{\"@type\":\"ListItem\",\"position\":2,\"name\":\"Boutique\",\"item\":\"https:\/\/smans.com\/nl\/shop\/\"},{\"@type\":\"ListItem\",\"position\":3,\"name\":\"Bowe - Braid Brusher Device BSB 1017\"}]},{\"@type\":\"WebSite\",\"@id\":\"https:\/\/smans.com\/nl\/#website\",\"url\":\"https:\/\/smans.com\/nl\/\",\"name\":\"Smans\",\"description\":\"\",\"publisher\":{\"@id\":\"https:\/\/smans.com\/nl\/#organization\"},\"potentialAction\":[{\"@type\":\"SearchAction\",\"target\":{\"@type\":\"EntryPoint\",\"urlTemplate\":\"https:\/\/smans.com\/nl\/?s={search_term_string}\"},\"query-input\":{\"@type\":\"PropertyValueSpecification\",\"valueRequired\":true,\"valueName\":\"search_term_string\"}}],\"inLanguage\":\"fr-FR\"},{\"@type\":\"Organization\",\"@id\":\"https:\/\/smans.com\/nl\/#organization\",\"name\":\"Smans\",\"url\":\"https:\/\/smans.com\/nl\/\",\"logo\":{\"@type\":\"ImageObject\",\"inLanguage\":\"fr-FR\",\"@id\":\"https:\/\/smans.com\/nl\/#\/schema\/logo\/image\/\",\"url\":\"https:\/\/smans.com\/wp-content\/uploads\/2023\/09\/logo.svg\",\"contentUrl\":\"https:\/\/smans.com\/wp-content\/uploads\/2023\/09\/logo.svg\",\"caption\":\"Smans\"},\"image\":{\"@id\":\"https:\/\/smans.com\/nl\/#\/schema\/logo\/image\/\"}}]}<\/script>\n<!-- \/ Yoast SEO plugin. -->","yoast_head_json":{"title":"Braid Brusher Device BSB 1017 - Smans","robots":{"index":"index","follow":"follow","max-snippet":"max-snippet:-1","max-image-preview":"max-image-preview:large","max-video-preview":"max-video-preview:-1"},"canonical":"https:\/\/smans.com\/fr\/product\/braid-brusher-device-bsb-1017\/","og_locale":"fr_FR","og_type":"article","og_title":"Braid Brusher Device BSB 1017 - Smans","og_description":"BSB 1017 Brosse de Tressage : D\u00e9m\u00ealage Efficace des Blindages de C\u00e2bles","og_url":"https:\/\/smans.com\/fr\/product\/braid-brusher-device-bsb-1017\/","og_site_name":"Smans","article_modified_time":"2026-04-09T11:02:50+00:00","twitter_card":"summary_large_image","twitter_misc":{"Dur\u00e9e de lecture estim\u00e9e":"1 minute"},"schema":{"@context":"https:\/\/schema.org","@graph":[{"@type":"WebPage","@id":"https:\/\/smans.com\/fr\/product\/braid-brusher-device-bsb-1017\/","url":"https:\/\/smans.com\/fr\/product\/braid-brusher-device-bsb-1017\/","name":"Braid Brusher Device BSB 1017 - Smans","isPartOf":{"@id":"https:\/\/smans.com\/nl\/#website"},"datePublished":"2024-06-09T15:14:41+00:00","dateModified":"2026-04-09T11:02:50+00:00","breadcrumb":{"@id":"https:\/\/smans.com\/fr\/product\/braid-brusher-device-bsb-1017\/#breadcrumb"},"inLanguage":"fr-FR","potentialAction":[{"@type":"ReadAction","target":["https:\/\/smans.com\/fr\/product\/braid-brusher-device-bsb-1017\/"]}]},{"@type":"BreadcrumbList","@id":"https:\/\/smans.com\/fr\/product\/braid-brusher-device-bsb-1017\/#breadcrumb","itemListElement":[{"@type":"ListItem","position":1,"name":"Home","item":"https:\/\/smans.com\/fr\/"},{"@type":"ListItem","position":2,"name":"Boutique","item":"https:\/\/smans.com\/nl\/shop\/"},{"@type":"ListItem","position":3,"name":"Bowe - Braid Brusher Device BSB 1017"}]},{"@type":"WebSite","@id":"https:\/\/smans.com\/nl\/#website","url":"https:\/\/smans.com\/nl\/","name":"Smans","description":"","publisher":{"@id":"https:\/\/smans.com\/nl\/#organization"},"potentialAction":[{"@type":"SearchAction","target":{"@type":"EntryPoint","urlTemplate":"https:\/\/smans.com\/nl\/?s={search_term_string}"},"query-input":{"@type":"PropertyValueSpecification","valueRequired":true,"valueName":"search_term_string"}}],"inLanguage":"fr-FR"},{"@type":"Organization","@id":"https:\/\/smans.com\/nl\/#organization","name":"Smans","url":"https:\/\/smans.com\/nl\/","logo":{"@type":"ImageObject","inLanguage":"fr-FR","@id":"https:\/\/smans.com\/nl\/#\/schema\/logo\/image\/","url":"https:\/\/smans.com\/wp-content\/uploads\/2023\/09\/logo.svg","contentUrl":"https:\/\/smans.com\/wp-content\/uploads\/2023\/09\/logo.svg","caption":"Smans"},"image":{"@id":"https:\/\/smans.com\/nl\/#\/schema\/logo\/image\/"}}]}},"brands":[{"id":18212,"name":"Bowe","slug":"brand-bowe-fr-2"}],"_links":{"self":[{"href":"https:\/\/smans.com\/fr\/wp-json\/wp\/v2\/product\/24630","targetHints":{"allow":["GET"]}}],"collection":[{"href":"https:\/\/smans.com\/fr\/wp-json\/wp\/v2\/product"}],"about":[{"href":"https:\/\/smans.com\/fr\/wp-json\/wp\/v2\/types\/product"}],"wp:attachment":[{"href":"https:\/\/smans.com\/fr\/wp-json\/wp\/v2\/media?parent=24630"}],"wp:term":[{"taxonomy":"pwb-brand","embeddable":true,"href":"https:\/\/smans.com\/fr\/wp-json\/wp\/v2\/pwb-brand?post=24630"},{"taxonomy":"product_brand","embeddable":true,"href":"https:\/\/smans.com\/fr\/wp-json\/wp\/v2\/product_brand?post=24630"},{"taxonomy":"product_cat","embeddable":true,"href":"https:\/\/smans.com\/fr\/wp-json\/wp\/v2\/product_cat?post=24630"},{"taxonomy":"product_tag","embeddable":true,"href":"https:\/\/smans.com\/fr\/wp-json\/wp\/v2\/product_tag?post=24630"}],"curies":[{"name":"wp","href":"https:\/\/api.w.org\/{rel}","templated":true}]}}