{"id":24631,"date":"2024-06-09T17:13:49","date_gmt":"2024-06-09T15:13:49","guid":{"rendered":"https:\/\/smans.com\/product\/stripper-crimper-am-03-universal\/"},"modified":"2026-04-08T12:34:12","modified_gmt":"2026-04-08T10:34:12","slug":"stripper-crimper-am-03-universal","status":"publish","type":"product","link":"https:\/\/smans.com\/fr\/product\/stripper-crimper-am-03-universal\/","title":{"rendered":"Z+F - Stripper-Crimper AM 03 Universal"},"content":{"rendered":"<p data-start=\"2085\" data-end=\"2535\">La machine de d\u00e9nudage et de sertissage AM 03 Universal est une machine \u00e9lectropneumatique con\u00e7ue pour traiter rapidement et de mani\u00e8re fiable des connecteurs m\u00e2les et femelles non isol\u00e9s. Les connecteurs sont automatiquement aliment\u00e9s via un syst\u00e8me d&rsquo;alimentation par c\u00e2ble. Les c\u00e2bles et connecteurs dans la plage de 0,14 \u00e0 2,5 mm\u00b2 (AWG 26 &#8211; 14) peuvent \u00eatre sertis. La machine est \u00e9quip\u00e9e d&rsquo;un sertissage 4\/8-indent standard selon MIL 22520\/1-01.<\/p>\n<p data-start=\"2537\" data-end=\"2979\">La profondeur de d\u00e9nudage et de sertissage peut \u00eatre r\u00e9gl\u00e9e motoriquement, et diff\u00e9rentes valeurs pour 50 programmes peuvent \u00eatre enregistr\u00e9es. Les r\u00e9glages et la programmation se font facilement via l&rsquo;\u00e9cran tactile, qui affiche toutes les donn\u00e9es importantes, fonctions et messages d&rsquo;erreur. La machine peut \u00e9galement \u00eatre adapt\u00e9e \u00e0 diff\u00e9rentes applications \u00e0 l&rsquo;aide de kits d&rsquo;outils sp\u00e9cifiques, et tous les outils sont faciles \u00e0 remplacer.<\/p>\n<p data-start=\"2981\" data-end=\"2996\"><strong data-start=\"2981\" data-end=\"2994\">Options :<\/strong><\/p>\n<ul data-start=\"2997\" data-end=\"3078\" data-is-last-node=\"\">\n<li data-start=\"2997\" data-end=\"3078\" data-is-last-node=\"\">Surveillance de la force de sertissage Z+F pour un contr\u00f4le qualit\u00e9 am\u00e9lior\u00e9.<\/li>\n<\/ul>\n","protected":false},"excerpt":{"rendered":"<p>AM 03 Universal : Machine \u00c9lectropneumatique de D\u00e9nudage et de Sertissage pour Connecteurs M\u00e2les et Femelles<\/p>\n","protected":false},"featured_media":0,"template":"","meta":{"_acf_changed":false},"pwb-brand":[18322],"product_brand":[],"product_cat":[17990,17993,18036],"product_tag":[],"class_list":{"0":"post-24631","1":"product","2":"type-product","3":"status-publish","5":"pwb-brand-brand-z-f-fr","6":"product_cat-cables-et-cablage-fr","7":"product_cat-couper-denuder-sertissage-fr","8":"product_cat-strip-crimp-fr","10":"first","11":"instock","12":"taxable","13":"shipping-taxable","14":"product-type-simple"},"acf":[],"yoast_head":"<!-- This site is optimized with the Yoast SEO plugin v27.1.1 - https:\/\/yoast.com\/product\/yoast-seo-wordpress\/ -->\n<title>Stripper-Crimper AM 03 Universal - Smans<\/title>\n<meta name=\"robots\" content=\"index, follow, max-snippet:-1, max-image-preview:large, max-video-preview:-1\" \/>\n<link rel=\"canonical\" href=\"https:\/\/smans.com\/fr\/product\/stripper-crimper-am-03-universal\/\" \/>\n<meta property=\"og:locale\" content=\"fr_FR\" \/>\n<meta property=\"og:type\" content=\"article\" \/>\n<meta property=\"og:title\" content=\"Stripper-Crimper AM 03 Universal - Smans\" \/>\n<meta property=\"og:description\" content=\"AM 03 Universal : Machine \u00c9lectropneumatique de D\u00e9nudage et de Sertissage pour Connecteurs M\u00e2les et Femelles\" \/>\n<meta property=\"og:url\" content=\"https:\/\/smans.com\/fr\/product\/stripper-crimper-am-03-universal\/\" \/>\n<meta property=\"og:site_name\" content=\"Smans\" \/>\n<meta property=\"article:modified_time\" content=\"2026-04-08T10:34:12+00:00\" \/>\n<meta name=\"twitter:card\" content=\"summary_large_image\" \/>\n<meta name=\"twitter:label1\" content=\"Dur\u00e9e de lecture estim\u00e9e\" \/>\n\t<meta name=\"twitter:data1\" content=\"1 minute\" \/>\n<script type=\"application\/ld+json\" class=\"yoast-schema-graph\">{\"@context\":\"https:\/\/schema.org\",\"@graph\":[{\"@type\":\"WebPage\",\"@id\":\"https:\/\/smans.com\/fr\/product\/stripper-crimper-am-03-universal\/\",\"url\":\"https:\/\/smans.com\/fr\/product\/stripper-crimper-am-03-universal\/\",\"name\":\"Stripper-Crimper AM 03 Universal - Smans\",\"isPartOf\":{\"@id\":\"https:\/\/smans.com\/nl\/#website\"},\"datePublished\":\"2024-06-09T15:13:49+00:00\",\"dateModified\":\"2026-04-08T10:34:12+00:00\",\"breadcrumb\":{\"@id\":\"https:\/\/smans.com\/fr\/product\/stripper-crimper-am-03-universal\/#breadcrumb\"},\"inLanguage\":\"fr-FR\",\"potentialAction\":[{\"@type\":\"ReadAction\",\"target\":[\"https:\/\/smans.com\/fr\/product\/stripper-crimper-am-03-universal\/\"]}]},{\"@type\":\"BreadcrumbList\",\"@id\":\"https:\/\/smans.com\/fr\/product\/stripper-crimper-am-03-universal\/#breadcrumb\",\"itemListElement\":[{\"@type\":\"ListItem\",\"position\":1,\"name\":\"Home\",\"item\":\"https:\/\/smans.com\/fr\/\"},{\"@type\":\"ListItem\",\"position\":2,\"name\":\"Boutique\",\"item\":\"https:\/\/smans.com\/nl\/shop\/\"},{\"@type\":\"ListItem\",\"position\":3,\"name\":\"Z+F - Stripper-Crimper AM 03 Universal\"}]},{\"@type\":\"WebSite\",\"@id\":\"https:\/\/smans.com\/nl\/#website\",\"url\":\"https:\/\/smans.com\/nl\/\",\"name\":\"Smans\",\"description\":\"\",\"publisher\":{\"@id\":\"https:\/\/smans.com\/nl\/#organization\"},\"potentialAction\":[{\"@type\":\"SearchAction\",\"target\":{\"@type\":\"EntryPoint\",\"urlTemplate\":\"https:\/\/smans.com\/nl\/?s={search_term_string}\"},\"query-input\":{\"@type\":\"PropertyValueSpecification\",\"valueRequired\":true,\"valueName\":\"search_term_string\"}}],\"inLanguage\":\"fr-FR\"},{\"@type\":\"Organization\",\"@id\":\"https:\/\/smans.com\/nl\/#organization\",\"name\":\"Smans\",\"url\":\"https:\/\/smans.com\/nl\/\",\"logo\":{\"@type\":\"ImageObject\",\"inLanguage\":\"fr-FR\",\"@id\":\"https:\/\/smans.com\/nl\/#\/schema\/logo\/image\/\",\"url\":\"https:\/\/smans.com\/wp-content\/uploads\/2023\/09\/logo.svg\",\"contentUrl\":\"https:\/\/smans.com\/wp-content\/uploads\/2023\/09\/logo.svg\",\"caption\":\"Smans\"},\"image\":{\"@id\":\"https:\/\/smans.com\/nl\/#\/schema\/logo\/image\/\"}}]}<\/script>\n<!-- \/ Yoast SEO plugin. -->","yoast_head_json":{"title":"Stripper-Crimper AM 03 Universal - Smans","robots":{"index":"index","follow":"follow","max-snippet":"max-snippet:-1","max-image-preview":"max-image-preview:large","max-video-preview":"max-video-preview:-1"},"canonical":"https:\/\/smans.com\/fr\/product\/stripper-crimper-am-03-universal\/","og_locale":"fr_FR","og_type":"article","og_title":"Stripper-Crimper AM 03 Universal - Smans","og_description":"AM 03 Universal : Machine \u00c9lectropneumatique de D\u00e9nudage et de Sertissage pour Connecteurs M\u00e2les et Femelles","og_url":"https:\/\/smans.com\/fr\/product\/stripper-crimper-am-03-universal\/","og_site_name":"Smans","article_modified_time":"2026-04-08T10:34:12+00:00","twitter_card":"summary_large_image","twitter_misc":{"Dur\u00e9e de lecture estim\u00e9e":"1 minute"},"schema":{"@context":"https:\/\/schema.org","@graph":[{"@type":"WebPage","@id":"https:\/\/smans.com\/fr\/product\/stripper-crimper-am-03-universal\/","url":"https:\/\/smans.com\/fr\/product\/stripper-crimper-am-03-universal\/","name":"Stripper-Crimper AM 03 Universal - Smans","isPartOf":{"@id":"https:\/\/smans.com\/nl\/#website"},"datePublished":"2024-06-09T15:13:49+00:00","dateModified":"2026-04-08T10:34:12+00:00","breadcrumb":{"@id":"https:\/\/smans.com\/fr\/product\/stripper-crimper-am-03-universal\/#breadcrumb"},"inLanguage":"fr-FR","potentialAction":[{"@type":"ReadAction","target":["https:\/\/smans.com\/fr\/product\/stripper-crimper-am-03-universal\/"]}]},{"@type":"BreadcrumbList","@id":"https:\/\/smans.com\/fr\/product\/stripper-crimper-am-03-universal\/#breadcrumb","itemListElement":[{"@type":"ListItem","position":1,"name":"Home","item":"https:\/\/smans.com\/fr\/"},{"@type":"ListItem","position":2,"name":"Boutique","item":"https:\/\/smans.com\/nl\/shop\/"},{"@type":"ListItem","position":3,"name":"Z+F - Stripper-Crimper AM 03 Universal"}]},{"@type":"WebSite","@id":"https:\/\/smans.com\/nl\/#website","url":"https:\/\/smans.com\/nl\/","name":"Smans","description":"","publisher":{"@id":"https:\/\/smans.com\/nl\/#organization"},"potentialAction":[{"@type":"SearchAction","target":{"@type":"EntryPoint","urlTemplate":"https:\/\/smans.com\/nl\/?s={search_term_string}"},"query-input":{"@type":"PropertyValueSpecification","valueRequired":true,"valueName":"search_term_string"}}],"inLanguage":"fr-FR"},{"@type":"Organization","@id":"https:\/\/smans.com\/nl\/#organization","name":"Smans","url":"https:\/\/smans.com\/nl\/","logo":{"@type":"ImageObject","inLanguage":"fr-FR","@id":"https:\/\/smans.com\/nl\/#\/schema\/logo\/image\/","url":"https:\/\/smans.com\/wp-content\/uploads\/2023\/09\/logo.svg","contentUrl":"https:\/\/smans.com\/wp-content\/uploads\/2023\/09\/logo.svg","caption":"Smans"},"image":{"@id":"https:\/\/smans.com\/nl\/#\/schema\/logo\/image\/"}}]}},"brands":[{"id":18322,"name":"Z+F","slug":"brand-z-f-fr"}],"_links":{"self":[{"href":"https:\/\/smans.com\/fr\/wp-json\/wp\/v2\/product\/24631","targetHints":{"allow":["GET"]}}],"collection":[{"href":"https:\/\/smans.com\/fr\/wp-json\/wp\/v2\/product"}],"about":[{"href":"https:\/\/smans.com\/fr\/wp-json\/wp\/v2\/types\/product"}],"wp:attachment":[{"href":"https:\/\/smans.com\/fr\/wp-json\/wp\/v2\/media?parent=24631"}],"wp:term":[{"taxonomy":"pwb-brand","embeddable":true,"href":"https:\/\/smans.com\/fr\/wp-json\/wp\/v2\/pwb-brand?post=24631"},{"taxonomy":"product_brand","embeddable":true,"href":"https:\/\/smans.com\/fr\/wp-json\/wp\/v2\/product_brand?post=24631"},{"taxonomy":"product_cat","embeddable":true,"href":"https:\/\/smans.com\/fr\/wp-json\/wp\/v2\/product_cat?post=24631"},{"taxonomy":"product_tag","embeddable":true,"href":"https:\/\/smans.com\/fr\/wp-json\/wp\/v2\/product_tag?post=24631"}],"curies":[{"name":"wp","href":"https:\/\/api.w.org\/{rel}","templated":true}]}}