{"id":24646,"date":"2024-06-09T17:20:17","date_gmt":"2024-06-09T15:20:17","guid":{"rendered":"https:\/\/smans.com\/product\/pcb-separator-hektor-2\/"},"modified":"2026-04-30T10:46:10","modified_gmt":"2026-04-30T08:46:10","slug":"pcb-separator-hektor-2","status":"publish","type":"product","link":"https:\/\/smans.com\/fr\/product\/pcb-separator-hektor-2\/","title":{"rendered":"CAB - PCB Separator HEKTOR 2"},"content":{"rendered":"<p>Les circuits imprim\u00e9s sont s\u00e9par\u00e9s avec soin et rapidit\u00e9, les chutes \u00e9tant retir\u00e9es de mani\u00e8re pr\u00e9cise et fluide. Gr\u00e2ce \u00e0 une matrice en deux parties, les diff\u00e9rentes plaques peuvent \u00eatre facilement mont\u00e9es ou remplac\u00e9es.<\/p>\n<p>Les chutes sont d\u00e9coup\u00e9es \u00e0 l\u2019aide d\u2019un v\u00e9rin pneumatique, dont la pression de service peut \u00eatre r\u00e9gl\u00e9e sur l\u2019appareil.<\/p>\n<p>Pour un fonctionnement s\u00fbr, les circuits imprim\u00e9s sont plac\u00e9s avec leur rainure frais\u00e9e sur la lame de la matrice, tandis que les d\u00e9chets de coupe sont guid\u00e9s sous le poin\u00e7on.<\/p>\n<p>Une p\u00e9dale d\u00e9clenche le processus de poin\u00e7onnage, apr\u00e8s quoi les d\u00e9chets de coupe sont r\u00e9cup\u00e9r\u00e9s dans l\u2019outil inf\u00e9rieur.<\/p>\n","protected":false},"excerpt":{"rendered":"<p>S\u00e9pare les circuits imprim\u00e9s frais\u00e9s avec soin et rapidit\u00e9.<\/p>\n","protected":false},"featured_media":0,"template":"","meta":{"_acf_changed":false},"pwb-brand":[18218],"product_brand":[],"product_cat":[17991,18082,18010],"product_tag":[],"class_list":{"0":"post-24646","1":"product","2":"type-product","3":"status-publish","5":"pwb-brand-brand-cab-fr","6":"product_cat-electronique-fr","7":"product_cat-manual-separators-fr","8":"product_cat-separateurs-et-depannelisation-fr","10":"first","11":"instock","12":"taxable","13":"shipping-taxable","14":"purchasable","15":"product-type-simple"},"acf":[],"yoast_head":"<!-- This site is optimized with the Yoast SEO plugin v27.1.1 - https:\/\/yoast.com\/product\/yoast-seo-wordpress\/ -->\n<title>PCB Separator HEKTOR 2 - Smans<\/title>\n<meta name=\"robots\" content=\"index, follow, max-snippet:-1, max-image-preview:large, max-video-preview:-1\" \/>\n<link rel=\"canonical\" href=\"https:\/\/smans.com\/fr\/product\/pcb-separator-hektor-2\/\" \/>\n<meta property=\"og:locale\" content=\"fr_FR\" \/>\n<meta property=\"og:type\" content=\"article\" \/>\n<meta property=\"og:title\" content=\"PCB Separator HEKTOR 2 - Smans\" \/>\n<meta property=\"og:description\" content=\"S\u00e9pare les circuits imprim\u00e9s frais\u00e9s avec soin et rapidit\u00e9.\" \/>\n<meta property=\"og:url\" content=\"https:\/\/smans.com\/fr\/product\/pcb-separator-hektor-2\/\" \/>\n<meta property=\"og:site_name\" content=\"Smans\" \/>\n<meta property=\"article:modified_time\" content=\"2026-04-30T08:46:10+00:00\" \/>\n<meta name=\"twitter:card\" content=\"summary_large_image\" \/>\n<meta name=\"twitter:label1\" content=\"Dur\u00e9e de lecture estim\u00e9e\" \/>\n\t<meta name=\"twitter:data1\" content=\"1 minute\" \/>\n<script type=\"application\/ld+json\" class=\"yoast-schema-graph\">{\"@context\":\"https:\/\/schema.org\",\"@graph\":[{\"@type\":\"WebPage\",\"@id\":\"https:\/\/smans.com\/fr\/product\/pcb-separator-hektor-2\/\",\"url\":\"https:\/\/smans.com\/fr\/product\/pcb-separator-hektor-2\/\",\"name\":\"PCB Separator HEKTOR 2 - Smans\",\"isPartOf\":{\"@id\":\"https:\/\/smans.com\/nl\/#website\"},\"datePublished\":\"2024-06-09T15:20:17+00:00\",\"dateModified\":\"2026-04-30T08:46:10+00:00\",\"breadcrumb\":{\"@id\":\"https:\/\/smans.com\/fr\/product\/pcb-separator-hektor-2\/#breadcrumb\"},\"inLanguage\":\"fr-FR\",\"potentialAction\":[{\"@type\":\"ReadAction\",\"target\":[\"https:\/\/smans.com\/fr\/product\/pcb-separator-hektor-2\/\"]}]},{\"@type\":\"BreadcrumbList\",\"@id\":\"https:\/\/smans.com\/fr\/product\/pcb-separator-hektor-2\/#breadcrumb\",\"itemListElement\":[{\"@type\":\"ListItem\",\"position\":1,\"name\":\"Home\",\"item\":\"https:\/\/smans.com\/fr\/\"},{\"@type\":\"ListItem\",\"position\":2,\"name\":\"Boutique\",\"item\":\"https:\/\/smans.com\/nl\/shop\/\"},{\"@type\":\"ListItem\",\"position\":3,\"name\":\"CAB - PCB Separator HEKTOR 2\"}]},{\"@type\":\"WebSite\",\"@id\":\"https:\/\/smans.com\/nl\/#website\",\"url\":\"https:\/\/smans.com\/nl\/\",\"name\":\"Smans\",\"description\":\"\",\"publisher\":{\"@id\":\"https:\/\/smans.com\/nl\/#organization\"},\"potentialAction\":[{\"@type\":\"SearchAction\",\"target\":{\"@type\":\"EntryPoint\",\"urlTemplate\":\"https:\/\/smans.com\/nl\/?s={search_term_string}\"},\"query-input\":{\"@type\":\"PropertyValueSpecification\",\"valueRequired\":true,\"valueName\":\"search_term_string\"}}],\"inLanguage\":\"fr-FR\"},{\"@type\":\"Organization\",\"@id\":\"https:\/\/smans.com\/nl\/#organization\",\"name\":\"Smans\",\"url\":\"https:\/\/smans.com\/nl\/\",\"logo\":{\"@type\":\"ImageObject\",\"inLanguage\":\"fr-FR\",\"@id\":\"https:\/\/smans.com\/nl\/#\/schema\/logo\/image\/\",\"url\":\"https:\/\/smans.com\/wp-content\/uploads\/2023\/09\/logo.svg\",\"contentUrl\":\"https:\/\/smans.com\/wp-content\/uploads\/2023\/09\/logo.svg\",\"caption\":\"Smans\"},\"image\":{\"@id\":\"https:\/\/smans.com\/nl\/#\/schema\/logo\/image\/\"}}]}<\/script>\n<!-- \/ Yoast SEO plugin. -->","yoast_head_json":{"title":"PCB Separator HEKTOR 2 - Smans","robots":{"index":"index","follow":"follow","max-snippet":"max-snippet:-1","max-image-preview":"max-image-preview:large","max-video-preview":"max-video-preview:-1"},"canonical":"https:\/\/smans.com\/fr\/product\/pcb-separator-hektor-2\/","og_locale":"fr_FR","og_type":"article","og_title":"PCB Separator HEKTOR 2 - Smans","og_description":"S\u00e9pare les circuits imprim\u00e9s frais\u00e9s avec soin et rapidit\u00e9.","og_url":"https:\/\/smans.com\/fr\/product\/pcb-separator-hektor-2\/","og_site_name":"Smans","article_modified_time":"2026-04-30T08:46:10+00:00","twitter_card":"summary_large_image","twitter_misc":{"Dur\u00e9e de lecture estim\u00e9e":"1 minute"},"schema":{"@context":"https:\/\/schema.org","@graph":[{"@type":"WebPage","@id":"https:\/\/smans.com\/fr\/product\/pcb-separator-hektor-2\/","url":"https:\/\/smans.com\/fr\/product\/pcb-separator-hektor-2\/","name":"PCB Separator HEKTOR 2 - Smans","isPartOf":{"@id":"https:\/\/smans.com\/nl\/#website"},"datePublished":"2024-06-09T15:20:17+00:00","dateModified":"2026-04-30T08:46:10+00:00","breadcrumb":{"@id":"https:\/\/smans.com\/fr\/product\/pcb-separator-hektor-2\/#breadcrumb"},"inLanguage":"fr-FR","potentialAction":[{"@type":"ReadAction","target":["https:\/\/smans.com\/fr\/product\/pcb-separator-hektor-2\/"]}]},{"@type":"BreadcrumbList","@id":"https:\/\/smans.com\/fr\/product\/pcb-separator-hektor-2\/#breadcrumb","itemListElement":[{"@type":"ListItem","position":1,"name":"Home","item":"https:\/\/smans.com\/fr\/"},{"@type":"ListItem","position":2,"name":"Boutique","item":"https:\/\/smans.com\/nl\/shop\/"},{"@type":"ListItem","position":3,"name":"CAB - PCB Separator HEKTOR 2"}]},{"@type":"WebSite","@id":"https:\/\/smans.com\/nl\/#website","url":"https:\/\/smans.com\/nl\/","name":"Smans","description":"","publisher":{"@id":"https:\/\/smans.com\/nl\/#organization"},"potentialAction":[{"@type":"SearchAction","target":{"@type":"EntryPoint","urlTemplate":"https:\/\/smans.com\/nl\/?s={search_term_string}"},"query-input":{"@type":"PropertyValueSpecification","valueRequired":true,"valueName":"search_term_string"}}],"inLanguage":"fr-FR"},{"@type":"Organization","@id":"https:\/\/smans.com\/nl\/#organization","name":"Smans","url":"https:\/\/smans.com\/nl\/","logo":{"@type":"ImageObject","inLanguage":"fr-FR","@id":"https:\/\/smans.com\/nl\/#\/schema\/logo\/image\/","url":"https:\/\/smans.com\/wp-content\/uploads\/2023\/09\/logo.svg","contentUrl":"https:\/\/smans.com\/wp-content\/uploads\/2023\/09\/logo.svg","caption":"Smans"},"image":{"@id":"https:\/\/smans.com\/nl\/#\/schema\/logo\/image\/"}}]}},"brands":[{"id":18218,"name":"CAB","slug":"brand-cab-fr"}],"_links":{"self":[{"href":"https:\/\/smans.com\/fr\/wp-json\/wp\/v2\/product\/24646","targetHints":{"allow":["GET"]}}],"collection":[{"href":"https:\/\/smans.com\/fr\/wp-json\/wp\/v2\/product"}],"about":[{"href":"https:\/\/smans.com\/fr\/wp-json\/wp\/v2\/types\/product"}],"wp:attachment":[{"href":"https:\/\/smans.com\/fr\/wp-json\/wp\/v2\/media?parent=24646"}],"wp:term":[{"taxonomy":"pwb-brand","embeddable":true,"href":"https:\/\/smans.com\/fr\/wp-json\/wp\/v2\/pwb-brand?post=24646"},{"taxonomy":"product_brand","embeddable":true,"href":"https:\/\/smans.com\/fr\/wp-json\/wp\/v2\/product_brand?post=24646"},{"taxonomy":"product_cat","embeddable":true,"href":"https:\/\/smans.com\/fr\/wp-json\/wp\/v2\/product_cat?post=24646"},{"taxonomy":"product_tag","embeddable":true,"href":"https:\/\/smans.com\/fr\/wp-json\/wp\/v2\/product_tag?post=24646"}],"curies":[{"name":"wp","href":"https:\/\/api.w.org\/{rel}","templated":true}]}}