{"id":24648,"date":"2024-06-09T17:24:10","date_gmt":"2024-06-09T15:24:10","guid":{"rendered":"https:\/\/smans.com\/product\/wave-soldering-machine-powerflow-ultra\/"},"modified":"2026-04-12T12:58:30","modified_gmt":"2026-04-12T10:58:30","slug":"wave-soldering-machine-powerflow-ultra","status":"publish","type":"product","link":"https:\/\/smans.com\/fr\/product\/wave-soldering-machine-powerflow-ultra\/","title":{"rendered":"Ersa - Wave Soldering Machine POWERFLOW ULTRA"},"content":{"rendered":"<p>La POWERFLOW ULTRA repr\u00e9sente la derni\u00e8re innovation dans la gamme de machines \u00e0 souder \u00e0 la vague d&rsquo;Ersa. Cette machine \u00e0 souder \u00e0 la vague \u00e0 tunnel complet a \u00e9t\u00e9 d\u00e9velopp\u00e9e pour r\u00e9pondre aux exigences actuelles et futures en mati\u00e8re de flexibilit\u00e9, de d\u00e9bit et de disponibilit\u00e9. Avec des options de transport par cadre ou par doigts et des largeurs de travail de 330 \u00e0 610 mm (version XXL), le POWERFLOW ULTRA offre une polyvalence maximale pour divers environnements de production, y compris le soudage de cartes de serveurs pour la communication 5G.<\/p>\n<p>Le syst\u00e8me est \u00e9quip\u00e9 d&rsquo;un concept de pr\u00e9chauffage modulaire, enti\u00e8rement adaptable en longueur et en puissance, et pouvant \u00eatre \u00e9tendu ult\u00e9rieurement si n\u00e9cessaire. Ainsi, le POWERFLOW ULTRA s&rsquo;adapte sans effort aux exigences de production futures.<\/p>\n<p>La machine utilise le logiciel de commande prim\u00e9 ERSASOFT 5, bas\u00e9 sur une base de donn\u00e9es puissante et enti\u00e8rement compatible avec l&rsquo;industrie 4.0. Ce logiciel offre une visualisation intuitive des processus, un r\u00e9glage efficace des param\u00e8tres et une tra\u00e7abilit\u00e9 \u00e9tendue pour un contr\u00f4le maximal des processus.<\/p>\n<p>Gr\u00e2ce \u00e0 sa combinaison de technologie azote de haute qualit\u00e9, de d\u00e9bit maximal et d&rsquo;excellente qualit\u00e9 de soudure, le POWERFLOW ULTRA \u00e9tablit une nouvelle r\u00e9f\u00e9rence en mati\u00e8re de soudage \u00e0 la vague professionnel.<\/p>\n","protected":false},"excerpt":{"rendered":"<p>High-End Full Tunnel Nitrogen Wave Soldering Machine<\/p>\n","protected":false},"featured_media":0,"template":"","meta":{"_acf_changed":false},"pwb-brand":[18232],"product_brand":[],"product_cat":[17991,18012,18099],"product_tag":[],"class_list":{"0":"post-24648","1":"product","2":"type-product","3":"status-publish","5":"pwb-brand-brand-ersa-fr","6":"product_cat-electronique-fr","7":"product_cat-equipement-d-assemblage-tht-fr","8":"product_cat-soldering-fr-2","10":"first","11":"instock","12":"taxable","13":"shipping-taxable","14":"product-type-simple"},"acf":[],"yoast_head":"<!-- This site is optimized with the Yoast SEO plugin v27.1.1 - https:\/\/yoast.com\/product\/yoast-seo-wordpress\/ -->\n<title>Wave Soldering Machine POWERFLOW ULTRA - Smans<\/title>\n<meta name=\"robots\" content=\"index, follow, max-snippet:-1, max-image-preview:large, max-video-preview:-1\" \/>\n<link rel=\"canonical\" href=\"https:\/\/smans.com\/fr\/product\/wave-soldering-machine-powerflow-ultra\/\" \/>\n<meta property=\"og:locale\" content=\"fr_FR\" \/>\n<meta property=\"og:type\" content=\"article\" \/>\n<meta property=\"og:title\" content=\"Wave Soldering Machine POWERFLOW ULTRA - Smans\" \/>\n<meta property=\"og:description\" content=\"High-End Full Tunnel Nitrogen Wave Soldering Machine\" \/>\n<meta property=\"og:url\" content=\"https:\/\/smans.com\/fr\/product\/wave-soldering-machine-powerflow-ultra\/\" \/>\n<meta property=\"og:site_name\" content=\"Smans\" \/>\n<meta property=\"article:modified_time\" content=\"2026-04-12T10:58:30+00:00\" \/>\n<meta name=\"twitter:card\" content=\"summary_large_image\" \/>\n<meta name=\"twitter:label1\" content=\"Dur\u00e9e de lecture estim\u00e9e\" \/>\n\t<meta name=\"twitter:data1\" content=\"1 minute\" \/>\n<script type=\"application\/ld+json\" class=\"yoast-schema-graph\">{\"@context\":\"https:\/\/schema.org\",\"@graph\":[{\"@type\":\"WebPage\",\"@id\":\"https:\/\/smans.com\/fr\/product\/wave-soldering-machine-powerflow-ultra\/\",\"url\":\"https:\/\/smans.com\/fr\/product\/wave-soldering-machine-powerflow-ultra\/\",\"name\":\"Wave Soldering Machine POWERFLOW ULTRA - Smans\",\"isPartOf\":{\"@id\":\"https:\/\/smans.com\/nl\/#website\"},\"datePublished\":\"2024-06-09T15:24:10+00:00\",\"dateModified\":\"2026-04-12T10:58:30+00:00\",\"breadcrumb\":{\"@id\":\"https:\/\/smans.com\/fr\/product\/wave-soldering-machine-powerflow-ultra\/#breadcrumb\"},\"inLanguage\":\"fr-FR\",\"potentialAction\":[{\"@type\":\"ReadAction\",\"target\":[\"https:\/\/smans.com\/fr\/product\/wave-soldering-machine-powerflow-ultra\/\"]}]},{\"@type\":\"BreadcrumbList\",\"@id\":\"https:\/\/smans.com\/fr\/product\/wave-soldering-machine-powerflow-ultra\/#breadcrumb\",\"itemListElement\":[{\"@type\":\"ListItem\",\"position\":1,\"name\":\"Home\",\"item\":\"https:\/\/smans.com\/fr\/\"},{\"@type\":\"ListItem\",\"position\":2,\"name\":\"Boutique\",\"item\":\"https:\/\/smans.com\/nl\/shop\/\"},{\"@type\":\"ListItem\",\"position\":3,\"name\":\"Ersa - Wave Soldering Machine POWERFLOW ULTRA\"}]},{\"@type\":\"WebSite\",\"@id\":\"https:\/\/smans.com\/nl\/#website\",\"url\":\"https:\/\/smans.com\/nl\/\",\"name\":\"Smans\",\"description\":\"\",\"publisher\":{\"@id\":\"https:\/\/smans.com\/nl\/#organization\"},\"potentialAction\":[{\"@type\":\"SearchAction\",\"target\":{\"@type\":\"EntryPoint\",\"urlTemplate\":\"https:\/\/smans.com\/nl\/?s={search_term_string}\"},\"query-input\":{\"@type\":\"PropertyValueSpecification\",\"valueRequired\":true,\"valueName\":\"search_term_string\"}}],\"inLanguage\":\"fr-FR\"},{\"@type\":\"Organization\",\"@id\":\"https:\/\/smans.com\/nl\/#organization\",\"name\":\"Smans\",\"url\":\"https:\/\/smans.com\/nl\/\",\"logo\":{\"@type\":\"ImageObject\",\"inLanguage\":\"fr-FR\",\"@id\":\"https:\/\/smans.com\/nl\/#\/schema\/logo\/image\/\",\"url\":\"https:\/\/smans.com\/wp-content\/uploads\/2023\/09\/logo.svg\",\"contentUrl\":\"https:\/\/smans.com\/wp-content\/uploads\/2023\/09\/logo.svg\",\"caption\":\"Smans\"},\"image\":{\"@id\":\"https:\/\/smans.com\/nl\/#\/schema\/logo\/image\/\"}}]}<\/script>\n<!-- \/ Yoast SEO plugin. -->","yoast_head_json":{"title":"Wave Soldering Machine POWERFLOW ULTRA - Smans","robots":{"index":"index","follow":"follow","max-snippet":"max-snippet:-1","max-image-preview":"max-image-preview:large","max-video-preview":"max-video-preview:-1"},"canonical":"https:\/\/smans.com\/fr\/product\/wave-soldering-machine-powerflow-ultra\/","og_locale":"fr_FR","og_type":"article","og_title":"Wave Soldering Machine POWERFLOW ULTRA - Smans","og_description":"High-End Full Tunnel Nitrogen Wave Soldering Machine","og_url":"https:\/\/smans.com\/fr\/product\/wave-soldering-machine-powerflow-ultra\/","og_site_name":"Smans","article_modified_time":"2026-04-12T10:58:30+00:00","twitter_card":"summary_large_image","twitter_misc":{"Dur\u00e9e de lecture estim\u00e9e":"1 minute"},"schema":{"@context":"https:\/\/schema.org","@graph":[{"@type":"WebPage","@id":"https:\/\/smans.com\/fr\/product\/wave-soldering-machine-powerflow-ultra\/","url":"https:\/\/smans.com\/fr\/product\/wave-soldering-machine-powerflow-ultra\/","name":"Wave Soldering Machine POWERFLOW ULTRA - Smans","isPartOf":{"@id":"https:\/\/smans.com\/nl\/#website"},"datePublished":"2024-06-09T15:24:10+00:00","dateModified":"2026-04-12T10:58:30+00:00","breadcrumb":{"@id":"https:\/\/smans.com\/fr\/product\/wave-soldering-machine-powerflow-ultra\/#breadcrumb"},"inLanguage":"fr-FR","potentialAction":[{"@type":"ReadAction","target":["https:\/\/smans.com\/fr\/product\/wave-soldering-machine-powerflow-ultra\/"]}]},{"@type":"BreadcrumbList","@id":"https:\/\/smans.com\/fr\/product\/wave-soldering-machine-powerflow-ultra\/#breadcrumb","itemListElement":[{"@type":"ListItem","position":1,"name":"Home","item":"https:\/\/smans.com\/fr\/"},{"@type":"ListItem","position":2,"name":"Boutique","item":"https:\/\/smans.com\/nl\/shop\/"},{"@type":"ListItem","position":3,"name":"Ersa - Wave Soldering Machine POWERFLOW ULTRA"}]},{"@type":"WebSite","@id":"https:\/\/smans.com\/nl\/#website","url":"https:\/\/smans.com\/nl\/","name":"Smans","description":"","publisher":{"@id":"https:\/\/smans.com\/nl\/#organization"},"potentialAction":[{"@type":"SearchAction","target":{"@type":"EntryPoint","urlTemplate":"https:\/\/smans.com\/nl\/?s={search_term_string}"},"query-input":{"@type":"PropertyValueSpecification","valueRequired":true,"valueName":"search_term_string"}}],"inLanguage":"fr-FR"},{"@type":"Organization","@id":"https:\/\/smans.com\/nl\/#organization","name":"Smans","url":"https:\/\/smans.com\/nl\/","logo":{"@type":"ImageObject","inLanguage":"fr-FR","@id":"https:\/\/smans.com\/nl\/#\/schema\/logo\/image\/","url":"https:\/\/smans.com\/wp-content\/uploads\/2023\/09\/logo.svg","contentUrl":"https:\/\/smans.com\/wp-content\/uploads\/2023\/09\/logo.svg","caption":"Smans"},"image":{"@id":"https:\/\/smans.com\/nl\/#\/schema\/logo\/image\/"}}]}},"brands":[{"id":18232,"name":"Ersa","slug":"brand-ersa-fr"}],"_links":{"self":[{"href":"https:\/\/smans.com\/fr\/wp-json\/wp\/v2\/product\/24648","targetHints":{"allow":["GET"]}}],"collection":[{"href":"https:\/\/smans.com\/fr\/wp-json\/wp\/v2\/product"}],"about":[{"href":"https:\/\/smans.com\/fr\/wp-json\/wp\/v2\/types\/product"}],"wp:attachment":[{"href":"https:\/\/smans.com\/fr\/wp-json\/wp\/v2\/media?parent=24648"}],"wp:term":[{"taxonomy":"pwb-brand","embeddable":true,"href":"https:\/\/smans.com\/fr\/wp-json\/wp\/v2\/pwb-brand?post=24648"},{"taxonomy":"product_brand","embeddable":true,"href":"https:\/\/smans.com\/fr\/wp-json\/wp\/v2\/product_brand?post=24648"},{"taxonomy":"product_cat","embeddable":true,"href":"https:\/\/smans.com\/fr\/wp-json\/wp\/v2\/product_cat?post=24648"},{"taxonomy":"product_tag","embeddable":true,"href":"https:\/\/smans.com\/fr\/wp-json\/wp\/v2\/product_tag?post=24648"}],"curies":[{"name":"wp","href":"https:\/\/api.w.org\/{rel}","templated":true}]}}