{"id":24701,"date":"2024-06-09T17:15:03","date_gmt":"2024-06-09T15:15:03","guid":{"rendered":"https:\/\/smans.com\/product\/taping-machine-ktr-10\/"},"modified":"2026-04-24T12:49:48","modified_gmt":"2026-04-24T10:49:48","slug":"taping-machine-ktr-10","status":"publish","type":"product","link":"https:\/\/smans.com\/fr\/product\/taping-machine-ktr-10\/","title":{"rendered":"Komax Taping - Taping Machine KTR 10"},"content":{"rendered":"<div class=\"flex max-w-full flex-col flex-grow\">\n<div class=\"min-h-8 text-message flex w-full flex-col items-end gap-2 whitespace-normal break-words text-start [.text-message+&amp;]:mt-5\" dir=\"auto\" data-message-author-role=\"assistant\" data-message-id=\"7318f53d-dffb-4e22-be99-163ab2555616\" data-message-model-slug=\"gpt-4o\">\n<div class=\"flex w-full flex-col gap-1 empty:hidden first:pt-[3px]\">\n<div class=\"markdown prose w-full break-words dark:prose-invert light\">\n<p data-start=\"2660\" data-end=\"2943\">Le <strong data-start=\"2663\" data-end=\"2673\">KTR 10<\/strong> est une <strong data-start=\"2682\" data-end=\"2735\">machine de rubanage compacte et facile \u00e0 utiliser<\/strong>, id\u00e9ale pour les <strong data-start=\"2753\" data-end=\"2784\">faisceaux de c\u00e2bles simples<\/strong>, sans branches ou avec branches <strong data-start=\"2817\" data-end=\"2857\">fix\u00e9es directement sur le connecteur<\/strong>. Ce <strong data-start=\"2862\" data-end=\"2890\">mod\u00e8le d&rsquo;entr\u00e9e de gamme<\/strong> rend le <strong data-start=\"2899\" data-end=\"2940\">rubanage m\u00e9canique simple et efficace<\/strong>.<\/p>\n<p data-start=\"2945\" data-end=\"3207\">\u2714 <strong data-start=\"2947\" data-end=\"3002\">Con\u00e7u pour des faisceaux de c\u00e2bles jusqu&rsquo;\u00e0 un m\u00e8tre<\/strong><br data-start=\"3002\" data-end=\"3005\" \/>\u2714 <strong data-start=\"3007\" data-end=\"3067\">Rubanage rapide et pr\u00e9cis des fils et branches pr\u00e9-fix\u00e9s<\/strong><br data-start=\"3067\" data-end=\"3070\" \/>\u2714 <strong data-start=\"3072\" data-end=\"3134\">Alimentation du rouleau r\u00e9glable de 0 \u00e0 70 mm par rotation<\/strong> pour <strong data-start=\"3140\" data-end=\"3167\">un chevauchement pr\u00e9cis<\/strong><br data-start=\"3167\" data-end=\"3170\" \/>\u2714 <strong data-start=\"3172\" data-end=\"3205\">Rubanage en spirale sans plis<\/strong><\/p>\n<p data-start=\"3209\" data-end=\"3362\">Le <strong data-start=\"3212\" data-end=\"3222\">KTR 10<\/strong> permet un <strong data-start=\"3233\" data-end=\"3264\">gain de temps de 2 \u00e0 3 fois<\/strong> par rapport aux m\u00e9thodes de rubanage manuel et <strong data-start=\"3312\" data-end=\"3359\">r\u00e9duit la consommation de ruban jusqu&rsquo;\u00e0 25%<\/strong>.<\/p>\n<h4 data-start=\"3364\" data-end=\"3410\"><strong data-start=\"3369\" data-end=\"3408\">Caract\u00e9ristiques et Fonctionnalit\u00e9s<\/strong><\/h4>\n<p data-start=\"3411\" data-end=\"3805\">\u2714 <strong data-start=\"3413\" data-end=\"3447\">Excellent rapport qualit\u00e9-prix<\/strong><br data-start=\"3447\" data-end=\"3450\" \/>\u2714 <strong data-start=\"3452\" data-end=\"3502\">Utilisation simple, formation minimale requise<\/strong><br data-start=\"3502\" data-end=\"3505\" \/>\u2714 <strong data-start=\"3507\" data-end=\"3569\">Conception compacte, fiable et n\u00e9cessitant peu d\u2019entretien<\/strong><br data-start=\"3569\" data-end=\"3572\" \/>\u2714 <strong data-start=\"3574\" data-end=\"3622\">Tension constante du ruban et guidage pr\u00e9cis<\/strong> pour <strong data-start=\"3628\" data-end=\"3653\">un rubanage sans plis<\/strong><br data-start=\"3653\" data-end=\"3656\" \/>\u2714 <strong data-start=\"3658\" data-end=\"3728\">Traitement plus rapide des faisceaux de c\u00e2bles longs avec branches<\/strong><br data-start=\"3728\" data-end=\"3731\" \/>\u2714 <strong data-start=\"3733\" data-end=\"3803\">Traitement plus efficace par rapport aux t\u00eates de rubanage ferm\u00e9es<\/strong><\/p>\n<p data-start=\"3807\" data-end=\"3917\" data-is-last-node=\"\">Le <strong data-start=\"3810\" data-end=\"3820\">KTR 10<\/strong> est <strong data-start=\"3825\" data-end=\"3851\">la solution \u00e9conomique<\/strong> pour <strong data-start=\"3857\" data-end=\"3916\">une production rapide et pr\u00e9cise de faisceaux de c\u00e2bles<\/strong>.<\/p>\n<\/div>\n<\/div>\n<\/div>\n<\/div>\n","protected":false},"excerpt":{"rendered":"<p>KTR 10 : Machine de Rubanage Compacte et Efficace pour Faisceaux de C\u00e2bles Simples<\/p>\n","protected":false},"featured_media":0,"template":"","meta":{"_acf_changed":false},"pwb-brand":[18262],"product_brand":[],"product_cat":[17990,18001,18050],"product_tag":[],"class_list":{"0":"post-24701","1":"product","2":"type-product","3":"status-publish","5":"pwb-brand-brand-komax-taping-fr","6":"product_cat-cables-et-cablage-fr","7":"product_cat-processus-secondaires-fr","8":"product_cat-taping-bundling-solutions-fr","10":"first","11":"instock","12":"taxable","13":"shipping-taxable","14":"product-type-simple"},"acf":[],"yoast_head":"<!-- This site is optimized with the Yoast SEO plugin v27.1.1 - https:\/\/yoast.com\/product\/yoast-seo-wordpress\/ -->\n<title>Taping Machine KTR 10 - Smans<\/title>\n<meta name=\"robots\" content=\"index, follow, max-snippet:-1, max-image-preview:large, max-video-preview:-1\" \/>\n<link rel=\"canonical\" href=\"https:\/\/smans.com\/fr\/product\/taping-machine-ktr-10\/\" \/>\n<meta property=\"og:locale\" content=\"fr_FR\" \/>\n<meta property=\"og:type\" content=\"article\" \/>\n<meta property=\"og:title\" content=\"Taping Machine KTR 10 - Smans\" \/>\n<meta property=\"og:description\" content=\"KTR 10 : Machine de Rubanage Compacte et Efficace pour Faisceaux de C\u00e2bles Simples\" \/>\n<meta property=\"og:url\" content=\"https:\/\/smans.com\/fr\/product\/taping-machine-ktr-10\/\" \/>\n<meta property=\"og:site_name\" content=\"Smans\" \/>\n<meta property=\"article:modified_time\" content=\"2026-04-24T10:49:48+00:00\" \/>\n<meta name=\"twitter:card\" content=\"summary_large_image\" \/>\n<meta name=\"twitter:label1\" content=\"Dur\u00e9e de lecture estim\u00e9e\" \/>\n\t<meta name=\"twitter:data1\" content=\"1 minute\" \/>\n<script type=\"application\/ld+json\" class=\"yoast-schema-graph\">{\"@context\":\"https:\/\/schema.org\",\"@graph\":[{\"@type\":\"WebPage\",\"@id\":\"https:\/\/smans.com\/fr\/product\/taping-machine-ktr-10\/\",\"url\":\"https:\/\/smans.com\/fr\/product\/taping-machine-ktr-10\/\",\"name\":\"Taping Machine KTR 10 - Smans\",\"isPartOf\":{\"@id\":\"https:\/\/smans.com\/nl\/#website\"},\"datePublished\":\"2024-06-09T15:15:03+00:00\",\"dateModified\":\"2026-04-24T10:49:48+00:00\",\"breadcrumb\":{\"@id\":\"https:\/\/smans.com\/fr\/product\/taping-machine-ktr-10\/#breadcrumb\"},\"inLanguage\":\"fr-FR\",\"potentialAction\":[{\"@type\":\"ReadAction\",\"target\":[\"https:\/\/smans.com\/fr\/product\/taping-machine-ktr-10\/\"]}]},{\"@type\":\"BreadcrumbList\",\"@id\":\"https:\/\/smans.com\/fr\/product\/taping-machine-ktr-10\/#breadcrumb\",\"itemListElement\":[{\"@type\":\"ListItem\",\"position\":1,\"name\":\"Home\",\"item\":\"https:\/\/smans.com\/fr\/\"},{\"@type\":\"ListItem\",\"position\":2,\"name\":\"Boutique\",\"item\":\"https:\/\/smans.com\/nl\/shop\/\"},{\"@type\":\"ListItem\",\"position\":3,\"name\":\"Komax Taping - Taping Machine KTR 10\"}]},{\"@type\":\"WebSite\",\"@id\":\"https:\/\/smans.com\/nl\/#website\",\"url\":\"https:\/\/smans.com\/nl\/\",\"name\":\"Smans\",\"description\":\"\",\"publisher\":{\"@id\":\"https:\/\/smans.com\/nl\/#organization\"},\"potentialAction\":[{\"@type\":\"SearchAction\",\"target\":{\"@type\":\"EntryPoint\",\"urlTemplate\":\"https:\/\/smans.com\/nl\/?s={search_term_string}\"},\"query-input\":{\"@type\":\"PropertyValueSpecification\",\"valueRequired\":true,\"valueName\":\"search_term_string\"}}],\"inLanguage\":\"fr-FR\"},{\"@type\":\"Organization\",\"@id\":\"https:\/\/smans.com\/nl\/#organization\",\"name\":\"Smans\",\"url\":\"https:\/\/smans.com\/nl\/\",\"logo\":{\"@type\":\"ImageObject\",\"inLanguage\":\"fr-FR\",\"@id\":\"https:\/\/smans.com\/nl\/#\/schema\/logo\/image\/\",\"url\":\"https:\/\/smans.com\/wp-content\/uploads\/2023\/09\/logo.svg\",\"contentUrl\":\"https:\/\/smans.com\/wp-content\/uploads\/2023\/09\/logo.svg\",\"caption\":\"Smans\"},\"image\":{\"@id\":\"https:\/\/smans.com\/nl\/#\/schema\/logo\/image\/\"}}]}<\/script>\n<!-- \/ Yoast SEO plugin. -->","yoast_head_json":{"title":"Taping Machine KTR 10 - Smans","robots":{"index":"index","follow":"follow","max-snippet":"max-snippet:-1","max-image-preview":"max-image-preview:large","max-video-preview":"max-video-preview:-1"},"canonical":"https:\/\/smans.com\/fr\/product\/taping-machine-ktr-10\/","og_locale":"fr_FR","og_type":"article","og_title":"Taping Machine KTR 10 - Smans","og_description":"KTR 10 : Machine de Rubanage Compacte et Efficace pour Faisceaux de C\u00e2bles Simples","og_url":"https:\/\/smans.com\/fr\/product\/taping-machine-ktr-10\/","og_site_name":"Smans","article_modified_time":"2026-04-24T10:49:48+00:00","twitter_card":"summary_large_image","twitter_misc":{"Dur\u00e9e de lecture estim\u00e9e":"1 minute"},"schema":{"@context":"https:\/\/schema.org","@graph":[{"@type":"WebPage","@id":"https:\/\/smans.com\/fr\/product\/taping-machine-ktr-10\/","url":"https:\/\/smans.com\/fr\/product\/taping-machine-ktr-10\/","name":"Taping Machine KTR 10 - Smans","isPartOf":{"@id":"https:\/\/smans.com\/nl\/#website"},"datePublished":"2024-06-09T15:15:03+00:00","dateModified":"2026-04-24T10:49:48+00:00","breadcrumb":{"@id":"https:\/\/smans.com\/fr\/product\/taping-machine-ktr-10\/#breadcrumb"},"inLanguage":"fr-FR","potentialAction":[{"@type":"ReadAction","target":["https:\/\/smans.com\/fr\/product\/taping-machine-ktr-10\/"]}]},{"@type":"BreadcrumbList","@id":"https:\/\/smans.com\/fr\/product\/taping-machine-ktr-10\/#breadcrumb","itemListElement":[{"@type":"ListItem","position":1,"name":"Home","item":"https:\/\/smans.com\/fr\/"},{"@type":"ListItem","position":2,"name":"Boutique","item":"https:\/\/smans.com\/nl\/shop\/"},{"@type":"ListItem","position":3,"name":"Komax Taping - Taping Machine KTR 10"}]},{"@type":"WebSite","@id":"https:\/\/smans.com\/nl\/#website","url":"https:\/\/smans.com\/nl\/","name":"Smans","description":"","publisher":{"@id":"https:\/\/smans.com\/nl\/#organization"},"potentialAction":[{"@type":"SearchAction","target":{"@type":"EntryPoint","urlTemplate":"https:\/\/smans.com\/nl\/?s={search_term_string}"},"query-input":{"@type":"PropertyValueSpecification","valueRequired":true,"valueName":"search_term_string"}}],"inLanguage":"fr-FR"},{"@type":"Organization","@id":"https:\/\/smans.com\/nl\/#organization","name":"Smans","url":"https:\/\/smans.com\/nl\/","logo":{"@type":"ImageObject","inLanguage":"fr-FR","@id":"https:\/\/smans.com\/nl\/#\/schema\/logo\/image\/","url":"https:\/\/smans.com\/wp-content\/uploads\/2023\/09\/logo.svg","contentUrl":"https:\/\/smans.com\/wp-content\/uploads\/2023\/09\/logo.svg","caption":"Smans"},"image":{"@id":"https:\/\/smans.com\/nl\/#\/schema\/logo\/image\/"}}]}},"brands":[{"id":18262,"name":"Komax Taping","slug":"brand-komax-taping-fr"}],"_links":{"self":[{"href":"https:\/\/smans.com\/fr\/wp-json\/wp\/v2\/product\/24701","targetHints":{"allow":["GET"]}}],"collection":[{"href":"https:\/\/smans.com\/fr\/wp-json\/wp\/v2\/product"}],"about":[{"href":"https:\/\/smans.com\/fr\/wp-json\/wp\/v2\/types\/product"}],"wp:attachment":[{"href":"https:\/\/smans.com\/fr\/wp-json\/wp\/v2\/media?parent=24701"}],"wp:term":[{"taxonomy":"pwb-brand","embeddable":true,"href":"https:\/\/smans.com\/fr\/wp-json\/wp\/v2\/pwb-brand?post=24701"},{"taxonomy":"product_brand","embeddable":true,"href":"https:\/\/smans.com\/fr\/wp-json\/wp\/v2\/product_brand?post=24701"},{"taxonomy":"product_cat","embeddable":true,"href":"https:\/\/smans.com\/fr\/wp-json\/wp\/v2\/product_cat?post=24701"},{"taxonomy":"product_tag","embeddable":true,"href":"https:\/\/smans.com\/fr\/wp-json\/wp\/v2\/product_tag?post=24701"}],"curies":[{"name":"wp","href":"https:\/\/api.w.org\/{rel}","templated":true}]}}