{"id":24706,"date":"2024-06-09T17:10:28","date_gmt":"2024-06-09T15:10:28","guid":{"rendered":"https:\/\/smans.com\/product\/wire-assembly-machine-omega-745\/"},"modified":"2026-04-05T12:14:01","modified_gmt":"2026-04-05T10:14:01","slug":"wire-assembly-machine-omega-745","status":"publish","type":"product","link":"https:\/\/smans.com\/fr\/product\/wire-assembly-machine-omega-745\/","title":{"rendered":"Komax - Wire Assembly Machine Omega 745"},"content":{"rendered":"<div class=\"flex max-w-full flex-col flex-grow\">\n<div class=\"min-h-8 text-message flex w-full flex-col items-end gap-2 whitespace-normal break-words text-start [.text-message+&amp;]:mt-5\" dir=\"auto\" data-message-author-role=\"assistant\" data-message-id=\"7ea84809-edb0-48d9-a8e4-a6e4d9483288\" data-message-model-slug=\"gpt-4o-mini\">\n<div class=\"flex w-full flex-col gap-1 empty:hidden first:pt-[3px]\">\n<div class=\"markdown prose w-full break-words dark:prose-invert light\">\n<p data-start=\"3158\" data-end=\"3583\">Les machines Omega 745 se distinguent des Omega 740\/750 par leur syst\u00e8me de transport enti\u00e8rement automatique pour le d\u00e9p\u00f4t des faisceaux de c\u00e2bles. Comme pour tous les mod\u00e8les de la s\u00e9rie Omega, l&rsquo;assemblage automatique des c\u00e2bles dans l&rsquo;Omega 745 peut \u00eatre personnalis\u00e9 en fonction des besoins du client. Les machines diff\u00e8rent principalement par le nombre de modules disponibles (cinq options de modules pour l&rsquo;Omega 745).<\/p>\n<p data-start=\"3585\" data-end=\"3621\"><strong data-start=\"3585\" data-end=\"3619\">Caract\u00e9ristiques principales :<\/strong><\/p>\n<ul data-start=\"3622\" data-end=\"4801\" data-is-last-node=\"\">\n<li data-start=\"3622\" data-end=\"3765\"><strong data-start=\"3624\" data-end=\"3673\">Syst\u00e8me de transport enti\u00e8rement automatis\u00e9 :<\/strong> Pour le d\u00e9p\u00f4t efficace des faisceaux de c\u00e2bles et l&rsquo;int\u00e9gration des processus ult\u00e9rieurs.<\/li>\n<li data-start=\"3766\" data-end=\"3906\"><strong data-start=\"3768\" data-end=\"3784\">Modularit\u00e9 :<\/strong> L&rsquo;Omega 745 peut \u00eatre personnalis\u00e9e avec cinq modules diff\u00e9rents pour r\u00e9pondre \u00e0 des besoins de production sp\u00e9cifiques.<\/li>\n<li data-start=\"3907\" data-end=\"4066\"><strong data-start=\"3909\" data-end=\"3949\">Int\u00e9gration flexible des processus :<\/strong> Les processus ult\u00e9rieurs peuvent facilement \u00eatre int\u00e9gr\u00e9s gr\u00e2ce au syst\u00e8me de transport d\u00e9j\u00e0 disponible \u00e0 l&rsquo;usine.<\/li>\n<li data-start=\"4067\" data-end=\"4317\"><strong data-start=\"4069\" data-end=\"4097\">Qualit\u00e9 et rentabilit\u00e9 :<\/strong> Gr\u00e2ce \u00e0 l&rsquo;\u00e9limination des \u00e9tapes manuelles et \u00e0 la technologie de traitement pr\u00e9cise, la machine r\u00e9pond aux exigences changeantes et \u00e0 la miniaturisation continue, garantissant une rentabilit\u00e9 et une qualit\u00e9 durables.<\/li>\n<li data-start=\"4318\" data-end=\"4449\"><strong data-start=\"4320\" data-end=\"4361\">Verrouillage secondaire automatique :<\/strong> Fonctionnalit\u00e9s suppl\u00e9mentaires pour un niveau d&rsquo;automatisation et de s\u00e9curit\u00e9 accru.<\/li>\n<li data-start=\"4450\" data-end=\"4551\"><strong data-start=\"4452\" data-end=\"4477\">Production continue :<\/strong> Syst\u00e8me de rails de bo\u00eetier flexible pour une production ininterrompue.<\/li>\n<li data-start=\"4552\" data-end=\"4687\"><strong data-start=\"4554\" data-end=\"4597\">Surveillance du processus d&rsquo;insertion :<\/strong> Les capteurs de force assurent une pr\u00e9cision maximale pendant le processus d&rsquo;insertion.<\/li>\n<li data-start=\"4688\" data-end=\"4801\" data-is-last-node=\"\"><strong data-start=\"4690\" data-end=\"4718\">Stockage interm\u00e9diaire :<\/strong> Les faisceaux de c\u00e2bles sont soigneusement stock\u00e9s pour une production ult\u00e9rieure.<\/li>\n<\/ul>\n<\/div>\n<\/div>\n<\/div>\n<\/div>\n<div class=\"mb-2 flex gap-3 empty:hidden -ml-2\">\n<div class=\"items-center justify-start rounded-xl p-1 flex\">\u00a0<\/div>\n<\/div>\n","protected":false},"excerpt":{"rendered":"<p>Omega 745 : Machine de Traitement de C\u00e2bles Automatique<\/p>\n","protected":false},"featured_media":0,"template":"","meta":{"_acf_changed":false},"pwb-brand":[18260],"product_brand":[],"product_cat":[17990,17993,18044],"product_tag":[],"class_list":{"0":"post-24706","1":"product","2":"type-product","3":"status-publish","5":"pwb-brand-brand-komax-fr","6":"product_cat-cables-et-cablage-fr","7":"product_cat-couper-denuder-sertissage-fr","8":"product_cat-harness-manufacturing-fr","10":"first","11":"instock","12":"taxable","13":"shipping-taxable","14":"product-type-simple"},"acf":[],"yoast_head":"<!-- This site is optimized with the Yoast SEO plugin v27.1.1 - https:\/\/yoast.com\/product\/yoast-seo-wordpress\/ -->\n<title>Wire Assembly Machine Omega 745 - Smans<\/title>\n<meta name=\"robots\" content=\"index, follow, max-snippet:-1, max-image-preview:large, max-video-preview:-1\" \/>\n<link rel=\"canonical\" href=\"https:\/\/smans.com\/fr\/product\/wire-assembly-machine-omega-745\/\" \/>\n<meta property=\"og:locale\" content=\"fr_FR\" \/>\n<meta property=\"og:type\" content=\"article\" \/>\n<meta property=\"og:title\" content=\"Wire Assembly Machine Omega 745 - Smans\" \/>\n<meta property=\"og:description\" content=\"Omega 745 : Machine de Traitement de C\u00e2bles Automatique\" \/>\n<meta property=\"og:url\" content=\"https:\/\/smans.com\/fr\/product\/wire-assembly-machine-omega-745\/\" \/>\n<meta property=\"og:site_name\" content=\"Smans\" \/>\n<meta property=\"article:modified_time\" content=\"2026-04-05T10:14:01+00:00\" \/>\n<meta name=\"twitter:card\" content=\"summary_large_image\" \/>\n<meta name=\"twitter:label1\" content=\"Dur\u00e9e de lecture estim\u00e9e\" \/>\n\t<meta name=\"twitter:data1\" content=\"1 minute\" \/>\n<script type=\"application\/ld+json\" class=\"yoast-schema-graph\">{\"@context\":\"https:\/\/schema.org\",\"@graph\":[{\"@type\":\"WebPage\",\"@id\":\"https:\/\/smans.com\/fr\/product\/wire-assembly-machine-omega-745\/\",\"url\":\"https:\/\/smans.com\/fr\/product\/wire-assembly-machine-omega-745\/\",\"name\":\"Wire Assembly Machine Omega 745 - Smans\",\"isPartOf\":{\"@id\":\"https:\/\/smans.com\/nl\/#website\"},\"datePublished\":\"2024-06-09T15:10:28+00:00\",\"dateModified\":\"2026-04-05T10:14:01+00:00\",\"breadcrumb\":{\"@id\":\"https:\/\/smans.com\/fr\/product\/wire-assembly-machine-omega-745\/#breadcrumb\"},\"inLanguage\":\"fr-FR\",\"potentialAction\":[{\"@type\":\"ReadAction\",\"target\":[\"https:\/\/smans.com\/fr\/product\/wire-assembly-machine-omega-745\/\"]}]},{\"@type\":\"BreadcrumbList\",\"@id\":\"https:\/\/smans.com\/fr\/product\/wire-assembly-machine-omega-745\/#breadcrumb\",\"itemListElement\":[{\"@type\":\"ListItem\",\"position\":1,\"name\":\"Home\",\"item\":\"https:\/\/smans.com\/fr\/\"},{\"@type\":\"ListItem\",\"position\":2,\"name\":\"Boutique\",\"item\":\"https:\/\/smans.com\/nl\/shop\/\"},{\"@type\":\"ListItem\",\"position\":3,\"name\":\"Komax - Wire Assembly Machine Omega 745\"}]},{\"@type\":\"WebSite\",\"@id\":\"https:\/\/smans.com\/nl\/#website\",\"url\":\"https:\/\/smans.com\/nl\/\",\"name\":\"Smans\",\"description\":\"\",\"publisher\":{\"@id\":\"https:\/\/smans.com\/nl\/#organization\"},\"potentialAction\":[{\"@type\":\"SearchAction\",\"target\":{\"@type\":\"EntryPoint\",\"urlTemplate\":\"https:\/\/smans.com\/nl\/?s={search_term_string}\"},\"query-input\":{\"@type\":\"PropertyValueSpecification\",\"valueRequired\":true,\"valueName\":\"search_term_string\"}}],\"inLanguage\":\"fr-FR\"},{\"@type\":\"Organization\",\"@id\":\"https:\/\/smans.com\/nl\/#organization\",\"name\":\"Smans\",\"url\":\"https:\/\/smans.com\/nl\/\",\"logo\":{\"@type\":\"ImageObject\",\"inLanguage\":\"fr-FR\",\"@id\":\"https:\/\/smans.com\/nl\/#\/schema\/logo\/image\/\",\"url\":\"https:\/\/smans.com\/wp-content\/uploads\/2023\/09\/logo.svg\",\"contentUrl\":\"https:\/\/smans.com\/wp-content\/uploads\/2023\/09\/logo.svg\",\"caption\":\"Smans\"},\"image\":{\"@id\":\"https:\/\/smans.com\/nl\/#\/schema\/logo\/image\/\"}}]}<\/script>\n<!-- \/ Yoast SEO plugin. -->","yoast_head_json":{"title":"Wire Assembly Machine Omega 745 - Smans","robots":{"index":"index","follow":"follow","max-snippet":"max-snippet:-1","max-image-preview":"max-image-preview:large","max-video-preview":"max-video-preview:-1"},"canonical":"https:\/\/smans.com\/fr\/product\/wire-assembly-machine-omega-745\/","og_locale":"fr_FR","og_type":"article","og_title":"Wire Assembly Machine Omega 745 - Smans","og_description":"Omega 745 : Machine de Traitement de C\u00e2bles Automatique","og_url":"https:\/\/smans.com\/fr\/product\/wire-assembly-machine-omega-745\/","og_site_name":"Smans","article_modified_time":"2026-04-05T10:14:01+00:00","twitter_card":"summary_large_image","twitter_misc":{"Dur\u00e9e de lecture estim\u00e9e":"1 minute"},"schema":{"@context":"https:\/\/schema.org","@graph":[{"@type":"WebPage","@id":"https:\/\/smans.com\/fr\/product\/wire-assembly-machine-omega-745\/","url":"https:\/\/smans.com\/fr\/product\/wire-assembly-machine-omega-745\/","name":"Wire Assembly Machine Omega 745 - Smans","isPartOf":{"@id":"https:\/\/smans.com\/nl\/#website"},"datePublished":"2024-06-09T15:10:28+00:00","dateModified":"2026-04-05T10:14:01+00:00","breadcrumb":{"@id":"https:\/\/smans.com\/fr\/product\/wire-assembly-machine-omega-745\/#breadcrumb"},"inLanguage":"fr-FR","potentialAction":[{"@type":"ReadAction","target":["https:\/\/smans.com\/fr\/product\/wire-assembly-machine-omega-745\/"]}]},{"@type":"BreadcrumbList","@id":"https:\/\/smans.com\/fr\/product\/wire-assembly-machine-omega-745\/#breadcrumb","itemListElement":[{"@type":"ListItem","position":1,"name":"Home","item":"https:\/\/smans.com\/fr\/"},{"@type":"ListItem","position":2,"name":"Boutique","item":"https:\/\/smans.com\/nl\/shop\/"},{"@type":"ListItem","position":3,"name":"Komax - Wire Assembly Machine Omega 745"}]},{"@type":"WebSite","@id":"https:\/\/smans.com\/nl\/#website","url":"https:\/\/smans.com\/nl\/","name":"Smans","description":"","publisher":{"@id":"https:\/\/smans.com\/nl\/#organization"},"potentialAction":[{"@type":"SearchAction","target":{"@type":"EntryPoint","urlTemplate":"https:\/\/smans.com\/nl\/?s={search_term_string}"},"query-input":{"@type":"PropertyValueSpecification","valueRequired":true,"valueName":"search_term_string"}}],"inLanguage":"fr-FR"},{"@type":"Organization","@id":"https:\/\/smans.com\/nl\/#organization","name":"Smans","url":"https:\/\/smans.com\/nl\/","logo":{"@type":"ImageObject","inLanguage":"fr-FR","@id":"https:\/\/smans.com\/nl\/#\/schema\/logo\/image\/","url":"https:\/\/smans.com\/wp-content\/uploads\/2023\/09\/logo.svg","contentUrl":"https:\/\/smans.com\/wp-content\/uploads\/2023\/09\/logo.svg","caption":"Smans"},"image":{"@id":"https:\/\/smans.com\/nl\/#\/schema\/logo\/image\/"}}]}},"brands":[{"id":18260,"name":"Komax","slug":"brand-komax-fr"}],"_links":{"self":[{"href":"https:\/\/smans.com\/fr\/wp-json\/wp\/v2\/product\/24706","targetHints":{"allow":["GET"]}}],"collection":[{"href":"https:\/\/smans.com\/fr\/wp-json\/wp\/v2\/product"}],"about":[{"href":"https:\/\/smans.com\/fr\/wp-json\/wp\/v2\/types\/product"}],"wp:attachment":[{"href":"https:\/\/smans.com\/fr\/wp-json\/wp\/v2\/media?parent=24706"}],"wp:term":[{"taxonomy":"pwb-brand","embeddable":true,"href":"https:\/\/smans.com\/fr\/wp-json\/wp\/v2\/pwb-brand?post=24706"},{"taxonomy":"product_brand","embeddable":true,"href":"https:\/\/smans.com\/fr\/wp-json\/wp\/v2\/product_brand?post=24706"},{"taxonomy":"product_cat","embeddable":true,"href":"https:\/\/smans.com\/fr\/wp-json\/wp\/v2\/product_cat?post=24706"},{"taxonomy":"product_tag","embeddable":true,"href":"https:\/\/smans.com\/fr\/wp-json\/wp\/v2\/product_tag?post=24706"}],"curies":[{"name":"wp","href":"https:\/\/api.w.org\/{rel}","templated":true}]}}