{"id":24710,"date":"2024-06-09T17:15:05","date_gmt":"2024-06-09T15:15:05","guid":{"rendered":"https:\/\/smans.com\/product\/wire-twister-bav-1016\/"},"modified":"2026-04-09T13:04:38","modified_gmt":"2026-04-09T11:04:38","slug":"wire-twister-bav-1016","status":"publish","type":"product","link":"https:\/\/smans.com\/fr\/product\/wire-twister-bav-1016\/","title":{"rendered":"Bowe - Wire Twister BAV 1016"},"content":{"rendered":"<p data-start=\"2773\" data-end=\"3069\">Le <strong data-start=\"2776\" data-end=\"2815\">BAV 1016 syst\u00e8me de torsion de fils<\/strong> est une <strong data-start=\"2824\" data-end=\"2866\">machine rapide, simple et intelligente<\/strong> qui produit des c\u00e2bles avec <strong data-start=\"2895\" data-end=\"2950\">exactement le m\u00eame nombre de torsions et de tension<\/strong>, que le c\u00e2ble soit compos\u00e9 de <strong data-start=\"2981\" data-end=\"3002\">deux ou cinq fils<\/strong>, avec une longueur allant <strong data-start=\"3029\" data-end=\"3066\">jusqu\u2019\u00e0 2 m (optionnellement 4 m)<\/strong>.<\/p>\n<p data-start=\"3071\" data-end=\"3460\">Avec une <strong data-start=\"3080\" data-end=\"3135\">m\u00e9moire pour 999 d\u00e9finitions de c\u00e2bles (programmes)<\/strong> et <strong data-start=\"3139\" data-end=\"3185\">un besoin minimal en comp\u00e9tences op\u00e9rateur<\/strong>, le syst\u00e8me est id\u00e9al pour <strong data-start=\"3213\" data-end=\"3276\">les productions \u00e0 grand volume ou petit volume\/haute mixit\u00e9<\/strong>. <strong data-start=\"3278\" data-end=\"3302\">Un entretien minimal<\/strong> et <strong data-start=\"3306\" data-end=\"3330\">une op\u00e9ration rapide<\/strong> assurent <strong data-start=\"3340\" data-end=\"3379\">un retour sur investissement rapide<\/strong> et <strong data-start=\"3383\" data-end=\"3410\">une rentabilit\u00e9 durable<\/strong> sur un <strong data-start=\"3418\" data-end=\"3457\">investissement relativement modeste<\/strong>.<\/p>\n<h4 data-start=\"3462\" data-end=\"3508\"><strong data-start=\"3467\" data-end=\"3506\">Caract\u00e9ristiques et Fonctionnalit\u00e9s<\/strong><\/h4>\n<p data-start=\"3509\" data-end=\"3975\">\u2714 <strong data-start=\"3511\" data-end=\"3546\">Programmation via \u00e9cran tactile<\/strong><br data-start=\"3546\" data-end=\"3549\" \/>\u2714 <strong data-start=\"3551\" data-end=\"3613\">Saisie s\u00e9curis\u00e9e par mot de passe lors de la configuration<\/strong><br data-start=\"3613\" data-end=\"3616\" \/>\u2714 <strong data-start=\"3618\" data-end=\"3675\">Nombre de rotations r\u00e9glable avant\/arri\u00e8re de 1 \u00e0 999<\/strong><br data-start=\"3675\" data-end=\"3678\" \/>\u2714 <strong data-start=\"3680\" data-end=\"3729\">Sens d\u2019enroulement programmable gauche\/droite<\/strong><br data-start=\"3729\" data-end=\"3732\" \/>\u2714 <strong data-start=\"3734\" data-end=\"3816\">Vitesse de rotation de 200 \u00e0 2500 tr\/min r\u00e9glable en continu via potentiom\u00e8tre<\/strong><br data-start=\"3816\" data-end=\"3819\" \/>\u2714 <strong data-start=\"3821\" data-end=\"3843\">Compteur de pi\u00e8ces<\/strong><br data-start=\"3843\" data-end=\"3846\" \/>\u2714 <strong data-start=\"3848\" data-end=\"3895\">Aucune d\u00e9t\u00e9rioration des contacts connect\u00e9s<\/strong><br data-start=\"3895\" data-end=\"3898\" \/>\u2714 <strong data-start=\"3900\" data-end=\"3915\">Optionnel :<\/strong> support de compteur, p\u00e9dale et t\u00eates de torsion sp\u00e9ciales<\/p>\n<p data-start=\"3977\" data-end=\"4123\" data-is-last-node=\"\">Le <strong data-start=\"3980\" data-end=\"3992\">BAV 1016<\/strong> garantit <strong data-start=\"4002\" data-end=\"4058\">des op\u00e9rations de torsion pr\u00e9cises et reproductibles<\/strong>, parfaites pour une <strong data-start=\"4079\" data-end=\"4122\">production de c\u00e2bles efficace et fiable<\/strong>.<\/p>\n","protected":false},"excerpt":{"rendered":"<p>BAV 1016 Syst\u00e8me de Torsion de Fils :<br \/>\npour le Traitement des C\u00e2bles<\/p>\n","protected":false},"featured_media":0,"template":"","meta":{"_acf_changed":false},"pwb-brand":[18212],"product_brand":[],"product_cat":[17990,18001,18046],"product_tag":[],"class_list":{"0":"post-24710","1":"product","2":"type-product","3":"status-publish","5":"pwb-brand-brand-bowe-fr-2","6":"product_cat-cables-et-cablage-fr","7":"product_cat-processus-secondaires-fr","8":"product_cat-wire-twisting-fr","10":"first","11":"instock","12":"taxable","13":"shipping-taxable","14":"purchasable","15":"product-type-simple"},"acf":[],"yoast_head":"<!-- This site is optimized with the Yoast SEO plugin v27.1.1 - https:\/\/yoast.com\/product\/yoast-seo-wordpress\/ -->\n<title>Wire Twister BAV 1016 - Smans<\/title>\n<meta name=\"robots\" content=\"index, follow, max-snippet:-1, max-image-preview:large, max-video-preview:-1\" \/>\n<link rel=\"canonical\" href=\"https:\/\/smans.com\/fr\/product\/wire-twister-bav-1016\/\" \/>\n<meta property=\"og:locale\" content=\"fr_FR\" \/>\n<meta property=\"og:type\" content=\"article\" \/>\n<meta property=\"og:title\" content=\"Wire Twister BAV 1016 - Smans\" \/>\n<meta property=\"og:description\" content=\"BAV 1016 Syst\u00e8me de Torsion de Fils :  pour le Traitement des C\u00e2bles\" \/>\n<meta property=\"og:url\" content=\"https:\/\/smans.com\/fr\/product\/wire-twister-bav-1016\/\" \/>\n<meta property=\"og:site_name\" content=\"Smans\" \/>\n<meta property=\"article:modified_time\" content=\"2026-04-09T11:04:38+00:00\" \/>\n<meta name=\"twitter:card\" content=\"summary_large_image\" \/>\n<meta name=\"twitter:label1\" content=\"Dur\u00e9e de lecture estim\u00e9e\" \/>\n\t<meta name=\"twitter:data1\" content=\"1 minute\" \/>\n<script type=\"application\/ld+json\" class=\"yoast-schema-graph\">{\"@context\":\"https:\/\/schema.org\",\"@graph\":[{\"@type\":\"WebPage\",\"@id\":\"https:\/\/smans.com\/fr\/product\/wire-twister-bav-1016\/\",\"url\":\"https:\/\/smans.com\/fr\/product\/wire-twister-bav-1016\/\",\"name\":\"Wire Twister BAV 1016 - Smans\",\"isPartOf\":{\"@id\":\"https:\/\/smans.com\/nl\/#website\"},\"datePublished\":\"2024-06-09T15:15:05+00:00\",\"dateModified\":\"2026-04-09T11:04:38+00:00\",\"breadcrumb\":{\"@id\":\"https:\/\/smans.com\/fr\/product\/wire-twister-bav-1016\/#breadcrumb\"},\"inLanguage\":\"fr-FR\",\"potentialAction\":[{\"@type\":\"ReadAction\",\"target\":[\"https:\/\/smans.com\/fr\/product\/wire-twister-bav-1016\/\"]}]},{\"@type\":\"BreadcrumbList\",\"@id\":\"https:\/\/smans.com\/fr\/product\/wire-twister-bav-1016\/#breadcrumb\",\"itemListElement\":[{\"@type\":\"ListItem\",\"position\":1,\"name\":\"Home\",\"item\":\"https:\/\/smans.com\/fr\/\"},{\"@type\":\"ListItem\",\"position\":2,\"name\":\"Boutique\",\"item\":\"https:\/\/smans.com\/nl\/shop\/\"},{\"@type\":\"ListItem\",\"position\":3,\"name\":\"Bowe - Wire Twister BAV 1016\"}]},{\"@type\":\"WebSite\",\"@id\":\"https:\/\/smans.com\/nl\/#website\",\"url\":\"https:\/\/smans.com\/nl\/\",\"name\":\"Smans\",\"description\":\"\",\"publisher\":{\"@id\":\"https:\/\/smans.com\/nl\/#organization\"},\"potentialAction\":[{\"@type\":\"SearchAction\",\"target\":{\"@type\":\"EntryPoint\",\"urlTemplate\":\"https:\/\/smans.com\/nl\/?s={search_term_string}\"},\"query-input\":{\"@type\":\"PropertyValueSpecification\",\"valueRequired\":true,\"valueName\":\"search_term_string\"}}],\"inLanguage\":\"fr-FR\"},{\"@type\":\"Organization\",\"@id\":\"https:\/\/smans.com\/nl\/#organization\",\"name\":\"Smans\",\"url\":\"https:\/\/smans.com\/nl\/\",\"logo\":{\"@type\":\"ImageObject\",\"inLanguage\":\"fr-FR\",\"@id\":\"https:\/\/smans.com\/nl\/#\/schema\/logo\/image\/\",\"url\":\"https:\/\/smans.com\/wp-content\/uploads\/2023\/09\/logo.svg\",\"contentUrl\":\"https:\/\/smans.com\/wp-content\/uploads\/2023\/09\/logo.svg\",\"caption\":\"Smans\"},\"image\":{\"@id\":\"https:\/\/smans.com\/nl\/#\/schema\/logo\/image\/\"}}]}<\/script>\n<!-- \/ Yoast SEO plugin. -->","yoast_head_json":{"title":"Wire Twister BAV 1016 - Smans","robots":{"index":"index","follow":"follow","max-snippet":"max-snippet:-1","max-image-preview":"max-image-preview:large","max-video-preview":"max-video-preview:-1"},"canonical":"https:\/\/smans.com\/fr\/product\/wire-twister-bav-1016\/","og_locale":"fr_FR","og_type":"article","og_title":"Wire Twister BAV 1016 - Smans","og_description":"BAV 1016 Syst\u00e8me de Torsion de Fils :  pour le Traitement des C\u00e2bles","og_url":"https:\/\/smans.com\/fr\/product\/wire-twister-bav-1016\/","og_site_name":"Smans","article_modified_time":"2026-04-09T11:04:38+00:00","twitter_card":"summary_large_image","twitter_misc":{"Dur\u00e9e de lecture estim\u00e9e":"1 minute"},"schema":{"@context":"https:\/\/schema.org","@graph":[{"@type":"WebPage","@id":"https:\/\/smans.com\/fr\/product\/wire-twister-bav-1016\/","url":"https:\/\/smans.com\/fr\/product\/wire-twister-bav-1016\/","name":"Wire Twister BAV 1016 - Smans","isPartOf":{"@id":"https:\/\/smans.com\/nl\/#website"},"datePublished":"2024-06-09T15:15:05+00:00","dateModified":"2026-04-09T11:04:38+00:00","breadcrumb":{"@id":"https:\/\/smans.com\/fr\/product\/wire-twister-bav-1016\/#breadcrumb"},"inLanguage":"fr-FR","potentialAction":[{"@type":"ReadAction","target":["https:\/\/smans.com\/fr\/product\/wire-twister-bav-1016\/"]}]},{"@type":"BreadcrumbList","@id":"https:\/\/smans.com\/fr\/product\/wire-twister-bav-1016\/#breadcrumb","itemListElement":[{"@type":"ListItem","position":1,"name":"Home","item":"https:\/\/smans.com\/fr\/"},{"@type":"ListItem","position":2,"name":"Boutique","item":"https:\/\/smans.com\/nl\/shop\/"},{"@type":"ListItem","position":3,"name":"Bowe - Wire Twister BAV 1016"}]},{"@type":"WebSite","@id":"https:\/\/smans.com\/nl\/#website","url":"https:\/\/smans.com\/nl\/","name":"Smans","description":"","publisher":{"@id":"https:\/\/smans.com\/nl\/#organization"},"potentialAction":[{"@type":"SearchAction","target":{"@type":"EntryPoint","urlTemplate":"https:\/\/smans.com\/nl\/?s={search_term_string}"},"query-input":{"@type":"PropertyValueSpecification","valueRequired":true,"valueName":"search_term_string"}}],"inLanguage":"fr-FR"},{"@type":"Organization","@id":"https:\/\/smans.com\/nl\/#organization","name":"Smans","url":"https:\/\/smans.com\/nl\/","logo":{"@type":"ImageObject","inLanguage":"fr-FR","@id":"https:\/\/smans.com\/nl\/#\/schema\/logo\/image\/","url":"https:\/\/smans.com\/wp-content\/uploads\/2023\/09\/logo.svg","contentUrl":"https:\/\/smans.com\/wp-content\/uploads\/2023\/09\/logo.svg","caption":"Smans"},"image":{"@id":"https:\/\/smans.com\/nl\/#\/schema\/logo\/image\/"}}]}},"brands":[{"id":18212,"name":"Bowe","slug":"brand-bowe-fr-2"}],"_links":{"self":[{"href":"https:\/\/smans.com\/fr\/wp-json\/wp\/v2\/product\/24710","targetHints":{"allow":["GET"]}}],"collection":[{"href":"https:\/\/smans.com\/fr\/wp-json\/wp\/v2\/product"}],"about":[{"href":"https:\/\/smans.com\/fr\/wp-json\/wp\/v2\/types\/product"}],"wp:attachment":[{"href":"https:\/\/smans.com\/fr\/wp-json\/wp\/v2\/media?parent=24710"}],"wp:term":[{"taxonomy":"pwb-brand","embeddable":true,"href":"https:\/\/smans.com\/fr\/wp-json\/wp\/v2\/pwb-brand?post=24710"},{"taxonomy":"product_brand","embeddable":true,"href":"https:\/\/smans.com\/fr\/wp-json\/wp\/v2\/product_brand?post=24710"},{"taxonomy":"product_cat","embeddable":true,"href":"https:\/\/smans.com\/fr\/wp-json\/wp\/v2\/product_cat?post=24710"},{"taxonomy":"product_tag","embeddable":true,"href":"https:\/\/smans.com\/fr\/wp-json\/wp\/v2\/product_tag?post=24710"}],"curies":[{"name":"wp","href":"https:\/\/api.w.org\/{rel}","templated":true}]}}