{"id":24716,"date":"2024-06-09T17:10:13","date_gmt":"2024-06-09T15:10:13","guid":{"rendered":"https:\/\/smans.com\/product\/fully-automatic-wire-proccessing-machine-alpha-520\/"},"modified":"2026-04-05T12:14:30","modified_gmt":"2026-04-05T10:14:30","slug":"fully-automatic-wire-proccessing-machine-alpha-520","status":"publish","type":"product","link":"https:\/\/smans.com\/fr\/product\/fully-automatic-wire-proccessing-machine-alpha-520\/","title":{"rendered":"Komax - Fully Automatic Wire Proccessing Machine Alpha 520"},"content":{"rendered":"<p data-start=\"2916\" data-end=\"3318\">La machine automatique de traitement des c\u00e2bles Alpha 520 propose des applications uniques et est parfaitement personnalisable. Cette machine traite des c\u00e2bles avec des sections transversales allant de 0,13 \u00e0 6 mm\u00b2 et peut facilement traiter m\u00eame des c\u00e2bles courts de 20 mm. Des applications pour des sections transversales plus petites \u00e0 partir de 0,05 mm\u00b2 sont possibles apr\u00e8s un test de faisabilit\u00e9.<\/p>\n<p data-start=\"3320\" data-end=\"3356\"><strong data-start=\"3320\" data-end=\"3354\">Caract\u00e9ristiques principales :<\/strong><\/p>\n<ul data-start=\"3357\" data-end=\"4413\" data-is-last-node=\"\">\n<li data-start=\"3357\" data-end=\"3548\"><strong data-start=\"3359\" data-end=\"3413\">Traitement pr\u00e9cis et de haute qualit\u00e9 des c\u00e2bles :<\/strong> Traite des c\u00e2bles avec des sections transversales de 0,13 \u00e0 6 mm\u00b2, avec la possibilit\u00e9 de traiter des c\u00e2bles aussi courts que 20 mm.<\/li>\n<li data-start=\"3549\" data-end=\"3708\"><strong data-start=\"3551\" data-end=\"3623\">Flexibilit\u00e9 pour des sections transversales de c\u00e2bles plus petites :<\/strong> Des applications \u00e0 partir de 0,05 mm\u00b2 sont possibles apr\u00e8s un test de faisabilit\u00e9.<\/li>\n<li data-start=\"3709\" data-end=\"3912\"><strong data-start=\"3711\" data-end=\"3766\">Configuration et changement de mat\u00e9riau efficaces :<\/strong> Le processus de configuration et de changement de mat\u00e9riau sans effort garantit une production \u00e9conomique, m\u00eame pour des lots de petite taille.<\/li>\n<li data-start=\"3913\" data-end=\"4049\"><strong data-start=\"3915\" data-end=\"3939\">Concept de qualit\u00e9 :<\/strong> La surveillance et la v\u00e9rification int\u00e9gr\u00e9es assurent une productivit\u00e9 am\u00e9lior\u00e9e et une gestion simplifi\u00e9e.<\/li>\n<li data-start=\"4050\" data-end=\"4247\"><strong data-start=\"4052\" data-end=\"4101\">Int\u00e9gration facile des modules non standard :<\/strong> Les modules non standard peuvent \u00eatre facilement int\u00e9gr\u00e9s sans affecter le logiciel de base, permettant des mises \u00e0 jour continues du logiciel.<\/li>\n<li data-start=\"4248\" data-end=\"4413\" data-is-last-node=\"\"><strong data-start=\"4250\" data-end=\"4280\">Contr\u00f4le HMI multilingue :<\/strong> Le contr\u00f4le HMI Komax permet des exigences de formation minimales, facilitant l&rsquo;utilisation de la machine par diff\u00e9rents op\u00e9rateurs.<\/li>\n<\/ul>\n","protected":false},"excerpt":{"rendered":"<p>Machine enti\u00e8rement automatique pour le traitement des c\u00e2bles<\/p>\n","protected":false},"featured_media":0,"template":"","meta":{"_acf_changed":false},"pwb-brand":[18260],"product_brand":[],"product_cat":[17990,17994,17993,18043],"product_tag":[],"class_list":{"0":"post-24716","1":"product","2":"type-product","3":"status-publish","5":"pwb-brand-brand-komax-fr","6":"product_cat-cables-et-cablage-fr","7":"product_cat-construction-de-panneau-fr","8":"product_cat-couper-denuder-sertissage-fr","9":"product_cat-crimp-to-crimp-fr","11":"first","12":"instock","13":"taxable","14":"shipping-taxable","15":"product-type-simple"},"acf":[],"yoast_head":"<!-- This site is optimized with the Yoast SEO plugin v27.1.1 - https:\/\/yoast.com\/product\/yoast-seo-wordpress\/ -->\n<title>Fully Automatic Wire Proccessing Machine Alpha 520 - Smans<\/title>\n<meta name=\"robots\" content=\"index, follow, max-snippet:-1, max-image-preview:large, max-video-preview:-1\" \/>\n<link rel=\"canonical\" href=\"https:\/\/smans.com\/fr\/product\/fully-automatic-wire-proccessing-machine-alpha-520\/\" \/>\n<meta property=\"og:locale\" content=\"fr_FR\" \/>\n<meta property=\"og:type\" content=\"article\" \/>\n<meta property=\"og:title\" content=\"Fully Automatic Wire Proccessing Machine Alpha 520 - Smans\" \/>\n<meta property=\"og:description\" content=\"Machine enti\u00e8rement automatique pour le traitement des c\u00e2bles\" \/>\n<meta property=\"og:url\" content=\"https:\/\/smans.com\/fr\/product\/fully-automatic-wire-proccessing-machine-alpha-520\/\" \/>\n<meta property=\"og:site_name\" content=\"Smans\" \/>\n<meta property=\"article:modified_time\" content=\"2026-04-05T10:14:30+00:00\" \/>\n<meta name=\"twitter:card\" content=\"summary_large_image\" \/>\n<meta name=\"twitter:label1\" content=\"Dur\u00e9e de lecture estim\u00e9e\" \/>\n\t<meta name=\"twitter:data1\" content=\"1 minute\" \/>\n<script type=\"application\/ld+json\" class=\"yoast-schema-graph\">{\"@context\":\"https:\/\/schema.org\",\"@graph\":[{\"@type\":\"WebPage\",\"@id\":\"https:\/\/smans.com\/fr\/product\/fully-automatic-wire-proccessing-machine-alpha-520\/\",\"url\":\"https:\/\/smans.com\/fr\/product\/fully-automatic-wire-proccessing-machine-alpha-520\/\",\"name\":\"Fully Automatic Wire Proccessing Machine Alpha 520 - Smans\",\"isPartOf\":{\"@id\":\"https:\/\/smans.com\/nl\/#website\"},\"datePublished\":\"2024-06-09T15:10:13+00:00\",\"dateModified\":\"2026-04-05T10:14:30+00:00\",\"breadcrumb\":{\"@id\":\"https:\/\/smans.com\/fr\/product\/fully-automatic-wire-proccessing-machine-alpha-520\/#breadcrumb\"},\"inLanguage\":\"fr-FR\",\"potentialAction\":[{\"@type\":\"ReadAction\",\"target\":[\"https:\/\/smans.com\/fr\/product\/fully-automatic-wire-proccessing-machine-alpha-520\/\"]}]},{\"@type\":\"BreadcrumbList\",\"@id\":\"https:\/\/smans.com\/fr\/product\/fully-automatic-wire-proccessing-machine-alpha-520\/#breadcrumb\",\"itemListElement\":[{\"@type\":\"ListItem\",\"position\":1,\"name\":\"Home\",\"item\":\"https:\/\/smans.com\/fr\/\"},{\"@type\":\"ListItem\",\"position\":2,\"name\":\"Boutique\",\"item\":\"https:\/\/smans.com\/nl\/shop\/\"},{\"@type\":\"ListItem\",\"position\":3,\"name\":\"Komax - Fully Automatic Wire Proccessing Machine Alpha 520\"}]},{\"@type\":\"WebSite\",\"@id\":\"https:\/\/smans.com\/nl\/#website\",\"url\":\"https:\/\/smans.com\/nl\/\",\"name\":\"Smans\",\"description\":\"\",\"publisher\":{\"@id\":\"https:\/\/smans.com\/nl\/#organization\"},\"potentialAction\":[{\"@type\":\"SearchAction\",\"target\":{\"@type\":\"EntryPoint\",\"urlTemplate\":\"https:\/\/smans.com\/nl\/?s={search_term_string}\"},\"query-input\":{\"@type\":\"PropertyValueSpecification\",\"valueRequired\":true,\"valueName\":\"search_term_string\"}}],\"inLanguage\":\"fr-FR\"},{\"@type\":\"Organization\",\"@id\":\"https:\/\/smans.com\/nl\/#organization\",\"name\":\"Smans\",\"url\":\"https:\/\/smans.com\/nl\/\",\"logo\":{\"@type\":\"ImageObject\",\"inLanguage\":\"fr-FR\",\"@id\":\"https:\/\/smans.com\/nl\/#\/schema\/logo\/image\/\",\"url\":\"https:\/\/smans.com\/wp-content\/uploads\/2023\/09\/logo.svg\",\"contentUrl\":\"https:\/\/smans.com\/wp-content\/uploads\/2023\/09\/logo.svg\",\"caption\":\"Smans\"},\"image\":{\"@id\":\"https:\/\/smans.com\/nl\/#\/schema\/logo\/image\/\"}}]}<\/script>\n<!-- \/ Yoast SEO plugin. -->","yoast_head_json":{"title":"Fully Automatic Wire Proccessing Machine Alpha 520 - Smans","robots":{"index":"index","follow":"follow","max-snippet":"max-snippet:-1","max-image-preview":"max-image-preview:large","max-video-preview":"max-video-preview:-1"},"canonical":"https:\/\/smans.com\/fr\/product\/fully-automatic-wire-proccessing-machine-alpha-520\/","og_locale":"fr_FR","og_type":"article","og_title":"Fully Automatic Wire Proccessing Machine Alpha 520 - Smans","og_description":"Machine enti\u00e8rement automatique pour le traitement des c\u00e2bles","og_url":"https:\/\/smans.com\/fr\/product\/fully-automatic-wire-proccessing-machine-alpha-520\/","og_site_name":"Smans","article_modified_time":"2026-04-05T10:14:30+00:00","twitter_card":"summary_large_image","twitter_misc":{"Dur\u00e9e de lecture estim\u00e9e":"1 minute"},"schema":{"@context":"https:\/\/schema.org","@graph":[{"@type":"WebPage","@id":"https:\/\/smans.com\/fr\/product\/fully-automatic-wire-proccessing-machine-alpha-520\/","url":"https:\/\/smans.com\/fr\/product\/fully-automatic-wire-proccessing-machine-alpha-520\/","name":"Fully Automatic Wire Proccessing Machine Alpha 520 - Smans","isPartOf":{"@id":"https:\/\/smans.com\/nl\/#website"},"datePublished":"2024-06-09T15:10:13+00:00","dateModified":"2026-04-05T10:14:30+00:00","breadcrumb":{"@id":"https:\/\/smans.com\/fr\/product\/fully-automatic-wire-proccessing-machine-alpha-520\/#breadcrumb"},"inLanguage":"fr-FR","potentialAction":[{"@type":"ReadAction","target":["https:\/\/smans.com\/fr\/product\/fully-automatic-wire-proccessing-machine-alpha-520\/"]}]},{"@type":"BreadcrumbList","@id":"https:\/\/smans.com\/fr\/product\/fully-automatic-wire-proccessing-machine-alpha-520\/#breadcrumb","itemListElement":[{"@type":"ListItem","position":1,"name":"Home","item":"https:\/\/smans.com\/fr\/"},{"@type":"ListItem","position":2,"name":"Boutique","item":"https:\/\/smans.com\/nl\/shop\/"},{"@type":"ListItem","position":3,"name":"Komax - Fully Automatic Wire Proccessing Machine Alpha 520"}]},{"@type":"WebSite","@id":"https:\/\/smans.com\/nl\/#website","url":"https:\/\/smans.com\/nl\/","name":"Smans","description":"","publisher":{"@id":"https:\/\/smans.com\/nl\/#organization"},"potentialAction":[{"@type":"SearchAction","target":{"@type":"EntryPoint","urlTemplate":"https:\/\/smans.com\/nl\/?s={search_term_string}"},"query-input":{"@type":"PropertyValueSpecification","valueRequired":true,"valueName":"search_term_string"}}],"inLanguage":"fr-FR"},{"@type":"Organization","@id":"https:\/\/smans.com\/nl\/#organization","name":"Smans","url":"https:\/\/smans.com\/nl\/","logo":{"@type":"ImageObject","inLanguage":"fr-FR","@id":"https:\/\/smans.com\/nl\/#\/schema\/logo\/image\/","url":"https:\/\/smans.com\/wp-content\/uploads\/2023\/09\/logo.svg","contentUrl":"https:\/\/smans.com\/wp-content\/uploads\/2023\/09\/logo.svg","caption":"Smans"},"image":{"@id":"https:\/\/smans.com\/nl\/#\/schema\/logo\/image\/"}}]}},"brands":[{"id":18260,"name":"Komax","slug":"brand-komax-fr"}],"_links":{"self":[{"href":"https:\/\/smans.com\/fr\/wp-json\/wp\/v2\/product\/24716","targetHints":{"allow":["GET"]}}],"collection":[{"href":"https:\/\/smans.com\/fr\/wp-json\/wp\/v2\/product"}],"about":[{"href":"https:\/\/smans.com\/fr\/wp-json\/wp\/v2\/types\/product"}],"wp:attachment":[{"href":"https:\/\/smans.com\/fr\/wp-json\/wp\/v2\/media?parent=24716"}],"wp:term":[{"taxonomy":"pwb-brand","embeddable":true,"href":"https:\/\/smans.com\/fr\/wp-json\/wp\/v2\/pwb-brand?post=24716"},{"taxonomy":"product_brand","embeddable":true,"href":"https:\/\/smans.com\/fr\/wp-json\/wp\/v2\/product_brand?post=24716"},{"taxonomy":"product_cat","embeddable":true,"href":"https:\/\/smans.com\/fr\/wp-json\/wp\/v2\/product_cat?post=24716"},{"taxonomy":"product_tag","embeddable":true,"href":"https:\/\/smans.com\/fr\/wp-json\/wp\/v2\/product_tag?post=24716"}],"curies":[{"name":"wp","href":"https:\/\/api.w.org\/{rel}","templated":true}]}}