{"id":24721,"date":"2024-06-09T17:10:15","date_gmt":"2024-06-09T15:10:15","guid":{"rendered":"https:\/\/smans.com\/product\/wire-assembly-machine-zeta-620\/"},"modified":"2026-04-07T12:31:35","modified_gmt":"2026-04-07T10:31:35","slug":"wire-assembly-machine-zeta-620","status":"publish","type":"product","link":"https:\/\/smans.com\/fr\/product\/wire-assembly-machine-zeta-620\/","title":{"rendered":"Komax - Wire Assembly Machine Zeta 620"},"content":{"rendered":"<div class=\"flex max-w-full flex-col flex-grow\">\n<div class=\"min-h-8 text-message flex w-full flex-col items-end gap-2 whitespace-normal break-words text-start [.text-message+&amp;]:mt-5\" dir=\"auto\" data-message-author-role=\"assistant\" data-message-id=\"1cd18f81-df06-4423-88f1-1cfced185287\" data-message-model-slug=\"gpt-4o-mini\">\n<div class=\"flex w-full flex-col gap-1 empty:hidden first:pt-[3px]\">\n<div class=\"markdown prose w-full break-words dark:prose-invert light\">\n<p data-start=\"2915\" data-end=\"3421\">La machine d&rsquo;assemblage Zeta 620 fonctionne selon deux mod\u00e8les de processus et est enti\u00e8rement \u00e9quip\u00e9e pour la construction de tableaux \u00e9lectriques, y compris l&rsquo;\u00e9tiquetage et les connexions. Les processus manuels prennent du temps et n\u00e9cessitent un personnel bien form\u00e9, mais la Zeta 620 simplifie le processus d&rsquo;assemblage de c\u00e2bles. La machine produit automatiquement des listes de mat\u00e9riaux compl\u00e8tes, trie et \u00e9tiquette les c\u00e2bles, de sorte qu&rsquo;ils n&rsquo;ont plus qu&rsquo;\u00e0 \u00eatre plac\u00e9s dans le tableau \u00e9lectrique.<\/p>\n<p data-start=\"3423\" data-end=\"3459\"><strong data-start=\"3423\" data-end=\"3457\">Caract\u00e9ristiques principales :<\/strong><\/p>\n<ul data-start=\"3460\" data-end=\"4478\" data-is-last-node=\"\">\n<li data-start=\"3460\" data-end=\"3634\"><strong data-start=\"3462\" data-end=\"3501\">Traitement enti\u00e8rement automatis\u00e9 :<\/strong> Produit automatiquement des listes de mat\u00e9riaux, trie et \u00e9tiquette les c\u00e2bles pour un placement direct dans le tableau \u00e9lectrique.<\/li>\n<li data-start=\"3635\" data-end=\"3789\"><strong data-start=\"3637\" data-end=\"3668\">Processus personnalisable :<\/strong> Le processus peut \u00eatre personnalis\u00e9 avec des modules, avec de l&rsquo;espace pour deux modules de processus suppl\u00e9mentaires.<\/li>\n<li data-start=\"3790\" data-end=\"3960\"><strong data-start=\"3792\" data-end=\"3834\">Traitement de divers types de c\u00e2bles :<\/strong> Prend en charge jusqu&rsquo;\u00e0 24 types de c\u00e2bles et jusqu&rsquo;\u00e0 sept embouts de terminal diff\u00e9rents sans changement de configuration.<\/li>\n<li data-start=\"3961\" data-end=\"4161\"><strong data-start=\"3963\" data-end=\"3979\">Efficacit\u00e9 :<\/strong> Les param\u00e8tres de traitement sont convertis avec TopConvert et envoy\u00e9s directement \u00e0 la machine via l&rsquo;interface Komax WPCS, \u00e9liminant ainsi la programmation manuelle des articles.<\/li>\n<li data-start=\"4162\" data-end=\"4312\"><strong data-start=\"4164\" data-end=\"4201\">Regroupement en une seule \u00e9tape :<\/strong> Le regroupement des c\u00e2bles peut \u00eatre effectu\u00e9 en une seule \u00e9tape de processus, ce qui am\u00e9liore l&rsquo;efficacit\u00e9.<\/li>\n<li data-start=\"4313\" data-end=\"4406\"><strong data-start=\"4315\" data-end=\"4340\">Conception compacte :<\/strong> L&rsquo;appareil est compact, avec le marqueur int\u00e9gr\u00e9 dans le cadre.<\/li>\n<li data-start=\"4407\" data-end=\"4478\" data-is-last-node=\"\"><strong data-start=\"4409\" data-end=\"4430\">C\u00e2blage virtuel :<\/strong> Le c\u00e2blage virtuel est pris en charge dans DLW.<\/li>\n<\/ul>\n<\/div>\n<\/div>\n<\/div>\n<\/div>\n<div class=\"mb-2 flex gap-3 empty:hidden -ml-2\">\n<div class=\"items-center justify-start rounded-xl p-1 flex\">\u00a0<\/div>\n<\/div>\n","protected":false},"excerpt":{"rendered":"<p>Zeta 620 : Machine d&rsquo;Assemblage de C\u00e2bles Automatique<\/p>\n","protected":false},"featured_media":0,"template":"","meta":{"_acf_changed":false},"pwb-brand":[18260],"product_brand":[],"product_cat":[17990,17994,17993,18044],"product_tag":[],"class_list":{"0":"post-24721","1":"product","2":"type-product","3":"status-publish","5":"pwb-brand-brand-komax-fr","6":"product_cat-cables-et-cablage-fr","7":"product_cat-construction-de-panneau-fr","8":"product_cat-couper-denuder-sertissage-fr","9":"product_cat-harness-manufacturing-fr","11":"first","12":"instock","13":"taxable","14":"shipping-taxable","15":"product-type-simple"},"acf":[],"yoast_head":"<!-- This site is optimized with the Yoast SEO plugin v27.1.1 - https:\/\/yoast.com\/product\/yoast-seo-wordpress\/ -->\n<title>Wire Assembly Machine Zeta 620 - Smans<\/title>\n<meta name=\"robots\" content=\"index, follow, max-snippet:-1, max-image-preview:large, max-video-preview:-1\" \/>\n<link rel=\"canonical\" href=\"https:\/\/smans.com\/fr\/product\/wire-assembly-machine-zeta-620\/\" \/>\n<meta property=\"og:locale\" content=\"fr_FR\" \/>\n<meta property=\"og:type\" content=\"article\" \/>\n<meta property=\"og:title\" content=\"Wire Assembly Machine Zeta 620 - Smans\" \/>\n<meta property=\"og:description\" content=\"Zeta 620 : Machine d&#039;Assemblage de C\u00e2bles Automatique\" \/>\n<meta property=\"og:url\" content=\"https:\/\/smans.com\/fr\/product\/wire-assembly-machine-zeta-620\/\" \/>\n<meta property=\"og:site_name\" content=\"Smans\" \/>\n<meta property=\"article:modified_time\" content=\"2026-04-07T10:31:35+00:00\" \/>\n<meta name=\"twitter:card\" content=\"summary_large_image\" \/>\n<meta name=\"twitter:label1\" content=\"Dur\u00e9e de lecture estim\u00e9e\" \/>\n\t<meta name=\"twitter:data1\" content=\"1 minute\" \/>\n<script type=\"application\/ld+json\" class=\"yoast-schema-graph\">{\"@context\":\"https:\/\/schema.org\",\"@graph\":[{\"@type\":\"WebPage\",\"@id\":\"https:\/\/smans.com\/fr\/product\/wire-assembly-machine-zeta-620\/\",\"url\":\"https:\/\/smans.com\/fr\/product\/wire-assembly-machine-zeta-620\/\",\"name\":\"Wire Assembly Machine Zeta 620 - Smans\",\"isPartOf\":{\"@id\":\"https:\/\/smans.com\/nl\/#website\"},\"datePublished\":\"2024-06-09T15:10:15+00:00\",\"dateModified\":\"2026-04-07T10:31:35+00:00\",\"breadcrumb\":{\"@id\":\"https:\/\/smans.com\/fr\/product\/wire-assembly-machine-zeta-620\/#breadcrumb\"},\"inLanguage\":\"fr-FR\",\"potentialAction\":[{\"@type\":\"ReadAction\",\"target\":[\"https:\/\/smans.com\/fr\/product\/wire-assembly-machine-zeta-620\/\"]}]},{\"@type\":\"BreadcrumbList\",\"@id\":\"https:\/\/smans.com\/fr\/product\/wire-assembly-machine-zeta-620\/#breadcrumb\",\"itemListElement\":[{\"@type\":\"ListItem\",\"position\":1,\"name\":\"Home\",\"item\":\"https:\/\/smans.com\/fr\/\"},{\"@type\":\"ListItem\",\"position\":2,\"name\":\"Boutique\",\"item\":\"https:\/\/smans.com\/nl\/shop\/\"},{\"@type\":\"ListItem\",\"position\":3,\"name\":\"Komax - Wire Assembly Machine Zeta 620\"}]},{\"@type\":\"WebSite\",\"@id\":\"https:\/\/smans.com\/nl\/#website\",\"url\":\"https:\/\/smans.com\/nl\/\",\"name\":\"Smans\",\"description\":\"\",\"publisher\":{\"@id\":\"https:\/\/smans.com\/nl\/#organization\"},\"potentialAction\":[{\"@type\":\"SearchAction\",\"target\":{\"@type\":\"EntryPoint\",\"urlTemplate\":\"https:\/\/smans.com\/nl\/?s={search_term_string}\"},\"query-input\":{\"@type\":\"PropertyValueSpecification\",\"valueRequired\":true,\"valueName\":\"search_term_string\"}}],\"inLanguage\":\"fr-FR\"},{\"@type\":\"Organization\",\"@id\":\"https:\/\/smans.com\/nl\/#organization\",\"name\":\"Smans\",\"url\":\"https:\/\/smans.com\/nl\/\",\"logo\":{\"@type\":\"ImageObject\",\"inLanguage\":\"fr-FR\",\"@id\":\"https:\/\/smans.com\/nl\/#\/schema\/logo\/image\/\",\"url\":\"https:\/\/smans.com\/wp-content\/uploads\/2023\/09\/logo.svg\",\"contentUrl\":\"https:\/\/smans.com\/wp-content\/uploads\/2023\/09\/logo.svg\",\"caption\":\"Smans\"},\"image\":{\"@id\":\"https:\/\/smans.com\/nl\/#\/schema\/logo\/image\/\"}}]}<\/script>\n<!-- \/ Yoast SEO plugin. -->","yoast_head_json":{"title":"Wire Assembly Machine Zeta 620 - Smans","robots":{"index":"index","follow":"follow","max-snippet":"max-snippet:-1","max-image-preview":"max-image-preview:large","max-video-preview":"max-video-preview:-1"},"canonical":"https:\/\/smans.com\/fr\/product\/wire-assembly-machine-zeta-620\/","og_locale":"fr_FR","og_type":"article","og_title":"Wire Assembly Machine Zeta 620 - Smans","og_description":"Zeta 620 : Machine d'Assemblage de C\u00e2bles Automatique","og_url":"https:\/\/smans.com\/fr\/product\/wire-assembly-machine-zeta-620\/","og_site_name":"Smans","article_modified_time":"2026-04-07T10:31:35+00:00","twitter_card":"summary_large_image","twitter_misc":{"Dur\u00e9e de lecture estim\u00e9e":"1 minute"},"schema":{"@context":"https:\/\/schema.org","@graph":[{"@type":"WebPage","@id":"https:\/\/smans.com\/fr\/product\/wire-assembly-machine-zeta-620\/","url":"https:\/\/smans.com\/fr\/product\/wire-assembly-machine-zeta-620\/","name":"Wire Assembly Machine Zeta 620 - Smans","isPartOf":{"@id":"https:\/\/smans.com\/nl\/#website"},"datePublished":"2024-06-09T15:10:15+00:00","dateModified":"2026-04-07T10:31:35+00:00","breadcrumb":{"@id":"https:\/\/smans.com\/fr\/product\/wire-assembly-machine-zeta-620\/#breadcrumb"},"inLanguage":"fr-FR","potentialAction":[{"@type":"ReadAction","target":["https:\/\/smans.com\/fr\/product\/wire-assembly-machine-zeta-620\/"]}]},{"@type":"BreadcrumbList","@id":"https:\/\/smans.com\/fr\/product\/wire-assembly-machine-zeta-620\/#breadcrumb","itemListElement":[{"@type":"ListItem","position":1,"name":"Home","item":"https:\/\/smans.com\/fr\/"},{"@type":"ListItem","position":2,"name":"Boutique","item":"https:\/\/smans.com\/nl\/shop\/"},{"@type":"ListItem","position":3,"name":"Komax - Wire Assembly Machine Zeta 620"}]},{"@type":"WebSite","@id":"https:\/\/smans.com\/nl\/#website","url":"https:\/\/smans.com\/nl\/","name":"Smans","description":"","publisher":{"@id":"https:\/\/smans.com\/nl\/#organization"},"potentialAction":[{"@type":"SearchAction","target":{"@type":"EntryPoint","urlTemplate":"https:\/\/smans.com\/nl\/?s={search_term_string}"},"query-input":{"@type":"PropertyValueSpecification","valueRequired":true,"valueName":"search_term_string"}}],"inLanguage":"fr-FR"},{"@type":"Organization","@id":"https:\/\/smans.com\/nl\/#organization","name":"Smans","url":"https:\/\/smans.com\/nl\/","logo":{"@type":"ImageObject","inLanguage":"fr-FR","@id":"https:\/\/smans.com\/nl\/#\/schema\/logo\/image\/","url":"https:\/\/smans.com\/wp-content\/uploads\/2023\/09\/logo.svg","contentUrl":"https:\/\/smans.com\/wp-content\/uploads\/2023\/09\/logo.svg","caption":"Smans"},"image":{"@id":"https:\/\/smans.com\/nl\/#\/schema\/logo\/image\/"}}]}},"brands":[{"id":18260,"name":"Komax","slug":"brand-komax-fr"}],"_links":{"self":[{"href":"https:\/\/smans.com\/fr\/wp-json\/wp\/v2\/product\/24721","targetHints":{"allow":["GET"]}}],"collection":[{"href":"https:\/\/smans.com\/fr\/wp-json\/wp\/v2\/product"}],"about":[{"href":"https:\/\/smans.com\/fr\/wp-json\/wp\/v2\/types\/product"}],"wp:attachment":[{"href":"https:\/\/smans.com\/fr\/wp-json\/wp\/v2\/media?parent=24721"}],"wp:term":[{"taxonomy":"pwb-brand","embeddable":true,"href":"https:\/\/smans.com\/fr\/wp-json\/wp\/v2\/pwb-brand?post=24721"},{"taxonomy":"product_brand","embeddable":true,"href":"https:\/\/smans.com\/fr\/wp-json\/wp\/v2\/product_brand?post=24721"},{"taxonomy":"product_cat","embeddable":true,"href":"https:\/\/smans.com\/fr\/wp-json\/wp\/v2\/product_cat?post=24721"},{"taxonomy":"product_tag","embeddable":true,"href":"https:\/\/smans.com\/fr\/wp-json\/wp\/v2\/product_tag?post=24721"}],"curies":[{"name":"wp","href":"https:\/\/api.w.org\/{rel}","templated":true}]}}