{"id":24734,"date":"2024-06-09T17:14:59","date_gmt":"2024-06-09T15:14:59","guid":{"rendered":"https:\/\/smans.com\/product\/taping-tool-kthb-micro\/"},"modified":"2026-04-10T12:55:04","modified_gmt":"2026-04-10T10:55:04","slug":"taping-tool-kthb-micro","status":"publish","type":"product","link":"https:\/\/smans.com\/fr\/product\/taping-tool-kthb-micro\/","title":{"rendered":"Komax Taping - Taping Tool KTHB Micro"},"content":{"rendered":"<p data-start=\"2873\" data-end=\"3064\">Le <strong data-start=\"2876\" data-end=\"2890\">KTHB Micro<\/strong> simplifie le <strong data-start=\"2904\" data-end=\"2934\">rubanage et le spot-taping<\/strong>, m\u00eame sur un <strong data-start=\"2948\" data-end=\"2972\">panneau d&rsquo;assemblage<\/strong>. Ce syst\u00e8me garantit une <strong data-start=\"2998\" data-end=\"3023\">qualit\u00e9 reproductible<\/strong>, contrairement au <strong data-start=\"3042\" data-end=\"3061\">rubanage manuel<\/strong>.<\/p>\n<p data-start=\"3066\" data-end=\"3092\">Mode de fonctionnement :<\/p>\n<ol data-start=\"3093\" data-end=\"3424\">\n<li data-start=\"3093\" data-end=\"3192\"><strong data-start=\"3096\" data-end=\"3128\">Placez l\u2019appareil sur le fil<\/strong>, et avec un <strong data-start=\"3141\" data-end=\"3162\">mouvement rotatif<\/strong>, le <strong data-start=\"3167\" data-end=\"3189\">ruban est appliqu\u00e9<\/strong>.<\/li>\n<li data-start=\"3193\" data-end=\"3314\"><strong data-start=\"3196\" data-end=\"3248\">Apr\u00e8s le rubanage, retirez simplement l&rsquo;appareil<\/strong>, et le ruban est <strong data-start=\"3266\" data-end=\"3311\">coup\u00e9 d\u2019une simple pression sur un bouton<\/strong>.<\/li>\n<li data-start=\"3315\" data-end=\"3424\"><strong data-start=\"3318\" data-end=\"3351\">Pr\u00eat \u00e0 l&#8217;emploi imm\u00e9diatement<\/strong>, sans plis ni froissements gr\u00e2ce \u00e0 une <strong data-start=\"3391\" data-end=\"3421\">tension constante du ruban<\/strong>.<\/li>\n<\/ol>\n<p data-start=\"3426\" data-end=\"3693\">Le <strong data-start=\"3429\" data-end=\"3443\">KTHB Micro<\/strong> est un <strong data-start=\"3451\" data-end=\"3497\">mod\u00e8le compact, l\u00e9ger et facile \u00e0 utiliser<\/strong>, id\u00e9al pour :<br data-start=\"3511\" data-end=\"3514\" \/>\u2714 <strong data-start=\"3516\" data-end=\"3582\">La production de faisceaux de c\u00e2bles sur un panneau de routage<\/strong><br data-start=\"3582\" data-end=\"3585\" \/>\u2714 <strong data-start=\"3587\" data-end=\"3623\">Les petites s\u00e9ries et prototypes<\/strong><br data-start=\"3623\" data-end=\"3626\" \/>\u2714 <strong data-start=\"3628\" data-end=\"3691\">Le rubanage de pr\u00e9cision et les applications de spot-taping<\/strong><\/p>\n<h4 data-start=\"3695\" data-end=\"3741\"><strong data-start=\"3700\" data-end=\"3739\">Caract\u00e9ristiques et Fonctionnalit\u00e9s<\/strong><\/h4>\n<p data-start=\"3742\" data-end=\"4090\">\u2714 <strong data-start=\"3744\" data-end=\"3810\">Vitesse de rotation \u00e9lev\u00e9e gr\u00e2ce \u00e0 un mouvement manuel continu<\/strong><br data-start=\"3810\" data-end=\"3813\" \/>\u2714 <strong data-start=\"3815\" data-end=\"3845\">M\u00e9canisme de coupe int\u00e9gr\u00e9<\/strong><br data-start=\"3845\" data-end=\"3848\" \/>\u2714 <strong data-start=\"3850\" data-end=\"3947\">Compatible avec des rubans adh\u00e9sifs jusqu\u2019\u00e0 19 mm de large avec un diam\u00e8tre de noyau de 38 mm<\/strong><br data-start=\"3947\" data-end=\"3950\" \/>\u2714 <strong data-start=\"3952\" data-end=\"4020\">Tension et guidage constants du ruban pour un rubanage sans plis<\/strong><br data-start=\"4020\" data-end=\"4023\" \/>\u2714 <strong data-start=\"4025\" data-end=\"4088\">Processus contr\u00f4l\u00e9 manuellement pour une pr\u00e9cision maximale<\/strong><\/p>\n<p data-start=\"4092\" data-end=\"4267\" data-is-last-node=\"\">Le <strong data-start=\"4095\" data-end=\"4109\">KTHB Micro<\/strong> est une <strong data-start=\"4118\" data-end=\"4141\">solution \u00e9conomique<\/strong> qui <strong data-start=\"4146\" data-end=\"4179\">r\u00e9duit le temps de production<\/strong> et am\u00e9liore <strong data-start=\"4192\" data-end=\"4266\">consid\u00e9rablement la qualit\u00e9 du rubanage manuel des faisceaux de c\u00e2bles<\/strong>.<\/p>\n","protected":false},"excerpt":{"rendered":"<p>KTHB Micro : Syst\u00e8me de Rubanage Compact et Efficace pour Faisceaux de C\u00e2bles<\/p>\n","protected":false},"featured_media":0,"template":"","meta":{"_acf_changed":false},"pwb-brand":[18262],"product_brand":[],"product_cat":[17990,18001,18050],"product_tag":[],"class_list":{"0":"post-24734","1":"product","2":"type-product","3":"status-publish","5":"pwb-brand-brand-komax-taping-fr","6":"product_cat-cables-et-cablage-fr","7":"product_cat-processus-secondaires-fr","8":"product_cat-taping-bundling-solutions-fr","10":"first","11":"instock","12":"taxable","13":"shipping-taxable","14":"purchasable","15":"product-type-simple"},"acf":[],"yoast_head":"<!-- This site is optimized with the Yoast SEO plugin v27.1.1 - https:\/\/yoast.com\/product\/yoast-seo-wordpress\/ -->\n<title>Taping Tool KTHB Micro - Smans<\/title>\n<meta name=\"robots\" content=\"index, follow, max-snippet:-1, max-image-preview:large, max-video-preview:-1\" \/>\n<link rel=\"canonical\" href=\"https:\/\/smans.com\/fr\/product\/taping-tool-kthb-micro\/\" \/>\n<meta property=\"og:locale\" content=\"fr_FR\" \/>\n<meta property=\"og:type\" content=\"article\" \/>\n<meta property=\"og:title\" content=\"Taping Tool KTHB Micro - Smans\" \/>\n<meta property=\"og:description\" content=\"KTHB Micro : Syst\u00e8me de Rubanage Compact et Efficace pour Faisceaux de C\u00e2bles\" \/>\n<meta property=\"og:url\" content=\"https:\/\/smans.com\/fr\/product\/taping-tool-kthb-micro\/\" \/>\n<meta property=\"og:site_name\" content=\"Smans\" \/>\n<meta property=\"article:modified_time\" content=\"2026-04-10T10:55:04+00:00\" \/>\n<meta name=\"twitter:card\" content=\"summary_large_image\" \/>\n<meta name=\"twitter:label1\" content=\"Dur\u00e9e de lecture estim\u00e9e\" \/>\n\t<meta name=\"twitter:data1\" content=\"1 minute\" \/>\n<script type=\"application\/ld+json\" class=\"yoast-schema-graph\">{\"@context\":\"https:\/\/schema.org\",\"@graph\":[{\"@type\":\"WebPage\",\"@id\":\"https:\/\/smans.com\/fr\/product\/taping-tool-kthb-micro\/\",\"url\":\"https:\/\/smans.com\/fr\/product\/taping-tool-kthb-micro\/\",\"name\":\"Taping Tool KTHB Micro - Smans\",\"isPartOf\":{\"@id\":\"https:\/\/smans.com\/nl\/#website\"},\"datePublished\":\"2024-06-09T15:14:59+00:00\",\"dateModified\":\"2026-04-10T10:55:04+00:00\",\"breadcrumb\":{\"@id\":\"https:\/\/smans.com\/fr\/product\/taping-tool-kthb-micro\/#breadcrumb\"},\"inLanguage\":\"fr-FR\",\"potentialAction\":[{\"@type\":\"ReadAction\",\"target\":[\"https:\/\/smans.com\/fr\/product\/taping-tool-kthb-micro\/\"]}]},{\"@type\":\"BreadcrumbList\",\"@id\":\"https:\/\/smans.com\/fr\/product\/taping-tool-kthb-micro\/#breadcrumb\",\"itemListElement\":[{\"@type\":\"ListItem\",\"position\":1,\"name\":\"Home\",\"item\":\"https:\/\/smans.com\/fr\/\"},{\"@type\":\"ListItem\",\"position\":2,\"name\":\"Boutique\",\"item\":\"https:\/\/smans.com\/nl\/shop\/\"},{\"@type\":\"ListItem\",\"position\":3,\"name\":\"Komax Taping - Taping Tool KTHB Micro\"}]},{\"@type\":\"WebSite\",\"@id\":\"https:\/\/smans.com\/nl\/#website\",\"url\":\"https:\/\/smans.com\/nl\/\",\"name\":\"Smans\",\"description\":\"\",\"publisher\":{\"@id\":\"https:\/\/smans.com\/nl\/#organization\"},\"potentialAction\":[{\"@type\":\"SearchAction\",\"target\":{\"@type\":\"EntryPoint\",\"urlTemplate\":\"https:\/\/smans.com\/nl\/?s={search_term_string}\"},\"query-input\":{\"@type\":\"PropertyValueSpecification\",\"valueRequired\":true,\"valueName\":\"search_term_string\"}}],\"inLanguage\":\"fr-FR\"},{\"@type\":\"Organization\",\"@id\":\"https:\/\/smans.com\/nl\/#organization\",\"name\":\"Smans\",\"url\":\"https:\/\/smans.com\/nl\/\",\"logo\":{\"@type\":\"ImageObject\",\"inLanguage\":\"fr-FR\",\"@id\":\"https:\/\/smans.com\/nl\/#\/schema\/logo\/image\/\",\"url\":\"https:\/\/smans.com\/wp-content\/uploads\/2023\/09\/logo.svg\",\"contentUrl\":\"https:\/\/smans.com\/wp-content\/uploads\/2023\/09\/logo.svg\",\"caption\":\"Smans\"},\"image\":{\"@id\":\"https:\/\/smans.com\/nl\/#\/schema\/logo\/image\/\"}}]}<\/script>\n<!-- \/ Yoast SEO plugin. -->","yoast_head_json":{"title":"Taping Tool KTHB Micro - Smans","robots":{"index":"index","follow":"follow","max-snippet":"max-snippet:-1","max-image-preview":"max-image-preview:large","max-video-preview":"max-video-preview:-1"},"canonical":"https:\/\/smans.com\/fr\/product\/taping-tool-kthb-micro\/","og_locale":"fr_FR","og_type":"article","og_title":"Taping Tool KTHB Micro - Smans","og_description":"KTHB Micro : Syst\u00e8me de Rubanage Compact et Efficace pour Faisceaux de C\u00e2bles","og_url":"https:\/\/smans.com\/fr\/product\/taping-tool-kthb-micro\/","og_site_name":"Smans","article_modified_time":"2026-04-10T10:55:04+00:00","twitter_card":"summary_large_image","twitter_misc":{"Dur\u00e9e de lecture estim\u00e9e":"1 minute"},"schema":{"@context":"https:\/\/schema.org","@graph":[{"@type":"WebPage","@id":"https:\/\/smans.com\/fr\/product\/taping-tool-kthb-micro\/","url":"https:\/\/smans.com\/fr\/product\/taping-tool-kthb-micro\/","name":"Taping Tool KTHB Micro - Smans","isPartOf":{"@id":"https:\/\/smans.com\/nl\/#website"},"datePublished":"2024-06-09T15:14:59+00:00","dateModified":"2026-04-10T10:55:04+00:00","breadcrumb":{"@id":"https:\/\/smans.com\/fr\/product\/taping-tool-kthb-micro\/#breadcrumb"},"inLanguage":"fr-FR","potentialAction":[{"@type":"ReadAction","target":["https:\/\/smans.com\/fr\/product\/taping-tool-kthb-micro\/"]}]},{"@type":"BreadcrumbList","@id":"https:\/\/smans.com\/fr\/product\/taping-tool-kthb-micro\/#breadcrumb","itemListElement":[{"@type":"ListItem","position":1,"name":"Home","item":"https:\/\/smans.com\/fr\/"},{"@type":"ListItem","position":2,"name":"Boutique","item":"https:\/\/smans.com\/nl\/shop\/"},{"@type":"ListItem","position":3,"name":"Komax Taping - Taping Tool KTHB Micro"}]},{"@type":"WebSite","@id":"https:\/\/smans.com\/nl\/#website","url":"https:\/\/smans.com\/nl\/","name":"Smans","description":"","publisher":{"@id":"https:\/\/smans.com\/nl\/#organization"},"potentialAction":[{"@type":"SearchAction","target":{"@type":"EntryPoint","urlTemplate":"https:\/\/smans.com\/nl\/?s={search_term_string}"},"query-input":{"@type":"PropertyValueSpecification","valueRequired":true,"valueName":"search_term_string"}}],"inLanguage":"fr-FR"},{"@type":"Organization","@id":"https:\/\/smans.com\/nl\/#organization","name":"Smans","url":"https:\/\/smans.com\/nl\/","logo":{"@type":"ImageObject","inLanguage":"fr-FR","@id":"https:\/\/smans.com\/nl\/#\/schema\/logo\/image\/","url":"https:\/\/smans.com\/wp-content\/uploads\/2023\/09\/logo.svg","contentUrl":"https:\/\/smans.com\/wp-content\/uploads\/2023\/09\/logo.svg","caption":"Smans"},"image":{"@id":"https:\/\/smans.com\/nl\/#\/schema\/logo\/image\/"}}]}},"brands":[{"id":18262,"name":"Komax Taping","slug":"brand-komax-taping-fr"}],"_links":{"self":[{"href":"https:\/\/smans.com\/fr\/wp-json\/wp\/v2\/product\/24734","targetHints":{"allow":["GET"]}}],"collection":[{"href":"https:\/\/smans.com\/fr\/wp-json\/wp\/v2\/product"}],"about":[{"href":"https:\/\/smans.com\/fr\/wp-json\/wp\/v2\/types\/product"}],"wp:attachment":[{"href":"https:\/\/smans.com\/fr\/wp-json\/wp\/v2\/media?parent=24734"}],"wp:term":[{"taxonomy":"pwb-brand","embeddable":true,"href":"https:\/\/smans.com\/fr\/wp-json\/wp\/v2\/pwb-brand?post=24734"},{"taxonomy":"product_brand","embeddable":true,"href":"https:\/\/smans.com\/fr\/wp-json\/wp\/v2\/product_brand?post=24734"},{"taxonomy":"product_cat","embeddable":true,"href":"https:\/\/smans.com\/fr\/wp-json\/wp\/v2\/product_cat?post=24734"},{"taxonomy":"product_tag","embeddable":true,"href":"https:\/\/smans.com\/fr\/wp-json\/wp\/v2\/product_tag?post=24734"}],"curies":[{"name":"wp","href":"https:\/\/api.w.org\/{rel}","templated":true}]}}