{"id":24748,"date":"2024-06-09T17:10:59","date_gmt":"2024-06-09T15:10:59","guid":{"rendered":"https:\/\/smans.com\/product\/schunk-minic-3\/"},"modified":"2026-04-07T12:32:34","modified_gmt":"2026-04-07T10:32:34","slug":"schunk-minic-3","status":"publish","type":"product","link":"https:\/\/smans.com\/fr\/product\/schunk-minic-3\/","title":{"rendered":"Komax - Schunk Minic 3"},"content":{"rendered":"<p>Avec le Minic-III, nous proposons la machine de soudage ultrasonique la plus avanc\u00e9e, rapide, conviviale et n\u00e9cessitant peu d&rsquo;entretien disponible actuellement sur le march\u00e9 mondial. Elle est adapt\u00e9e \u00e0 99 % de vos travaux de soudage et constitue une r\u00e9f\u00e9rence pour les fabricants de faisceaux de c\u00e2bles leaders mondiaux.<\/p>\n<p><strong>Caract\u00e9ristiques principales :<\/strong><\/p>\n<ul>\n<li><strong>Avanc\u00e9e et rapide :<\/strong> La machine de soudage ultrasonique la plus moderne et rapide.<\/li>\n<li><strong>Conviviale :<\/strong> Facile \u00e0 utiliser avec peu d&rsquo;entretien n\u00e9cessaire.<\/li>\n<li><strong>R\u00e9sultats de soudure optimaux :<\/strong> Excellente r\u00e9sistance, Cmk\/Cpk et aspect visuel des soudures.<\/li>\n<li><strong>Flexibilit\u00e9 :<\/strong> Adapt\u00e9e \u00e0 99 % des travaux de soudage ; d&rsquo;autres sections et applications sont possibles \u2013 contactez-nous pour plus d&rsquo;informations.<\/li>\n<\/ul>\n<p><strong>Secteurs :<\/strong><br \/>Le Minic-III est utilis\u00e9 dans plusieurs secteurs. Contactez-nous pour savoir comment la machine peut \u00eatre appliqu\u00e9e dans votre secteur sp\u00e9cifique.<\/p>\n<ul>\n<li>Automobile<\/li>\n<li>Mat\u00e9riaux de construction<\/li>\n<li>Transport<\/li>\n<li>Appareils \u00e9lectrom\u00e9nagers \/ Gros \u00e9lectrom\u00e9nagers<\/li>\n<\/ul>\n","protected":false},"excerpt":{"rendered":"<p>Machine de Soudage Ultrasonique Minic-III<\/p>\n","protected":false},"featured_media":0,"template":"","meta":{"_acf_changed":false},"pwb-brand":[18260],"product_brand":[],"product_cat":[17990,17993,18035],"product_tag":[],"class_list":{"0":"post-24748","1":"product","2":"type-product","3":"status-publish","5":"pwb-brand-brand-komax-fr","6":"product_cat-cables-et-cablage-fr","7":"product_cat-couper-denuder-sertissage-fr","8":"product_cat-process-modules-fr","10":"first","11":"instock","12":"taxable","13":"shipping-taxable","14":"product-type-simple"},"acf":[],"yoast_head":"<!-- This site is optimized with the Yoast SEO plugin v27.1.1 - https:\/\/yoast.com\/product\/yoast-seo-wordpress\/ -->\n<title>Schunk Minic 3 - Smans<\/title>\n<meta name=\"robots\" content=\"index, follow, max-snippet:-1, max-image-preview:large, max-video-preview:-1\" \/>\n<link rel=\"canonical\" href=\"https:\/\/smans.com\/fr\/product\/schunk-minic-3\/\" \/>\n<meta property=\"og:locale\" content=\"fr_FR\" \/>\n<meta property=\"og:type\" content=\"article\" \/>\n<meta property=\"og:title\" content=\"Schunk Minic 3 - Smans\" \/>\n<meta property=\"og:description\" content=\"Machine de Soudage Ultrasonique Minic-III\" \/>\n<meta property=\"og:url\" content=\"https:\/\/smans.com\/fr\/product\/schunk-minic-3\/\" \/>\n<meta property=\"og:site_name\" content=\"Smans\" \/>\n<meta property=\"article:modified_time\" content=\"2026-04-07T10:32:34+00:00\" \/>\n<meta name=\"twitter:card\" content=\"summary_large_image\" \/>\n<meta name=\"twitter:label1\" content=\"Dur\u00e9e de lecture estim\u00e9e\" \/>\n\t<meta name=\"twitter:data1\" content=\"1 minute\" \/>\n<script type=\"application\/ld+json\" class=\"yoast-schema-graph\">{\"@context\":\"https:\/\/schema.org\",\"@graph\":[{\"@type\":\"WebPage\",\"@id\":\"https:\/\/smans.com\/fr\/product\/schunk-minic-3\/\",\"url\":\"https:\/\/smans.com\/fr\/product\/schunk-minic-3\/\",\"name\":\"Schunk Minic 3 - Smans\",\"isPartOf\":{\"@id\":\"https:\/\/smans.com\/nl\/#website\"},\"datePublished\":\"2024-06-09T15:10:59+00:00\",\"dateModified\":\"2026-04-07T10:32:34+00:00\",\"breadcrumb\":{\"@id\":\"https:\/\/smans.com\/fr\/product\/schunk-minic-3\/#breadcrumb\"},\"inLanguage\":\"fr-FR\",\"potentialAction\":[{\"@type\":\"ReadAction\",\"target\":[\"https:\/\/smans.com\/fr\/product\/schunk-minic-3\/\"]}]},{\"@type\":\"BreadcrumbList\",\"@id\":\"https:\/\/smans.com\/fr\/product\/schunk-minic-3\/#breadcrumb\",\"itemListElement\":[{\"@type\":\"ListItem\",\"position\":1,\"name\":\"Home\",\"item\":\"https:\/\/smans.com\/fr\/\"},{\"@type\":\"ListItem\",\"position\":2,\"name\":\"Boutique\",\"item\":\"https:\/\/smans.com\/nl\/shop\/\"},{\"@type\":\"ListItem\",\"position\":3,\"name\":\"Komax - Schunk Minic 3\"}]},{\"@type\":\"WebSite\",\"@id\":\"https:\/\/smans.com\/nl\/#website\",\"url\":\"https:\/\/smans.com\/nl\/\",\"name\":\"Smans\",\"description\":\"\",\"publisher\":{\"@id\":\"https:\/\/smans.com\/nl\/#organization\"},\"potentialAction\":[{\"@type\":\"SearchAction\",\"target\":{\"@type\":\"EntryPoint\",\"urlTemplate\":\"https:\/\/smans.com\/nl\/?s={search_term_string}\"},\"query-input\":{\"@type\":\"PropertyValueSpecification\",\"valueRequired\":true,\"valueName\":\"search_term_string\"}}],\"inLanguage\":\"fr-FR\"},{\"@type\":\"Organization\",\"@id\":\"https:\/\/smans.com\/nl\/#organization\",\"name\":\"Smans\",\"url\":\"https:\/\/smans.com\/nl\/\",\"logo\":{\"@type\":\"ImageObject\",\"inLanguage\":\"fr-FR\",\"@id\":\"https:\/\/smans.com\/nl\/#\/schema\/logo\/image\/\",\"url\":\"https:\/\/smans.com\/wp-content\/uploads\/2023\/09\/logo.svg\",\"contentUrl\":\"https:\/\/smans.com\/wp-content\/uploads\/2023\/09\/logo.svg\",\"caption\":\"Smans\"},\"image\":{\"@id\":\"https:\/\/smans.com\/nl\/#\/schema\/logo\/image\/\"}}]}<\/script>\n<!-- \/ Yoast SEO plugin. -->","yoast_head_json":{"title":"Schunk Minic 3 - Smans","robots":{"index":"index","follow":"follow","max-snippet":"max-snippet:-1","max-image-preview":"max-image-preview:large","max-video-preview":"max-video-preview:-1"},"canonical":"https:\/\/smans.com\/fr\/product\/schunk-minic-3\/","og_locale":"fr_FR","og_type":"article","og_title":"Schunk Minic 3 - Smans","og_description":"Machine de Soudage Ultrasonique Minic-III","og_url":"https:\/\/smans.com\/fr\/product\/schunk-minic-3\/","og_site_name":"Smans","article_modified_time":"2026-04-07T10:32:34+00:00","twitter_card":"summary_large_image","twitter_misc":{"Dur\u00e9e de lecture estim\u00e9e":"1 minute"},"schema":{"@context":"https:\/\/schema.org","@graph":[{"@type":"WebPage","@id":"https:\/\/smans.com\/fr\/product\/schunk-minic-3\/","url":"https:\/\/smans.com\/fr\/product\/schunk-minic-3\/","name":"Schunk Minic 3 - Smans","isPartOf":{"@id":"https:\/\/smans.com\/nl\/#website"},"datePublished":"2024-06-09T15:10:59+00:00","dateModified":"2026-04-07T10:32:34+00:00","breadcrumb":{"@id":"https:\/\/smans.com\/fr\/product\/schunk-minic-3\/#breadcrumb"},"inLanguage":"fr-FR","potentialAction":[{"@type":"ReadAction","target":["https:\/\/smans.com\/fr\/product\/schunk-minic-3\/"]}]},{"@type":"BreadcrumbList","@id":"https:\/\/smans.com\/fr\/product\/schunk-minic-3\/#breadcrumb","itemListElement":[{"@type":"ListItem","position":1,"name":"Home","item":"https:\/\/smans.com\/fr\/"},{"@type":"ListItem","position":2,"name":"Boutique","item":"https:\/\/smans.com\/nl\/shop\/"},{"@type":"ListItem","position":3,"name":"Komax - Schunk Minic 3"}]},{"@type":"WebSite","@id":"https:\/\/smans.com\/nl\/#website","url":"https:\/\/smans.com\/nl\/","name":"Smans","description":"","publisher":{"@id":"https:\/\/smans.com\/nl\/#organization"},"potentialAction":[{"@type":"SearchAction","target":{"@type":"EntryPoint","urlTemplate":"https:\/\/smans.com\/nl\/?s={search_term_string}"},"query-input":{"@type":"PropertyValueSpecification","valueRequired":true,"valueName":"search_term_string"}}],"inLanguage":"fr-FR"},{"@type":"Organization","@id":"https:\/\/smans.com\/nl\/#organization","name":"Smans","url":"https:\/\/smans.com\/nl\/","logo":{"@type":"ImageObject","inLanguage":"fr-FR","@id":"https:\/\/smans.com\/nl\/#\/schema\/logo\/image\/","url":"https:\/\/smans.com\/wp-content\/uploads\/2023\/09\/logo.svg","contentUrl":"https:\/\/smans.com\/wp-content\/uploads\/2023\/09\/logo.svg","caption":"Smans"},"image":{"@id":"https:\/\/smans.com\/nl\/#\/schema\/logo\/image\/"}}]}},"brands":[{"id":18260,"name":"Komax","slug":"brand-komax-fr"}],"_links":{"self":[{"href":"https:\/\/smans.com\/fr\/wp-json\/wp\/v2\/product\/24748","targetHints":{"allow":["GET"]}}],"collection":[{"href":"https:\/\/smans.com\/fr\/wp-json\/wp\/v2\/product"}],"about":[{"href":"https:\/\/smans.com\/fr\/wp-json\/wp\/v2\/types\/product"}],"wp:attachment":[{"href":"https:\/\/smans.com\/fr\/wp-json\/wp\/v2\/media?parent=24748"}],"wp:term":[{"taxonomy":"pwb-brand","embeddable":true,"href":"https:\/\/smans.com\/fr\/wp-json\/wp\/v2\/pwb-brand?post=24748"},{"taxonomy":"product_brand","embeddable":true,"href":"https:\/\/smans.com\/fr\/wp-json\/wp\/v2\/product_brand?post=24748"},{"taxonomy":"product_cat","embeddable":true,"href":"https:\/\/smans.com\/fr\/wp-json\/wp\/v2\/product_cat?post=24748"},{"taxonomy":"product_tag","embeddable":true,"href":"https:\/\/smans.com\/fr\/wp-json\/wp\/v2\/product_tag?post=24748"}],"curies":[{"name":"wp","href":"https:\/\/api.w.org\/{rel}","templated":true}]}}