{"id":24749,"date":"2024-06-09T17:21:07","date_gmt":"2024-06-09T15:21:07","guid":{"rendered":"https:\/\/smans.com\/product\/vapor-phase-soldering-machine-vp2100-vp2100-vacuum-inline\/"},"modified":"2026-04-12T13:00:46","modified_gmt":"2026-04-12T11:00:46","slug":"vapor-phase-soldering-machine-vp2100-vp2100-vacuum-inline","status":"publish","type":"product","link":"https:\/\/smans.com\/fr\/product\/vapor-phase-soldering-machine-vp2100-vp2100-vacuum-inline\/","title":{"rendered":"Asscon - Vapor Phase Soldering Machine VP2100 inline  \/ VP2100 vacuum inline"},"content":{"rendered":"<p>Tous les syst\u00e8mes de soudage en phase vapeur ASSCON Inline sont con\u00e7us pour une v\u00e9ritable production en ligne. Les circuits imprim\u00e9s peuvent \u00eatre trait\u00e9s facilement et de mani\u00e8re enti\u00e8rement automatique via l&rsquo;interface SMEMA standard. L&rsquo;utilisation d&rsquo;un porte-pi\u00e8ce n&rsquo;est donc pas n\u00e9cessaire.<\/p>\n<p>Les machines de soudage ASSCON Inline sont sp\u00e9cialement con\u00e7ues pour les op\u00e9rateurs qui souhaitent une production automatique. Les circuits imprim\u00e9s sont transport\u00e9s directement via un convoyeur \u00e0 cha\u00eene. Si n\u00e9cessaire, le porte-pi\u00e8ce peut \u00e9galement \u00eatre transport\u00e9 et manipul\u00e9 dans la machine. Les machines \u00e0 phase vapeur ASSCON Inline sont donc tr\u00e8s flexibles au sein d&rsquo;une ligne de production \u00e9lectronique.<\/p>\n<p>Gr\u00e2ce aux syst\u00e8mes de transport \u00e0 r\u00e9glage \u00e9lectrique, la machine peut \u00eatre adapt\u00e9e rapidement et facilement \u00e0 chaque produit individuel. L&rsquo;int\u00e9gration dans un r\u00e9seau avec un ordinateur central est \u00e9galement possible.<\/p>\n<p>La nouvelle VP2100-100 est \u00e9quip\u00e9e en option de la technologie Multi Vacuum brevet\u00e9e par ASSCON. Le module de vide en option r\u00e9duit les cavit\u00e9s dans les joints de soudure et am\u00e9liore encore la qualit\u00e9.<\/p>\n<p><strong>Le concept ASSCON Inline est synonyme de<\/strong><\/p>\n<ul>\n<li>Processus de soudage absolument simple.<\/li>\n<li>Capacit\u00e9 de traitement plus \u00e9lev\u00e9e.<\/li>\n<li>Soudage simple et efficace d&rsquo;assemblages avec diff\u00e9rentes exigences thermiques.<\/li>\n<li>Changement de produit rapide et enti\u00e8rement automatis\u00e9 &#8211; en quelques minutes.<\/li>\n<li>Encombrement minimal.<\/li>\n<li>Consommation d&rsquo;\u00e9nergie minimale et donc moins d&rsquo;\u00e9missions de CO2.<\/li>\n<\/ul>\n<p><strong>Soudage par refusion en phase vapeur<\/strong><\/p>\n<ul>\n<li>Excellente qualit\u00e9 de soudage.<\/li>\n<li>Pas d&rsquo;oxydation pendant le soudage.<\/li>\n<li>Pas de surchauffe des produits gr\u00e2ce \u00e0 la limitation physique de la temp\u00e9rature de la vapeur.<\/li>\n<li>Processus de production id\u00e9al pour la production en lots de taille 1<\/li>\n<li>R\u00e9duction du vide gr\u00e2ce \u00e0 la technologie Multi Vacuum<\/li>\n<\/ul>\n","protected":false},"excerpt":{"rendered":"<p>Syst\u00e8me compact en ligne \u00e0 phase vapeur pour la production en s\u00e9rie<\/p>\n","protected":false},"featured_media":0,"template":"","meta":{"_acf_changed":false},"pwb-brand":[18206],"product_brand":[],"product_cat":[17991,18011,18087],"product_tag":[],"class_list":{"0":"post-24749","1":"product","2":"type-product","3":"status-publish","5":"pwb-brand-brand-asscon-fr-2","6":"product_cat-electronique-fr","7":"product_cat-equipement-d-assemblage-smt-fr","8":"product_cat-soldering-fr","10":"first","11":"instock","12":"taxable","13":"shipping-taxable","14":"product-type-simple"},"acf":[],"yoast_head":"<!-- This site is optimized with the Yoast SEO plugin v27.1.1 - https:\/\/yoast.com\/product\/yoast-seo-wordpress\/ -->\n<title>Vapor Phase Soldering Machine VP2100 inline \/ VP2100 vacuum inline - Smans<\/title>\n<meta name=\"robots\" content=\"index, follow, max-snippet:-1, max-image-preview:large, max-video-preview:-1\" \/>\n<link rel=\"canonical\" href=\"https:\/\/smans.com\/fr\/product\/vapor-phase-soldering-machine-vp2100-vp2100-vacuum-inline\/\" \/>\n<meta property=\"og:locale\" content=\"fr_FR\" \/>\n<meta property=\"og:type\" content=\"article\" \/>\n<meta property=\"og:title\" content=\"Vapor Phase Soldering Machine VP2100 inline \/ VP2100 vacuum inline - Smans\" \/>\n<meta property=\"og:description\" content=\"Syst\u00e8me compact en ligne \u00e0 phase vapeur pour la production en s\u00e9rie\" \/>\n<meta property=\"og:url\" content=\"https:\/\/smans.com\/fr\/product\/vapor-phase-soldering-machine-vp2100-vp2100-vacuum-inline\/\" \/>\n<meta property=\"og:site_name\" content=\"Smans\" \/>\n<meta property=\"article:modified_time\" content=\"2026-04-12T11:00:46+00:00\" \/>\n<meta name=\"twitter:card\" content=\"summary_large_image\" \/>\n<meta name=\"twitter:label1\" content=\"Dur\u00e9e de lecture estim\u00e9e\" \/>\n\t<meta name=\"twitter:data1\" content=\"1 minute\" \/>\n<script type=\"application\/ld+json\" class=\"yoast-schema-graph\">{\"@context\":\"https:\/\/schema.org\",\"@graph\":[{\"@type\":\"WebPage\",\"@id\":\"https:\/\/smans.com\/fr\/product\/vapor-phase-soldering-machine-vp2100-vp2100-vacuum-inline\/\",\"url\":\"https:\/\/smans.com\/fr\/product\/vapor-phase-soldering-machine-vp2100-vp2100-vacuum-inline\/\",\"name\":\"Vapor Phase Soldering Machine VP2100 inline \/ VP2100 vacuum inline - Smans\",\"isPartOf\":{\"@id\":\"https:\/\/smans.com\/nl\/#website\"},\"datePublished\":\"2024-06-09T15:21:07+00:00\",\"dateModified\":\"2026-04-12T11:00:46+00:00\",\"breadcrumb\":{\"@id\":\"https:\/\/smans.com\/fr\/product\/vapor-phase-soldering-machine-vp2100-vp2100-vacuum-inline\/#breadcrumb\"},\"inLanguage\":\"fr-FR\",\"potentialAction\":[{\"@type\":\"ReadAction\",\"target\":[\"https:\/\/smans.com\/fr\/product\/vapor-phase-soldering-machine-vp2100-vp2100-vacuum-inline\/\"]}]},{\"@type\":\"BreadcrumbList\",\"@id\":\"https:\/\/smans.com\/fr\/product\/vapor-phase-soldering-machine-vp2100-vp2100-vacuum-inline\/#breadcrumb\",\"itemListElement\":[{\"@type\":\"ListItem\",\"position\":1,\"name\":\"Home\",\"item\":\"https:\/\/smans.com\/fr\/\"},{\"@type\":\"ListItem\",\"position\":2,\"name\":\"Boutique\",\"item\":\"https:\/\/smans.com\/nl\/shop\/\"},{\"@type\":\"ListItem\",\"position\":3,\"name\":\"Asscon - Vapor Phase Soldering Machine VP2100 inline \/ VP2100 vacuum inline\"}]},{\"@type\":\"WebSite\",\"@id\":\"https:\/\/smans.com\/nl\/#website\",\"url\":\"https:\/\/smans.com\/nl\/\",\"name\":\"Smans\",\"description\":\"\",\"publisher\":{\"@id\":\"https:\/\/smans.com\/nl\/#organization\"},\"potentialAction\":[{\"@type\":\"SearchAction\",\"target\":{\"@type\":\"EntryPoint\",\"urlTemplate\":\"https:\/\/smans.com\/nl\/?s={search_term_string}\"},\"query-input\":{\"@type\":\"PropertyValueSpecification\",\"valueRequired\":true,\"valueName\":\"search_term_string\"}}],\"inLanguage\":\"fr-FR\"},{\"@type\":\"Organization\",\"@id\":\"https:\/\/smans.com\/nl\/#organization\",\"name\":\"Smans\",\"url\":\"https:\/\/smans.com\/nl\/\",\"logo\":{\"@type\":\"ImageObject\",\"inLanguage\":\"fr-FR\",\"@id\":\"https:\/\/smans.com\/nl\/#\/schema\/logo\/image\/\",\"url\":\"https:\/\/smans.com\/wp-content\/uploads\/2023\/09\/logo.svg\",\"contentUrl\":\"https:\/\/smans.com\/wp-content\/uploads\/2023\/09\/logo.svg\",\"caption\":\"Smans\"},\"image\":{\"@id\":\"https:\/\/smans.com\/nl\/#\/schema\/logo\/image\/\"}}]}<\/script>\n<!-- \/ Yoast SEO plugin. -->","yoast_head_json":{"title":"Vapor Phase Soldering Machine VP2100 inline \/ VP2100 vacuum inline - Smans","robots":{"index":"index","follow":"follow","max-snippet":"max-snippet:-1","max-image-preview":"max-image-preview:large","max-video-preview":"max-video-preview:-1"},"canonical":"https:\/\/smans.com\/fr\/product\/vapor-phase-soldering-machine-vp2100-vp2100-vacuum-inline\/","og_locale":"fr_FR","og_type":"article","og_title":"Vapor Phase Soldering Machine VP2100 inline \/ VP2100 vacuum inline - Smans","og_description":"Syst\u00e8me compact en ligne \u00e0 phase vapeur pour la production en s\u00e9rie","og_url":"https:\/\/smans.com\/fr\/product\/vapor-phase-soldering-machine-vp2100-vp2100-vacuum-inline\/","og_site_name":"Smans","article_modified_time":"2026-04-12T11:00:46+00:00","twitter_card":"summary_large_image","twitter_misc":{"Dur\u00e9e de lecture estim\u00e9e":"1 minute"},"schema":{"@context":"https:\/\/schema.org","@graph":[{"@type":"WebPage","@id":"https:\/\/smans.com\/fr\/product\/vapor-phase-soldering-machine-vp2100-vp2100-vacuum-inline\/","url":"https:\/\/smans.com\/fr\/product\/vapor-phase-soldering-machine-vp2100-vp2100-vacuum-inline\/","name":"Vapor Phase Soldering Machine VP2100 inline \/ VP2100 vacuum inline - Smans","isPartOf":{"@id":"https:\/\/smans.com\/nl\/#website"},"datePublished":"2024-06-09T15:21:07+00:00","dateModified":"2026-04-12T11:00:46+00:00","breadcrumb":{"@id":"https:\/\/smans.com\/fr\/product\/vapor-phase-soldering-machine-vp2100-vp2100-vacuum-inline\/#breadcrumb"},"inLanguage":"fr-FR","potentialAction":[{"@type":"ReadAction","target":["https:\/\/smans.com\/fr\/product\/vapor-phase-soldering-machine-vp2100-vp2100-vacuum-inline\/"]}]},{"@type":"BreadcrumbList","@id":"https:\/\/smans.com\/fr\/product\/vapor-phase-soldering-machine-vp2100-vp2100-vacuum-inline\/#breadcrumb","itemListElement":[{"@type":"ListItem","position":1,"name":"Home","item":"https:\/\/smans.com\/fr\/"},{"@type":"ListItem","position":2,"name":"Boutique","item":"https:\/\/smans.com\/nl\/shop\/"},{"@type":"ListItem","position":3,"name":"Asscon - Vapor Phase Soldering Machine VP2100 inline \/ VP2100 vacuum inline"}]},{"@type":"WebSite","@id":"https:\/\/smans.com\/nl\/#website","url":"https:\/\/smans.com\/nl\/","name":"Smans","description":"","publisher":{"@id":"https:\/\/smans.com\/nl\/#organization"},"potentialAction":[{"@type":"SearchAction","target":{"@type":"EntryPoint","urlTemplate":"https:\/\/smans.com\/nl\/?s={search_term_string}"},"query-input":{"@type":"PropertyValueSpecification","valueRequired":true,"valueName":"search_term_string"}}],"inLanguage":"fr-FR"},{"@type":"Organization","@id":"https:\/\/smans.com\/nl\/#organization","name":"Smans","url":"https:\/\/smans.com\/nl\/","logo":{"@type":"ImageObject","inLanguage":"fr-FR","@id":"https:\/\/smans.com\/nl\/#\/schema\/logo\/image\/","url":"https:\/\/smans.com\/wp-content\/uploads\/2023\/09\/logo.svg","contentUrl":"https:\/\/smans.com\/wp-content\/uploads\/2023\/09\/logo.svg","caption":"Smans"},"image":{"@id":"https:\/\/smans.com\/nl\/#\/schema\/logo\/image\/"}}]}},"brands":[{"id":18206,"name":"Asscon","slug":"brand-asscon-fr-2"}],"_links":{"self":[{"href":"https:\/\/smans.com\/fr\/wp-json\/wp\/v2\/product\/24749","targetHints":{"allow":["GET"]}}],"collection":[{"href":"https:\/\/smans.com\/fr\/wp-json\/wp\/v2\/product"}],"about":[{"href":"https:\/\/smans.com\/fr\/wp-json\/wp\/v2\/types\/product"}],"wp:attachment":[{"href":"https:\/\/smans.com\/fr\/wp-json\/wp\/v2\/media?parent=24749"}],"wp:term":[{"taxonomy":"pwb-brand","embeddable":true,"href":"https:\/\/smans.com\/fr\/wp-json\/wp\/v2\/pwb-brand?post=24749"},{"taxonomy":"product_brand","embeddable":true,"href":"https:\/\/smans.com\/fr\/wp-json\/wp\/v2\/product_brand?post=24749"},{"taxonomy":"product_cat","embeddable":true,"href":"https:\/\/smans.com\/fr\/wp-json\/wp\/v2\/product_cat?post=24749"},{"taxonomy":"product_tag","embeddable":true,"href":"https:\/\/smans.com\/fr\/wp-json\/wp\/v2\/product_tag?post=24749"}],"curies":[{"name":"wp","href":"https:\/\/api.w.org\/{rel}","templated":true}]}}