{"id":24754,"date":"2024-06-09T17:10:32","date_gmt":"2024-06-09T15:10:32","guid":{"rendered":"https:\/\/smans.com\/product\/crimp-module-c1340\/"},"modified":"2026-04-07T12:32:36","modified_gmt":"2026-04-07T10:32:36","slug":"crimp-module-c1340","status":"publish","type":"product","link":"https:\/\/smans.com\/fr\/product\/crimp-module-c1340\/","title":{"rendered":"Komax - Crimp module C1340"},"content":{"rendered":"<p>La module de sertissage C1340 pour machines de traitement automatique des c\u00e2bles offre une combinaison de pr\u00e9cision, d&rsquo;efficacit\u00e9 et de convivialit\u00e9. Voici ses principales caract\u00e9ristiques :<\/p>\n<ul>\n<li><strong>Faibles taux de rebut<\/strong> gr\u00e2ce \u00e0 la surveillance de la force de sertissage CFA+\/CFA-.<\/li>\n<li><strong>Haute productivit\u00e9<\/strong> gr\u00e2ce \u00e0 des temps de r\u00e9glage courts.<\/li>\n<li><strong>Grande pr\u00e9cision<\/strong> pour des performances constantes et fiables.<\/li>\n<li><strong>Commande simple<\/strong> via un \u00e9cran tactile intuitif et une interface homme-machine (IHM).<\/li>\n<li><strong>Hauteur de sertissage r\u00e9glable<\/strong> manuellement sur l&rsquo;appareil.<\/li>\n<li><strong>Haute r\u00e9p\u00e9tabilit\u00e9<\/strong> gr\u00e2ce au moteur asynchrone.<\/li>\n<li><strong>Temps de cycle efficace<\/strong> de 220 ms (selon les r\u00e9glages).<\/li>\n<\/ul>\n<p><strong>Sp\u00e9cifications techniques :<\/strong><\/p>\n<ul>\n<li>Peut sertir des c\u00e2bles de <strong>0,125 \u00e0 6 mm\u00b2<\/strong> avec une grande pr\u00e9cision.<\/li>\n<li>Force de sertissage maximale de <strong>22 kN<\/strong>.<\/li>\n<\/ul>\n<p><strong>Avantages pour l&rsquo;utilisateur :<\/strong><\/p>\n<ul>\n<li><strong>R\u00e9duction des arr\u00eats de production<\/strong> gr\u00e2ce \u00e0 la surveillance de la force de sertissage CFA+\/CFA-.<\/li>\n<li><strong>Traitement pr\u00e9cis<\/strong> gr\u00e2ce au contr\u00f4le de la force de sertissage.<\/li>\n<li><strong>Zone de travail parfaitement \u00e9clair\u00e9e<\/strong> pour une visibilit\u00e9 optimale.<\/li>\n<li><strong>Commande innovante<\/strong> directement sur le module de sertissage.<\/li>\n<\/ul>\n<p>La C1340 offre une solution moderne pour le traitement des c\u00e2bles avec une efficacit\u00e9 maximale et un minimum de temps d&rsquo;arr\u00eat.<\/p>\n","protected":false},"excerpt":{"rendered":"<p>Machine de traitement automatique des c\u00e2bles<\/p>\n","protected":false},"featured_media":0,"template":"","meta":{"_acf_changed":false},"pwb-brand":[18260],"product_brand":[],"product_cat":[17990,17993,18035],"product_tag":[],"class_list":{"0":"post-24754","1":"product","2":"type-product","3":"status-publish","5":"pwb-brand-brand-komax-fr","6":"product_cat-cables-et-cablage-fr","7":"product_cat-couper-denuder-sertissage-fr","8":"product_cat-process-modules-fr","10":"first","11":"instock","12":"taxable","13":"shipping-taxable","14":"product-type-simple"},"acf":[],"yoast_head":"<!-- This site is optimized with the Yoast SEO plugin v27.1.1 - https:\/\/yoast.com\/product\/yoast-seo-wordpress\/ -->\n<title>Crimp module C1340 - Smans<\/title>\n<meta name=\"robots\" content=\"index, follow, max-snippet:-1, max-image-preview:large, max-video-preview:-1\" \/>\n<link rel=\"canonical\" href=\"https:\/\/smans.com\/fr\/product\/crimp-module-c1340\/\" \/>\n<meta property=\"og:locale\" content=\"fr_FR\" \/>\n<meta property=\"og:type\" content=\"article\" \/>\n<meta property=\"og:title\" content=\"Crimp module C1340 - Smans\" \/>\n<meta property=\"og:description\" content=\"Machine de traitement automatique des c\u00e2bles\" \/>\n<meta property=\"og:url\" content=\"https:\/\/smans.com\/fr\/product\/crimp-module-c1340\/\" \/>\n<meta property=\"og:site_name\" content=\"Smans\" \/>\n<meta property=\"article:modified_time\" content=\"2026-04-07T10:32:36+00:00\" \/>\n<meta name=\"twitter:card\" content=\"summary_large_image\" \/>\n<meta name=\"twitter:label1\" content=\"Dur\u00e9e de lecture estim\u00e9e\" \/>\n\t<meta name=\"twitter:data1\" content=\"1 minute\" \/>\n<script type=\"application\/ld+json\" class=\"yoast-schema-graph\">{\"@context\":\"https:\/\/schema.org\",\"@graph\":[{\"@type\":\"WebPage\",\"@id\":\"https:\/\/smans.com\/fr\/product\/crimp-module-c1340\/\",\"url\":\"https:\/\/smans.com\/fr\/product\/crimp-module-c1340\/\",\"name\":\"Crimp module C1340 - Smans\",\"isPartOf\":{\"@id\":\"https:\/\/smans.com\/nl\/#website\"},\"datePublished\":\"2024-06-09T15:10:32+00:00\",\"dateModified\":\"2026-04-07T10:32:36+00:00\",\"breadcrumb\":{\"@id\":\"https:\/\/smans.com\/fr\/product\/crimp-module-c1340\/#breadcrumb\"},\"inLanguage\":\"fr-FR\",\"potentialAction\":[{\"@type\":\"ReadAction\",\"target\":[\"https:\/\/smans.com\/fr\/product\/crimp-module-c1340\/\"]}]},{\"@type\":\"BreadcrumbList\",\"@id\":\"https:\/\/smans.com\/fr\/product\/crimp-module-c1340\/#breadcrumb\",\"itemListElement\":[{\"@type\":\"ListItem\",\"position\":1,\"name\":\"Home\",\"item\":\"https:\/\/smans.com\/fr\/\"},{\"@type\":\"ListItem\",\"position\":2,\"name\":\"Boutique\",\"item\":\"https:\/\/smans.com\/nl\/shop\/\"},{\"@type\":\"ListItem\",\"position\":3,\"name\":\"Komax - Crimp module C1340\"}]},{\"@type\":\"WebSite\",\"@id\":\"https:\/\/smans.com\/nl\/#website\",\"url\":\"https:\/\/smans.com\/nl\/\",\"name\":\"Smans\",\"description\":\"\",\"publisher\":{\"@id\":\"https:\/\/smans.com\/nl\/#organization\"},\"potentialAction\":[{\"@type\":\"SearchAction\",\"target\":{\"@type\":\"EntryPoint\",\"urlTemplate\":\"https:\/\/smans.com\/nl\/?s={search_term_string}\"},\"query-input\":{\"@type\":\"PropertyValueSpecification\",\"valueRequired\":true,\"valueName\":\"search_term_string\"}}],\"inLanguage\":\"fr-FR\"},{\"@type\":\"Organization\",\"@id\":\"https:\/\/smans.com\/nl\/#organization\",\"name\":\"Smans\",\"url\":\"https:\/\/smans.com\/nl\/\",\"logo\":{\"@type\":\"ImageObject\",\"inLanguage\":\"fr-FR\",\"@id\":\"https:\/\/smans.com\/nl\/#\/schema\/logo\/image\/\",\"url\":\"https:\/\/smans.com\/wp-content\/uploads\/2023\/09\/logo.svg\",\"contentUrl\":\"https:\/\/smans.com\/wp-content\/uploads\/2023\/09\/logo.svg\",\"caption\":\"Smans\"},\"image\":{\"@id\":\"https:\/\/smans.com\/nl\/#\/schema\/logo\/image\/\"}}]}<\/script>\n<!-- \/ Yoast SEO plugin. -->","yoast_head_json":{"title":"Crimp module C1340 - Smans","robots":{"index":"index","follow":"follow","max-snippet":"max-snippet:-1","max-image-preview":"max-image-preview:large","max-video-preview":"max-video-preview:-1"},"canonical":"https:\/\/smans.com\/fr\/product\/crimp-module-c1340\/","og_locale":"fr_FR","og_type":"article","og_title":"Crimp module C1340 - Smans","og_description":"Machine de traitement automatique des c\u00e2bles","og_url":"https:\/\/smans.com\/fr\/product\/crimp-module-c1340\/","og_site_name":"Smans","article_modified_time":"2026-04-07T10:32:36+00:00","twitter_card":"summary_large_image","twitter_misc":{"Dur\u00e9e de lecture estim\u00e9e":"1 minute"},"schema":{"@context":"https:\/\/schema.org","@graph":[{"@type":"WebPage","@id":"https:\/\/smans.com\/fr\/product\/crimp-module-c1340\/","url":"https:\/\/smans.com\/fr\/product\/crimp-module-c1340\/","name":"Crimp module C1340 - Smans","isPartOf":{"@id":"https:\/\/smans.com\/nl\/#website"},"datePublished":"2024-06-09T15:10:32+00:00","dateModified":"2026-04-07T10:32:36+00:00","breadcrumb":{"@id":"https:\/\/smans.com\/fr\/product\/crimp-module-c1340\/#breadcrumb"},"inLanguage":"fr-FR","potentialAction":[{"@type":"ReadAction","target":["https:\/\/smans.com\/fr\/product\/crimp-module-c1340\/"]}]},{"@type":"BreadcrumbList","@id":"https:\/\/smans.com\/fr\/product\/crimp-module-c1340\/#breadcrumb","itemListElement":[{"@type":"ListItem","position":1,"name":"Home","item":"https:\/\/smans.com\/fr\/"},{"@type":"ListItem","position":2,"name":"Boutique","item":"https:\/\/smans.com\/nl\/shop\/"},{"@type":"ListItem","position":3,"name":"Komax - Crimp module C1340"}]},{"@type":"WebSite","@id":"https:\/\/smans.com\/nl\/#website","url":"https:\/\/smans.com\/nl\/","name":"Smans","description":"","publisher":{"@id":"https:\/\/smans.com\/nl\/#organization"},"potentialAction":[{"@type":"SearchAction","target":{"@type":"EntryPoint","urlTemplate":"https:\/\/smans.com\/nl\/?s={search_term_string}"},"query-input":{"@type":"PropertyValueSpecification","valueRequired":true,"valueName":"search_term_string"}}],"inLanguage":"fr-FR"},{"@type":"Organization","@id":"https:\/\/smans.com\/nl\/#organization","name":"Smans","url":"https:\/\/smans.com\/nl\/","logo":{"@type":"ImageObject","inLanguage":"fr-FR","@id":"https:\/\/smans.com\/nl\/#\/schema\/logo\/image\/","url":"https:\/\/smans.com\/wp-content\/uploads\/2023\/09\/logo.svg","contentUrl":"https:\/\/smans.com\/wp-content\/uploads\/2023\/09\/logo.svg","caption":"Smans"},"image":{"@id":"https:\/\/smans.com\/nl\/#\/schema\/logo\/image\/"}}]}},"brands":[{"id":18260,"name":"Komax","slug":"brand-komax-fr"}],"_links":{"self":[{"href":"https:\/\/smans.com\/fr\/wp-json\/wp\/v2\/product\/24754","targetHints":{"allow":["GET"]}}],"collection":[{"href":"https:\/\/smans.com\/fr\/wp-json\/wp\/v2\/product"}],"about":[{"href":"https:\/\/smans.com\/fr\/wp-json\/wp\/v2\/types\/product"}],"wp:attachment":[{"href":"https:\/\/smans.com\/fr\/wp-json\/wp\/v2\/media?parent=24754"}],"wp:term":[{"taxonomy":"pwb-brand","embeddable":true,"href":"https:\/\/smans.com\/fr\/wp-json\/wp\/v2\/pwb-brand?post=24754"},{"taxonomy":"product_brand","embeddable":true,"href":"https:\/\/smans.com\/fr\/wp-json\/wp\/v2\/product_brand?post=24754"},{"taxonomy":"product_cat","embeddable":true,"href":"https:\/\/smans.com\/fr\/wp-json\/wp\/v2\/product_cat?post=24754"},{"taxonomy":"product_tag","embeddable":true,"href":"https:\/\/smans.com\/fr\/wp-json\/wp\/v2\/product_tag?post=24754"}],"curies":[{"name":"wp","href":"https:\/\/api.w.org\/{rel}","templated":true}]}}