{"id":24771,"date":"2024-06-09T17:21:31","date_gmt":"2024-06-09T15:21:31","guid":{"rendered":"https:\/\/smans.com\/product\/automatic-pick-place-printer-ii-a2\/"},"modified":"2026-04-13T12:40:50","modified_gmt":"2026-04-13T10:40:50","slug":"automatic-pick-place-printer-ii-a2","status":"publish","type":"product","link":"https:\/\/smans.com\/fr\/product\/automatic-pick-place-printer-ii-a2\/","title":{"rendered":"Europlacer - Automatic Pick &amp; Place Printer ii-A2"},"content":{"rendered":"<p>L&rsquo;Europlacer ii-A2 fait passer chaque ligne de production SMT au niveau sup\u00e9rieur. Avec des vitesses de placement pouvant atteindre <strong>50 000 composants par heure<\/strong> (cph), cette machine pick-and-place compacte offre une solution puissante \u00e0 ceux qui souhaitent allier vitesse et pr\u00e9cision. L&rsquo;ii-A2 optimise l&rsquo;ensemble du processus de placement tout en augmentant le d\u00e9bit et les performances des machines Europlacer en aval, pour une efficacit\u00e9 maximale dans chaque ligne de production.<\/p>\n<h4><strong>Con\u00e7ue intelligemment pour plus de flexibilit\u00e9 et d&rsquo;efficacit\u00e9<\/strong><\/h4>\n<p>Avec une capacit\u00e9 d&rsquo;alimentation de 162 positions de 8 mm et la prise en charge de composants <strong>de 01005 \u00e0 13 x 13 x 7 mm<\/strong>, l&rsquo;ii-A2 offre une polyvalence impressionnante dans un module compact. Sa conception modulaire permet une adaptation rapide aux changements de production, tandis que son contr\u00f4le intelligent garantit un placement sans erreur et un temps d&rsquo;arr\u00eat minimal. L&rsquo;ii-A2 est con\u00e7u pour offrir une productivit\u00e9 intelligente et enti\u00e8rement int\u00e9gr\u00e9e, id\u00e9ale pour les environnements SMT modernes \u00e0 forte mixit\u00e9 et \u00e0 grande vitesse.<\/p>\n<h4><strong>Enti\u00e8rement int\u00e9gr\u00e9 dans l&rsquo;\u00e9cosyst\u00e8me Europlacer<\/strong><\/h4>\n<p>L&rsquo;ii-A2 est enti\u00e8rement compatible avec la plateforme atom d&rsquo;Europlacer et prend en charge toutes les technologies d&rsquo;alimentation intelligentes d&rsquo;Europlacer. Gr\u00e2ce \u00e0 son convoyeur intelligent brevet\u00e9 avec des but\u00e9es de carte command\u00e9es par logiciel, la machine offre un contr\u00f4le et un d\u00e9bit maximaux. Malgr\u00e9 sa taille compacte, l&rsquo;ii-A2 traite des cartes de circuits imprim\u00e9s pouvant atteindre un m\u00e8tre de long, ce qui en fait un choix exceptionnellement puissant et p\u00e9renne pour tout environnement d&rsquo;assemblage \u00e9lectronique.<\/p>\n","protected":false},"excerpt":{"rendered":"<p>Machine pick-and-place compacte et modulaire avec des vitesses pouvant atteindre 50 000 CPH, con\u00e7ue pour optimiser le processus de placement et maximiser le d\u00e9bit et les performances des lignes de production SMT.<\/p>\n","protected":false},"featured_media":0,"template":"","meta":{"_acf_changed":false},"pwb-brand":[18240],"product_brand":[],"product_cat":[17991,18011,18084],"product_tag":[],"class_list":{"0":"post-24771","1":"product","2":"type-product","3":"status-publish","5":"pwb-brand-brand-europlacer-fr","6":"product_cat-electronique-fr","7":"product_cat-equipement-d-assemblage-smt-fr","8":"product_cat-pick-place-fr","10":"first","11":"instock","12":"taxable","13":"shipping-taxable","14":"product-type-simple"},"acf":[],"yoast_head":"<!-- This site is optimized with the Yoast SEO plugin v27.1.1 - https:\/\/yoast.com\/product\/yoast-seo-wordpress\/ -->\n<title>Automatic Pick &amp; Place Printer ii-A2 - Smans<\/title>\n<meta name=\"robots\" content=\"index, follow, max-snippet:-1, max-image-preview:large, max-video-preview:-1\" \/>\n<link rel=\"canonical\" href=\"https:\/\/smans.com\/fr\/product\/automatic-pick-place-printer-ii-a2\/\" \/>\n<meta property=\"og:locale\" content=\"fr_FR\" \/>\n<meta property=\"og:type\" content=\"article\" \/>\n<meta property=\"og:title\" content=\"Automatic Pick &amp; Place Printer ii-A2 - Smans\" \/>\n<meta property=\"og:description\" content=\"Machine pick-and-place compacte et modulaire avec des vitesses pouvant atteindre 50 000 CPH, con\u00e7ue pour optimiser le processus de placement et maximiser le d\u00e9bit et les performances des lignes de production SMT.\" \/>\n<meta property=\"og:url\" content=\"https:\/\/smans.com\/fr\/product\/automatic-pick-place-printer-ii-a2\/\" \/>\n<meta property=\"og:site_name\" content=\"Smans\" \/>\n<meta property=\"article:modified_time\" content=\"2026-04-13T10:40:50+00:00\" \/>\n<meta name=\"twitter:card\" content=\"summary_large_image\" \/>\n<meta name=\"twitter:label1\" content=\"Dur\u00e9e de lecture estim\u00e9e\" \/>\n\t<meta name=\"twitter:data1\" content=\"1 minute\" \/>\n<script type=\"application\/ld+json\" class=\"yoast-schema-graph\">{\"@context\":\"https:\/\/schema.org\",\"@graph\":[{\"@type\":\"WebPage\",\"@id\":\"https:\/\/smans.com\/fr\/product\/automatic-pick-place-printer-ii-a2\/\",\"url\":\"https:\/\/smans.com\/fr\/product\/automatic-pick-place-printer-ii-a2\/\",\"name\":\"Automatic Pick &amp; Place Printer ii-A2 - Smans\",\"isPartOf\":{\"@id\":\"https:\/\/smans.com\/nl\/#website\"},\"datePublished\":\"2024-06-09T15:21:31+00:00\",\"dateModified\":\"2026-04-13T10:40:50+00:00\",\"breadcrumb\":{\"@id\":\"https:\/\/smans.com\/fr\/product\/automatic-pick-place-printer-ii-a2\/#breadcrumb\"},\"inLanguage\":\"fr-FR\",\"potentialAction\":[{\"@type\":\"ReadAction\",\"target\":[\"https:\/\/smans.com\/fr\/product\/automatic-pick-place-printer-ii-a2\/\"]}]},{\"@type\":\"BreadcrumbList\",\"@id\":\"https:\/\/smans.com\/fr\/product\/automatic-pick-place-printer-ii-a2\/#breadcrumb\",\"itemListElement\":[{\"@type\":\"ListItem\",\"position\":1,\"name\":\"Home\",\"item\":\"https:\/\/smans.com\/fr\/\"},{\"@type\":\"ListItem\",\"position\":2,\"name\":\"Boutique\",\"item\":\"https:\/\/smans.com\/nl\/shop\/\"},{\"@type\":\"ListItem\",\"position\":3,\"name\":\"Europlacer - Automatic Pick &amp; Place Printer ii-A2\"}]},{\"@type\":\"WebSite\",\"@id\":\"https:\/\/smans.com\/nl\/#website\",\"url\":\"https:\/\/smans.com\/nl\/\",\"name\":\"Smans\",\"description\":\"\",\"publisher\":{\"@id\":\"https:\/\/smans.com\/nl\/#organization\"},\"potentialAction\":[{\"@type\":\"SearchAction\",\"target\":{\"@type\":\"EntryPoint\",\"urlTemplate\":\"https:\/\/smans.com\/nl\/?s={search_term_string}\"},\"query-input\":{\"@type\":\"PropertyValueSpecification\",\"valueRequired\":true,\"valueName\":\"search_term_string\"}}],\"inLanguage\":\"fr-FR\"},{\"@type\":\"Organization\",\"@id\":\"https:\/\/smans.com\/nl\/#organization\",\"name\":\"Smans\",\"url\":\"https:\/\/smans.com\/nl\/\",\"logo\":{\"@type\":\"ImageObject\",\"inLanguage\":\"fr-FR\",\"@id\":\"https:\/\/smans.com\/nl\/#\/schema\/logo\/image\/\",\"url\":\"https:\/\/smans.com\/wp-content\/uploads\/2023\/09\/logo.svg\",\"contentUrl\":\"https:\/\/smans.com\/wp-content\/uploads\/2023\/09\/logo.svg\",\"caption\":\"Smans\"},\"image\":{\"@id\":\"https:\/\/smans.com\/nl\/#\/schema\/logo\/image\/\"}}]}<\/script>\n<!-- \/ Yoast SEO plugin. -->","yoast_head_json":{"title":"Automatic Pick &amp; Place Printer ii-A2 - Smans","robots":{"index":"index","follow":"follow","max-snippet":"max-snippet:-1","max-image-preview":"max-image-preview:large","max-video-preview":"max-video-preview:-1"},"canonical":"https:\/\/smans.com\/fr\/product\/automatic-pick-place-printer-ii-a2\/","og_locale":"fr_FR","og_type":"article","og_title":"Automatic Pick &amp; Place Printer ii-A2 - Smans","og_description":"Machine pick-and-place compacte et modulaire avec des vitesses pouvant atteindre 50 000 CPH, con\u00e7ue pour optimiser le processus de placement et maximiser le d\u00e9bit et les performances des lignes de production SMT.","og_url":"https:\/\/smans.com\/fr\/product\/automatic-pick-place-printer-ii-a2\/","og_site_name":"Smans","article_modified_time":"2026-04-13T10:40:50+00:00","twitter_card":"summary_large_image","twitter_misc":{"Dur\u00e9e de lecture estim\u00e9e":"1 minute"},"schema":{"@context":"https:\/\/schema.org","@graph":[{"@type":"WebPage","@id":"https:\/\/smans.com\/fr\/product\/automatic-pick-place-printer-ii-a2\/","url":"https:\/\/smans.com\/fr\/product\/automatic-pick-place-printer-ii-a2\/","name":"Automatic Pick &amp; Place Printer ii-A2 - Smans","isPartOf":{"@id":"https:\/\/smans.com\/nl\/#website"},"datePublished":"2024-06-09T15:21:31+00:00","dateModified":"2026-04-13T10:40:50+00:00","breadcrumb":{"@id":"https:\/\/smans.com\/fr\/product\/automatic-pick-place-printer-ii-a2\/#breadcrumb"},"inLanguage":"fr-FR","potentialAction":[{"@type":"ReadAction","target":["https:\/\/smans.com\/fr\/product\/automatic-pick-place-printer-ii-a2\/"]}]},{"@type":"BreadcrumbList","@id":"https:\/\/smans.com\/fr\/product\/automatic-pick-place-printer-ii-a2\/#breadcrumb","itemListElement":[{"@type":"ListItem","position":1,"name":"Home","item":"https:\/\/smans.com\/fr\/"},{"@type":"ListItem","position":2,"name":"Boutique","item":"https:\/\/smans.com\/nl\/shop\/"},{"@type":"ListItem","position":3,"name":"Europlacer - Automatic Pick &amp; Place Printer ii-A2"}]},{"@type":"WebSite","@id":"https:\/\/smans.com\/nl\/#website","url":"https:\/\/smans.com\/nl\/","name":"Smans","description":"","publisher":{"@id":"https:\/\/smans.com\/nl\/#organization"},"potentialAction":[{"@type":"SearchAction","target":{"@type":"EntryPoint","urlTemplate":"https:\/\/smans.com\/nl\/?s={search_term_string}"},"query-input":{"@type":"PropertyValueSpecification","valueRequired":true,"valueName":"search_term_string"}}],"inLanguage":"fr-FR"},{"@type":"Organization","@id":"https:\/\/smans.com\/nl\/#organization","name":"Smans","url":"https:\/\/smans.com\/nl\/","logo":{"@type":"ImageObject","inLanguage":"fr-FR","@id":"https:\/\/smans.com\/nl\/#\/schema\/logo\/image\/","url":"https:\/\/smans.com\/wp-content\/uploads\/2023\/09\/logo.svg","contentUrl":"https:\/\/smans.com\/wp-content\/uploads\/2023\/09\/logo.svg","caption":"Smans"},"image":{"@id":"https:\/\/smans.com\/nl\/#\/schema\/logo\/image\/"}}]}},"brands":[{"id":18240,"name":"Europlacer","slug":"brand-europlacer-fr"}],"_links":{"self":[{"href":"https:\/\/smans.com\/fr\/wp-json\/wp\/v2\/product\/24771","targetHints":{"allow":["GET"]}}],"collection":[{"href":"https:\/\/smans.com\/fr\/wp-json\/wp\/v2\/product"}],"about":[{"href":"https:\/\/smans.com\/fr\/wp-json\/wp\/v2\/types\/product"}],"wp:attachment":[{"href":"https:\/\/smans.com\/fr\/wp-json\/wp\/v2\/media?parent=24771"}],"wp:term":[{"taxonomy":"pwb-brand","embeddable":true,"href":"https:\/\/smans.com\/fr\/wp-json\/wp\/v2\/pwb-brand?post=24771"},{"taxonomy":"product_brand","embeddable":true,"href":"https:\/\/smans.com\/fr\/wp-json\/wp\/v2\/product_brand?post=24771"},{"taxonomy":"product_cat","embeddable":true,"href":"https:\/\/smans.com\/fr\/wp-json\/wp\/v2\/product_cat?post=24771"},{"taxonomy":"product_tag","embeddable":true,"href":"https:\/\/smans.com\/fr\/wp-json\/wp\/v2\/product_tag?post=24771"}],"curies":[{"name":"wp","href":"https:\/\/api.w.org\/{rel}","templated":true}]}}