{"id":24779,"date":"2024-06-09T17:21:39","date_gmt":"2024-06-09T15:21:39","guid":{"rendered":"https:\/\/smans.com\/product\/automatic-pick-place-printer-ii-a4\/"},"modified":"2026-04-05T12:16:02","modified_gmt":"2026-04-05T10:16:02","slug":"automatic-pick-place-printer-ii-a4","status":"publish","type":"product","link":"https:\/\/smans.com\/fr\/product\/automatic-pick-place-printer-ii-a4\/","title":{"rendered":"Europlacer - Automatic Pick &amp; Place Printer ii-A4"},"content":{"rendered":"<p>L&rsquo;Europlacer ii-A4 est le fleuron de la production SMT \u00e0 haut volume, con\u00e7u pour offrir une vitesse maximale sans compromettre la pr\u00e9cision ou la polyvalence. Gr\u00e2ce \u00e0 quatre portiques X\/Y ind\u00e9pendants, chacun \u00e9quip\u00e9 d&rsquo;une t\u00eate de placement Pulsar, l&rsquo;ii-A4 atteint une vitesse de placement impressionnante pouvant atteindre <strong>104 000 composants par heure.<\/strong> Il traite sans difficult\u00e9 des composants de 01005 \u00e0 13 \u00d7 13 \u00d7 7 mm, y compris les QFP, \u00b5BGA, CSP, QFN et autres composants SMD.<\/p>\n<p>Le syst\u00e8me utilise des trajectoires de placement optimis\u00e9es et la fonction Auto Adaptive Sequencing (AAS) d&rsquo;Europlacer, qui permet d&rsquo;\u00e9viter les collisions et de maximiser l&rsquo;efficacit\u00e9. Associ\u00e9 \u00e0 la compensation Z en temps r\u00e9el (3DPS), cela garantit une pr\u00e9cision constante de \u00b122 \u00b5m pour les QFP et de \u00b150 \u00b5m pour les puces.<\/p>\n<p>L&rsquo;ii-A4 offre une capacit\u00e9 d&rsquo;alimentation de 264 \u00d7 8 mm et prend en charge des cartes de circuits imprim\u00e9s jusqu&rsquo;\u00e0 825 \u00d7 715 mm, avec une \u00e9paisseur maximale de 10 mm et un poids maximal de 10 kg. Le convoyeur intelligent sans but\u00e9es m\u00e9caniques optimise automatiquement la position de chaque carte, ce qui se traduit par des temps d&rsquo;attente minimaux et un rendement maximal.<\/p>\n<p>Gr\u00e2ce au logiciel intuitif ii-RC, \u00e0 la connectivit\u00e9 CFX 1.7 et \u00e0 l&rsquo;int\u00e9gration mobile ii-Tab, l&rsquo;ii-A4 s&rsquo;int\u00e8gre parfaitement dans les lignes de production automatis\u00e9es modernes. En option, la machine peut \u00eatre \u00e9quip\u00e9e de modules de test \u00e9lectriques, de solutions de tra\u00e7abilit\u00e9, de syst\u00e8mes de dosage de colle et d&rsquo;options de cam\u00e9ra arri\u00e8re pour encore plus de contr\u00f4le et de rapidit\u00e9.<\/p>\n<p>L&rsquo;Europlacer ii-A4 est donc le choix id\u00e9al pour les environnements de production o\u00f9 la vitesse, la pr\u00e9cision et la fiabilit\u00e9 sont essentielles. Il s&rsquo;agit d&rsquo;une machine puissante qui \u00e9l\u00e8ve la productivit\u00e9 de toute ligne SMT \u00e0 un niveau sup\u00e9rieur.<\/p>\n","protected":false},"excerpt":{"rendered":"<p>Plateforme pick-and-place avec quatre portiques ind\u00e9pendants et t\u00eates Pulsar, con\u00e7ue pour la production SMD \u00e0 grande \u00e9chelle.<\/p>\n","protected":false},"featured_media":0,"template":"","meta":{"_acf_changed":false},"pwb-brand":[18240],"product_brand":[],"product_cat":[17991,18011,18084],"product_tag":[],"class_list":{"0":"post-24779","1":"product","2":"type-product","3":"status-publish","5":"pwb-brand-brand-europlacer-fr","6":"product_cat-electronique-fr","7":"product_cat-equipement-d-assemblage-smt-fr","8":"product_cat-pick-place-fr","10":"first","11":"instock","12":"taxable","13":"shipping-taxable","14":"product-type-simple"},"acf":[],"yoast_head":"<!-- This site is optimized with the Yoast SEO plugin v27.1.1 - https:\/\/yoast.com\/product\/yoast-seo-wordpress\/ -->\n<title>Automatic Pick &amp; Place Printer ii-A4 - Smans<\/title>\n<meta name=\"robots\" content=\"index, follow, max-snippet:-1, max-image-preview:large, max-video-preview:-1\" \/>\n<link rel=\"canonical\" href=\"https:\/\/smans.com\/fr\/product\/automatic-pick-place-printer-ii-a4\/\" \/>\n<meta property=\"og:locale\" content=\"fr_FR\" \/>\n<meta property=\"og:type\" content=\"article\" \/>\n<meta property=\"og:title\" content=\"Automatic Pick &amp; Place Printer ii-A4 - Smans\" \/>\n<meta property=\"og:description\" content=\"Plateforme pick-and-place avec quatre portiques ind\u00e9pendants et t\u00eates Pulsar, con\u00e7ue pour la production SMD \u00e0 grande \u00e9chelle.\" \/>\n<meta property=\"og:url\" content=\"https:\/\/smans.com\/fr\/product\/automatic-pick-place-printer-ii-a4\/\" \/>\n<meta property=\"og:site_name\" content=\"Smans\" \/>\n<meta property=\"article:modified_time\" content=\"2026-04-05T10:16:02+00:00\" \/>\n<meta name=\"twitter:card\" content=\"summary_large_image\" \/>\n<meta name=\"twitter:label1\" content=\"Dur\u00e9e de lecture estim\u00e9e\" \/>\n\t<meta name=\"twitter:data1\" content=\"1 minute\" \/>\n<script type=\"application\/ld+json\" class=\"yoast-schema-graph\">{\"@context\":\"https:\/\/schema.org\",\"@graph\":[{\"@type\":\"WebPage\",\"@id\":\"https:\/\/smans.com\/fr\/product\/automatic-pick-place-printer-ii-a4\/\",\"url\":\"https:\/\/smans.com\/fr\/product\/automatic-pick-place-printer-ii-a4\/\",\"name\":\"Automatic Pick &amp; Place Printer ii-A4 - Smans\",\"isPartOf\":{\"@id\":\"https:\/\/smans.com\/nl\/#website\"},\"datePublished\":\"2024-06-09T15:21:39+00:00\",\"dateModified\":\"2026-04-05T10:16:02+00:00\",\"breadcrumb\":{\"@id\":\"https:\/\/smans.com\/fr\/product\/automatic-pick-place-printer-ii-a4\/#breadcrumb\"},\"inLanguage\":\"fr-FR\",\"potentialAction\":[{\"@type\":\"ReadAction\",\"target\":[\"https:\/\/smans.com\/fr\/product\/automatic-pick-place-printer-ii-a4\/\"]}]},{\"@type\":\"BreadcrumbList\",\"@id\":\"https:\/\/smans.com\/fr\/product\/automatic-pick-place-printer-ii-a4\/#breadcrumb\",\"itemListElement\":[{\"@type\":\"ListItem\",\"position\":1,\"name\":\"Home\",\"item\":\"https:\/\/smans.com\/fr\/\"},{\"@type\":\"ListItem\",\"position\":2,\"name\":\"Boutique\",\"item\":\"https:\/\/smans.com\/nl\/shop\/\"},{\"@type\":\"ListItem\",\"position\":3,\"name\":\"Europlacer - Automatic Pick &amp; Place Printer ii-A4\"}]},{\"@type\":\"WebSite\",\"@id\":\"https:\/\/smans.com\/nl\/#website\",\"url\":\"https:\/\/smans.com\/nl\/\",\"name\":\"Smans\",\"description\":\"\",\"publisher\":{\"@id\":\"https:\/\/smans.com\/nl\/#organization\"},\"potentialAction\":[{\"@type\":\"SearchAction\",\"target\":{\"@type\":\"EntryPoint\",\"urlTemplate\":\"https:\/\/smans.com\/nl\/?s={search_term_string}\"},\"query-input\":{\"@type\":\"PropertyValueSpecification\",\"valueRequired\":true,\"valueName\":\"search_term_string\"}}],\"inLanguage\":\"fr-FR\"},{\"@type\":\"Organization\",\"@id\":\"https:\/\/smans.com\/nl\/#organization\",\"name\":\"Smans\",\"url\":\"https:\/\/smans.com\/nl\/\",\"logo\":{\"@type\":\"ImageObject\",\"inLanguage\":\"fr-FR\",\"@id\":\"https:\/\/smans.com\/nl\/#\/schema\/logo\/image\/\",\"url\":\"https:\/\/smans.com\/wp-content\/uploads\/2023\/09\/logo.svg\",\"contentUrl\":\"https:\/\/smans.com\/wp-content\/uploads\/2023\/09\/logo.svg\",\"caption\":\"Smans\"},\"image\":{\"@id\":\"https:\/\/smans.com\/nl\/#\/schema\/logo\/image\/\"}}]}<\/script>\n<!-- \/ Yoast SEO plugin. -->","yoast_head_json":{"title":"Automatic Pick &amp; Place Printer ii-A4 - Smans","robots":{"index":"index","follow":"follow","max-snippet":"max-snippet:-1","max-image-preview":"max-image-preview:large","max-video-preview":"max-video-preview:-1"},"canonical":"https:\/\/smans.com\/fr\/product\/automatic-pick-place-printer-ii-a4\/","og_locale":"fr_FR","og_type":"article","og_title":"Automatic Pick &amp; Place Printer ii-A4 - Smans","og_description":"Plateforme pick-and-place avec quatre portiques ind\u00e9pendants et t\u00eates Pulsar, con\u00e7ue pour la production SMD \u00e0 grande \u00e9chelle.","og_url":"https:\/\/smans.com\/fr\/product\/automatic-pick-place-printer-ii-a4\/","og_site_name":"Smans","article_modified_time":"2026-04-05T10:16:02+00:00","twitter_card":"summary_large_image","twitter_misc":{"Dur\u00e9e de lecture estim\u00e9e":"1 minute"},"schema":{"@context":"https:\/\/schema.org","@graph":[{"@type":"WebPage","@id":"https:\/\/smans.com\/fr\/product\/automatic-pick-place-printer-ii-a4\/","url":"https:\/\/smans.com\/fr\/product\/automatic-pick-place-printer-ii-a4\/","name":"Automatic Pick &amp; Place Printer ii-A4 - Smans","isPartOf":{"@id":"https:\/\/smans.com\/nl\/#website"},"datePublished":"2024-06-09T15:21:39+00:00","dateModified":"2026-04-05T10:16:02+00:00","breadcrumb":{"@id":"https:\/\/smans.com\/fr\/product\/automatic-pick-place-printer-ii-a4\/#breadcrumb"},"inLanguage":"fr-FR","potentialAction":[{"@type":"ReadAction","target":["https:\/\/smans.com\/fr\/product\/automatic-pick-place-printer-ii-a4\/"]}]},{"@type":"BreadcrumbList","@id":"https:\/\/smans.com\/fr\/product\/automatic-pick-place-printer-ii-a4\/#breadcrumb","itemListElement":[{"@type":"ListItem","position":1,"name":"Home","item":"https:\/\/smans.com\/fr\/"},{"@type":"ListItem","position":2,"name":"Boutique","item":"https:\/\/smans.com\/nl\/shop\/"},{"@type":"ListItem","position":3,"name":"Europlacer - Automatic Pick &amp; Place Printer ii-A4"}]},{"@type":"WebSite","@id":"https:\/\/smans.com\/nl\/#website","url":"https:\/\/smans.com\/nl\/","name":"Smans","description":"","publisher":{"@id":"https:\/\/smans.com\/nl\/#organization"},"potentialAction":[{"@type":"SearchAction","target":{"@type":"EntryPoint","urlTemplate":"https:\/\/smans.com\/nl\/?s={search_term_string}"},"query-input":{"@type":"PropertyValueSpecification","valueRequired":true,"valueName":"search_term_string"}}],"inLanguage":"fr-FR"},{"@type":"Organization","@id":"https:\/\/smans.com\/nl\/#organization","name":"Smans","url":"https:\/\/smans.com\/nl\/","logo":{"@type":"ImageObject","inLanguage":"fr-FR","@id":"https:\/\/smans.com\/nl\/#\/schema\/logo\/image\/","url":"https:\/\/smans.com\/wp-content\/uploads\/2023\/09\/logo.svg","contentUrl":"https:\/\/smans.com\/wp-content\/uploads\/2023\/09\/logo.svg","caption":"Smans"},"image":{"@id":"https:\/\/smans.com\/nl\/#\/schema\/logo\/image\/"}}]}},"brands":[{"id":18240,"name":"Europlacer","slug":"brand-europlacer-fr"}],"_links":{"self":[{"href":"https:\/\/smans.com\/fr\/wp-json\/wp\/v2\/product\/24779","targetHints":{"allow":["GET"]}}],"collection":[{"href":"https:\/\/smans.com\/fr\/wp-json\/wp\/v2\/product"}],"about":[{"href":"https:\/\/smans.com\/fr\/wp-json\/wp\/v2\/types\/product"}],"wp:attachment":[{"href":"https:\/\/smans.com\/fr\/wp-json\/wp\/v2\/media?parent=24779"}],"wp:term":[{"taxonomy":"pwb-brand","embeddable":true,"href":"https:\/\/smans.com\/fr\/wp-json\/wp\/v2\/pwb-brand?post=24779"},{"taxonomy":"product_brand","embeddable":true,"href":"https:\/\/smans.com\/fr\/wp-json\/wp\/v2\/product_brand?post=24779"},{"taxonomy":"product_cat","embeddable":true,"href":"https:\/\/smans.com\/fr\/wp-json\/wp\/v2\/product_cat?post=24779"},{"taxonomy":"product_tag","embeddable":true,"href":"https:\/\/smans.com\/fr\/wp-json\/wp\/v2\/product_tag?post=24779"}],"curies":[{"name":"wp","href":"https:\/\/api.w.org\/{rel}","templated":true}]}}