{"id":24783,"date":"2024-06-09T17:21:42","date_gmt":"2024-06-09T15:21:42","guid":{"rendered":"https:\/\/smans.com\/product\/automatic-pick-place-printer-placeall-520\/"},"modified":"2026-04-29T11:00:53","modified_gmt":"2026-04-29T09:00:53","slug":"automatic-pick-place-printer-placeall-520","status":"publish","type":"product","link":"https:\/\/smans.com\/fr\/product\/automatic-pick-place-printer-placeall-520\/","title":{"rendered":"Fritsch SMT - Automatic Pick &amp; Place Printer placeALL 520"},"content":{"rendered":"<p>La placeALL\u00ae520 est une machine pick-and-place avanc\u00e9e con\u00e7ue pour l&rsquo;assemblage et le dosage de prototypes et de s\u00e9ries z\u00e9ro \u00e0 une vitesse pouvant atteindre <strong>4 000 composants par heure<\/strong>. Gr\u00e2ce \u00e0 son logiciel intelligent et \u00e0 ses 200 emplacements de kitting, les temps de changement sont r\u00e9duits au minimum, ce qui permet de maintenir une productivit\u00e9 \u00e9lev\u00e9e, m\u00eame pour les petits lots. La machine prend en charge une large gamme de composants, des puces 0201 aux composants \u00e0 pas fin <strong>70 \u00d7 70 mm avec un pas de 0,4 mm<\/strong>, y compris les BGA, CSP, \u00b5BGA, QFN et les composants sp\u00e9cifiques aux clients tels que les connecteurs et les LED c\u00e2bl\u00e9es.<\/p>\n<p>Le centrage laser sur la t\u00eate d&rsquo;assemblage permet un alignement rapide et sans contact en mesurant les composants pendant la rotation, ce qui est id\u00e9al pour les composants jusqu&rsquo;\u00e0 32 \u00d7 32 mm et les pas fins jusqu&rsquo;\u00e0 0,4 mm. Pour les composants plus grands ou plus complexes, la vision par le bas offre une reconnaissance d&rsquo;image puissante qui calcule la position de placement exacte et contr\u00f4le la qualit\u00e9 des BGA et des connexions \u00e0 pas fin.<\/p>\n<p>Gr\u00e2ce \u00e0 la technologie smartFEEDER, les feeders sont \u00e9quip\u00e9s d&rsquo;une commande par microprocesseur et d&rsquo;une programmation sans fil par code-barres, de sorte que la machine sait automatiquement quels composants sont charg\u00e9s et o\u00f9 ils se trouvent, ce qui permet un gain de temps consid\u00e9rable lors des changements de produit. La reconnaissance automatique des fiducies acc\u00e9l\u00e8re encore le processus de positionnement et garantit un placement sans erreur, m\u00eame avec des cartes multiples.<\/p>\n<p>Lorsque les donn\u00e9es CAO ne sont pas disponibles, l&rsquo;op\u00e9rateur peut facilement programmer manuellement de nouveaux assemblages via l&rsquo;interface visuelle int\u00e9gr\u00e9e ou importer des donn\u00e9es \u00e0 l&rsquo;aide du convertisseur CAO pour une pr\u00e9paration rapide du projet. De plus, le placeALL\u00ae520 peut \u00eatre enti\u00e8rement int\u00e9gr\u00e9 dans un syst\u00e8me de transport en ligne conforme \u00e0 la norme SMEMA, ce qui garantit une connexion transparente avec les fours de refusion, les chargeurs et les modules de transport.<\/p>\n<p>En option, la machine peut \u00eatre \u00e9quip\u00e9e de syst\u00e8mes de dosage pour la p\u00e2te \u00e0 souder ou la colle, notamment un syst\u00e8me \u00e0 pression temporis\u00e9e ou un syst\u00e8me command\u00e9 par microprocesseur qui surveille des param\u00e8tres tels que la temp\u00e9rature et le niveau de remplissage, id\u00e9al pour un dosage pr\u00e9cis dans les applications \u00e0 pas fin.<\/p>\n<p>La placeALL\u00ae520 combine pr\u00e9cision, flexibilit\u00e9 et automatisation dans une solution compacte, parfaite pour la R&amp;D, la production de prototypes et les petites s\u00e9ries o\u00f9 la fiabilit\u00e9 et l&rsquo;efficacit\u00e9 sont essentielles.<\/p>\n","protected":false},"excerpt":{"rendered":"<p>Machine pick-and-place pour prototypes et petites s\u00e9ries, avec centrage laser et vision, jusqu&rsquo;\u00e0 200 positions d&rsquo;alimentation et logiciel intelligent pour un changement rapide et un placement sans erreur des composants de 0201 \u00e0 70\u00d770 mm.<\/p>\n","protected":false},"featured_media":0,"template":"","meta":{"_acf_changed":false},"pwb-brand":[18242],"product_brand":[],"product_cat":[17991,18011,18084],"product_tag":[],"class_list":{"0":"post-24783","1":"product","2":"type-product","3":"status-publish","5":"pwb-brand-brand-fritsch-fr","6":"product_cat-electronique-fr","7":"product_cat-equipement-d-assemblage-smt-fr","8":"product_cat-pick-place-fr","10":"first","11":"instock","12":"taxable","13":"shipping-taxable","14":"product-type-simple"},"acf":[],"yoast_head":"<!-- This site is optimized with the Yoast SEO plugin v27.1.1 - https:\/\/yoast.com\/product\/yoast-seo-wordpress\/ -->\n<title>Automatic Pick &amp; Place Printer placeALL 520 - Smans<\/title>\n<meta name=\"robots\" content=\"index, follow, max-snippet:-1, max-image-preview:large, max-video-preview:-1\" \/>\n<link rel=\"canonical\" href=\"https:\/\/smans.com\/fr\/product\/automatic-pick-place-printer-placeall-520\/\" \/>\n<meta property=\"og:locale\" content=\"fr_FR\" \/>\n<meta property=\"og:type\" content=\"article\" \/>\n<meta property=\"og:title\" content=\"Automatic Pick &amp; Place Printer placeALL 520 - Smans\" \/>\n<meta property=\"og:description\" content=\"Machine pick-and-place pour prototypes et petites s\u00e9ries, avec centrage laser et vision, jusqu&#039;\u00e0 200 positions d&#039;alimentation et logiciel intelligent pour un changement rapide et un placement sans erreur des composants de 0201 \u00e0 70\u00d770 mm.\" \/>\n<meta property=\"og:url\" content=\"https:\/\/smans.com\/fr\/product\/automatic-pick-place-printer-placeall-520\/\" \/>\n<meta property=\"og:site_name\" content=\"Smans\" \/>\n<meta property=\"article:modified_time\" content=\"2026-04-29T09:00:53+00:00\" \/>\n<meta name=\"twitter:card\" content=\"summary_large_image\" \/>\n<meta name=\"twitter:label1\" content=\"Dur\u00e9e de lecture estim\u00e9e\" \/>\n\t<meta name=\"twitter:data1\" content=\"2 minutes\" \/>\n<script type=\"application\/ld+json\" class=\"yoast-schema-graph\">{\"@context\":\"https:\/\/schema.org\",\"@graph\":[{\"@type\":\"WebPage\",\"@id\":\"https:\/\/smans.com\/fr\/product\/automatic-pick-place-printer-placeall-520\/\",\"url\":\"https:\/\/smans.com\/fr\/product\/automatic-pick-place-printer-placeall-520\/\",\"name\":\"Automatic Pick &amp; Place Printer placeALL 520 - Smans\",\"isPartOf\":{\"@id\":\"https:\/\/smans.com\/nl\/#website\"},\"datePublished\":\"2024-06-09T15:21:42+00:00\",\"dateModified\":\"2026-04-29T09:00:53+00:00\",\"breadcrumb\":{\"@id\":\"https:\/\/smans.com\/fr\/product\/automatic-pick-place-printer-placeall-520\/#breadcrumb\"},\"inLanguage\":\"fr-FR\",\"potentialAction\":[{\"@type\":\"ReadAction\",\"target\":[\"https:\/\/smans.com\/fr\/product\/automatic-pick-place-printer-placeall-520\/\"]}]},{\"@type\":\"BreadcrumbList\",\"@id\":\"https:\/\/smans.com\/fr\/product\/automatic-pick-place-printer-placeall-520\/#breadcrumb\",\"itemListElement\":[{\"@type\":\"ListItem\",\"position\":1,\"name\":\"Home\",\"item\":\"https:\/\/smans.com\/fr\/\"},{\"@type\":\"ListItem\",\"position\":2,\"name\":\"Boutique\",\"item\":\"https:\/\/smans.com\/nl\/shop\/\"},{\"@type\":\"ListItem\",\"position\":3,\"name\":\"Fritsch SMT - Automatic Pick &amp; Place Printer placeALL 520\"}]},{\"@type\":\"WebSite\",\"@id\":\"https:\/\/smans.com\/nl\/#website\",\"url\":\"https:\/\/smans.com\/nl\/\",\"name\":\"Smans\",\"description\":\"\",\"publisher\":{\"@id\":\"https:\/\/smans.com\/nl\/#organization\"},\"potentialAction\":[{\"@type\":\"SearchAction\",\"target\":{\"@type\":\"EntryPoint\",\"urlTemplate\":\"https:\/\/smans.com\/nl\/?s={search_term_string}\"},\"query-input\":{\"@type\":\"PropertyValueSpecification\",\"valueRequired\":true,\"valueName\":\"search_term_string\"}}],\"inLanguage\":\"fr-FR\"},{\"@type\":\"Organization\",\"@id\":\"https:\/\/smans.com\/nl\/#organization\",\"name\":\"Smans\",\"url\":\"https:\/\/smans.com\/nl\/\",\"logo\":{\"@type\":\"ImageObject\",\"inLanguage\":\"fr-FR\",\"@id\":\"https:\/\/smans.com\/nl\/#\/schema\/logo\/image\/\",\"url\":\"https:\/\/smans.com\/wp-content\/uploads\/2023\/09\/logo.svg\",\"contentUrl\":\"https:\/\/smans.com\/wp-content\/uploads\/2023\/09\/logo.svg\",\"caption\":\"Smans\"},\"image\":{\"@id\":\"https:\/\/smans.com\/nl\/#\/schema\/logo\/image\/\"}}]}<\/script>\n<!-- \/ Yoast SEO plugin. -->","yoast_head_json":{"title":"Automatic Pick &amp; Place Printer placeALL 520 - Smans","robots":{"index":"index","follow":"follow","max-snippet":"max-snippet:-1","max-image-preview":"max-image-preview:large","max-video-preview":"max-video-preview:-1"},"canonical":"https:\/\/smans.com\/fr\/product\/automatic-pick-place-printer-placeall-520\/","og_locale":"fr_FR","og_type":"article","og_title":"Automatic Pick &amp; Place Printer placeALL 520 - Smans","og_description":"Machine pick-and-place pour prototypes et petites s\u00e9ries, avec centrage laser et vision, jusqu'\u00e0 200 positions d'alimentation et logiciel intelligent pour un changement rapide et un placement sans erreur des composants de 0201 \u00e0 70\u00d770 mm.","og_url":"https:\/\/smans.com\/fr\/product\/automatic-pick-place-printer-placeall-520\/","og_site_name":"Smans","article_modified_time":"2026-04-29T09:00:53+00:00","twitter_card":"summary_large_image","twitter_misc":{"Dur\u00e9e de lecture estim\u00e9e":"2 minutes"},"schema":{"@context":"https:\/\/schema.org","@graph":[{"@type":"WebPage","@id":"https:\/\/smans.com\/fr\/product\/automatic-pick-place-printer-placeall-520\/","url":"https:\/\/smans.com\/fr\/product\/automatic-pick-place-printer-placeall-520\/","name":"Automatic Pick &amp; Place Printer placeALL 520 - Smans","isPartOf":{"@id":"https:\/\/smans.com\/nl\/#website"},"datePublished":"2024-06-09T15:21:42+00:00","dateModified":"2026-04-29T09:00:53+00:00","breadcrumb":{"@id":"https:\/\/smans.com\/fr\/product\/automatic-pick-place-printer-placeall-520\/#breadcrumb"},"inLanguage":"fr-FR","potentialAction":[{"@type":"ReadAction","target":["https:\/\/smans.com\/fr\/product\/automatic-pick-place-printer-placeall-520\/"]}]},{"@type":"BreadcrumbList","@id":"https:\/\/smans.com\/fr\/product\/automatic-pick-place-printer-placeall-520\/#breadcrumb","itemListElement":[{"@type":"ListItem","position":1,"name":"Home","item":"https:\/\/smans.com\/fr\/"},{"@type":"ListItem","position":2,"name":"Boutique","item":"https:\/\/smans.com\/nl\/shop\/"},{"@type":"ListItem","position":3,"name":"Fritsch SMT - Automatic Pick &amp; Place Printer placeALL 520"}]},{"@type":"WebSite","@id":"https:\/\/smans.com\/nl\/#website","url":"https:\/\/smans.com\/nl\/","name":"Smans","description":"","publisher":{"@id":"https:\/\/smans.com\/nl\/#organization"},"potentialAction":[{"@type":"SearchAction","target":{"@type":"EntryPoint","urlTemplate":"https:\/\/smans.com\/nl\/?s={search_term_string}"},"query-input":{"@type":"PropertyValueSpecification","valueRequired":true,"valueName":"search_term_string"}}],"inLanguage":"fr-FR"},{"@type":"Organization","@id":"https:\/\/smans.com\/nl\/#organization","name":"Smans","url":"https:\/\/smans.com\/nl\/","logo":{"@type":"ImageObject","inLanguage":"fr-FR","@id":"https:\/\/smans.com\/nl\/#\/schema\/logo\/image\/","url":"https:\/\/smans.com\/wp-content\/uploads\/2023\/09\/logo.svg","contentUrl":"https:\/\/smans.com\/wp-content\/uploads\/2023\/09\/logo.svg","caption":"Smans"},"image":{"@id":"https:\/\/smans.com\/nl\/#\/schema\/logo\/image\/"}}]}},"brands":[{"id":18242,"name":"Fritsch SMT","slug":"brand-fritsch-fr"}],"_links":{"self":[{"href":"https:\/\/smans.com\/fr\/wp-json\/wp\/v2\/product\/24783","targetHints":{"allow":["GET"]}}],"collection":[{"href":"https:\/\/smans.com\/fr\/wp-json\/wp\/v2\/product"}],"about":[{"href":"https:\/\/smans.com\/fr\/wp-json\/wp\/v2\/types\/product"}],"wp:attachment":[{"href":"https:\/\/smans.com\/fr\/wp-json\/wp\/v2\/media?parent=24783"}],"wp:term":[{"taxonomy":"pwb-brand","embeddable":true,"href":"https:\/\/smans.com\/fr\/wp-json\/wp\/v2\/pwb-brand?post=24783"},{"taxonomy":"product_brand","embeddable":true,"href":"https:\/\/smans.com\/fr\/wp-json\/wp\/v2\/product_brand?post=24783"},{"taxonomy":"product_cat","embeddable":true,"href":"https:\/\/smans.com\/fr\/wp-json\/wp\/v2\/product_cat?post=24783"},{"taxonomy":"product_tag","embeddable":true,"href":"https:\/\/smans.com\/fr\/wp-json\/wp\/v2\/product_tag?post=24783"}],"curies":[{"name":"wp","href":"https:\/\/api.w.org\/{rel}","templated":true}]}}